{"id":8875,"date":"2023-04-24T07:22:51","date_gmt":"2023-04-24T07:22:51","guid":{"rendered":"https:\/\/axatool.com\/?post_type=product&#038;p=8875"},"modified":"2023-04-24T07:25:24","modified_gmt":"2023-04-24T07:25:24","slug":"as-305v-5-dual-action-sander-central-vacuum","status":"publish","type":"product","link":"https:\/\/axatool.com\/pt\/produtos\/as-305v-5-dual-action-sander-central-vacuum\/","title":{"rendered":"AS-305V 5&#8243; Dual Action Sander \/Central-Vacuum"},"content":{"rendered":"<ul>\n<li>LIXAMENTO PARA TODOS OS FINS:<br \/>\nFor a wide selection of sanding and polishing tasks, this disc sander is capable of giving you the finish you need to projects including surface polishing of ironware, automotive, furniture, wood, stone, polish, stains, blemishes, polishing glass, plastic or metal, preparing, sanding down, smoothing out and finishing wood<\/li>\n<li>BARULHO BAIXO:<br \/>\nBaixo consumo de ar, baixo ru\u00eddo, reduz o ru\u00eddo e a vibra\u00e7\u00e3o para uso prolongado e agrad\u00e1vel de sua ferramenta sem for\u00e7ar seus ouvidos ou m\u00e3os<\/li>\n<li>ALTA VELOCIDADE:<br \/>\nA velocidade rotativa atinge at\u00e9 10000 rpm, atendendo facilmente a v\u00e1rias necessidades de polimento e melhorando a efici\u00eancia, f\u00e1cil de operar, longa vida \u00fatil<\/li>\n<li>CONFORT\u00c1VEL DE USAR:<br \/>\nProporciona um ambiente de trabalho limpo com tamanho compacto e design ergon\u00f4mico. Esta lixadeira pode entrar facilmente em espa\u00e7os apertados e maximizar o controle do usu\u00e1rio, o ideal para o propriet\u00e1rio de bricolage<\/li>\n<li>IDEAL PARA TRABALHOS INTERNOS:<br \/>\nConstru\u00e7\u00e3o de rolamento de esferas com engenharia de precis\u00e3o para vibra\u00e7\u00e3o e ru\u00eddo reduzidos, a m\u00e1quina funciona de forma est\u00e1vel com baixa vibra\u00e7\u00e3o, baixo ru\u00eddo, ideal para trabalho interno<\/li>\n<\/ul>\n<h3><strong><span class=\"style2\">\u2699\ufe0f <\/span> Especifica\u00e7\u00e3o<\/strong><\/h3>\n<table id=\"tabs-nav\" class=\"xl756500\" style=\"width: 80.6799%;\" border=\"3\" width=\"592\" cellspacing=\"2\" cellpadding=\"5\" align=\"left\" bgcolor=\"#FEA500\">\n<tbody>\n<tr>\n<td class=\"xl76\" style=\"width: 30%; border-color: #ffffff;\" width=\"152\">\n<div align=\"left\"><strong><span style=\"color: #000000;\">Tamanho da almofada<\/span><\/strong><\/div>\n<\/td>\n<td class=\"xl73\" style=\"border-color: #ffffff;\" width=\"527\"><span style=\"color: #000000;\">5&#8243; (123mm)<\/span><\/td>\n<\/tr>\n<tr>\n<td class=\"xl77\" style=\"border-color: #ffffff;\">\n<div align=\"left\"><strong><span style=\"color: #000000;\">Di\u00e2metro de \u00f3rbita<\/span><\/strong><\/div>\n<\/td>\n<td class=\"xl73\" style=\"border-color: #ffffff;\"><span style=\"color: #000000;\">5 mm (2,5 mm \u00e9 opcional)<\/span><\/td>\n<\/tr>\n<tr>\n<td class=\"xl77\" style=\"border-color: #ffffff;\">\n<div align=\"left\"><strong><span style=\"color: #000000;\">Velocidade livre<\/span><\/strong><\/div>\n<\/td>\n<td class=\"xl73\" style=\"border-color: #ffffff;\"><span style=\"color: #000000;\">10,000 RPM<\/span><\/td>\n<\/tr>\n<tr>\n<td class=\"xl77\" style=\"border-color: #ffffff;\">\n<div align=\"left\"><strong><span style=\"color: #000000;\">M\u00e9dia Ar Cons.<\/span><\/strong><\/div>\n<\/td>\n<td class=\"xl78\" style=\"border-color: #ffffff;\"><span style=\"color: #000000;\">7.5 CFM (212 l\/min)<\/span><\/td>\n<\/tr>\n<tr>\n<td class=\"xl77\" style=\"border-color: #ffffff;\">\n<div align=\"left\"><strong><span style=\"color: #000000;\">Press\u00e3o do ar<\/span><\/strong><\/div>\n<\/td>\n<td class=\"xl79\" style=\"border-color: #ffffff;\"><span style=\"color: #000000;\">90 PSI (6,2 bar)<\/span><\/td>\n<\/tr>\n<tr>\n<td class=\"xl77\" style=\"border-color: #ffffff;\">\n<div align=\"left\"><strong><span style=\"color: #000000;\">Peso l\u00edquido<\/span><\/strong><\/div>\n<\/td>\n<td class=\"xl73\" style=\"border-color: #ffffff;\"><span style=\"color: #000000;\">0.9 Kgs<\/span><\/td>\n<\/tr>\n<tr>\n<td class=\"xl77\" style=\"border-color: #ffffff;\">\n<div align=\"left\"><strong><span style=\"color: #000000;\">Medi\u00e7\u00e3o<\/span><\/strong><\/div>\n<\/td>\n<td class=\"xl76\" style=\"border-color: #ffffff;\"><span style=\"color: #000000;\">228 mm<\/span><\/td>\n<\/tr>\n<tr>\n<td class=\"xl74\" style=\"border-color: #ffffff;\">\n<div align=\"left\"><strong><span style=\"color: #000000;\">Entrada de ar<\/span><\/strong><\/div>\n<\/td>\n<td class=\"xl73\" style=\"border-color: #ffffff;\"><span style=\"color: #000000;\">1\/4&#8243;<\/span><\/td>\n<\/tr>\n<tr>\n<td class=\"xl74\" style=\"border-color: #ffffff;\">\n<div align=\"left\"><strong><span style=\"color: #000000;\">ID da mangueira de ar<\/span><\/strong><\/div>\n<\/td>\n<td class=\"xl73\" style=\"border-color: #ffffff;\"><span style=\"color: #000000;\">3\/8&#8243; (10 mm)<\/span><\/td>\n<\/tr>\n<tr>\n<td class=\"xl75\" style=\"border-color: #ffffff;\">\n<div align=\"left\"><strong><span style=\"color: #000000;\">Embalagem<\/span><\/strong><\/div>\n<\/td>\n<td class=\"xl76\" style=\"border-color: #ffffff;\"><span style=\"color: #000000;\">12pcs\/ctn\/2.2cu-ft\/GW:20.5kg<\/span><\/td>\n<\/tr>\n<\/tbody>\n<\/table>","protected":false},"excerpt":{"rendered":"<p>Nossa empresa \u00e9 um fabricante conhecido de lixadeira e polidor a ar de qualidade premium em Taiwan. N\u00f3s nos dedicamos a servir os clientes com nossa durabilidade, pre\u00e7o justo e forte efici\u00eancia de lixadeira e polidor de ar. Por favor, sinta-se livre para entrar em contato conosco se voc\u00ea estiver procurando por lixadeira e polidor de ar com design exclusivo e elegante.<\/p>","protected":false},"featured_media":8876,"template":"","meta":{"qubely_global_settings":"","qubely_interactions":"","site-sidebar-layout":"default","site-content-layout":"default","ast-global-header-display":"","ast-main-header-display":"","ast-hfb-above-header-display":"","ast-hfb-below-header-display":"","ast-hfb-mobile-header-display":"","site-post-title":"","ast-breadcrumbs-content":"","ast-featured-img":"","footer-sml-layout":"","theme-transparent-header-meta":"default","adv-header-id-meta":"","stick-header-meta":"default","header-above-stick-meta":"","header-main-stick-meta":"","header-below-stick-meta":""},"product_brand":[],"product_cat":[107,101],"product_tag":[118,123],"class_list":{"0":"post-8875","1":"product","2":"type-product","3":"status-publish","4":"has-post-thumbnail","6":"product_cat-dual-action-sander","7":"product_cat-air-sander-air-polisher","8":"product_tag-5-sander","9":"product_tag-palm-sander","10":"desktop-align-center","11":"tablet-align-center","12":"mobile-align-center","13":"ast-product-gallery-layout-horizontal-slider","14":"ast-product-tabs-layout-horizontal","15":"ast-qv-on-image","17":"first","18":"instock","19":"shipping-taxable","20":"purchasable","21":"product-type-simple"},"uagb_featured_image_src":{"full":["https:\/\/axatool.com\/wp-content\/uploads\/2023\/04\/AS-305V-1Dual-Action-Sander-Non-Vacuum-1000x1000.jpg",1000,1000,false],"thumbnail":["https:\/\/axatool.com\/wp-content\/uploads\/2023\/04\/AS-305V-1Dual-Action-Sander-Non-Vacuum-150x150.jpg",150,150,true],"medium":["https:\/\/axatool.com\/wp-content\/uploads\/2023\/04\/AS-305V-1Dual-Action-Sander-Non-Vacuum-300x300.jpg",300,300,true],"medium_large":["https:\/\/axatool.com\/wp-content\/uploads\/2023\/04\/AS-305V-1Dual-Action-Sander-Non-Vacuum-768x768.jpg",768,768,true],"large":["https:\/\/axatool.com\/wp-content\/uploads\/2023\/04\/AS-305V-1Dual-Action-Sander-Non-Vacuum-1000x1000.jpg",1000,1000,false],"1536x1536":["https:\/\/axatool.com\/wp-content\/uploads\/2023\/04\/AS-305V-1Dual-Action-Sander-Non-Vacuum-1000x1000.jpg",1000,1000,false],"2048x2048":["https:\/\/axatool.com\/wp-content\/uploads\/2023\/04\/AS-305V-1Dual-Action-Sander-Non-Vacuum-1000x1000.jpg",1000,1000,false],"trp-custom-language-flag":["https:\/\/axatool.com\/wp-content\/uploads\/2023\/04\/AS-305V-1Dual-Action-Sander-Non-Vacuum-12x12.jpg",12,12,true],"qubely_landscape":["https:\/\/axatool.com\/wp-content\/uploads\/2023\/04\/AS-305V-1Dual-Action-Sander-Non-Vacuum-1000x750.jpg",1000,750,true],"qubely_portrait":["https:\/\/axatool.com\/wp-content\/uploads\/2023\/04\/AS-305V-1Dual-Action-Sander-Non-Vacuum-540x320.jpg",540,320,true],"qubely_thumbnail":["https:\/\/axatool.com\/wp-content\/uploads\/2023\/04\/AS-305V-1Dual-Action-Sander-Non-Vacuum-140x100.jpg",140,100,true],"woocommerce_thumbnail":["https:\/\/axatool.com\/wp-content\/uploads\/2023\/04\/AS-305V-1Dual-Action-Sander-Non-Vacuum-300x300.jpg",300,300,true],"woocommerce_single":["https:\/\/axatool.com\/wp-content\/uploads\/2023\/04\/AS-305V-1Dual-Action-Sander-Non-Vacuum-600x600.jpg",600,600,true],"woocommerce_gallery_thumbnail":["https:\/\/axatool.com\/wp-content\/uploads\/2023\/04\/AS-305V-1Dual-Action-Sander-Non-Vacuum-100x100.jpg",100,100,true]},"uagb_author_info":{"display_name":"editor.axatool","author_link":"https:\/\/axatool.com\/pt\/author\/"},"uagb_comment_info":0,"uagb_excerpt":"Our Company Is A Well-Known Manufacturer Of Premium Grade Air Sander &amp; Polisher In Taiwan. We Have Devoted Ourselves To Serve The Clients With Our Durability, Fair Price And Strong Efficiency Of Air Sander &amp; Polisher. Please Feel Free To Contact Us If You Are Searching For Air Sander &amp; Polisher With Unique And Stylish&hellip;","_links":{"self":[{"href":"https:\/\/axatool.com\/pt\/wp-json\/wp\/v2\/product\/8875","targetHints":{"allow":["GET"]}}],"collection":[{"href":"https:\/\/axatool.com\/pt\/wp-json\/wp\/v2\/product"}],"about":[{"href":"https:\/\/axatool.com\/pt\/wp-json\/wp\/v2\/types\/product"}],"version-history":[{"count":2,"href":"https:\/\/axatool.com\/pt\/wp-json\/wp\/v2\/product\/8875\/revisions"}],"predecessor-version":[{"id":8881,"href":"https:\/\/axatool.com\/pt\/wp-json\/wp\/v2\/product\/8875\/revisions\/8881"}],"wp:featuredmedia":[{"embeddable":true,"href":"https:\/\/axatool.com\/pt\/wp-json\/wp\/v2\/media\/8876"}],"wp:attachment":[{"href":"https:\/\/axatool.com\/pt\/wp-json\/wp\/v2\/media?parent=8875"}],"wp:term":[{"taxonomy":"product_brand","embeddable":true,"href":"https:\/\/axatool.com\/pt\/wp-json\/wp\/v2\/product_brand?post=8875"},{"taxonomy":"product_cat","embeddable":true,"href":"https:\/\/axatool.com\/pt\/wp-json\/wp\/v2\/product_cat?post=8875"},{"taxonomy":"product_tag","embeddable":true,"href":"https:\/\/axatool.com\/pt\/wp-json\/wp\/v2\/product_tag?post=8875"}],"curies":[{"name":"wp","href":"https:\/\/api.w.org\/{rel}","templated":true}]}}