{"id":7674,"date":"2022-06-29T08:47:43","date_gmt":"2022-06-29T08:47:43","guid":{"rendered":"https:\/\/axatool.com\/product\/uncategorized\/as-335d-5-dual-action-sander-self-vacuum\/"},"modified":"2022-06-29T09:22:50","modified_gmt":"2022-06-29T09:22:50","slug":"as-335d-5-dual-action-sander-self-vacuum","status":"publish","type":"product","link":"https:\/\/axatool.com\/pt\/produtos\/as-335d-5-dual-action-sander-self-vacuum\/","title":{"rendered":"AS-335D 5&#8243; Dual Action Sander \/Self-Vacuum"},"content":{"rendered":"<p>The self-generated sander, independent sanding, no vacuum cleaner is required. The dust can be collected into the dust-collecting bag during operation to keep place clean and save the operator from the air pollution.<br \/>\nThe item is suitable for following operation:<\/p>\n<ul>\n<li>For wooden products: table, chair, sideboard, bed, cheat of drawers, etc.<\/li>\n<li>For plastic products: clear finish of round and curved surface, deburring and removing scratch of plastic products.<\/li>\n<li>For glass products: finishing of edge and removing scratch, etc.<\/li>\n<li>For metal products: deburring, removing scratch, sanding, polishing for all kinds of steel, iron, non-ferrous metal, hairline finish of stainless steel, etc.<\/li>\n<\/ul>\n<h3><strong><span class=\"style2\">\u2699\ufe0f <\/span> Especifica\u00e7\u00e3o<\/strong><\/h3>\n<table id=\"tabs-nav\" class=\"xl756500\" style=\"width: 80.6799%;\" border=\"3\" width=\"592\" cellspacing=\"2\" cellpadding=\"5\" align=\"left\" bgcolor=\"#FEA500\">\n<tbody>\n<tr>\n<td class=\"xl76\" style=\"width: 30%; border-color: #ffffff;\" width=\"152\">\n<div align=\"left\"><span style=\"color: #000000;\"><strong>Tamanho da almofada<\/strong><\/span><\/div>\n<\/td>\n<td class=\"xl73\" style=\"border-color: #ffffff;\" width=\"527\"><span style=\"color: #000000;\">5&#8243; (123mm)<\/span><\/td>\n<\/tr>\n<tr>\n<td class=\"xl77\" style=\"border-color: #ffffff;\">\n<div align=\"left\"><span style=\"color: #000000;\"><strong>Di\u00e2metro de \u00f3rbita<\/strong><\/span><\/div>\n<\/td>\n<td class=\"xl73\" style=\"border-color: #ffffff;\"><span style=\"color: #000000;\">5 mm (2,5 mm \u00e9 opcional)<\/span><\/td>\n<\/tr>\n<tr>\n<th class=\"xl77\" style=\"border-color: #ffffff; font: bold;\" nowrap=\"nowrap\">\n<div align=\"left\"><span style=\"color: #000000;\">Fuso<\/span><\/div>\n<\/th>\n<td class=\"xl73\" style=\"border-color: #ffffff;\"><span style=\"color: #000000;\">5\/16&quot; \u00d7 24T<\/span><\/td>\n<\/tr>\n<tr>\n<td class=\"xl77\" style=\"border-color: #ffffff;\">\n<div align=\"left\"><span style=\"color: #000000;\"><strong>Velocidade livre<\/strong><\/span><\/div>\n<\/td>\n<td class=\"xl73\" style=\"border-color: #ffffff;\"><span style=\"color: #000000;\">11.000 RPM<\/span><\/td>\n<\/tr>\n<tr>\n<td class=\"xl77\" style=\"border-color: #ffffff;\">\n<div align=\"left\"><span style=\"color: #000000;\"><strong>M\u00e9dia Ar Cons.<\/strong><\/span><\/div>\n<\/td>\n<td class=\"xl78\" style=\"border-color: #ffffff;\"><span style=\"color: #000000;\">10,5 CFM (297 l\/min)<\/span><\/td>\n<\/tr>\n<tr>\n<td class=\"xl77\" style=\"border-color: #ffffff;\">\n<div align=\"left\"><span style=\"color: #000000;\"><strong>Press\u00e3o do ar<\/strong><\/span><\/div>\n<\/td>\n<td class=\"xl79\" style=\"border-color: #ffffff;\"><span style=\"color: #000000;\">90 PSI (6,2 bar)<\/span><\/td>\n<\/tr>\n<tr>\n<td class=\"xl77\" style=\"border-color: #ffffff;\">\n<div align=\"left\"><span style=\"color: #000000;\"><strong>Peso l\u00edquido<\/strong><\/span><\/div>\n<\/td>\n<td class=\"xl73\" style=\"border-color: #ffffff;\"><span style=\"color: #000000;\">0,96 kg (2,11 libras)<\/span><\/td>\n<\/tr>\n<tr>\n<td class=\"xl77\" style=\"border-color: #ffffff;\">\n<div align=\"left\"><span style=\"color: #000000;\"><strong>Medi\u00e7\u00e3o<\/strong><\/span><\/div>\n<\/td>\n<td class=\"xl76\" style=\"border-color: #ffffff;\"><span style=\"color: #000000;\">227 mm<\/span><\/td>\n<\/tr>\n<tr>\n<td class=\"xl74\" style=\"border-color: #ffffff;\">\n<div align=\"left\"><span style=\"color: #000000;\"><strong>Entrada de ar<\/strong><\/span><\/div>\n<\/td>\n<td class=\"xl73\" style=\"border-color: #ffffff;\"><span style=\"color: #000000;\">1\/4&#8243;<\/span><\/td>\n<\/tr>\n<tr>\n<td class=\"xl74\" style=\"border-color: #ffffff;\">\n<div align=\"left\"><span style=\"color: #000000;\"><strong>ID da mangueira de ar<\/strong><\/span><\/div>\n<\/td>\n<td class=\"xl73\" style=\"border-color: #ffffff;\"><span style=\"color: #000000;\">1\/4&quot; (6,5 mm)<\/span><\/td>\n<\/tr>\n<tr>\n<th class=\"xl75\" style=\"border-color: #ffffff; font: bold;\" nowrap=\"nowrap\">\n<div align=\"left\"><span style=\"color: #000000;\">Press\u00e3o sonora<\/span><\/div>\n<\/th>\n<td class=\"xl76\" style=\"border-color: #ffffff;\"><span style=\"color: #000000;\">83 dB(A)<\/span><\/td>\n<\/tr>\n<tr>\n<th class=\"xl75\" style=\"border-color: #ffffff; font: bold;\" nowrap=\"nowrap\">\n<div align=\"left\"><span style=\"color: #000000;\">N\u00edvel de vibra\u00e7\u00e3o<\/span><\/div>\n<\/th>\n<td class=\"xl76\" style=\"border-color: #ffffff;\"><span style=\"color: #000000;\">2,5 m\/s\u00b2<\/span><\/td>\n<\/tr>\n<tr>\n<td class=\"xl75\" style=\"border-color: #ffffff;\">\n<div align=\"left\"><span style=\"color: #000000;\"><strong>Embalagem<\/strong><\/span><\/div>\n<\/td>\n<td class=\"xl76\" style=\"border-color: #ffffff;\"><span style=\"color: #000000;\">10pcs\/ctn\/3.1cu-ft\/GW:20kg<\/span><\/td>\n<\/tr>\n<\/tbody>\n<\/table>","protected":false},"excerpt":{"rendered":"<p>Nossa empresa \u00e9 um fabricante conhecido de lixadeira e polidor a ar de qualidade premium em Taiwan. N\u00f3s nos dedicamos a servir os clientes com nossa durabilidade, pre\u00e7o justo e forte efici\u00eancia de lixadeira e polidor de ar. Por favor, sinta-se livre para entrar em contato conosco se voc\u00ea estiver procurando por lixadeira e polidor de ar com design exclusivo e elegante.<\/p>","protected":false},"featured_media":7661,"template":"","meta":{"qubely_global_settings":"","qubely_interactions":"","site-sidebar-layout":"default","site-content-layout":"default","ast-global-header-display":"","ast-main-header-display":"","ast-hfb-above-header-display":"","ast-hfb-below-header-display":"","ast-hfb-mobile-header-display":"","site-post-title":"","ast-breadcrumbs-content":"","ast-featured-img":"","footer-sml-layout":"","theme-transparent-header-meta":"","adv-header-id-meta":"","stick-header-meta":"","header-above-stick-meta":"","header-main-stick-meta":"","header-below-stick-meta":""},"product_brand":[],"product_cat":[107,101],"product_tag":[],"class_list":{"0":"post-7674","1":"product","2":"type-product","3":"status-publish","4":"has-post-thumbnail","6":"product_cat-dual-action-sander","7":"product_cat-air-sander-air-polisher","8":"desktop-align-center","9":"tablet-align-center","10":"mobile-align-center","11":"ast-product-gallery-layout-horizontal-slider","12":"ast-product-tabs-layout-horizontal","13":"ast-qv-on-image","15":"first","16":"instock","17":"shipping-taxable","18":"product-type-simple"},"uagb_featured_image_src":{"full":["https:\/\/axatool.com\/wp-content\/uploads\/2022\/06\/AS-335D-1Dual-Action-Sander-Self-Vacuum-1000x1000.jpg",1000,1000,false],"thumbnail":["https:\/\/axatool.com\/wp-content\/uploads\/2022\/06\/AS-335D-1Dual-Action-Sander-Self-Vacuum-150x150.jpg",150,150,true],"medium":["https:\/\/axatool.com\/wp-content\/uploads\/2022\/06\/AS-335D-1Dual-Action-Sander-Self-Vacuum-300x300.jpg",300,300,true],"medium_large":["https:\/\/axatool.com\/wp-content\/uploads\/2022\/06\/AS-335D-1Dual-Action-Sander-Self-Vacuum-768x768.jpg",768,768,true],"large":["https:\/\/axatool.com\/wp-content\/uploads\/2022\/06\/AS-335D-1Dual-Action-Sander-Self-Vacuum-1000x1000.jpg",1000,1000,false],"1536x1536":["https:\/\/axatool.com\/wp-content\/uploads\/2022\/06\/AS-335D-1Dual-Action-Sander-Self-Vacuum-1000x1000.jpg",1000,1000,false],"2048x2048":["https:\/\/axatool.com\/wp-content\/uploads\/2022\/06\/AS-335D-1Dual-Action-Sander-Self-Vacuum-1000x1000.jpg",1000,1000,false],"trp-custom-language-flag":["https:\/\/axatool.com\/wp-content\/uploads\/2022\/06\/AS-335D-1Dual-Action-Sander-Self-Vacuum-12x12.jpg",12,12,true],"qubely_landscape":["https:\/\/axatool.com\/wp-content\/uploads\/2022\/06\/AS-335D-1Dual-Action-Sander-Self-Vacuum-1000x750.jpg",1000,750,true],"qubely_portrait":["https:\/\/axatool.com\/wp-content\/uploads\/2022\/06\/AS-335D-1Dual-Action-Sander-Self-Vacuum-540x320.jpg",540,320,true],"qubely_thumbnail":["https:\/\/axatool.com\/wp-content\/uploads\/2022\/06\/AS-335D-1Dual-Action-Sander-Self-Vacuum-140x100.jpg",140,100,true],"woocommerce_thumbnail":["https:\/\/axatool.com\/wp-content\/uploads\/2022\/06\/AS-335D-1Dual-Action-Sander-Self-Vacuum-300x300.jpg",300,300,true],"woocommerce_single":["https:\/\/axatool.com\/wp-content\/uploads\/2022\/06\/AS-335D-1Dual-Action-Sander-Self-Vacuum-600x600.jpg",600,600,true],"woocommerce_gallery_thumbnail":["https:\/\/axatool.com\/wp-content\/uploads\/2022\/06\/AS-335D-1Dual-Action-Sander-Self-Vacuum-100x100.jpg",100,100,true]},"uagb_author_info":{"display_name":"editor.axatool","author_link":"https:\/\/axatool.com\/pt\/author\/"},"uagb_comment_info":0,"uagb_excerpt":"Our Company Is A Well-Known Manufacturer Of Premium Grade Air Sander &amp; Polisher In Taiwan. We Have Devoted Ourselves To Serve The Clients With Our Durability, Fair Price And Strong Efficiency Of Air Sander &amp; Polisher. Please Feel Free To Contact Us If You Are Searching For Air Sander &amp; Polisher With Unique And Stylish&hellip;","_links":{"self":[{"href":"https:\/\/axatool.com\/pt\/wp-json\/wp\/v2\/product\/7674","targetHints":{"allow":["GET"]}}],"collection":[{"href":"https:\/\/axatool.com\/pt\/wp-json\/wp\/v2\/product"}],"about":[{"href":"https:\/\/axatool.com\/pt\/wp-json\/wp\/v2\/types\/product"}],"version-history":[{"count":2,"href":"https:\/\/axatool.com\/pt\/wp-json\/wp\/v2\/product\/7674\/revisions"}],"predecessor-version":[{"id":7688,"href":"https:\/\/axatool.com\/pt\/wp-json\/wp\/v2\/product\/7674\/revisions\/7688"}],"wp:featuredmedia":[{"embeddable":true,"href":"https:\/\/axatool.com\/pt\/wp-json\/wp\/v2\/media\/7661"}],"wp:attachment":[{"href":"https:\/\/axatool.com\/pt\/wp-json\/wp\/v2\/media?parent=7674"}],"wp:term":[{"taxonomy":"product_brand","embeddable":true,"href":"https:\/\/axatool.com\/pt\/wp-json\/wp\/v2\/product_brand?post=7674"},{"taxonomy":"product_cat","embeddable":true,"href":"https:\/\/axatool.com\/pt\/wp-json\/wp\/v2\/product_cat?post=7674"},{"taxonomy":"product_tag","embeddable":true,"href":"https:\/\/axatool.com\/pt\/wp-json\/wp\/v2\/product_tag?post=7674"}],"curies":[{"name":"wp","href":"https:\/\/api.w.org\/{rel}","templated":true}]}}