{"id":7120,"date":"2022-06-08T05:42:37","date_gmt":"2022-06-08T05:42:37","guid":{"rendered":"https:\/\/axatool.com\/product\/uncategorized\/dg-2143-1-4-or-1-8-air-angle-die-grinder\/"},"modified":"2022-06-09T01:40:50","modified_gmt":"2022-06-09T01:40:50","slug":"dg-2143-1-4-or-1-8-air-angle-die-grinder","status":"publish","type":"product","link":"https:\/\/axatool.com\/pt\/produtos\/dg-2143-1-4-or-1-8-air-angle-die-grinder\/","title":{"rendered":"DG-2143 1\/4&#8243; or 1\/8&#8243; Air Angle Die Grinder"},"content":{"rendered":"<ul>\n<li>Unique Quick-Lock design locks the spindle in place with a push of a button.<\/li>\n<li>High torque motor.<\/li>\n<li>Ergonomic and safe handle.<\/li>\n<li>Compact and lightweight.<\/li>\n<li>Low vibration in operation.<\/li>\n<li>Special muffler reduce noise to 80dB.<\/li>\n<\/ul>\n<h3>\u2699\ufe0f <strong> Especifica\u00e7\u00e3o<\/strong><\/h3>\n<table id=\"tabs-nav\" class=\"xl756500\" style=\"height: 544px; width: 80.6799%; border-style: double; background-color: #fea500; border-color: #ffffff;\" border=\"10\" width=\"517\" rules=\"cols\" cellspacing=\"2\" cellpadding=\"5\" bgcolor=\"#FEA500\">\n<tbody>\n<tr style=\"height: 46px;\" valign=\"middle\">\n<td class=\"xl72\" style=\"border-color: #ffffff;\" width=\"30%\">\n<div align=\"left\"><span style=\"color: #000000;\"><strong>Collet Size <\/strong><\/span><\/div>\n<\/td>\n<td class=\"xl72\" style=\"border-color: #ffffff;\" width=\"284\"><span style=\"color: #000000;\">6 mm or 8 mm (1\/4&#8243; or 1\/8&#8243; )<\/span><\/td>\n<\/tr>\n<tr style=\"height: 46px;\" valign=\"middle\">\n<td class=\"xl72\" style=\"border-color: #ffffff;\" width=\"30%\">\n<div align=\"left\"><span style=\"color: #000000;\"><strong>Velocidade livre <\/strong><\/span><\/div>\n<\/td>\n<td class=\"xl71\" style=\"border-color: #ffffff;\"><span style=\"color: #000000;\">18,000 RPM<\/span><\/td>\n<\/tr>\n<tr style=\"height: 46px;\" valign=\"middle\">\n<td class=\"xl72\" style=\"border-color: #ffffff;\" width=\"30%\">\n<div align=\"left\"><span style=\"color: #000000;\"><strong>M\u00e9dia Ar Cons. <\/strong><\/span><\/div>\n<\/td>\n<td class=\"xl71\" style=\"border-color: #ffffff;\"><span style=\"color: #000000;\">6.5 CFM (184 l\/min)<\/span><\/td>\n<\/tr>\n<tr style=\"height: 46px;\" valign=\"middle\">\n<td class=\"xl72\" style=\"border-color: #ffffff;\" width=\"30%\">\n<div align=\"left\"><span style=\"color: #000000;\"><strong>Press\u00e3o do ar <\/strong><\/span><\/div>\n<\/td>\n<td class=\"xl70\" style=\"border-color: #ffffff;\"><span style=\"color: #000000;\">90 PSI (6,2 Bar)<\/span><\/td>\n<\/tr>\n<tr style=\"height: 46px;\" valign=\"middle\">\n<td class=\"xl72\" style=\"border-color: #ffffff;\" width=\"30%\">\n<div align=\"left\"><span style=\"color: #000000;\"><strong>Peso l\u00edquido <\/strong><\/span><\/div>\n<\/td>\n<td class=\"xl71\" style=\"border-color: #ffffff;\"><span style=\"color: #000000;\">0.86 Kgs (1.89 lbs)<\/span><\/td>\n<\/tr>\n<tr style=\"height: 46px;\" valign=\"middle\">\n<td class=\"xl72\" style=\"border-color: #ffffff;\" width=\"30%\">\n<div align=\"left\"><span style=\"color: #000000;\"><strong>Comprimento total <\/strong><\/span><\/div>\n<\/td>\n<td class=\"xl71\" style=\"border-color: #ffffff;\"><span style=\"color: #000000;\">177 mm (6.9&#8243;)<\/span><\/td>\n<\/tr>\n<tr style=\"height: 45px;\" valign=\"middle\">\n<td class=\"xl72\" style=\"border-color: #ffffff;\" width=\"30%\">\n<div align=\"left\"><span style=\"color: #000000;\"><strong>Entrada de ar <\/strong><\/span><\/div>\n<\/td>\n<td class=\"xl71\" style=\"border-color: #ffffff;\"><span style=\"color: #000000;\">1\/4&#8243;<\/span><\/td>\n<\/tr>\n<tr style=\"height: 46px;\" valign=\"middle\">\n<td class=\"xl72\" style=\"border-color: #ffffff;\" width=\"30%\">\n<div align=\"left\"><span style=\"color: #000000;\"><strong>Escape de ar <\/strong><\/span><\/div>\n<\/td>\n<td class=\"xl71\" style=\"border-color: #ffffff;\"><span style=\"color: #000000;\">Traseira<\/span><\/td>\n<\/tr>\n<tr style=\"height: 46px;\" valign=\"middle\">\n<td class=\"xl72\" style=\"border-color: #ffffff;\" width=\"30%\">\n<div align=\"left\"><span style=\"color: #000000;\"><strong>Ru\u00eddo de som <\/strong><\/span><\/div>\n<\/td>\n<td class=\"xl71\" style=\"border-color: #ffffff;\"><span style=\"color: #000000;\">80 dB(A)<\/span><\/td>\n<\/tr>\n<tr style=\"height: 46px;\" valign=\"middle\">\n<td class=\"xl72\" style=\"border-color: #ffffff;\" width=\"30%\">\n<div align=\"left\"><span style=\"color: #000000;\"><strong>N\u00edvel de vibra\u00e7\u00e3o <\/strong><\/span><\/div>\n<\/td>\n<td class=\"xl71\" style=\"border-color: #ffffff;\"><span style=\"color: #000000;\">1.94 m\/s\u00b2<\/span><\/td>\n<\/tr>\n<\/tbody>\n<\/table>","protected":false},"excerpt":{"rendered":"<p>Our company is a well-known manufacturer of premium grade Air Die Grinder &amp; Angle Grinder in Taiwan.<br \/>\nWe have devoted ourselves to serve the clients with our durability, fair price and strong efficiency of Air Die Grinder &amp; Angle Grinder.<br \/>\nPlease feel free to contact us if you are searching for Air Die Grinder &amp; Angle Grinder with unique and stylish design.<\/p>","protected":false},"featured_media":4344,"template":"","meta":{"qubely_global_settings":"","qubely_interactions":"","site-sidebar-layout":"default","site-content-layout":"default","ast-global-header-display":"","ast-main-header-display":"","ast-hfb-above-header-display":"","ast-hfb-below-header-display":"","ast-hfb-mobile-header-display":"","site-post-title":"","ast-breadcrumbs-content":"","ast-featured-img":"","footer-sml-layout":"","theme-transparent-header-meta":"","adv-header-id-meta":"","stick-header-meta":"","header-above-stick-meta":"","header-main-stick-meta":"","header-below-stick-meta":""},"product_brand":[],"product_cat":[75,122],"product_tag":[],"class_list":{"0":"post-7120","1":"product","2":"type-product","3":"status-publish","4":"has-post-thumbnail","6":"product_cat-air-die-grinder-angle-grinder","7":"product_cat-angle-die-grinder","8":"desktop-align-center","9":"tablet-align-center","10":"mobile-align-center","11":"ast-product-gallery-layout-horizontal-slider","12":"ast-product-tabs-layout-horizontal","13":"ast-qv-on-image","15":"first","16":"instock","17":"shipping-taxable","18":"product-type-simple"},"uagb_featured_image_src":{"full":["https:\/\/axatool.com\/wp-content\/uploads\/2022\/04\/DG-2143-1Professional-Air-Angle-Die-Grinder.jpg",1000,1000,false],"thumbnail":["https:\/\/axatool.com\/wp-content\/uploads\/2022\/04\/DG-2143-1Professional-Air-Angle-Die-Grinder-150x150.jpg",150,150,true],"medium":["https:\/\/axatool.com\/wp-content\/uploads\/2022\/04\/DG-2143-1Professional-Air-Angle-Die-Grinder-300x300.jpg",300,300,true],"medium_large":["https:\/\/axatool.com\/wp-content\/uploads\/2022\/04\/DG-2143-1Professional-Air-Angle-Die-Grinder-768x768.jpg",768,768,true],"large":["https:\/\/axatool.com\/wp-content\/uploads\/2022\/04\/DG-2143-1Professional-Air-Angle-Die-Grinder.jpg",1000,1000,false],"1536x1536":["https:\/\/axatool.com\/wp-content\/uploads\/2022\/04\/DG-2143-1Professional-Air-Angle-Die-Grinder.jpg",1000,1000,false],"2048x2048":["https:\/\/axatool.com\/wp-content\/uploads\/2022\/04\/DG-2143-1Professional-Air-Angle-Die-Grinder.jpg",1000,1000,false],"trp-custom-language-flag":["https:\/\/axatool.com\/wp-content\/uploads\/2022\/04\/DG-2143-1Professional-Air-Angle-Die-Grinder.jpg",12,12,false],"qubely_landscape":["https:\/\/axatool.com\/wp-content\/uploads\/2022\/04\/DG-2143-1Professional-Air-Angle-Die-Grinder-1000x750.jpg",1000,750,true],"qubely_portrait":["https:\/\/axatool.com\/wp-content\/uploads\/2022\/04\/DG-2143-1Professional-Air-Angle-Die-Grinder-540x320.jpg",540,320,true],"qubely_thumbnail":["https:\/\/axatool.com\/wp-content\/uploads\/2022\/04\/DG-2143-1Professional-Air-Angle-Die-Grinder-140x100.jpg",140,100,true],"woocommerce_thumbnail":["https:\/\/axatool.com\/wp-content\/uploads\/2022\/04\/DG-2143-1Professional-Air-Angle-Die-Grinder-300x300.jpg",300,300,true],"woocommerce_single":["https:\/\/axatool.com\/wp-content\/uploads\/2022\/04\/DG-2143-1Professional-Air-Angle-Die-Grinder-600x600.jpg",600,600,true],"woocommerce_gallery_thumbnail":["https:\/\/axatool.com\/wp-content\/uploads\/2022\/04\/DG-2143-1Professional-Air-Angle-Die-Grinder-100x100.jpg",100,100,true]},"uagb_author_info":{"display_name":"editor.axatool","author_link":"https:\/\/axatool.com\/pt\/author\/"},"uagb_comment_info":0,"uagb_excerpt":"Our company is a well-known manufacturer of premium grade Air Die Grinder &amp; Angle Grinder in Taiwan. We have devoted ourselves to serve the clients with our durability, fair price and strong efficiency of Air Die Grinder &amp; Angle Grinder. Please feel free to contact us if you are searching for Air Die Grinder &amp;&hellip;","_links":{"self":[{"href":"https:\/\/axatool.com\/pt\/wp-json\/wp\/v2\/product\/7120","targetHints":{"allow":["GET"]}}],"collection":[{"href":"https:\/\/axatool.com\/pt\/wp-json\/wp\/v2\/product"}],"about":[{"href":"https:\/\/axatool.com\/pt\/wp-json\/wp\/v2\/types\/product"}],"version-history":[{"count":3,"href":"https:\/\/axatool.com\/pt\/wp-json\/wp\/v2\/product\/7120\/revisions"}],"predecessor-version":[{"id":7255,"href":"https:\/\/axatool.com\/pt\/wp-json\/wp\/v2\/product\/7120\/revisions\/7255"}],"wp:featuredmedia":[{"embeddable":true,"href":"https:\/\/axatool.com\/pt\/wp-json\/wp\/v2\/media\/4344"}],"wp:attachment":[{"href":"https:\/\/axatool.com\/pt\/wp-json\/wp\/v2\/media?parent=7120"}],"wp:term":[{"taxonomy":"product_brand","embeddable":true,"href":"https:\/\/axatool.com\/pt\/wp-json\/wp\/v2\/product_brand?post=7120"},{"taxonomy":"product_cat","embeddable":true,"href":"https:\/\/axatool.com\/pt\/wp-json\/wp\/v2\/product_cat?post=7120"},{"taxonomy":"product_tag","embeddable":true,"href":"https:\/\/axatool.com\/pt\/wp-json\/wp\/v2\/product_tag?post=7120"}],"curies":[{"name":"wp","href":"https:\/\/api.w.org\/{rel}","templated":true}]}}