{"id":6872,"date":"2022-06-06T02:42:31","date_gmt":"2022-06-06T02:42:31","guid":{"rendered":"https:\/\/axatool.com\/?post_type=product&#038;p=6872"},"modified":"2022-07-04T02:04:11","modified_gmt":"2022-07-04T02:04:11","slug":"afc-150-mini-1-8-f-rl-air-control-unit","status":"publish","type":"product","link":"https:\/\/axatool.com\/pt\/produtos\/afc-150-mini-1-8-f-rl-air-control-unit\/","title":{"rendered":"AFC-150 Mini 1\/8\u2033 F\/R+L Unidade de Controle de Ar"},"content":{"rendered":"<p><strong>Pressure source control<\/strong><br \/>\nCombinations filters, regulators and lubricators to completed the output filtration, then set pressure and adjusted the gas lubricated.<strong><br \/>\nModular structure <\/strong><br \/>\nUse pressure switch to check the air pressure, different stucture with different treatment.<\/p>\n<h3><strong>\u2699Specification<\/strong><\/h3>\n<table id=\"tabs-nav\" class=\"xl756500\" style=\"width: 80.6799%;\" border=\"3\" width=\"592\" cellspacing=\"2\" cellpadding=\"5\" align=\"left\" bgcolor=\"#FEA500\">\n<tbody>\n<tr>\n<td style=\"border-color: #ffffff; width: 30%;\">\n<div align=\"left\"><strong><span style=\"color: #000000;\">Nota do filtro<\/span><\/strong><\/div>\n<\/td>\n<td style=\"border-color: #ffffff;\"><span style=\"color: #000000;\">5\u00b5m<\/span><\/td>\n<\/tr>\n<tr>\n<td class=\"xl73\" style=\"border-color: #ffffff; width: 30%;\">\n<div align=\"left\"><strong><span style=\"color: #000000;\">Tamanho da porta<\/span><\/strong><\/div>\n<\/td>\n<td class=\"xl72\" style=\"border-color: #ffffff;\"><span style=\"color: #000000;\">1\/8&#8243;<\/span><\/td>\n<\/tr>\n<tr>\n<td class=\"xl73\" style=\"border-color: #ffffff; width: 30%;\">\n<div align=\"left\"><strong><span style=\"color: #000000;\">Quociente de vaz\u00e3o<\/span><\/strong><\/div>\n<\/td>\n<td class=\"xl72\" style=\"border-color: #ffffff;\"><span style=\"color: #000000;\">650 l\/min<\/span><\/td>\n<\/tr>\n<tr>\n<td class=\"xl73\" style=\"border-color: #ffffff; width: 30%;\">\n<div align=\"left\"><strong><span style=\"color: #000000;\">Varia\u00e7\u00e3o de press\u00e3o<\/span><\/strong><\/div>\n<\/td>\n<td class=\"xl72\" style=\"border-color: #ffffff;\"><span style=\"color: #000000;\">0,5~8,5 kg\/cm<span class=\"xl84\"><sup>2<\/sup><\/span><\/span><\/td>\n<\/tr>\n<tr>\n<td class=\"xl73\" style=\"border-color: #ffffff; width: 30%;\">\n<div align=\"left\"><strong><span style=\"color: #000000;\">M\u00e1x. press\u00e3o<\/span><\/strong><\/div>\n<\/td>\n<td class=\"xl72\" style=\"border-color: #ffffff;\"><span style=\"color: #000000;\">9,5kg\/cm<span class=\"xl84\"><sup>2<\/sup><\/span><\/span><\/td>\n<\/tr>\n<tr>\n<td class=\"xl74\" style=\"border-color: #ffffff; width: 30%;\">\n<div align=\"left\"><strong><span style=\"color: #000000;\">Faixa de Temperatura<\/span><\/strong><\/div>\n<\/td>\n<td class=\"xl75\" style=\"border-color: #ffffff;\"><span style=\"color: #000000;\">5 ~ 60 \u2103<\/span><\/td>\n<\/tr>\n<tr>\n<td class=\"xl74\" style=\"border-color: #ffffff; width: 30%;\">\n<div align=\"left\"><strong><span style=\"color: #000000;\">Capacidade de drenagem<\/span><\/strong><\/div>\n<\/td>\n<td class=\"xl75\" style=\"border-color: #ffffff;\"><span style=\"color: #000000;\">15 c.c.<\/span><\/td>\n<\/tr>\n<tr>\n<td class=\"xl77\" style=\"border-color: #ffffff; width: 30%;\">\n<div align=\"left\"><strong><span style=\"color: #000000;\">Oil Volume<\/span><\/strong><\/div>\n<\/td>\n<td class=\"xl78\" style=\"border-color: #ffffff;\"><span style=\"color: #000000;\">25 c.c.<\/span><\/td>\n<\/tr>\n<\/tbody>\n<\/table>","protected":false},"excerpt":{"rendered":"<p>Nossa empresa \u00e9 um fabricante conhecido de unidade de controle de ar de grau premium em Taiwan.<br \/>\nDedicamo-nos a atender os clientes com nossa durabilidade, pre\u00e7o justo e forte efici\u00eancia da Unidade de Controle A\u00e9reo.<br \/>\nSinta-se \u00e0 vontade para entrar em contato conosco se estiver procurando por Unidade de Controle A\u00e9reo com design exclusivo e elegante.<\/p>","protected":false},"featured_media":6874,"template":"","meta":{"qubely_global_settings":"","qubely_interactions":"","site-sidebar-layout":"default","site-content-layout":"default","ast-global-header-display":"","ast-main-header-display":"","ast-hfb-above-header-display":"","ast-hfb-below-header-display":"","ast-hfb-mobile-header-display":"","site-post-title":"","ast-breadcrumbs-content":"","ast-featured-img":"","footer-sml-layout":"","theme-transparent-header-meta":"","adv-header-id-meta":"","stick-header-meta":"","header-above-stick-meta":"","header-main-stick-meta":"","header-below-stick-meta":""},"product_brand":[],"product_cat":[110,103],"product_tag":[],"class_list":{"0":"post-6872","1":"product","2":"type-product","3":"status-publish","4":"has-post-thumbnail","6":"product_cat-air-filter","7":"product_cat-air-control-unit","8":"desktop-align-center","9":"tablet-align-center","10":"mobile-align-center","11":"ast-product-gallery-layout-horizontal-slider","12":"ast-product-gallery-with-no-image","13":"ast-product-tabs-layout-horizontal","14":"ast-qv-on-image","16":"first","17":"instock","18":"featured","19":"shipping-taxable","20":"purchasable","21":"product-type-simple"},"uagb_featured_image_src":{"full":["https:\/\/axatool.com\/wp-content\/uploads\/2022\/06\/AFC-150-AFC-200-Mini-F-RL-Air-Control-Unit-1000x1000.jpg",1000,1000,false],"thumbnail":["https:\/\/axatool.com\/wp-content\/uploads\/2022\/06\/AFC-150-AFC-200-Mini-F-RL-Air-Control-Unit-150x150.jpg",150,150,true],"medium":["https:\/\/axatool.com\/wp-content\/uploads\/2022\/06\/AFC-150-AFC-200-Mini-F-RL-Air-Control-Unit-300x300.jpg",300,300,true],"medium_large":["https:\/\/axatool.com\/wp-content\/uploads\/2022\/06\/AFC-150-AFC-200-Mini-F-RL-Air-Control-Unit-768x768.jpg",768,768,true],"large":["https:\/\/axatool.com\/wp-content\/uploads\/2022\/06\/AFC-150-AFC-200-Mini-F-RL-Air-Control-Unit-1000x1000.jpg",1000,1000,false],"1536x1536":["https:\/\/axatool.com\/wp-content\/uploads\/2022\/06\/AFC-150-AFC-200-Mini-F-RL-Air-Control-Unit-1000x1000.jpg",1000,1000,false],"2048x2048":["https:\/\/axatool.com\/wp-content\/uploads\/2022\/06\/AFC-150-AFC-200-Mini-F-RL-Air-Control-Unit-1000x1000.jpg",1000,1000,false],"trp-custom-language-flag":["https:\/\/axatool.com\/wp-content\/uploads\/2022\/06\/AFC-150-AFC-200-Mini-F-RL-Air-Control-Unit-12x12.jpg",12,12,true],"qubely_landscape":["https:\/\/axatool.com\/wp-content\/uploads\/2022\/06\/AFC-150-AFC-200-Mini-F-RL-Air-Control-Unit-1000x750.jpg",1000,750,true],"qubely_portrait":["https:\/\/axatool.com\/wp-content\/uploads\/2022\/06\/AFC-150-AFC-200-Mini-F-RL-Air-Control-Unit-540x320.jpg",540,320,true],"qubely_thumbnail":["https:\/\/axatool.com\/wp-content\/uploads\/2022\/06\/AFC-150-AFC-200-Mini-F-RL-Air-Control-Unit-140x100.jpg",140,100,true],"woocommerce_thumbnail":["https:\/\/axatool.com\/wp-content\/uploads\/2022\/06\/AFC-150-AFC-200-Mini-F-RL-Air-Control-Unit-300x300.jpg",300,300,true],"woocommerce_single":["https:\/\/axatool.com\/wp-content\/uploads\/2022\/06\/AFC-150-AFC-200-Mini-F-RL-Air-Control-Unit-600x600.jpg",600,600,true],"woocommerce_gallery_thumbnail":["https:\/\/axatool.com\/wp-content\/uploads\/2022\/06\/AFC-150-AFC-200-Mini-F-RL-Air-Control-Unit-100x100.jpg",100,100,true]},"uagb_author_info":{"display_name":"editor.axatool","author_link":"https:\/\/axatool.com\/pt\/author\/"},"uagb_comment_info":0,"uagb_excerpt":"Our company is a well-known manufacturer of premium grade Air Control Unit in Taiwan. We have devoted ourselves to serve the clients with our durability, fair price and strong efficiency of Air Control Unit. Please feel free to contact us if you are searching for Air Control Unit with unique and stylish design.","_links":{"self":[{"href":"https:\/\/axatool.com\/pt\/wp-json\/wp\/v2\/product\/6872","targetHints":{"allow":["GET"]}}],"collection":[{"href":"https:\/\/axatool.com\/pt\/wp-json\/wp\/v2\/product"}],"about":[{"href":"https:\/\/axatool.com\/pt\/wp-json\/wp\/v2\/types\/product"}],"version-history":[{"count":3,"href":"https:\/\/axatool.com\/pt\/wp-json\/wp\/v2\/product\/6872\/revisions"}],"predecessor-version":[{"id":6878,"href":"https:\/\/axatool.com\/pt\/wp-json\/wp\/v2\/product\/6872\/revisions\/6878"}],"wp:featuredmedia":[{"embeddable":true,"href":"https:\/\/axatool.com\/pt\/wp-json\/wp\/v2\/media\/6874"}],"wp:attachment":[{"href":"https:\/\/axatool.com\/pt\/wp-json\/wp\/v2\/media?parent=6872"}],"wp:term":[{"taxonomy":"product_brand","embeddable":true,"href":"https:\/\/axatool.com\/pt\/wp-json\/wp\/v2\/product_brand?post=6872"},{"taxonomy":"product_cat","embeddable":true,"href":"https:\/\/axatool.com\/pt\/wp-json\/wp\/v2\/product_cat?post=6872"},{"taxonomy":"product_tag","embeddable":true,"href":"https:\/\/axatool.com\/pt\/wp-json\/wp\/v2\/product_tag?post=6872"}],"curies":[{"name":"wp","href":"https:\/\/api.w.org\/{rel}","templated":true}]}}