{"id":6738,"date":"2022-06-02T01:47:13","date_gmt":"2022-06-02T01:47:13","guid":{"rendered":"https:\/\/axatool.com\/product\/uncategorized\/aac-150-mini-1-8-frl-air-control-unit\/"},"modified":"2022-07-04T02:04:11","modified_gmt":"2022-07-04T02:04:11","slug":"aac-150-mini-1-8-frl-air-control-unit","status":"publish","type":"product","link":"https:\/\/axatool.com\/pt\/produtos\/aac-150-mini-1-8-frl-air-control-unit\/","title":{"rendered":"AAC-150 Mini 1\/8\u2033 F+R+L Unidade de Controle de Ar"},"content":{"rendered":"<p>Tem as fun\u00e7\u00f5es de regula\u00e7\u00e3o de press\u00e3o e filtragem. A densidade das impurezas do filtro \u00e9 de cerca de 5\u03bcm e o di\u00e2metro da conex\u00e3o do corpo pode ser de at\u00e9 1\/2. Componentes de diversifica\u00e7\u00e3o, selecione torneira de drenagem manual, press\u00e3o diferente ou drenagem autom\u00e1tica.<\/p>\n<h3><strong>\u2699\ufe0f Especifica\u00e7\u00e3o<\/strong><\/h3>\n<table id=\"tabs-nav\" class=\"xl756500\" style=\"width: 80.6799%;\" border=\"3\" width=\"592\" cellspacing=\"2\" cellpadding=\"5\" align=\"left\" bgcolor=\"#FEA500\">\n<tbody>\n<tr>\n<td style=\"border-color: #ffffff; width: 30%;\">\n<div align=\"left\"><span style=\"color: #000000;\"><strong>Nota do filtro<\/strong><\/span><\/div>\n<\/td>\n<td style=\"width: 68.9759%; border-color: #ffffff;\"><span style=\"color: #000000;\">5\u00b5m<\/span><\/td>\n<\/tr>\n<tr>\n<td class=\"xl73\" style=\"border-color: #ffffff; width: 30%;\" align=\"left\"><span style=\"color: #000000;\"><strong>Tamanho da porta<\/strong><\/span><\/td>\n<td class=\"xl72\" style=\"border-color: #ffffff;\" align=\"left\"><span style=\"color: #000000;\">1\/8&#8243;<\/span><\/td>\n<\/tr>\n<tr>\n<td class=\"xl73\" style=\"border-color: #ffffff; width: 30%;\" align=\"left\"><span style=\"color: #000000;\"><strong>Quociente de vaz\u00e3o<\/strong><\/span><\/td>\n<td class=\"xl72\" style=\"border-color: #ffffff;\" align=\"left\"><span style=\"color: #000000;\">650 l\/min<\/span><\/td>\n<\/tr>\n<tr>\n<td class=\"xl73\" style=\"border-color: #ffffff; width: 30%;\" align=\"left\"><span style=\"color: #000000;\"><strong>Varia\u00e7\u00e3o de press\u00e3o<\/strong><\/span><\/td>\n<td class=\"xl72\" style=\"border-color: #ffffff;\" align=\"left\"><span style=\"color: #000000;\">0,5~8,5 kg\/cm<span class=\"xl84\"><sup>2<\/sup><\/span><\/span><\/td>\n<\/tr>\n<tr>\n<td class=\"xl73\" style=\"border-color: #ffffff; width: 30%;\" align=\"left\"><span style=\"color: #000000;\"><strong>M\u00e1x. press\u00e3o<\/strong><\/span><\/td>\n<td class=\"xl72\" style=\"border-color: #ffffff;\" align=\"left\"><span style=\"color: #000000;\">9,5kg\/cm<span class=\"xl84\"><sup>2<\/sup><\/span><\/span><\/td>\n<\/tr>\n<tr>\n<td class=\"xl74\" style=\"border-color: #ffffff; width: 30%;\" align=\"left\"><span style=\"color: #000000;\"><strong>Faixa de Temperatura<\/strong><\/span><\/td>\n<td class=\"xl75\" style=\"border-color: #ffffff;\" align=\"left\"><span style=\"color: #000000;\">5 ~ 60 \u2103<\/span><\/td>\n<\/tr>\n<tr>\n<td class=\"xl74\" style=\"border-color: #ffffff; width: 30%;\" align=\"left\"><span style=\"color: #000000;\"><strong>Capacidade de drenagem<\/strong><\/span><\/td>\n<td class=\"xl75\" style=\"border-color: #ffffff;\" align=\"left\"><span style=\"color: #000000;\">15 c.c.<\/span><\/td>\n<\/tr>\n<tr>\n<td class=\"xl77\" style=\"border-color: #ffffff; width: 30%;\" align=\"left\"><span style=\"color: #000000;\"><strong>Oil Volume<\/strong><\/span><\/td>\n<td class=\"xl78\" style=\"border-color: #ffffff;\" align=\"left\"><span style=\"color: #000000;\">25 c.c.<\/span><\/td>\n<\/tr>\n<\/tbody>\n<\/table>\n<p>&nbsp;<\/p>","protected":false},"excerpt":{"rendered":"<p>Nossa empresa \u00e9 um fabricante conhecido de unidade de controle de ar de grau premium em Taiwan.<br \/>\nDedicamo-nos a atender os clientes com nossa durabilidade, pre\u00e7o justo e forte efici\u00eancia da Unidade de Controle A\u00e9reo.<br \/>\nSinta-se \u00e0 vontade para entrar em contato conosco se estiver procurando por Unidade de Controle A\u00e9reo com design exclusivo e elegante.<\/p>","protected":false},"featured_media":6626,"template":"","meta":{"qubely_global_settings":"","qubely_interactions":"","site-sidebar-layout":"default","site-content-layout":"default","ast-global-header-display":"","ast-main-header-display":"","ast-hfb-above-header-display":"","ast-hfb-below-header-display":"","ast-hfb-mobile-header-display":"","site-post-title":"","ast-breadcrumbs-content":"","ast-featured-img":"","footer-sml-layout":"","theme-transparent-header-meta":"","adv-header-id-meta":"","stick-header-meta":"","header-above-stick-meta":"","header-main-stick-meta":"","header-below-stick-meta":""},"product_brand":[],"product_cat":[110,103],"product_tag":[],"class_list":{"0":"post-6738","1":"product","2":"type-product","3":"status-publish","4":"has-post-thumbnail","6":"product_cat-air-filter","7":"product_cat-air-control-unit","8":"desktop-align-center","9":"tablet-align-center","10":"mobile-align-center","11":"ast-product-gallery-layout-horizontal-slider","12":"ast-product-gallery-with-no-image","13":"ast-product-tabs-layout-horizontal","14":"ast-qv-on-image","16":"first","17":"instock","18":"featured","19":"shipping-taxable","20":"purchasable","21":"product-type-simple"},"uagb_featured_image_src":{"full":["https:\/\/axatool.com\/wp-content\/uploads\/2022\/06\/AAC-150-AAC-200-Mini-FRL-Air-Control-Unit-1000x1000.jpg",1000,1000,false],"thumbnail":["https:\/\/axatool.com\/wp-content\/uploads\/2022\/06\/AAC-150-AAC-200-Mini-FRL-Air-Control-Unit-150x150.jpg",150,150,true],"medium":["https:\/\/axatool.com\/wp-content\/uploads\/2022\/06\/AAC-150-AAC-200-Mini-FRL-Air-Control-Unit-300x300.jpg",300,300,true],"medium_large":["https:\/\/axatool.com\/wp-content\/uploads\/2022\/06\/AAC-150-AAC-200-Mini-FRL-Air-Control-Unit-768x768.jpg",768,768,true],"large":["https:\/\/axatool.com\/wp-content\/uploads\/2022\/06\/AAC-150-AAC-200-Mini-FRL-Air-Control-Unit-1000x1000.jpg",1000,1000,false],"1536x1536":["https:\/\/axatool.com\/wp-content\/uploads\/2022\/06\/AAC-150-AAC-200-Mini-FRL-Air-Control-Unit-1000x1000.jpg",1000,1000,false],"2048x2048":["https:\/\/axatool.com\/wp-content\/uploads\/2022\/06\/AAC-150-AAC-200-Mini-FRL-Air-Control-Unit-1000x1000.jpg",1000,1000,false],"trp-custom-language-flag":["https:\/\/axatool.com\/wp-content\/uploads\/2022\/06\/AAC-150-AAC-200-Mini-FRL-Air-Control-Unit-12x12.jpg",12,12,true],"qubely_landscape":["https:\/\/axatool.com\/wp-content\/uploads\/2022\/06\/AAC-150-AAC-200-Mini-FRL-Air-Control-Unit-1000x750.jpg",1000,750,true],"qubely_portrait":["https:\/\/axatool.com\/wp-content\/uploads\/2022\/06\/AAC-150-AAC-200-Mini-FRL-Air-Control-Unit-540x320.jpg",540,320,true],"qubely_thumbnail":["https:\/\/axatool.com\/wp-content\/uploads\/2022\/06\/AAC-150-AAC-200-Mini-FRL-Air-Control-Unit-140x100.jpg",140,100,true],"woocommerce_thumbnail":["https:\/\/axatool.com\/wp-content\/uploads\/2022\/06\/AAC-150-AAC-200-Mini-FRL-Air-Control-Unit-300x300.jpg",300,300,true],"woocommerce_single":["https:\/\/axatool.com\/wp-content\/uploads\/2022\/06\/AAC-150-AAC-200-Mini-FRL-Air-Control-Unit-600x600.jpg",600,600,true],"woocommerce_gallery_thumbnail":["https:\/\/axatool.com\/wp-content\/uploads\/2022\/06\/AAC-150-AAC-200-Mini-FRL-Air-Control-Unit-100x100.jpg",100,100,true]},"uagb_author_info":{"display_name":"editor.axatool","author_link":"https:\/\/axatool.com\/pt\/author\/"},"uagb_comment_info":0,"uagb_excerpt":"Our company is a well-known manufacturer of premium grade Air Control Unit in Taiwan. We have devoted ourselves to serve the clients with our durability, fair price and strong efficiency of Air Control Unit. Please feel free to contact us if you are searching for Air Control Unit with unique and stylish design.","_links":{"self":[{"href":"https:\/\/axatool.com\/pt\/wp-json\/wp\/v2\/product\/6738","targetHints":{"allow":["GET"]}}],"collection":[{"href":"https:\/\/axatool.com\/pt\/wp-json\/wp\/v2\/product"}],"about":[{"href":"https:\/\/axatool.com\/pt\/wp-json\/wp\/v2\/types\/product"}],"version-history":[{"count":2,"href":"https:\/\/axatool.com\/pt\/wp-json\/wp\/v2\/product\/6738\/revisions"}],"predecessor-version":[{"id":6847,"href":"https:\/\/axatool.com\/pt\/wp-json\/wp\/v2\/product\/6738\/revisions\/6847"}],"wp:featuredmedia":[{"embeddable":true,"href":"https:\/\/axatool.com\/pt\/wp-json\/wp\/v2\/media\/6626"}],"wp:attachment":[{"href":"https:\/\/axatool.com\/pt\/wp-json\/wp\/v2\/media?parent=6738"}],"wp:term":[{"taxonomy":"product_brand","embeddable":true,"href":"https:\/\/axatool.com\/pt\/wp-json\/wp\/v2\/product_brand?post=6738"},{"taxonomy":"product_cat","embeddable":true,"href":"https:\/\/axatool.com\/pt\/wp-json\/wp\/v2\/product_cat?post=6738"},{"taxonomy":"product_tag","embeddable":true,"href":"https:\/\/axatool.com\/pt\/wp-json\/wp\/v2\/product_tag?post=6738"}],"curies":[{"name":"wp","href":"https:\/\/api.w.org\/{rel}","templated":true}]}}