{"id":6737,"date":"2022-06-02T01:47:13","date_gmt":"2022-06-02T01:47:13","guid":{"rendered":"https:\/\/axatool.com\/product\/uncategorized\/af-168hn3-air-filter\/"},"modified":"2022-07-04T02:04:11","modified_gmt":"2022-07-04T02:04:11","slug":"af-168hn3-air-filter","status":"publish","type":"product","link":"https:\/\/axatool.com\/pt\/produtos\/af-168hn3-air-filter\/","title":{"rendered":"Filtro de Ar AF-168HN3"},"content":{"rendered":"<ul>\n<li>One Regulator With 160 lb. Inverted Gauge And Air Cocks<\/li>\n<li>Two Regulated Outlets<\/li>\n<li>One Filtered Main Line Outlet With 200 lb. Gauge<\/li>\n<li>Filtered Main Line Outlet Included<\/li>\n<li>Filter Capacity 120 CFM<\/li>\n<li>Regulator Capacity 50 CFM<\/li>\n<\/ul>\n<h3><strong><span class=\"style2\">\u2699 <\/span> Especifica\u00e7\u00e3o<\/strong><\/h3>\n<table id=\"tabs-nav\" class=\"xl756500\" style=\"width: 80.6799%;\" border=\"3\" width=\"592\" cellspacing=\"2\" cellpadding=\"5\" align=\"left\" bgcolor=\"#FEA500\">\n<tbody>\n<tr>\n<td style=\"border-color: #ffffff; width: 30%;\">\n<div align=\"left\"><span style=\"color: #000000;\"><strong>Entrada de ar<\/strong><\/span><\/div>\n<\/td>\n<td style=\"border-color: #ffffff;\"><span style=\"color: #000000;\">1\/2&#8243; <\/span><\/td>\n<\/tr>\n<tr>\n<td class=\"xl80\" style=\"border-color: #ffffff; width: 30%;\" colspan=\"1\">\n<div align=\"left\"><span style=\"color: #000000;\"><strong>Air Outlet<\/strong><\/span><\/div>\n<\/td>\n<td class=\"xl75\" style=\"border-color: #ffffff;\" width=\"205\"><span style=\"color: #000000;\">1\/4&#8243;<\/span><\/td>\n<\/tr>\n<tr>\n<td class=\"xl80\" style=\"border-color: #ffffff; width: 30%;\" colspan=\"1\">\n<div align=\"left\"><span style=\"color: #000000;\"><strong>Max. Flow Valume<\/strong><\/span><\/div>\n<\/td>\n<td class=\"xl75\" style=\"border-color: #ffffff;\" width=\"205\"><span style=\"color: #000000;\">120 CFM (3,396 l\/min)<\/span><\/td>\n<\/tr>\n<tr>\n<td class=\"xl80\" style=\"border-color: #ffffff; width: 30%;\" colspan=\"1\">\n<div align=\"left\"><span style=\"color: #000000;\"><strong>Max. Filter Oil Grade<\/strong><\/span><\/div>\n<\/td>\n<td class=\"xl75\" style=\"border-color: #ffffff;\" width=\"205\"><span style=\"color: #000000;\">5 Micron Filtration<\/span><\/td>\n<\/tr>\n<tr>\n<td class=\"xl80\" style=\"border-color: #ffffff; width: 30%;\" colspan=\"1\">\n<div align=\"left\"><span style=\"color: #000000;\"><strong>Eliminate Water Up to<\/strong><\/span><\/div>\n<\/td>\n<td class=\"xl75\" style=\"border-color: #ffffff;\" width=\"205\"><span style=\"color: #000000;\">0.99<\/span><\/td>\n<\/tr>\n<tr>\n<td class=\"xl80\" style=\"border-color: #ffffff; width: 30%;\" colspan=\"1\">\n<div align=\"left\"><span style=\"color: #000000;\"><strong>M\u00e1x. Press\u00e3o<\/strong><\/span><\/div>\n<\/td>\n<td class=\"xl75\" style=\"border-color: #ffffff;\" width=\"205\"><span style=\"color: #000000;\">300 PSI<\/span><\/td>\n<\/tr>\n<tr>\n<td class=\"xl80\" style=\"border-color: #ffffff; width: 30%;\" colspan=\"1\">\n<div align=\"left\"><span style=\"color: #000000;\"><strong>Outer Diameter<\/strong><\/span><\/div>\n<\/td>\n<td class=\"xl75\" style=\"border-color: #ffffff;\" width=\"205\"><span style=\"color: #000000;\">L270 x W180 x H390 mm<\/span><\/td>\n<\/tr>\n<\/tbody>\n<\/table>\n<p>&nbsp;<\/p>","protected":false},"excerpt":{"rendered":"<p>Nossa empresa \u00e9 um fabricante conhecido de unidade de controle de ar de grau premium em Taiwan.<br \/>\nDedicamo-nos a atender os clientes com nossa durabilidade, pre\u00e7o justo e forte efici\u00eancia da Unidade de Controle A\u00e9reo.<br \/>\nSinta-se \u00e0 vontade para entrar em contato conosco se estiver procurando por Unidade de Controle A\u00e9reo com design exclusivo e elegante.<\/p>","protected":false},"featured_media":6676,"template":"","meta":{"qubely_global_settings":"","qubely_interactions":"","site-sidebar-layout":"default","site-content-layout":"default","ast-global-header-display":"","ast-main-header-display":"","ast-hfb-above-header-display":"","ast-hfb-below-header-display":"","ast-hfb-mobile-header-display":"","site-post-title":"","ast-breadcrumbs-content":"","ast-featured-img":"","footer-sml-layout":"","theme-transparent-header-meta":"","adv-header-id-meta":"","stick-header-meta":"","header-above-stick-meta":"","header-main-stick-meta":"","header-below-stick-meta":""},"product_brand":[],"product_cat":[110,103],"product_tag":[],"class_list":{"0":"post-6737","1":"product","2":"type-product","3":"status-publish","4":"has-post-thumbnail","6":"product_cat-air-filter","7":"product_cat-air-control-unit","8":"desktop-align-center","9":"tablet-align-center","10":"mobile-align-center","11":"ast-product-gallery-layout-horizontal-slider","12":"ast-product-gallery-with-no-image","13":"ast-product-tabs-layout-horizontal","14":"ast-qv-on-image","16":"first","17":"instock","18":"featured","19":"shipping-taxable","20":"purchasable","21":"product-type-simple"},"uagb_featured_image_src":{"full":["https:\/\/axatool.com\/wp-content\/uploads\/2022\/06\/AF-168HN3-1-Air-Filter-1000x1000.jpg",1000,1000,false],"thumbnail":["https:\/\/axatool.com\/wp-content\/uploads\/2022\/06\/AF-168HN3-1-Air-Filter-150x150.jpg",150,150,true],"medium":["https:\/\/axatool.com\/wp-content\/uploads\/2022\/06\/AF-168HN3-1-Air-Filter-300x300.jpg",300,300,true],"medium_large":["https:\/\/axatool.com\/wp-content\/uploads\/2022\/06\/AF-168HN3-1-Air-Filter-768x768.jpg",768,768,true],"large":["https:\/\/axatool.com\/wp-content\/uploads\/2022\/06\/AF-168HN3-1-Air-Filter-1000x1000.jpg",1000,1000,false],"1536x1536":["https:\/\/axatool.com\/wp-content\/uploads\/2022\/06\/AF-168HN3-1-Air-Filter-1000x1000.jpg",1000,1000,false],"2048x2048":["https:\/\/axatool.com\/wp-content\/uploads\/2022\/06\/AF-168HN3-1-Air-Filter-1000x1000.jpg",1000,1000,false],"trp-custom-language-flag":["https:\/\/axatool.com\/wp-content\/uploads\/2022\/06\/AF-168HN3-1-Air-Filter-12x12.jpg",12,12,true],"qubely_landscape":["https:\/\/axatool.com\/wp-content\/uploads\/2022\/06\/AF-168HN3-1-Air-Filter-1000x750.jpg",1000,750,true],"qubely_portrait":["https:\/\/axatool.com\/wp-content\/uploads\/2022\/06\/AF-168HN3-1-Air-Filter-540x320.jpg",540,320,true],"qubely_thumbnail":["https:\/\/axatool.com\/wp-content\/uploads\/2022\/06\/AF-168HN3-1-Air-Filter-140x100.jpg",140,100,true],"woocommerce_thumbnail":["https:\/\/axatool.com\/wp-content\/uploads\/2022\/06\/AF-168HN3-1-Air-Filter-300x300.jpg",300,300,true],"woocommerce_single":["https:\/\/axatool.com\/wp-content\/uploads\/2022\/06\/AF-168HN3-1-Air-Filter-600x600.jpg",600,600,true],"woocommerce_gallery_thumbnail":["https:\/\/axatool.com\/wp-content\/uploads\/2022\/06\/AF-168HN3-1-Air-Filter-100x100.jpg",100,100,true]},"uagb_author_info":{"display_name":"editor.axatool","author_link":"https:\/\/axatool.com\/pt\/author\/"},"uagb_comment_info":0,"uagb_excerpt":"Our company is a well-known manufacturer of premium grade Air Control Unit in Taiwan. We have devoted ourselves to serve the clients with our durability, fair price and strong efficiency of Air Control Unit. Please feel free to contact us if you are searching for Air Control Unit with unique and stylish design.","_links":{"self":[{"href":"https:\/\/axatool.com\/pt\/wp-json\/wp\/v2\/product\/6737","targetHints":{"allow":["GET"]}}],"collection":[{"href":"https:\/\/axatool.com\/pt\/wp-json\/wp\/v2\/product"}],"about":[{"href":"https:\/\/axatool.com\/pt\/wp-json\/wp\/v2\/types\/product"}],"version-history":[{"count":2,"href":"https:\/\/axatool.com\/pt\/wp-json\/wp\/v2\/product\/6737\/revisions"}],"predecessor-version":[{"id":6920,"href":"https:\/\/axatool.com\/pt\/wp-json\/wp\/v2\/product\/6737\/revisions\/6920"}],"wp:featuredmedia":[{"embeddable":true,"href":"https:\/\/axatool.com\/pt\/wp-json\/wp\/v2\/media\/6676"}],"wp:attachment":[{"href":"https:\/\/axatool.com\/pt\/wp-json\/wp\/v2\/media?parent=6737"}],"wp:term":[{"taxonomy":"product_brand","embeddable":true,"href":"https:\/\/axatool.com\/pt\/wp-json\/wp\/v2\/product_brand?post=6737"},{"taxonomy":"product_cat","embeddable":true,"href":"https:\/\/axatool.com\/pt\/wp-json\/wp\/v2\/product_cat?post=6737"},{"taxonomy":"product_tag","embeddable":true,"href":"https:\/\/axatool.com\/pt\/wp-json\/wp\/v2\/product_tag?post=6737"}],"curies":[{"name":"wp","href":"https:\/\/api.w.org\/{rel}","templated":true}]}}