{"id":6552,"date":"2022-05-31T06:21:19","date_gmt":"2022-05-31T06:21:19","guid":{"rendered":"https:\/\/axatool.com\/?post_type=product&#038;p=6552"},"modified":"2023-05-02T09:47:58","modified_gmt":"2023-05-02T09:47:58","slug":"wct-507-wet-cutting-saw","status":"publish","type":"product","link":"https:\/\/axatool.com\/pt\/produtos\/wct-507-wet-cutting-saw\/","title":{"rendered":"Serra de corte \u00famido WCT-507"},"content":{"rendered":"<ul>\n<li>Lock pin level trigger.<\/li>\n<li>Peso leve e pega confort\u00e1vel.<\/li>\n<li>Evita o risco de choque el\u00e9trico.<\/li>\n<li>Baixa vibra\u00e7\u00e3o e ru\u00eddo com excelente desempenho.<\/li>\n<li>Water feeding system to reduce dust and improve environmental protection.<\/li>\n<li>A al\u00e7a auxiliar pode ser montada para usu\u00e1rios canhotos ou destros.<\/li>\n<li>Projeto do interruptor da v\u00e1lvula de \u00e1gua para f\u00e1cil controle da velocidade do fluxo de \u00e1gua.<\/li>\n<\/ul>\n<h3><strong><span class=\"style2\">\u2611<\/span> Especifica\u00e7\u00e3o<\/strong><\/h3>\n<table id=\"tabs-nav\" class=\"xl756500\" style=\"height: auto; width: 80.6799%; border-style: double; border-color: #ffffff;\" border=\"0\" width=\"517\" rules=\"cols\" cellspacing=\"2\" cellpadding=\"5\">\n<tbody>\n<tr style=\"height: 46px;\" valign=\"middle\">\n<th class=\"xl72\" style=\"border-color: #ffffff;\" nowrap=\"nowrap\" bgcolor=\"#EFEFEF\" width=\"30%\">\n<div align=\"left\"><span style=\"color: #000000;\"><strong>Capacidade da Roda <\/strong><\/span><\/div>\n<\/th>\n<td class=\"xl70\" style=\"border-color: #ffffff;\" bgcolor=\"#F7F7F7\" width=\"284\"><span style=\"color: #000000;\">5&#8243; (125 mm)<\/span><\/td>\n<\/tr>\n<tr style=\"height: 46px;\" valign=\"middle\">\n<th class=\"xl72\" style=\"border-color: #ffffff;\" nowrap=\"nowrap\" bgcolor=\"#F7F7F7\" width=\"30%\">\n<div align=\"left\"><span style=\"color: #000000;\"><strong>Tamanho do fuso <\/strong><\/span><\/div>\n<\/th>\n<td class=\"xl70\" style=\"border-color: #ffffff;\"><span style=\"color: #000000;\">M14 or 5\/8&#8243; x 11T<\/span><\/td>\n<\/tr>\n<tr style=\"height: 46px;\" valign=\"middle\">\n<th class=\"xl72\" style=\"border-color: #ffffff;\" nowrap=\"nowrap\" bgcolor=\"#EFEFEF\" width=\"30%\">\n<div align=\"left\"><span style=\"color: #000000;\"><strong>Velocidade livre <\/strong><\/span><\/div>\n<\/th>\n<td class=\"xl70\" style=\"border-color: #ffffff;\" bgcolor=\"#F7F7F7\"><span style=\"color: #000000;\">7,600 RPM or 11,000 RPM<\/span><\/td>\n<\/tr>\n<tr style=\"height: 46px;\" valign=\"middle\">\n<th class=\"xl72\" style=\"border-color: #ffffff;\" nowrap=\"nowrap\" bgcolor=\"#F7F7F7\" width=\"30%\">\n<div align=\"left\"><span style=\"color: #000000;\"><strong>M\u00e9dia Ar Cons. <\/strong><\/span><\/div>\n<\/th>\n<td class=\"xl71\" style=\"border-color: #ffffff;\"><span style=\"color: #000000;\">6 SCFM (169.8 l\/min)<\/span><\/td>\n<\/tr>\n<tr style=\"height: 45px;\" valign=\"middle\">\n<th class=\"xl72\" style=\"border-color: #ffffff;\" nowrap=\"nowrap\" bgcolor=\"#EFEFEF\" width=\"30%\">\n<div align=\"left\"><span style=\"color: #000000;\"><strong>Press\u00e3o do ar <\/strong><\/span><\/div>\n<\/th>\n<td class=\"xl71\" style=\"border-color: #ffffff;\" bgcolor=\"#F7F7F7\"><span style=\"color: #000000;\">90 PSI (6,2 Bar)<\/span><\/td>\n<\/tr>\n<tr style=\"height: 46px;\" valign=\"middle\">\n<th class=\"xl72\" style=\"border-color: #ffffff;\" nowrap=\"nowrap\" bgcolor=\"#F7F7F7\" width=\"30%\">\n<div align=\"left\"><span style=\"color: #000000;\"><strong>Peso l\u00edquido <\/strong><\/span><\/div>\n<\/th>\n<td class=\"xl70\" style=\"border-color: #ffffff;\"><span style=\"color: #000000;\">2.0 Kgs (4.4 lbs)<\/span><\/td>\n<\/tr>\n<tr style=\"height: 46px;\" valign=\"middle\">\n<th class=\"xl72\" style=\"border-color: #ffffff;\" nowrap=\"nowrap\" bgcolor=\"#EFEFEF\" width=\"30%\">\n<div align=\"left\"><span style=\"color: #000000;\"><strong>Comprimento total <\/strong><\/span><\/div>\n<\/th>\n<td class=\"xl70\" style=\"border-color: #ffffff;\" bgcolor=\"#F7F7F7\"><span style=\"color: #000000;\">234 mm (9.13&#8243;)<\/span><\/td>\n<\/tr>\n<tr style=\"height: 46px;\" valign=\"middle\">\n<th class=\"xl72\" style=\"border-color: #ffffff;\" nowrap=\"nowrap\" bgcolor=\"#F7F7F7\" width=\"30%\">\n<div align=\"left\"><span style=\"color: #000000;\"><strong>Entrada de ar <\/strong><\/span><\/div>\n<\/th>\n<td class=\"xl70\" style=\"border-color: #ffffff;\"><span style=\"color: #000000;\">3\/8&#8243;<\/span><\/td>\n<\/tr>\n<tr style=\"height: 46px;\" valign=\"middle\">\n<th class=\"xl72\" style=\"border-color: #ffffff;\" nowrap=\"nowrap\" bgcolor=\"#EFEFEF\" width=\"30%\">\n<div align=\"left\"><span style=\"color: #000000;\"><strong>Escape de ar <\/strong><\/span><\/div>\n<\/th>\n<td class=\"xl70\" style=\"border-color: #ffffff;\" bgcolor=\"#F7F7F7\"><span style=\"color: #000000;\">Traseira<\/span><\/td>\n<\/tr>\n<tr style=\"height: 46px;\" valign=\"middle\">\n<th class=\"xl72\" style=\"border-color: #ffffff;\" nowrap=\"nowrap\" bgcolor=\"#F7F7F7\" width=\"30%\">\n<div align=\"left\"><span style=\"color: #000000;\">Press\u00e3o sonora<\/span><\/div>\n<\/th>\n<td class=\"xl70\" style=\"border-color: #ffffff;\"><span style=\"color: #000000;\">95 dB(A)<\/span><\/td>\n<\/tr>\n<tr style=\"height: 46px;\" valign=\"middle\">\n<th class=\"xl72\" style=\"border-color: #ffffff;\" nowrap=\"nowrap\" bgcolor=\"#EFEFEF\" width=\"30%\">\n<div align=\"left\"><span style=\"color: #000000;\"><strong>N\u00edvel de vibra\u00e7\u00e3o<\/strong><\/span><\/div>\n<\/th>\n<td class=\"xl70\" style=\"border-color: #ffffff;\" bgcolor=\"#F7F7F7\"><span style=\"color: #000000;\">5.2 m\/s\u00b2<\/span><\/td>\n<\/tr>\n<\/tbody>\n<\/table>","protected":false},"excerpt":{"rendered":"<p>AXA Tools Company specializes in manufacturing, supplying industrial level air wet cutting saw (wet cutter) for Stone, Granite, Marble carving \/ engraving (pneumatic Hammers for Stone,Granite,Marble Engraving), with a factory established in 1994 in Taiwan, all our Air Tools for stone industry are 100% made in TAIWAN.<\/p>","protected":false},"featured_media":6554,"template":"","meta":{"qubely_global_settings":"","qubely_interactions":"","site-sidebar-layout":"default","site-content-layout":"default","ast-global-header-display":"","ast-main-header-display":"","ast-hfb-above-header-display":"","ast-hfb-below-header-display":"","ast-hfb-mobile-header-display":"","site-post-title":"","ast-breadcrumbs-content":"","ast-featured-img":"","footer-sml-layout":"","theme-transparent-header-meta":"default","adv-header-id-meta":"","stick-header-meta":"default","header-above-stick-meta":"","header-main-stick-meta":"","header-below-stick-meta":""},"product_brand":[],"product_cat":[68,92],"product_tag":[],"class_list":{"0":"post-6552","1":"product","2":"type-product","3":"status-publish","4":"has-post-thumbnail","6":"product_cat-wet-air-tools-for-stone-granite","7":"product_cat-wet-air-cutting-saw","8":"desktop-align-center","9":"tablet-align-center","10":"mobile-align-center","11":"ast-product-gallery-layout-horizontal-slider","12":"ast-product-gallery-with-no-image","13":"ast-product-tabs-layout-horizontal","14":"ast-qv-on-image","16":"first","17":"instock","18":"shipping-taxable","19":"purchasable","20":"product-type-simple"},"uagb_featured_image_src":{"full":["https:\/\/axatool.com\/wp-content\/uploads\/2022\/05\/WCT-5071-Wet-Cutting-Saw-600x600.jpg",600,600,false],"thumbnail":["https:\/\/axatool.com\/wp-content\/uploads\/2022\/05\/WCT-5071-Wet-Cutting-Saw-150x150.jpg",150,150,true],"medium":["https:\/\/axatool.com\/wp-content\/uploads\/2022\/05\/WCT-5071-Wet-Cutting-Saw-300x300.jpg",300,300,true],"medium_large":["https:\/\/axatool.com\/wp-content\/uploads\/2022\/05\/WCT-5071-Wet-Cutting-Saw-600x600.jpg",600,600,false],"large":["https:\/\/axatool.com\/wp-content\/uploads\/2022\/05\/WCT-5071-Wet-Cutting-Saw-600x600.jpg",600,600,false],"1536x1536":["https:\/\/axatool.com\/wp-content\/uploads\/2022\/05\/WCT-5071-Wet-Cutting-Saw-600x600.jpg",600,600,false],"2048x2048":["https:\/\/axatool.com\/wp-content\/uploads\/2022\/05\/WCT-5071-Wet-Cutting-Saw-600x600.jpg",600,600,false],"trp-custom-language-flag":["https:\/\/axatool.com\/wp-content\/uploads\/2022\/05\/WCT-5071-Wet-Cutting-Saw-12x12.jpg",12,12,true],"qubely_landscape":["https:\/\/axatool.com\/wp-content\/uploads\/2022\/05\/WCT-5071-Wet-Cutting-Saw-600x600.jpg",600,600,false],"qubely_portrait":["https:\/\/axatool.com\/wp-content\/uploads\/2022\/05\/WCT-5071-Wet-Cutting-Saw-540x320.jpg",540,320,true],"qubely_thumbnail":["https:\/\/axatool.com\/wp-content\/uploads\/2022\/05\/WCT-5071-Wet-Cutting-Saw-140x100.jpg",140,100,true],"woocommerce_thumbnail":["https:\/\/axatool.com\/wp-content\/uploads\/2022\/05\/WCT-5071-Wet-Cutting-Saw-300x300.jpg",300,300,true],"woocommerce_single":["https:\/\/axatool.com\/wp-content\/uploads\/2022\/05\/WCT-5071-Wet-Cutting-Saw-600x600.jpg",600,600,false],"woocommerce_gallery_thumbnail":["https:\/\/axatool.com\/wp-content\/uploads\/2022\/05\/WCT-5071-Wet-Cutting-Saw-100x100.jpg",100,100,true]},"uagb_author_info":{"display_name":"admin.axatool","author_link":"https:\/\/axatool.com\/pt\/author\/"},"uagb_comment_info":0,"uagb_excerpt":"AXA Tools Company specializes in manufacturing, supplying industrial level air wet cutting saw (wet cutter) for Stone, Granite, Marble carving \/ engraving (pneumatic Hammers for Stone,Granite,Marble Engraving), with a factory established in 1994 in Taiwan, all our Air Tools for stone industry are 100% made in TAIWAN.","_links":{"self":[{"href":"https:\/\/axatool.com\/pt\/wp-json\/wp\/v2\/product\/6552","targetHints":{"allow":["GET"]}}],"collection":[{"href":"https:\/\/axatool.com\/pt\/wp-json\/wp\/v2\/product"}],"about":[{"href":"https:\/\/axatool.com\/pt\/wp-json\/wp\/v2\/types\/product"}],"version-history":[{"count":2,"href":"https:\/\/axatool.com\/pt\/wp-json\/wp\/v2\/product\/6552\/revisions"}],"predecessor-version":[{"id":8896,"href":"https:\/\/axatool.com\/pt\/wp-json\/wp\/v2\/product\/6552\/revisions\/8896"}],"wp:featuredmedia":[{"embeddable":true,"href":"https:\/\/axatool.com\/pt\/wp-json\/wp\/v2\/media\/6554"}],"wp:attachment":[{"href":"https:\/\/axatool.com\/pt\/wp-json\/wp\/v2\/media?parent=6552"}],"wp:term":[{"taxonomy":"product_brand","embeddable":true,"href":"https:\/\/axatool.com\/pt\/wp-json\/wp\/v2\/product_brand?post=6552"},{"taxonomy":"product_cat","embeddable":true,"href":"https:\/\/axatool.com\/pt\/wp-json\/wp\/v2\/product_cat?post=6552"},{"taxonomy":"product_tag","embeddable":true,"href":"https:\/\/axatool.com\/pt\/wp-json\/wp\/v2\/product_tag?post=6552"}],"curies":[{"name":"wp","href":"https:\/\/api.w.org\/{rel}","templated":true}]}}