{"id":6201,"date":"2022-05-24T06:19:29","date_gmt":"2022-05-24T06:19:29","guid":{"rendered":"https:\/\/axatool.com\/product\/uncategorized\/as-901d-60260-belt-sander\/"},"modified":"2022-06-15T05:10:30","modified_gmt":"2022-06-15T05:10:30","slug":"as-901d-60x260-mm-belt-sander","status":"publish","type":"product","link":"https:\/\/axatool.com\/pt\/produtos\/as-901d-60x260-mm-belt-sander\/","title":{"rendered":"Lixadeira de cinta AS-901D 60\u00d7260 mm"},"content":{"rendered":"<ul>\n<li>Our products have low noise and vibration, high horsepower.<\/li>\n<li>The main power comes from compressed air, no sparkle and great safety.<\/li>\n<li>To choose the right palm size from the grinded items and apply the right belt, can be converted easily by any angles, round or smooth surface, rough, medium or refined grinding and polish.<\/li>\n<li>The handles can be adjustable with any angles.<\/li>\n<li>1.1kg lightweight, the shape is made by ergonomic design and reduce the tired to operator.<\/li>\n<li>The sander can work with vacuum cleaner to keep workplace clean and avoid to inhale the baneful material for operators.<\/li>\n<\/ul>\n<h3><strong><span class=\"style2\">\u2699\ufe0f <\/span> Especifica\u00e7\u00e3o<\/strong><\/h3>\n<table id=\"tabs-nav\" class=\"xl756500\" style=\"width: 80.6799%;\" border=\"3\" width=\"592\" cellspacing=\"2\" cellpadding=\"5\" align=\"left\" bgcolor=\"#FEA500\">\n<tbody>\n<tr>\n<th class=\"xl77\" style=\"border-color: #ffffff; width: 30.2711%;\" nowrap=\"nowrap\" width=\"152\">\n<div align=\"left\"><strong><span style=\"color: #000000;\">Sanding Belt<\/span><\/strong><\/div>\n<\/th>\n<td class=\"xl73\" style=\"border-color: #ffffff; width: 69.5783%;\" width=\"527\"><span style=\"color: #000000;\">60 x 260 mm<\/span><\/td>\n<\/tr>\n<tr>\n<th class=\"xl77\" style=\"border-color: #ffffff; width: 30.2711%;\" nowrap=\"nowrap\">\n<div align=\"left\"><strong><span style=\"color: #000000;\">Roller Size<\/span><\/strong><\/div>\n<\/th>\n<td class=\"xl73\" style=\"border-color: #ffffff; width: 69.5783%;\"><span style=\"color: #000000;\">60 x \u00d850mm<\/span><\/td>\n<\/tr>\n<tr>\n<th class=\"xl77\" style=\"border-color: #ffffff; width: 30.2711%;\" nowrap=\"nowrap\">\n<div align=\"left\"><strong><span style=\"color: #000000;\">Tool Spindle Size<\/span><\/strong><\/div>\n<\/th>\n<td class=\"xl73\" style=\"border-color: #ffffff; width: 69.5783%;\"><span style=\"color: #000000;\">\u00d88<\/span><\/td>\n<\/tr>\n<tr>\n<th class=\"xl74\" style=\"border-color: #ffffff; width: 30.2711%;\" nowrap=\"nowrap\">\n<div align=\"left\"><strong><span style=\"color: #000000;\">Velocidade livre<\/span><\/strong><\/div>\n<\/th>\n<td class=\"xl73\" style=\"border-color: #ffffff; width: 69.5783%;\"><span style=\"color: #000000;\">800 FPM<\/span><\/td>\n<\/tr>\n<tr>\n<th class=\"xl74\" style=\"border-color: #ffffff; width: 30.2711%;\" nowrap=\"nowrap\">\n<div align=\"left\"><strong><span style=\"color: #000000;\">M\u00e9dia Ar Cons.<\/span><\/strong><\/div>\n<\/th>\n<td class=\"xl76\" style=\"border-color: #ffffff; width: 69.5783%;\"><span style=\"color: #000000;\">10.6 CFM (300 L\/min)<\/span><\/td>\n<\/tr>\n<tr>\n<th class=\"xl77\" style=\"border-color: #ffffff; width: 30.2711%;\" nowrap=\"nowrap\">\n<div align=\"left\"><strong><span style=\"color: #000000;\">Press\u00e3o do ar<\/span><\/strong><\/div>\n<\/th>\n<td class=\"xl79\" style=\"border-color: #ffffff; width: 69.5783%;\"><span style=\"color: #000000;\">90 PSI (6,2 bar)<\/span><\/td>\n<\/tr>\n<tr>\n<th class=\"xl74\" style=\"border-color: #ffffff; width: 30.2711%;\" nowrap=\"nowrap\">\n<div align=\"left\"><strong><span style=\"color: #000000;\">Peso l\u00edquido<\/span><\/strong><\/div>\n<\/th>\n<td class=\"xl78\" style=\"border-color: #ffffff; width: 69.5783%;\"><span style=\"color: #000000;\">1.1 kgs (2.42 lbs)<\/span><\/td>\n<\/tr>\n<tr>\n<th class=\"xl74\" style=\"border-color: #ffffff; width: 30.2711%;\" nowrap=\"nowrap\">\n<div align=\"left\"><strong><span style=\"color: #000000;\">Medi\u00e7\u00e3o<\/span><\/strong><\/div>\n<\/th>\n<td class=\"xl73\" style=\"border-color: #ffffff; width: 69.5783%;\"><span style=\"color: #000000;\">100(W) \u00d7 115(H) \u00d7 170(L) mm<\/span><\/td>\n<\/tr>\n<tr>\n<th class=\"xl74\" style=\"border-color: #ffffff; width: 30.2711%;\" nowrap=\"nowrap\">\n<div align=\"left\"><strong><span style=\"color: #000000;\">Entrada de ar<\/span><\/strong><\/div>\n<\/th>\n<td class=\"xl79\" style=\"border-color: #ffffff; width: 69.5783%;\"><span style=\"color: #000000;\">1\/4&#8243;<\/span><\/td>\n<\/tr>\n<tr>\n<th class=\"xl74\" style=\"border-color: #ffffff; width: 30.2711%;\" nowrap=\"nowrap\">\n<div align=\"left\"><strong><span style=\"color: #000000;\">ID da mangueira de ar<\/span><\/strong><\/div>\n<\/th>\n<td class=\"xl73\" style=\"border-color: #ffffff; width: 69.5783%;\"><span style=\"color: #000000;\">3\/8&#8243; (10mm)<\/span><\/td>\n<\/tr>\n<tr>\n<th class=\"xl74\" style=\"border-color: #ffffff; width: 30.2711%;\" nowrap=\"nowrap\">\n<div align=\"left\"><strong><span style=\"color: #000000;\">Escape de ar<\/span><\/strong><\/div>\n<\/th>\n<td class=\"xl73\" style=\"border-color: #ffffff; width: 69.5783%;\"><span style=\"color: #000000;\">Traseira<\/span><\/td>\n<\/tr>\n<tr>\n<th class=\"xl75\" style=\"border-color: #ffffff; width: 30.2711%;\" nowrap=\"nowrap\">\n<div align=\"left\"><strong><span style=\"color: #000000;\">Press\u00e3o sonora<\/span><\/strong><\/div>\n<\/th>\n<td class=\"xl73\" style=\"border-color: #ffffff; width: 69.5783%;\"><span style=\"color: #000000;\">89 dB(A)<\/span><\/td>\n<\/tr>\n<tr>\n<th class=\"xl74\" style=\"border-color: #ffffff; width: 30.2711%;\" nowrap=\"nowrap\">\n<div align=\"left\"><strong><span style=\"color: #000000;\">N\u00edvel de vibra\u00e7\u00e3o<\/span><\/strong><\/div>\n<\/th>\n<td class=\"xl73\" style=\"border-color: #ffffff; width: 69.5783%;\"><span style=\"color: #000000;\">0.9 m\/s\u00b2<\/span><\/td>\n<\/tr>\n<tr>\n<th class=\"xl74\" style=\"border-color: #ffffff; width: 30.2711%;\" nowrap=\"nowrap\">\n<div align=\"left\"><strong><span style=\"color: #000000;\">Embalagem<\/span><\/strong><\/div>\n<\/th>\n<td class=\"xl79\" style=\"border-color: #ffffff; width: 69.5783%;\"><span style=\"color: #000000;\">12pcs\/ctn\/2.6cu-ft\/GW:22kg<\/span><\/td>\n<\/tr>\n<\/tbody>\n<\/table>","protected":false},"excerpt":{"rendered":"<p>Nossa empresa \u00e9 um fabricante conhecido de lixadeira e polidor a ar de qualidade premium em Taiwan. N\u00f3s nos dedicamos a servir os clientes com nossa durabilidade, pre\u00e7o justo e forte efici\u00eancia de lixadeira e polidor de ar. Por favor, sinta-se livre para entrar em contato conosco se voc\u00ea estiver procurando por lixadeira e polidor de ar com design exclusivo e elegante.<\/p>","protected":false},"featured_media":6010,"template":"","meta":{"qubely_global_settings":"","qubely_interactions":"","site-sidebar-layout":"default","site-content-layout":"default","ast-global-header-display":"","ast-main-header-display":"","ast-hfb-above-header-display":"","ast-hfb-below-header-display":"","ast-hfb-mobile-header-display":"","site-post-title":"","ast-breadcrumbs-content":"","ast-featured-img":"","footer-sml-layout":"","theme-transparent-header-meta":"","adv-header-id-meta":"","stick-header-meta":"","header-above-stick-meta":"","header-main-stick-meta":"","header-below-stick-meta":""},"product_brand":[],"product_cat":[108,101],"product_tag":[],"class_list":{"0":"post-6201","1":"product","2":"type-product","3":"status-publish","4":"has-post-thumbnail","6":"product_cat-belt-sander","7":"product_cat-air-sander-air-polisher","8":"desktop-align-center","9":"tablet-align-center","10":"mobile-align-center","11":"ast-product-gallery-layout-horizontal-slider","12":"ast-product-gallery-with-no-image","13":"ast-product-tabs-layout-horizontal","14":"ast-qv-on-image","16":"first","17":"instock","18":"shipping-taxable","19":"purchasable","20":"product-type-simple"},"uagb_featured_image_src":{"full":["https:\/\/axatool.com\/wp-content\/uploads\/2022\/05\/AS-901D-60\u00d7260-Belt-Sander-1000x1000.jpg",1000,1000,false],"thumbnail":["https:\/\/axatool.com\/wp-content\/uploads\/2022\/05\/AS-901D-60\u00d7260-Belt-Sander-150x150.jpg",150,150,true],"medium":["https:\/\/axatool.com\/wp-content\/uploads\/2022\/05\/AS-901D-60\u00d7260-Belt-Sander-300x300.jpg",300,300,true],"medium_large":["https:\/\/axatool.com\/wp-content\/uploads\/2022\/05\/AS-901D-60\u00d7260-Belt-Sander-768x768.jpg",768,768,true],"large":["https:\/\/axatool.com\/wp-content\/uploads\/2022\/05\/AS-901D-60\u00d7260-Belt-Sander-1000x1000.jpg",1000,1000,false],"1536x1536":["https:\/\/axatool.com\/wp-content\/uploads\/2022\/05\/AS-901D-60\u00d7260-Belt-Sander-1000x1000.jpg",1000,1000,false],"2048x2048":["https:\/\/axatool.com\/wp-content\/uploads\/2022\/05\/AS-901D-60\u00d7260-Belt-Sander-1000x1000.jpg",1000,1000,false],"trp-custom-language-flag":["https:\/\/axatool.com\/wp-content\/uploads\/2022\/05\/AS-901D-60\u00d7260-Belt-Sander-12x12.jpg",12,12,true],"qubely_landscape":["https:\/\/axatool.com\/wp-content\/uploads\/2022\/05\/AS-901D-60\u00d7260-Belt-Sander-1000x750.jpg",1000,750,true],"qubely_portrait":["https:\/\/axatool.com\/wp-content\/uploads\/2022\/05\/AS-901D-60\u00d7260-Belt-Sander-540x320.jpg",540,320,true],"qubely_thumbnail":["https:\/\/axatool.com\/wp-content\/uploads\/2022\/05\/AS-901D-60\u00d7260-Belt-Sander-140x100.jpg",140,100,true],"woocommerce_thumbnail":["https:\/\/axatool.com\/wp-content\/uploads\/2022\/05\/AS-901D-60\u00d7260-Belt-Sander-300x300.jpg",300,300,true],"woocommerce_single":["https:\/\/axatool.com\/wp-content\/uploads\/2022\/05\/AS-901D-60\u00d7260-Belt-Sander-600x600.jpg",600,600,true],"woocommerce_gallery_thumbnail":["https:\/\/axatool.com\/wp-content\/uploads\/2022\/05\/AS-901D-60\u00d7260-Belt-Sander-100x100.jpg",100,100,true]},"uagb_author_info":{"display_name":"editor.axatool","author_link":"https:\/\/axatool.com\/pt\/author\/"},"uagb_comment_info":0,"uagb_excerpt":"Our Company Is A Well-Known Manufacturer Of Premium Grade Air Sander &amp; Polisher In Taiwan. We Have Devoted Ourselves To Serve The Clients With Our Durability, Fair Price And Strong Efficiency Of Air Sander &amp; Polisher. Please Feel Free To Contact Us If You Are Searching For Air Sander &amp; Polisher With Unique And Stylish&hellip;","_links":{"self":[{"href":"https:\/\/axatool.com\/pt\/wp-json\/wp\/v2\/product\/6201","targetHints":{"allow":["GET"]}}],"collection":[{"href":"https:\/\/axatool.com\/pt\/wp-json\/wp\/v2\/product"}],"about":[{"href":"https:\/\/axatool.com\/pt\/wp-json\/wp\/v2\/types\/product"}],"version-history":[{"count":7,"href":"https:\/\/axatool.com\/pt\/wp-json\/wp\/v2\/product\/6201\/revisions"}],"predecessor-version":[{"id":7429,"href":"https:\/\/axatool.com\/pt\/wp-json\/wp\/v2\/product\/6201\/revisions\/7429"}],"wp:featuredmedia":[{"embeddable":true,"href":"https:\/\/axatool.com\/pt\/wp-json\/wp\/v2\/media\/6010"}],"wp:attachment":[{"href":"https:\/\/axatool.com\/pt\/wp-json\/wp\/v2\/media?parent=6201"}],"wp:term":[{"taxonomy":"product_brand","embeddable":true,"href":"https:\/\/axatool.com\/pt\/wp-json\/wp\/v2\/product_brand?post=6201"},{"taxonomy":"product_cat","embeddable":true,"href":"https:\/\/axatool.com\/pt\/wp-json\/wp\/v2\/product_cat?post=6201"},{"taxonomy":"product_tag","embeddable":true,"href":"https:\/\/axatool.com\/pt\/wp-json\/wp\/v2\/product_tag?post=6201"}],"curies":[{"name":"wp","href":"https:\/\/api.w.org\/{rel}","templated":true}]}}