{"id":6189,"date":"2022-05-24T06:07:16","date_gmt":"2022-05-24T06:07:16","guid":{"rendered":"https:\/\/axatool.com\/product\/uncategorized\/as-705-5-dual-action-sander-non-vacuum\/"},"modified":"2022-06-08T07:00:44","modified_gmt":"2022-06-08T07:00:44","slug":"as-705-5-dual-action-sander-non-vacuum","status":"publish","type":"product","link":"https:\/\/axatool.com\/pt\/produtos\/as-705-5-dual-action-sander-non-vacuum\/","title":{"rendered":"AS-705 5&#8243; Dual Action Sander \/Non-Vacuum"},"content":{"rendered":"<ul>\n<li>Used for feather edging, metal preparation &amp; finish work on body filler<\/li>\n<li>Built-in silencer and motor insulation provides quiet operation<\/li>\n<li>Balanced ball bearing construction for vibration-free performance<\/li>\n<li>Built-in regulator for positive speed control<\/li>\n<\/ul>\n<h3><strong><span class=\"style2\">\u2699\ufe0f <\/span> Especifica\u00e7\u00e3o<\/strong><\/h3>\n<table id=\"tabs-nav\" class=\"xl756500\" style=\"width: 80.6799%;\" border=\"3\" width=\"592\" cellspacing=\"2\" cellpadding=\"5\" align=\"left\" bgcolor=\"#FEA500\">\n<tbody>\n<tr>\n<td class=\"xl76\" style=\"border-color: #ffffff; width: 30%;\" width=\"152\">\n<div align=\"left\"><strong><span style=\"color: #000000;\">Tamanho da almofada<\/span><\/strong><\/div>\n<\/td>\n<td class=\"xl73\" style=\"width: 70.3314%; border-color: #ffffff;\" width=\"527\"><span style=\"color: #000000;\">5&#8243; (123mm) \/ Item No. : AS-5505<\/span><\/td>\n<\/tr>\n<tr>\n<td class=\"xl76\" style=\"border-color: #ffffff; width: 30px;\">\n<div align=\"left\"><strong><span style=\"color: #000000;\">Di\u00e2metro de \u00f3rbita<\/span><\/strong><\/div>\n<\/td>\n<td class=\"xl75\" style=\"width: 70.3314%; border-color: #ffffff;\"><span style=\"color: #000000;\">10 mm (3\/8&#8243;)<\/span><\/td>\n<\/tr>\n<tr>\n<td class=\"xl76\" style=\"border-color: #ffffff; width: 30px;\">\n<div align=\"left\"><strong><span style=\"color: #000000;\">Spindle Thread<\/span><\/strong><\/div>\n<\/td>\n<td class=\"xl75\" style=\"width: 70.3314%; border-color: #ffffff;\"><span style=\"color: #000000;\">5\/16&#8243;-24<\/span><\/td>\n<\/tr>\n<tr>\n<td class=\"xl76\" style=\"border-color: #ffffff; width: 30px;\">\n<div align=\"left\"><strong><span style=\"color: #000000;\">Velocidade livre<\/span><\/strong><\/div>\n<\/td>\n<td class=\"xl73\" style=\"width: 70.3314%; border-color: #ffffff;\"><span style=\"color: #000000;\">10,000 RPM<\/span><\/td>\n<\/tr>\n<tr>\n<td class=\"xl76\" style=\"border-color: #ffffff; width: 30px;\">\n<div align=\"left\"><strong><span style=\"color: #000000;\">M\u00e9dia Ar Cons.<\/span><\/strong><\/div>\n<\/td>\n<td class=\"xl78\" style=\"width: 70.3314%; border-color: #ffffff;\"><span style=\"color: #000000;\">14.1 CFM (399.3 l\/min)<\/span><\/td>\n<\/tr>\n<tr>\n<td class=\"xl76\" style=\"border-color: #ffffff; width: 30px;\">\n<div align=\"left\"><strong><span style=\"color: #000000;\">Press\u00e3o do ar<\/span><\/strong><\/div>\n<\/td>\n<td class=\"xl77\" style=\"width: 70.3314%; border-color: #ffffff;\"><span style=\"color: #000000;\">90 PSI (6,2 bar)<\/span><\/td>\n<\/tr>\n<tr>\n<td class=\"xl76\" style=\"border-color: #ffffff; width: 30px;\">\n<div align=\"left\"><strong><span style=\"color: #000000;\">Peso l\u00edquido<\/span><\/strong><\/div>\n<\/td>\n<td class=\"xl73\" style=\"width: 70.3314%; border-color: #ffffff;\"><span style=\"color: #000000;\">1.6 kgs (3.52 lbs)<\/span><\/td>\n<\/tr>\n<tr>\n<td class=\"xl76\" style=\"border-color: #ffffff; width: 30px;\">\n<div align=\"left\"><strong><span style=\"color: #000000;\">Medi\u00e7\u00e3o<\/span><\/strong><\/div>\n<\/td>\n<td class=\"xl73\" style=\"width: 70.3314%; border-color: #ffffff;\"><span style=\"color: #000000;\">L235 x H115 mm<\/span><\/td>\n<\/tr>\n<tr>\n<td class=\"xl74\" style=\"border-color: #ffffff; width: 30px;\">\n<div align=\"left\"><strong><span style=\"color: #000000;\">Entrada de ar<\/span><\/strong><\/div>\n<\/td>\n<td class=\"xl73\" style=\"width: 70.3314%; border-color: #ffffff;\"><span style=\"color: #000000;\">1\/4&#8243;<\/span><\/td>\n<\/tr>\n<tr>\n<td class=\"xl74\" style=\"border-color: #ffffff; width: 30px;\">\n<div align=\"left\"><strong><span style=\"color: #000000;\">ID da mangueira de ar<\/span><\/strong><\/div>\n<\/td>\n<td class=\"xl73\" style=\"width: 70.3314%; border-color: #ffffff;\"><span style=\"color: #000000;\">3\/8&#8243; (10 mm)<\/span><\/td>\n<\/tr>\n<tr>\n<td class=\"xl74\" style=\"border-color: #ffffff; width: 30px;\">\n<div align=\"left\"><strong><span style=\"color: #000000;\">Escape de ar<\/span><\/strong><\/div>\n<\/td>\n<td class=\"xl73\" style=\"width: 70.3314%; border-color: #ffffff;\"><span style=\"color: #000000;\">Traseira<\/span><\/td>\n<\/tr>\n<tr>\n<td class=\"xl75\" style=\"border-color: #ffffff; width: 30px;\">\n<div align=\"left\"><strong><span style=\"color: #000000;\">Press\u00e3o sonora<\/span><\/strong><\/div>\n<\/td>\n<td class=\"xl73\" style=\"width: 70.3314%; border-color: #ffffff;\"><span style=\"color: #000000;\">83 dB(A)<\/span><\/td>\n<\/tr>\n<tr>\n<td class=\"xl74\" style=\"border-color: #ffffff; width: 30px;\">\n<div align=\"left\"><strong><span style=\"color: #000000;\">N\u00edvel de vibra\u00e7\u00e3o<\/span><\/strong><\/div>\n<\/td>\n<td class=\"xl73\" style=\"width: 70.3314%; border-color: #ffffff;\"><span style=\"color: #000000;\">&lt;2,5 m\/s\u00b2<\/span><\/td>\n<\/tr>\n<tr>\n<td class=\"xl75\" style=\"border-color: #ffffff; width: 30px;\">\n<div align=\"left\"><strong><span style=\"color: #000000;\">Embalagem<\/span><\/strong><\/div>\n<\/td>\n<td class=\"xl73\" style=\"width: 70.3314%; border-color: #ffffff;\"><span style=\"color: #000000;\">6pcs\/ctn\/2.0cu-ft\/GW:18kg<\/span><\/td>\n<\/tr>\n<\/tbody>\n<\/table>\n<div id=\"s3gt_translate_tooltip_mini\" class=\"s3gt_translate_tooltip_mini_box\" style=\"background: initial !important; border: initial !important; border-radius: initial !important; border-spacing: initial !important; border-collapse: initial !important; direction: ltr !important; flex-direction: initial !important; font-weight: initial !important; height: initial !important; letter-spacing: initial !important; min-width: initial !important; max-width: initial !important; min-height: initial !important; max-height: initial !important; margin: auto !important; outline: initial !important; padding: initial !important; position: absolute; table-layout: initial !important; text-align: initial !important; text-shadow: initial !important; width: initial !important; word-break: initial !important; word-spacing: initial !important; overflow-wrap: initial !important; box-sizing: initial !important; display: initial !important; color: inherit !important; font-size: 13px !important; font-family: X-LocaleSpecific, sans-serif, Tahoma, Helvetica !important; line-height: 13px !important; vertical-align: top !important; white-space: inherit !important; left: 219px; top: 221px; opacity: 0.65;\">\n<div id=\"s3gt_translate_tooltip_mini_logo\" class=\"s3gt_translate_tooltip_mini\" title=\"\u7ffb\u8b6f\u9078\u53d6\u7684\u6587\u5b57\"><\/div>\n<div id=\"s3gt_translate_tooltip_mini_logo_plus\" class=\"s3gt_translate_tooltip_mini\" title=\"\u52a0\u5165\u5230\u7ffb\u8b6f\"><\/div>\n<div id=\"s3gt_translate_tooltip_mini_sound\" class=\"s3gt_translate_tooltip_mini\" title=\"\u6717\u8b80\"><\/div>\n<div id=\"s3gt_translate_tooltip_mini_copy\" class=\"s3gt_translate_tooltip_mini\" title=\"\u5c07\u6587\u5b57\u8907\u88fd\u5230\u526a\u8cbc\u7c3f\"><\/div>\n<\/div>","protected":false},"excerpt":{"rendered":"<p>Nossa empresa \u00e9 um fabricante conhecido de lixadeira e polidor a ar de qualidade premium em Taiwan. N\u00f3s nos dedicamos a servir os clientes com nossa durabilidade, pre\u00e7o justo e forte efici\u00eancia de lixadeira e polidor de ar. Por favor, sinta-se livre para entrar em contato conosco se voc\u00ea estiver procurando por lixadeira e polidor de ar com design exclusivo e elegante.<\/p>","protected":false},"featured_media":6009,"template":"","meta":{"qubely_global_settings":"","qubely_interactions":"","site-sidebar-layout":"default","site-content-layout":"default","ast-global-header-display":"","ast-main-header-display":"","ast-hfb-above-header-display":"","ast-hfb-below-header-display":"","ast-hfb-mobile-header-display":"","site-post-title":"","ast-breadcrumbs-content":"","ast-featured-img":"","footer-sml-layout":"","theme-transparent-header-meta":"","adv-header-id-meta":"","stick-header-meta":"","header-above-stick-meta":"","header-main-stick-meta":"","header-below-stick-meta":""},"product_brand":[],"product_cat":[107,101],"product_tag":[118],"class_list":{"0":"post-6189","1":"product","2":"type-product","3":"status-publish","4":"has-post-thumbnail","6":"product_cat-dual-action-sander","7":"product_cat-air-sander-air-polisher","8":"product_tag-5-sander","9":"desktop-align-center","10":"tablet-align-center","11":"mobile-align-center","12":"ast-product-gallery-layout-horizontal-slider","13":"ast-product-gallery-with-no-image","14":"ast-product-tabs-layout-horizontal","15":"ast-qv-on-image","17":"first","18":"instock","19":"shipping-taxable","20":"purchasable","21":"product-type-simple"},"uagb_featured_image_src":{"full":["https:\/\/axatool.com\/wp-content\/uploads\/2022\/05\/AS-705-AS-765-Dual-Action-Sander-Non-Vacuum-1000x1000.jpg",1000,1000,false],"thumbnail":["https:\/\/axatool.com\/wp-content\/uploads\/2022\/05\/AS-705-AS-765-Dual-Action-Sander-Non-Vacuum-150x150.jpg",150,150,true],"medium":["https:\/\/axatool.com\/wp-content\/uploads\/2022\/05\/AS-705-AS-765-Dual-Action-Sander-Non-Vacuum-300x300.jpg",300,300,true],"medium_large":["https:\/\/axatool.com\/wp-content\/uploads\/2022\/05\/AS-705-AS-765-Dual-Action-Sander-Non-Vacuum-768x768.jpg",768,768,true],"large":["https:\/\/axatool.com\/wp-content\/uploads\/2022\/05\/AS-705-AS-765-Dual-Action-Sander-Non-Vacuum-1000x1000.jpg",1000,1000,false],"1536x1536":["https:\/\/axatool.com\/wp-content\/uploads\/2022\/05\/AS-705-AS-765-Dual-Action-Sander-Non-Vacuum-1000x1000.jpg",1000,1000,false],"2048x2048":["https:\/\/axatool.com\/wp-content\/uploads\/2022\/05\/AS-705-AS-765-Dual-Action-Sander-Non-Vacuum-1000x1000.jpg",1000,1000,false],"trp-custom-language-flag":["https:\/\/axatool.com\/wp-content\/uploads\/2022\/05\/AS-705-AS-765-Dual-Action-Sander-Non-Vacuum-12x12.jpg",12,12,true],"qubely_landscape":["https:\/\/axatool.com\/wp-content\/uploads\/2022\/05\/AS-705-AS-765-Dual-Action-Sander-Non-Vacuum-1000x750.jpg",1000,750,true],"qubely_portrait":["https:\/\/axatool.com\/wp-content\/uploads\/2022\/05\/AS-705-AS-765-Dual-Action-Sander-Non-Vacuum-540x320.jpg",540,320,true],"qubely_thumbnail":["https:\/\/axatool.com\/wp-content\/uploads\/2022\/05\/AS-705-AS-765-Dual-Action-Sander-Non-Vacuum-140x100.jpg",140,100,true],"woocommerce_thumbnail":["https:\/\/axatool.com\/wp-content\/uploads\/2022\/05\/AS-705-AS-765-Dual-Action-Sander-Non-Vacuum-300x300.jpg",300,300,true],"woocommerce_single":["https:\/\/axatool.com\/wp-content\/uploads\/2022\/05\/AS-705-AS-765-Dual-Action-Sander-Non-Vacuum-600x600.jpg",600,600,true],"woocommerce_gallery_thumbnail":["https:\/\/axatool.com\/wp-content\/uploads\/2022\/05\/AS-705-AS-765-Dual-Action-Sander-Non-Vacuum-100x100.jpg",100,100,true]},"uagb_author_info":{"display_name":"editor.axatool","author_link":"https:\/\/axatool.com\/pt\/author\/"},"uagb_comment_info":0,"uagb_excerpt":"Our Company Is A Well-Known Manufacturer Of Premium Grade Air Sander &amp; Polisher In Taiwan. We Have Devoted Ourselves To Serve The Clients With Our Durability, Fair Price And Strong Efficiency Of Air Sander &amp; Polisher. Please Feel Free To Contact Us If You Are Searching For Air Sander &amp; Polisher With Unique And Stylish&hellip;","_links":{"self":[{"href":"https:\/\/axatool.com\/pt\/wp-json\/wp\/v2\/product\/6189","targetHints":{"allow":["GET"]}}],"collection":[{"href":"https:\/\/axatool.com\/pt\/wp-json\/wp\/v2\/product"}],"about":[{"href":"https:\/\/axatool.com\/pt\/wp-json\/wp\/v2\/types\/product"}],"version-history":[{"count":5,"href":"https:\/\/axatool.com\/pt\/wp-json\/wp\/v2\/product\/6189\/revisions"}],"predecessor-version":[{"id":6972,"href":"https:\/\/axatool.com\/pt\/wp-json\/wp\/v2\/product\/6189\/revisions\/6972"}],"wp:featuredmedia":[{"embeddable":true,"href":"https:\/\/axatool.com\/pt\/wp-json\/wp\/v2\/media\/6009"}],"wp:attachment":[{"href":"https:\/\/axatool.com\/pt\/wp-json\/wp\/v2\/media?parent=6189"}],"wp:term":[{"taxonomy":"product_brand","embeddable":true,"href":"https:\/\/axatool.com\/pt\/wp-json\/wp\/v2\/product_brand?post=6189"},{"taxonomy":"product_cat","embeddable":true,"href":"https:\/\/axatool.com\/pt\/wp-json\/wp\/v2\/product_cat?post=6189"},{"taxonomy":"product_tag","embeddable":true,"href":"https:\/\/axatool.com\/pt\/wp-json\/wp\/v2\/product_tag?post=6189"}],"curies":[{"name":"wp","href":"https:\/\/api.w.org\/{rel}","templated":true}]}}