{"id":6178,"date":"2022-05-24T06:07:15","date_gmt":"2022-05-24T06:07:15","guid":{"rendered":"https:\/\/axatool.com\/product\/uncategorized\/as-601d-36-mini-orbital-sander-self-vacuum\/"},"modified":"2022-06-15T03:15:42","modified_gmt":"2022-06-15T03:15:42","slug":"as-601d-74x145-mm-mini-orbital-sander-self-vacuum","status":"publish","type":"product","link":"https:\/\/axatool.com\/pt\/produtos\/as-601d-74x145-mm-mini-orbital-sander-self-vacuum\/","title":{"rendered":"AS-601D 74&#215;145 mm Mini Orbital Sander \/Self-Vacuum"},"content":{"rendered":"<ul>\n<li>The self-generated sander, independent sanding, no vacuum cleaner is required. The dust can be collected into the dust-collecting bag during operation to keep place clean and save the operator from the air pollution.<\/li>\n<li>The item is suitable for following operation:\n<ol>\n<li>For wooden products: table, chair, sideboard, bed, cheat of drawers, etc.<\/li>\n<li>For plastic products: clear finish of round and curved surface, deburring and removing scratch of plastic products.<\/li>\n<li>For glass products: finishing of edge and removing scratch, etc.<\/li>\n<li>For metal products: deburring, removing scratch, sanding, polishing for all kinds of steel, iron, non-ferrous metal, hairline finish of stainless steel, etc.<\/li>\n<\/ol>\n<\/li>\n<\/ul>\n<h3><strong><span class=\"style2\">\u2699\ufe0f <\/span> Especifica\u00e7\u00e3o<\/strong><\/h3>\n<table id=\"tabs-nav\" class=\"xl756500\" style=\"width: 80.6799%;\" border=\"3\" width=\"592\" cellspacing=\"2\" cellpadding=\"5\" align=\"left\" bgcolor=\"#FEA500\">\n<tbody>\n<tr>\n<th width=\"152\" nowrap class=\"xl76\" style=\"width: 30%; border-color: #ffffff;\">\n<div align=\"left\"><strong><span style=\"color: #000000;\">Tamanho da almofada<\/span><\/strong><\/div>\n<\/th>\n<td class=\"xl73\" style=\"border-color: #ffffff;\" width=\"527\"><span style=\"color: #000000;\">74 x 145 mm (3&#8243; x 6&#8243;)<\/span><\/td>\n<\/tr>\n<tr>\n<th nowrap class=\"xl76\" style=\"border-color: #ffffff;\">\n<div align=\"left\"><strong><span style=\"color: #000000;\">Di\u00e2metro de \u00f3rbita<\/span><\/strong><\/div>\n<\/th>\n<td class=\"xl73\" style=\"border-color: #ffffff;\"><span style=\"color: #000000;\">5 mm (3\/16\u2033)<\/span><\/td>\n<\/tr>\n<tr>\n<th nowrap class=\"xl76\" style=\"border-color: #ffffff;\">\n<div align=\"left\"><strong><span style=\"color: #000000;\">Velocidade livre<\/span><\/strong><\/div>\n<\/th>\n<td class=\"xl73\" style=\"border-color: #ffffff;\"><span style=\"color: #000000;\">8,000 RPM<\/span><\/td>\n<\/tr>\n<tr>\n<th nowrap class=\"xl76\" style=\"border-color: #ffffff;\">\n<div align=\"left\"><strong><span style=\"color: #000000;\">M\u00e9dia Ar Cons.<\/span><\/strong><\/div>\n<\/th>\n<td class=\"xl77\" style=\"border-color: #ffffff;\"><span style=\"color: #000000;\">11.9 CFM (336.97 l\/min)<\/span><\/td>\n<\/tr>\n<tr>\n<th nowrap class=\"xl76\" style=\"border-color: #ffffff;\">\n<div align=\"left\"><strong><span style=\"color: #000000;\">Press\u00e3o do ar<\/span><\/strong><\/div>\n<\/th>\n<td class=\"xl78\" style=\"border-color: #ffffff;\"><span style=\"color: #000000;\">90 PSI (6,2 bar)<\/span><\/td>\n<\/tr>\n<tr>\n<th nowrap class=\"xl76\" style=\"border-color: #ffffff;\">\n<div align=\"left\"><strong><span style=\"color: #000000;\">Peso l\u00edquido<\/span><\/strong><\/div>\n<\/th>\n<td class=\"xl73\" style=\"border-color: #ffffff;\"><span style=\"color: #000000;\">1.2 kgs (2.64 lbs)<\/span><\/td>\n<\/tr>\n<tr>\n<th nowrap class=\"xl76\" style=\"border-color: #ffffff;\">\n<div align=\"left\"><strong><span style=\"color: #000000;\">Medi\u00e7\u00e3o<\/span><\/strong><\/div>\n<\/th>\n<td class=\"xl73\" style=\"border-color: #ffffff;\"><span style=\"color: #000000;\">L166 x H94 mm<\/span><\/td>\n<\/tr>\n<tr>\n<th nowrap class=\"xl76\" style=\"border-color: #ffffff;\">\n<div align=\"left\"><strong><span style=\"color: #000000;\">Entrada de ar<\/span><\/strong><\/div>\n<\/th>\n<td class=\"xl73\" style=\"border-color: #ffffff;\"><span style=\"color: #000000;\">1\/4&#8243;<\/span><\/td>\n<\/tr>\n<tr>\n<th nowrap class=\"xl76\" style=\"border-color: #ffffff;\">\n<div align=\"left\"><strong><span style=\"color: #000000;\">ID da mangueira de ar<\/span><\/strong><\/div>\n<\/th>\n<td class=\"xl73\" style=\"border-color: #ffffff;\"><span style=\"color: #000000;\">1\/4&quot; (6,5 mm)<\/span><\/td>\n<\/tr>\n<tr>\n<th nowrap class=\"xl76\" style=\"border-color: #ffffff;\">\n<div align=\"left\"><strong><span style=\"color: #000000;\">Escape de ar<\/span><\/strong><\/div>\n<\/th>\n<td class=\"xl73\" style=\"border-color: #ffffff;\"><span style=\"color: #000000;\">Traseira<\/span><\/td>\n<\/tr>\n<tr>\n<th nowrap class=\"xl76\" style=\"border-color: #ffffff;\">\n<div align=\"left\"><strong><span style=\"color: #000000;\">Press\u00e3o sonora<\/span><\/strong><\/div>\n<\/th>\n<td class=\"xl73\" style=\"border-color: #ffffff;\"><span style=\"color: #000000;\">85 dB(A)<\/span><\/td>\n<\/tr>\n<tr>\n<th nowrap class=\"xl76\" style=\"border-color: #ffffff;\">\n<div align=\"left\"><strong><span style=\"color: #000000;\">N\u00edvel de vibra\u00e7\u00e3o<\/span><\/strong><\/div>\n<\/th>\n<td class=\"xl73\" style=\"border-color: #ffffff;\"><span style=\"color: #000000;\">2,5 m\/s\u00b2<\/span><\/td>\n<\/tr>\n<tr>\n<th nowrap class=\"xl76\" style=\"border-color: #ffffff;\">\n<div align=\"left\"><strong><span style=\"color: #000000;\">Embalagem<\/span><\/strong><\/div>\n<\/th>\n<td class=\"xl73\" style=\"border-color: #ffffff;\"><span style=\"color: #000000;\">12pcs\/ctn\/2.2cu-ft\/GW:20.5kg<\/span><\/td>\n<\/tr>\n<\/tbody>\n<\/table>","protected":false},"excerpt":{"rendered":"<p>Our Company Is A Well-Known Manufacturer Of Premium Grade Air Sander &#038; Polisher In Taiwan. We Have Devoted Ourselves To Serve The Clients With Our Durability, Fair Price And Strong Efficiency Of Air Sander &#038; Polisher. Please Feel Free To Contact Us If You Are Searching For Air Sander &#038; Polisher With Unique And Stylish Design.<\/p>","protected":false},"featured_media":6000,"template":"","meta":{"qubely_global_settings":"","qubely_interactions":"","site-sidebar-layout":"default","site-content-layout":"default","ast-global-header-display":"","ast-main-header-display":"","ast-hfb-above-header-display":"","ast-hfb-below-header-display":"","ast-hfb-mobile-header-display":"","site-post-title":"","ast-breadcrumbs-content":"","ast-featured-img":"","footer-sml-layout":"","theme-transparent-header-meta":"","adv-header-id-meta":"","stick-header-meta":"","header-above-stick-meta":"","header-main-stick-meta":"","header-below-stick-meta":""},"product_brand":[],"product_cat":[133,101],"product_tag":[],"class_list":{"0":"post-6178","1":"product","2":"type-product","3":"status-publish","4":"has-post-thumbnail","6":"product_cat-square-jitterbug-sander","7":"product_cat-air-sander-air-polisher","8":"desktop-align-center","9":"tablet-align-center","10":"mobile-align-center","11":"ast-product-gallery-layout-horizontal-slider","12":"ast-product-gallery-with-no-image","13":"ast-product-tabs-layout-horizontal","14":"ast-qv-on-image","16":"first","17":"instock","18":"shipping-taxable","19":"purchasable","20":"product-type-simple"},"uagb_featured_image_src":{"full":["https:\/\/axatool.com\/wp-content\/uploads\/2022\/05\/AS-601D-Mini-Orbital-Sander-Self-Vacuum-1000x1000.jpg",1000,1000,false],"thumbnail":["https:\/\/axatool.com\/wp-content\/uploads\/2022\/05\/AS-601D-Mini-Orbital-Sander-Self-Vacuum-150x150.jpg",150,150,true],"medium":["https:\/\/axatool.com\/wp-content\/uploads\/2022\/05\/AS-601D-Mini-Orbital-Sander-Self-Vacuum-300x300.jpg",300,300,true],"medium_large":["https:\/\/axatool.com\/wp-content\/uploads\/2022\/05\/AS-601D-Mini-Orbital-Sander-Self-Vacuum-768x768.jpg",768,768,true],"large":["https:\/\/axatool.com\/wp-content\/uploads\/2022\/05\/AS-601D-Mini-Orbital-Sander-Self-Vacuum-1000x1000.jpg",1000,1000,false],"1536x1536":["https:\/\/axatool.com\/wp-content\/uploads\/2022\/05\/AS-601D-Mini-Orbital-Sander-Self-Vacuum-1000x1000.jpg",1000,1000,false],"2048x2048":["https:\/\/axatool.com\/wp-content\/uploads\/2022\/05\/AS-601D-Mini-Orbital-Sander-Self-Vacuum-1000x1000.jpg",1000,1000,false],"trp-custom-language-flag":["https:\/\/axatool.com\/wp-content\/uploads\/2022\/05\/AS-601D-Mini-Orbital-Sander-Self-Vacuum-12x12.jpg",12,12,true],"qubely_landscape":["https:\/\/axatool.com\/wp-content\/uploads\/2022\/05\/AS-601D-Mini-Orbital-Sander-Self-Vacuum-1000x750.jpg",1000,750,true],"qubely_portrait":["https:\/\/axatool.com\/wp-content\/uploads\/2022\/05\/AS-601D-Mini-Orbital-Sander-Self-Vacuum-540x320.jpg",540,320,true],"qubely_thumbnail":["https:\/\/axatool.com\/wp-content\/uploads\/2022\/05\/AS-601D-Mini-Orbital-Sander-Self-Vacuum-140x100.jpg",140,100,true],"woocommerce_thumbnail":["https:\/\/axatool.com\/wp-content\/uploads\/2022\/05\/AS-601D-Mini-Orbital-Sander-Self-Vacuum-300x300.jpg",300,300,true],"woocommerce_single":["https:\/\/axatool.com\/wp-content\/uploads\/2022\/05\/AS-601D-Mini-Orbital-Sander-Self-Vacuum-600x600.jpg",600,600,true],"woocommerce_gallery_thumbnail":["https:\/\/axatool.com\/wp-content\/uploads\/2022\/05\/AS-601D-Mini-Orbital-Sander-Self-Vacuum-100x100.jpg",100,100,true]},"uagb_author_info":{"display_name":"editor.axatool","author_link":"https:\/\/axatool.com\/pt\/author\/"},"uagb_comment_info":0,"uagb_excerpt":"Our Company Is A Well-Known Manufacturer Of Premium Grade Air Sander & Polisher In Taiwan. We Have Devoted Ourselves To Serve The Clients With Our Durability, Fair Price And Strong Efficiency Of Air Sander & Polisher. Please Feel Free To Contact Us If You Are Searching For Air Sander & Polisher With Unique And Stylish&hellip;","_links":{"self":[{"href":"https:\/\/axatool.com\/pt\/wp-json\/wp\/v2\/product\/6178","targetHints":{"allow":["GET"]}}],"collection":[{"href":"https:\/\/axatool.com\/pt\/wp-json\/wp\/v2\/product"}],"about":[{"href":"https:\/\/axatool.com\/pt\/wp-json\/wp\/v2\/types\/product"}],"version-history":[{"count":4,"href":"https:\/\/axatool.com\/pt\/wp-json\/wp\/v2\/product\/6178\/revisions"}],"predecessor-version":[{"id":7410,"href":"https:\/\/axatool.com\/pt\/wp-json\/wp\/v2\/product\/6178\/revisions\/7410"}],"wp:featuredmedia":[{"embeddable":true,"href":"https:\/\/axatool.com\/pt\/wp-json\/wp\/v2\/media\/6000"}],"wp:attachment":[{"href":"https:\/\/axatool.com\/pt\/wp-json\/wp\/v2\/media?parent=6178"}],"wp:term":[{"taxonomy":"product_brand","embeddable":true,"href":"https:\/\/axatool.com\/pt\/wp-json\/wp\/v2\/product_brand?post=6178"},{"taxonomy":"product_cat","embeddable":true,"href":"https:\/\/axatool.com\/pt\/wp-json\/wp\/v2\/product_cat?post=6178"},{"taxonomy":"product_tag","embeddable":true,"href":"https:\/\/axatool.com\/pt\/wp-json\/wp\/v2\/product_tag?post=6178"}],"curies":[{"name":"wp","href":"https:\/\/api.w.org\/{rel}","templated":true}]}}