{"id":6172,"date":"2022-05-24T06:07:12","date_gmt":"2022-05-24T06:07:12","guid":{"rendered":"https:\/\/axatool.com\/product\/uncategorized\/as-413pk-3-air-polisher-kit\/"},"modified":"2022-06-01T03:57:23","modified_gmt":"2022-06-01T03:57:23","slug":"as-413pk-3-air-polisher-kit","status":"publish","type":"product","link":"https:\/\/axatool.com\/pt\/produtos\/as-413pk-3-air-polisher-kit\/","title":{"rendered":"AS-413PK 3&#8243; Air Polisher Kit"},"content":{"rendered":"<ul>\n<li>There are 3\u201d kind of PAD to supply the various of sandpaper and burnished for process.<\/li>\n<li>Small volume, light weight, high speed, low noise,Long life and trouble free. It&#8217;s suitable for the small area to smooth.<\/li>\n<li>A durable yet economical choice offering longer life and higher speed to be suitable for process in vehicle body shop, mold and woodworking.<\/li>\n<\/ul>\n<h3><strong><span class=\"style2\">\u2699\ufe0f <\/span> Especifica\u00e7\u00e3o<\/strong><\/h3>\n<table id=\"tabs-nav\" class=\"xl756500\" style=\"width: 80.6799%;\" border=\"3\" width=\"592\" cellspacing=\"2\" cellpadding=\"5\" align=\"left\" bgcolor=\"#FEA500\">\n<tbody>\n<tr>\n<td class=\"xl76\" style=\"width: 30%; border-color: #ffffff;\" width=\"152\">\n<div align=\"left\"><span style=\"color: #000000;\"><strong>Tamanho da almofada<\/strong><\/span><\/div>\n<\/td>\n<td class=\"xl73\" style=\"border-color: #ffffff;\" width=\"527\"><span style=\"color: #000000;\">3&#8243; (75 mm) \/ Item No. : AS-3505 <\/span><\/td>\n<\/tr>\n<tr>\n<td class=\"xl73\" style=\"border-color: #ffffff;\" align=\"left\"><span style=\"color: #000000;\"><strong>Spindle Thread <\/strong><\/span><\/td>\n<td class=\"xl73\" style=\"border-color: #ffffff;\" align=\"left\"><span style=\"color: #000000;\">5\/16&#8243; x 24T<\/span><\/td>\n<\/tr>\n<tr>\n<td class=\"xl73\" style=\"border-color: #ffffff;\" align=\"left\"><span style=\"color: #000000;\"><strong>Velocidade livre <\/strong><\/span><\/td>\n<td class=\"xl73\" style=\"border-color: #ffffff;\" align=\"left\"><span style=\"color: #000000;\">3,200 RPM<\/span><\/td>\n<\/tr>\n<tr>\n<td class=\"xl74\" style=\"border-color: #ffffff;\" align=\"left\"><span style=\"color: #000000;\"><strong>M\u00e9dia Ar Cons. <\/strong><\/span><\/td>\n<td class=\"xl74\" style=\"border-color: #ffffff;\" align=\"left\"><span style=\"color: #000000;\">3 CFM (84 l\/min)<\/span><\/td>\n<\/tr>\n<tr>\n<td class=\"xl74\" style=\"border-color: #ffffff;\" align=\"left\"><span style=\"color: #000000;\"><strong>Press\u00e3o do ar <\/strong><\/span><\/td>\n<td class=\"xl76\" style=\"border-color: #ffffff;\"><span style=\"color: #000000;\">90 PSI (6,2 bar)<\/span><\/td>\n<\/tr>\n<tr>\n<td class=\"xl73\" style=\"border-color: #ffffff;\" align=\"left\"><span style=\"color: #000000;\"><strong>Peso l\u00edquido <\/strong><\/span><\/td>\n<td class=\"xl73\" style=\"border-color: #ffffff;\" align=\"left\"><span style=\"color: #000000;\">0.88 kgs (1.94 lbs)<\/span><\/td>\n<\/tr>\n<tr>\n<td class=\"xl73\" style=\"border-color: #ffffff;\" align=\"left\"><span style=\"color: #000000;\"><strong>Comprimento total <\/strong><\/span><\/td>\n<td class=\"xl75\" style=\"border-color: #ffffff;\" align=\"left\"><span style=\"color: #000000;\">160 mm (6.3&#8243;)<\/span><\/td>\n<\/tr>\n<tr>\n<td class=\"xl73\" style=\"border-color: #ffffff;\" align=\"left\"><span style=\"color: #000000;\"><strong>Entrada de ar <\/strong><\/span><\/td>\n<td class=\"xl73\" style=\"border-color: #ffffff;\" align=\"left\"><span style=\"color: #000000;\">1\/4&#8243;<\/span><\/td>\n<\/tr>\n<tr>\n<td class=\"xl74\" style=\"border-color: #ffffff;\" align=\"left\"><span style=\"color: #000000;\"><strong>ID da mangueira de ar <\/strong><\/span><\/td>\n<td class=\"xl73\" style=\"border-color: #ffffff;\" align=\"left\"><span style=\"color: #000000;\">1\/2&#8243;<\/span><\/td>\n<\/tr>\n<tr>\n<td class=\"xl77\" style=\"border-color: #ffffff;\" align=\"left\"><span style=\"color: #000000;\"><strong>Press\u00e3o sonora <\/strong><\/span><\/td>\n<td class=\"xl73\" style=\"border-color: #ffffff;\" align=\"left\"><span style=\"color: #000000;\">83 dB(A)<\/span><\/td>\n<\/tr>\n<tr>\n<td class=\"xl74\" style=\"border-color: #ffffff;\" align=\"left\"><span style=\"color: #000000;\"><strong>N\u00edvel de vibra\u00e7\u00e3o <\/strong><\/span><\/td>\n<td class=\"xl73\" style=\"border-color: #ffffff;\" align=\"left\"><span style=\"color: #000000;\">1.48 m\/s\u00b2<\/span><\/td>\n<\/tr>\n<tr>\n<td class=\"xl77\" style=\"border-color: #ffffff;\" align=\"left\"><span style=\"color: #000000;\"><strong>Embalagem <\/strong><\/span><\/td>\n<td class=\"xl73\" style=\"border-color: #ffffff;\" align=\"left\"><span style=\"color: #000000;\">20pcs\/ctn\/1.2cu-ft\/GW:19kg<\/span><\/td>\n<\/tr>\n<tr>\n<td class=\"xl77\" style=\"border-color: #ffffff;\" colspan=\"2\" align=\"left\"><strong><span class=\"xl73\" style=\"color: #000000;\">Conte\u00fado <\/span><\/strong><br \/>\n<span style=\"color: #000000;\">1 x AS-413P 3&#8243; Air Polisher<\/span><br \/>\n<span style=\"color: #000000;\">3 x Sanding Papers<\/span><br \/>\n<span style=\"color: #000000;\">1 x Wax Sponge<\/span><br \/>\n<span style=\"color: #000000;\">1 x Wood Wheel<\/span><br \/>\n<span style=\"color: #000000;\">1 x Cushion Pad<\/span><br \/>\n<span style=\"color: #000000;\">1 x Spanner<\/span><br \/>\n<span style=\"color: #000000;\">1 x Blow Mold Case<\/span><\/td>\n<\/tr>\n<\/tbody>\n<\/table>","protected":false},"excerpt":{"rendered":"<p>Our Company Is A Well-Known Manufacturer Of Premium Grade Air Sander &#038; Polisher In Taiwan. We Have Devoted Ourselves To Serve The Clients With Our Durability, Fair Price And Strong Efficiency Of Air Sander &#038; Polisher. Please Feel Free To Contact Us If You Are Searching For Air Sander &#038; Polisher With Unique And Stylish Design.<\/p>","protected":false},"featured_media":6054,"template":"","meta":{"qubely_global_settings":"","qubely_interactions":"","site-sidebar-layout":"default","site-content-layout":"default","ast-global-header-display":"","ast-main-header-display":"","ast-hfb-above-header-display":"","ast-hfb-below-header-display":"","ast-hfb-mobile-header-display":"","site-post-title":"","ast-breadcrumbs-content":"","ast-featured-img":"","footer-sml-layout":"","theme-transparent-header-meta":"","adv-header-id-meta":"","stick-header-meta":"","header-above-stick-meta":"","header-main-stick-meta":"","header-below-stick-meta":""},"product_brand":[],"product_cat":[106,101],"product_tag":[],"class_list":{"0":"post-6172","1":"product","2":"type-product","3":"status-publish","4":"has-post-thumbnail","6":"product_cat-angle-sander-polisher","7":"product_cat-air-sander-air-polisher","8":"desktop-align-center","9":"tablet-align-center","10":"mobile-align-center","11":"ast-product-gallery-layout-horizontal-slider","12":"ast-product-tabs-layout-horizontal","13":"ast-qv-on-image","15":"first","16":"instock","17":"shipping-taxable","18":"purchasable","19":"product-type-simple"},"uagb_featured_image_src":{"full":["https:\/\/axatool.com\/wp-content\/uploads\/2022\/05\/AS-413PK-1Air-Polisher-Kit-1000x1000.jpg",1000,1000,false],"thumbnail":["https:\/\/axatool.com\/wp-content\/uploads\/2022\/05\/AS-413PK-1Air-Polisher-Kit-150x150.jpg",150,150,true],"medium":["https:\/\/axatool.com\/wp-content\/uploads\/2022\/05\/AS-413PK-1Air-Polisher-Kit-300x300.jpg",300,300,true],"medium_large":["https:\/\/axatool.com\/wp-content\/uploads\/2022\/05\/AS-413PK-1Air-Polisher-Kit-768x768.jpg",768,768,true],"large":["https:\/\/axatool.com\/wp-content\/uploads\/2022\/05\/AS-413PK-1Air-Polisher-Kit-1000x1000.jpg",1000,1000,false],"1536x1536":["https:\/\/axatool.com\/wp-content\/uploads\/2022\/05\/AS-413PK-1Air-Polisher-Kit-1000x1000.jpg",1000,1000,false],"2048x2048":["https:\/\/axatool.com\/wp-content\/uploads\/2022\/05\/AS-413PK-1Air-Polisher-Kit-1000x1000.jpg",1000,1000,false],"trp-custom-language-flag":["https:\/\/axatool.com\/wp-content\/uploads\/2022\/05\/AS-413PK-1Air-Polisher-Kit-12x12.jpg",12,12,true],"qubely_landscape":["https:\/\/axatool.com\/wp-content\/uploads\/2022\/05\/AS-413PK-1Air-Polisher-Kit-1000x750.jpg",1000,750,true],"qubely_portrait":["https:\/\/axatool.com\/wp-content\/uploads\/2022\/05\/AS-413PK-1Air-Polisher-Kit-540x320.jpg",540,320,true],"qubely_thumbnail":["https:\/\/axatool.com\/wp-content\/uploads\/2022\/05\/AS-413PK-1Air-Polisher-Kit-140x100.jpg",140,100,true],"woocommerce_thumbnail":["https:\/\/axatool.com\/wp-content\/uploads\/2022\/05\/AS-413PK-1Air-Polisher-Kit-300x300.jpg",300,300,true],"woocommerce_single":["https:\/\/axatool.com\/wp-content\/uploads\/2022\/05\/AS-413PK-1Air-Polisher-Kit-600x600.jpg",600,600,true],"woocommerce_gallery_thumbnail":["https:\/\/axatool.com\/wp-content\/uploads\/2022\/05\/AS-413PK-1Air-Polisher-Kit-100x100.jpg",100,100,true]},"uagb_author_info":{"display_name":"editor.axatool","author_link":"https:\/\/axatool.com\/pt\/author\/"},"uagb_comment_info":0,"uagb_excerpt":"Our Company Is A Well-Known Manufacturer Of Premium Grade Air Sander & Polisher In Taiwan. We Have Devoted Ourselves To Serve The Clients With Our Durability, Fair Price And Strong Efficiency Of Air Sander & Polisher. Please Feel Free To Contact Us If You Are Searching For Air Sander & Polisher With Unique And Stylish&hellip;","_links":{"self":[{"href":"https:\/\/axatool.com\/pt\/wp-json\/wp\/v2\/product\/6172","targetHints":{"allow":["GET"]}}],"collection":[{"href":"https:\/\/axatool.com\/pt\/wp-json\/wp\/v2\/product"}],"about":[{"href":"https:\/\/axatool.com\/pt\/wp-json\/wp\/v2\/types\/product"}],"version-history":[{"count":2,"href":"https:\/\/axatool.com\/pt\/wp-json\/wp\/v2\/product\/6172\/revisions"}],"predecessor-version":[{"id":6384,"href":"https:\/\/axatool.com\/pt\/wp-json\/wp\/v2\/product\/6172\/revisions\/6384"}],"wp:featuredmedia":[{"embeddable":true,"href":"https:\/\/axatool.com\/pt\/wp-json\/wp\/v2\/media\/6054"}],"wp:attachment":[{"href":"https:\/\/axatool.com\/pt\/wp-json\/wp\/v2\/media?parent=6172"}],"wp:term":[{"taxonomy":"product_brand","embeddable":true,"href":"https:\/\/axatool.com\/pt\/wp-json\/wp\/v2\/product_brand?post=6172"},{"taxonomy":"product_cat","embeddable":true,"href":"https:\/\/axatool.com\/pt\/wp-json\/wp\/v2\/product_cat?post=6172"},{"taxonomy":"product_tag","embeddable":true,"href":"https:\/\/axatool.com\/pt\/wp-json\/wp\/v2\/product_tag?post=6172"}],"curies":[{"name":"wp","href":"https:\/\/api.w.org\/{rel}","templated":true}]}}