{"id":5900,"date":"2022-05-23T02:58:33","date_gmt":"2022-05-23T02:58:33","guid":{"rendered":"https:\/\/axatool.com\/product\/uncategorized\/ad-322-3-8-angle-air-drill\/"},"modified":"2022-06-01T03:59:45","modified_gmt":"2022-06-01T03:59:45","slug":"ad-322-3-8-angle-air-drill","status":"publish","type":"product","link":"https:\/\/axatool.com\/pt\/produtos\/ad-322-3-8-angle-air-drill\/","title":{"rendered":"Broca de Ar em \u00c2ngulo AD-322 3\/8\u2033"},"content":{"rendered":"<ul>\n<li>Right angle air drill with 90\u00b0 planetary gearbox.<\/li>\n<li>Ideal for drilling in hard to get at areas where normal drills will not fit.<\/li>\n<li>Push-button reverse feature suitable for driving fixings.<\/li>\n<li>Supplied with 10mm chuck and key.<\/li>\n<\/ul>\n<h3>\u2699\ufe0f <strong> Especifica\u00e7\u00e3o<\/strong><\/h3>\n<table id=\"tabs-nav\" class=\"xl756500\" style=\"height: 544px; width: 80.6799%; border-style: double; background-color: #fea500; border-color: #ffffff;\" border=\"10\" width=\"545\" rules=\"cols\" cellspacing=\"2\" cellpadding=\"5\" bgcolor=\"#FEA500\">\n<tbody>\n<tr style=\"height: 46px;\" valign=\"middle\">\n<td class=\"xl73\" style=\"border-color: #ffffff;\" width=\"187\">\n<div align=\"left\"><span style=\"color: #000000;\"><strong>Transmiss\u00e3o de Engrenagens <\/strong><\/span><\/div>\n<\/td>\n<td class=\"xl72\" style=\"border-color: #ffffff;\" width=\"308\"><span style=\"color: #000000;\">Engrenagem Planet\u00e1ria<\/span><\/td>\n<\/tr>\n<tr style=\"height: 46px;\" valign=\"middle\">\n<td class=\"xl73\" style=\"border-color: #ffffff;\">\n<div align=\"left\"><span style=\"color: #000000;\"><strong>Chuck Capacity <\/strong><\/span><\/div>\n<\/td>\n<td class=\"xl72\" style=\"border-color: #ffffff;\"><span style=\"color: #000000;\">3\/8&#8243; (10 mm)<\/span><\/td>\n<\/tr>\n<tr style=\"height: 46px;\" valign=\"middle\">\n<td class=\"xl73\" style=\"border-color: #ffffff;\">\n<div align=\"left\"><span style=\"color: #000000;\"><strong>Spindle Thread <\/strong><\/span><\/div>\n<\/td>\n<td class=\"xl74\" style=\"border-color: #ffffff;\"><span style=\"color: #000000;\">3\/8&#8243; x 24 UNF<\/span><\/td>\n<\/tr>\n<tr style=\"height: 46px;\" valign=\"middle\">\n<td class=\"xl76\" style=\"border-color: #ffffff;\">\n<div align=\"left\"><span style=\"color: #000000;\"><strong>Velocidade livre <\/strong><\/span><\/div>\n<\/td>\n<td class=\"xl72\" style=\"border-color: #ffffff;\"><span style=\"color: #000000;\">1,900 RPM<\/span><\/td>\n<\/tr>\n<tr style=\"height: 45px;\" valign=\"middle\">\n<td class=\"xl76\" style=\"border-color: #ffffff;\">\n<div align=\"left\"><span style=\"color: #000000;\"><strong>M\u00e9dia Ar Cons. <\/strong><\/span><\/div>\n<\/td>\n<td class=\"xl73\" style=\"border-color: #ffffff;\"><span style=\"color: #000000;\">9.9 CFM (280 l\/min)<\/span><\/td>\n<\/tr>\n<tr style=\"height: 46px;\" valign=\"middle\">\n<td class=\"xl73\" style=\"border-color: #ffffff;\">\n<div align=\"left\"><span style=\"color: #000000;\"><strong>Press\u00e3o do ar <\/strong><\/span><\/div>\n<\/td>\n<td class=\"xl71\" style=\"border-color: #ffffff;\"><span style=\"color: #000000;\">90 PSI (6,2 bar)<\/span><\/td>\n<\/tr>\n<tr style=\"height: 46px;\" valign=\"middle\">\n<td class=\"xl76\" style=\"border-color: #ffffff;\">\n<div align=\"left\"><span style=\"color: #000000;\"><strong>Peso l\u00edquido <\/strong><\/span><\/div>\n<\/td>\n<td class=\"xl72\" style=\"border-color: #ffffff;\"><span style=\"color: #000000;\">0.96 Kgs (2.12 lbs)<\/span><\/td>\n<\/tr>\n<tr style=\"height: 46px;\" valign=\"middle\">\n<td class=\"xl76\" style=\"border-color: #ffffff;\">\n<div align=\"left\"><span style=\"color: #000000;\"><strong>Medi\u00e7\u00e3o <\/strong><\/span><\/div>\n<\/td>\n<td class=\"xl72\" style=\"border-color: #ffffff;\"><span style=\"color: #000000;\">190 mm (7.48&#8243;)<\/span><\/td>\n<\/tr>\n<tr style=\"height: 46px;\" valign=\"middle\">\n<td class=\"xl76\" style=\"border-color: #ffffff;\">\n<div align=\"left\"><span style=\"color: #000000;\"><strong>Entrada de ar <\/strong><\/span><\/div>\n<\/td>\n<td class=\"xl72\" style=\"border-color: #ffffff;\"><span style=\"color: #000000;\">1\/4&#8243;<\/span><\/td>\n<\/tr>\n<tr style=\"height: 46px;\" valign=\"middle\">\n<td class=\"xl76\" style=\"border-color: #ffffff;\">\n<div align=\"left\"><span style=\"color: #000000;\"><strong>Escape de ar <\/strong><\/span><\/div>\n<\/td>\n<td class=\"xl73\" style=\"border-color: #ffffff;\"><span style=\"color: #000000;\">Traseira<\/span><\/td>\n<\/tr>\n<tr style=\"height: 46px;\" valign=\"middle\">\n<td class=\"xl73\" style=\"border-color: #ffffff;\">\n<div align=\"left\"><span style=\"color: #000000;\"><strong>Press\u00e3o sonora <\/strong><\/span><\/div>\n<\/td>\n<td class=\"xl73\" style=\"border-color: #ffffff;\"><span style=\"color: #000000;\">92 dB(A)<\/span><\/td>\n<\/tr>\n<tr style=\"height: 46px;\" valign=\"middle\">\n<td class=\"xl76\" style=\"border-color: #ffffff;\">\n<div align=\"left\"><span style=\"color: #000000;\"><strong>N\u00edvel de vibra\u00e7\u00e3o <\/strong><\/span><\/div>\n<\/td>\n<td class=\"xl73\" style=\"border-color: #ffffff;\"><span style=\"color: #000000;\">&lt; 2.5 m\/s\u00b2<\/span><\/td>\n<\/tr>\n<\/tbody>\n<\/table>","protected":false},"excerpt":{"rendered":"<p>Our Company Is A Well-Known Manufacturer Of Premium Grade Air Drill In Taiwan.<br \/>\nWe Have Devoted Ourselves To Serve The Clients With Our Durability, Fair Price And Strong Efficiency Of Air Drill.<br \/>\nPlease Feel Free To Contact Us If You Are Searching For Air Drill With Unique And Stylish Design.<\/p>","protected":false},"featured_media":5870,"template":"","meta":{"qubely_global_settings":"","qubely_interactions":"","site-sidebar-layout":"default","site-content-layout":"default","ast-global-header-display":"","ast-main-header-display":"","ast-hfb-above-header-display":"","ast-hfb-below-header-display":"","ast-hfb-mobile-header-display":"","site-post-title":"","ast-breadcrumbs-content":"","ast-featured-img":"","footer-sml-layout":"","theme-transparent-header-meta":"","adv-header-id-meta":"","stick-header-meta":"","header-above-stick-meta":"","header-main-stick-meta":"","header-below-stick-meta":""},"product_brand":[],"product_cat":[74],"product_tag":[],"class_list":{"0":"post-5900","1":"product","2":"type-product","3":"status-publish","4":"has-post-thumbnail","6":"product_cat-air-drill","7":"desktop-align-center","8":"tablet-align-center","9":"mobile-align-center","10":"ast-product-gallery-layout-horizontal-slider","11":"ast-product-tabs-layout-horizontal","12":"ast-qv-on-image","14":"first","15":"instock","16":"shipping-taxable","17":"purchasable","18":"product-type-simple"},"uagb_featured_image_src":{"full":["https:\/\/axatool.com\/wp-content\/uploads\/2022\/05\/AD-322-1Angle-Air-Drill-1000x1000.jpg",1000,1000,false],"thumbnail":["https:\/\/axatool.com\/wp-content\/uploads\/2022\/05\/AD-322-1Angle-Air-Drill-150x150.jpg",150,150,true],"medium":["https:\/\/axatool.com\/wp-content\/uploads\/2022\/05\/AD-322-1Angle-Air-Drill-300x300.jpg",300,300,true],"medium_large":["https:\/\/axatool.com\/wp-content\/uploads\/2022\/05\/AD-322-1Angle-Air-Drill-768x768.jpg",768,768,true],"large":["https:\/\/axatool.com\/wp-content\/uploads\/2022\/05\/AD-322-1Angle-Air-Drill-1000x1000.jpg",1000,1000,false],"1536x1536":["https:\/\/axatool.com\/wp-content\/uploads\/2022\/05\/AD-322-1Angle-Air-Drill-1000x1000.jpg",1000,1000,false],"2048x2048":["https:\/\/axatool.com\/wp-content\/uploads\/2022\/05\/AD-322-1Angle-Air-Drill-1000x1000.jpg",1000,1000,false],"trp-custom-language-flag":["https:\/\/axatool.com\/wp-content\/uploads\/2022\/05\/AD-322-1Angle-Air-Drill-12x12.jpg",12,12,true],"qubely_landscape":["https:\/\/axatool.com\/wp-content\/uploads\/2022\/05\/AD-322-1Angle-Air-Drill-1000x750.jpg",1000,750,true],"qubely_portrait":["https:\/\/axatool.com\/wp-content\/uploads\/2022\/05\/AD-322-1Angle-Air-Drill-540x320.jpg",540,320,true],"qubely_thumbnail":["https:\/\/axatool.com\/wp-content\/uploads\/2022\/05\/AD-322-1Angle-Air-Drill-140x100.jpg",140,100,true],"woocommerce_thumbnail":["https:\/\/axatool.com\/wp-content\/uploads\/2022\/05\/AD-322-1Angle-Air-Drill-300x300.jpg",300,300,true],"woocommerce_single":["https:\/\/axatool.com\/wp-content\/uploads\/2022\/05\/AD-322-1Angle-Air-Drill-600x600.jpg",600,600,true],"woocommerce_gallery_thumbnail":["https:\/\/axatool.com\/wp-content\/uploads\/2022\/05\/AD-322-1Angle-Air-Drill-100x100.jpg",100,100,true]},"uagb_author_info":{"display_name":"editor.axatool","author_link":"https:\/\/axatool.com\/pt\/author\/"},"uagb_comment_info":0,"uagb_excerpt":"Our Company Is A Well-Known Manufacturer Of Premium Grade Air Drill In Taiwan. We Have Devoted Ourselves To Serve The Clients With Our Durability, Fair Price And Strong Efficiency Of Air Drill. Please Feel Free To Contact Us If You Are Searching For Air Drill With Unique And Stylish Design.","_links":{"self":[{"href":"https:\/\/axatool.com\/pt\/wp-json\/wp\/v2\/product\/5900","targetHints":{"allow":["GET"]}}],"collection":[{"href":"https:\/\/axatool.com\/pt\/wp-json\/wp\/v2\/product"}],"about":[{"href":"https:\/\/axatool.com\/pt\/wp-json\/wp\/v2\/types\/product"}],"version-history":[{"count":2,"href":"https:\/\/axatool.com\/pt\/wp-json\/wp\/v2\/product\/5900\/revisions"}],"predecessor-version":[{"id":5930,"href":"https:\/\/axatool.com\/pt\/wp-json\/wp\/v2\/product\/5900\/revisions\/5930"}],"wp:featuredmedia":[{"embeddable":true,"href":"https:\/\/axatool.com\/pt\/wp-json\/wp\/v2\/media\/5870"}],"wp:attachment":[{"href":"https:\/\/axatool.com\/pt\/wp-json\/wp\/v2\/media?parent=5900"}],"wp:term":[{"taxonomy":"product_brand","embeddable":true,"href":"https:\/\/axatool.com\/pt\/wp-json\/wp\/v2\/product_brand?post=5900"},{"taxonomy":"product_cat","embeddable":true,"href":"https:\/\/axatool.com\/pt\/wp-json\/wp\/v2\/product_cat?post=5900"},{"taxonomy":"product_tag","embeddable":true,"href":"https:\/\/axatool.com\/pt\/wp-json\/wp\/v2\/product_tag?post=5900"}],"curies":[{"name":"wp","href":"https:\/\/api.w.org\/{rel}","templated":true}]}}