{"id":4643,"date":"2022-04-26T07:40:40","date_gmt":"2022-04-26T07:40:40","guid":{"rendered":"https:\/\/axatool.com\/product\/uncategorized\/wg-832-wet-angle-air-grinder-polisher\/"},"modified":"2022-07-11T09:16:34","modified_gmt":"2022-07-11T09:16:34","slug":"wg-832-wet-angle-air-grinder-polisher","status":"publish","type":"product","link":"https:\/\/axatool.com\/pt\/produtos\/wg-832-wet-angle-air-grinder-polisher\/","title":{"rendered":"Esmerilhadeira\/Polidora de Ar de \u00c2ngulo \u00damido WG-832"},"content":{"rendered":"<ul>\n<li>Lock pin level trigger.<\/li>\n<li>Peso leve e pega confort\u00e1vel.<\/li>\n<li>Evita o risco de choque el\u00e9trico.<\/li>\n<li>Baixa vibra\u00e7\u00e3o e ru\u00eddo com excelente desempenho.<\/li>\n<li>Center water feeding system to reduce dust and improve environmental protection.<\/li>\n<li>A al\u00e7a auxiliar pode ser montada para usu\u00e1rios canhotos ou destros.<\/li>\n<li>Projeto do interruptor da v\u00e1lvula de \u00e1gua para f\u00e1cil controle da velocidade do fluxo de \u00e1gua.<\/li>\n<\/ul>\n<h3>\u2699\ufe0f <strong> Especifica\u00e7\u00e3o<\/strong><\/h3>\n<table id=\"tabs-nav\" class=\"xl756500\" style=\"height: auto; width: 80.6799%; border-style: double; background-color: #fea500; border-color: #ffffff;\" border=\"10\" width=\"517\" rules=\"cols\" cellspacing=\"2\" cellpadding=\"5\" bgcolor=\"#FEA500\">\n<tbody>\n<tr style=\"height: 46px;\" valign=\"middle\">\n<th class=\"xl72\" style=\"border-color: #ffffff;\" nowrap=\"nowrap\" width=\"30%\">\n<div align=\"left\"><span style=\"color: #000000;\"><strong>Capacidade da Roda <\/strong><\/span><\/div>\n<\/th>\n<td class=\"xl70\" style=\"border-color: #ffffff;\" width=\"284\"><span style=\"color: #000000;\">4&#8243; or 5&#8243; (100 mm or 125 mm)<\/span><\/td>\n<\/tr>\n<tr style=\"height: 46px;\" valign=\"middle\">\n<th class=\"xl72\" style=\"border-color: #ffffff;\" nowrap=\"nowrap\" width=\"30%\">\n<div align=\"left\"><span style=\"color: #000000;\"><strong>Tamanho do fuso <\/strong><\/span><\/div>\n<\/th>\n<td class=\"xl70\" style=\"border-color: #ffffff;\"><span style=\"color: #000000;\">M14 ou M16 ou 5\/8\u2033 x 11T<\/span><\/td>\n<\/tr>\n<tr style=\"height: 46px;\" valign=\"middle\">\n<th class=\"xl72\" style=\"border-color: #ffffff;\" nowrap=\"nowrap\" width=\"30%\">\n<div align=\"left\"><span style=\"color: #000000;\"><strong>Velocidade livre <\/strong><\/span><\/div>\n<\/th>\n<td class=\"xl70\" style=\"border-color: #ffffff;\"><span style=\"color: #000000;\">10,500 RPM<\/span><\/td>\n<\/tr>\n<tr style=\"height: 46px;\" valign=\"middle\">\n<th class=\"xl72\" style=\"border-color: #ffffff;\" nowrap=\"nowrap\" width=\"30%\">\n<div align=\"left\"><span style=\"color: #000000;\"><strong>M\u00e9dia Ar Cons. <\/strong><\/span><\/div>\n<\/th>\n<td class=\"xl71\" style=\"border-color: #ffffff;\"><span style=\"color: #000000;\">8.3 SCFM (235 l\/min)<\/span><\/td>\n<\/tr>\n<tr style=\"height: 45px;\" valign=\"middle\">\n<th class=\"xl72\" style=\"border-color: #ffffff;\" nowrap=\"nowrap\" width=\"30%\">\n<div align=\"left\"><span style=\"color: #000000;\"><strong>Press\u00e3o do ar <\/strong><\/span><\/div>\n<\/th>\n<td class=\"xl71\" style=\"border-color: #ffffff;\"><span style=\"color: #000000;\">90 PSI (6,2 Bar)<\/span><\/td>\n<\/tr>\n<tr style=\"height: 46px;\" valign=\"middle\">\n<th class=\"xl72\" style=\"border-color: #ffffff;\" nowrap=\"nowrap\" width=\"30%\">\n<div align=\"left\"><span style=\"color: #000000;\"><strong>Peso l\u00edquido <\/strong><\/span><\/div>\n<\/th>\n<td class=\"xl70\" style=\"border-color: #ffffff;\"><span style=\"color: #000000;\">1.98 Kgs (4.3 lbs)<\/span><\/td>\n<\/tr>\n<tr style=\"height: 46px;\" valign=\"middle\">\n<th class=\"xl72\" style=\"border-color: #ffffff;\" nowrap=\"nowrap\" width=\"30%\">\n<div align=\"left\"><span style=\"color: #000000;\"><strong>Comprimento total <\/strong><\/span><\/div>\n<\/th>\n<td class=\"xl70\" style=\"border-color: #ffffff;\"><span style=\"color: #000000;\">306 mm (12&#8243;)<\/span><\/td>\n<\/tr>\n<tr style=\"height: 46px;\" valign=\"middle\">\n<th class=\"xl72\" style=\"border-color: #ffffff;\" nowrap=\"nowrap\" width=\"30%\">\n<div align=\"left\"><span style=\"color: #000000;\"><strong>Entrada de ar <\/strong><\/span><\/div>\n<\/th>\n<td class=\"xl70\" style=\"border-color: #ffffff;\"><span style=\"color: #000000;\">1\/4&#8243;<\/span><\/td>\n<\/tr>\n<tr style=\"height: 46px;\" valign=\"middle\">\n<th class=\"xl72\" style=\"border-color: #ffffff;\" nowrap=\"nowrap\" width=\"30%\">\n<div align=\"left\"><span style=\"color: #000000;\"><strong>Escape de ar <\/strong><\/span><\/div>\n<\/th>\n<td class=\"xl70\" style=\"border-color: #ffffff;\"><span style=\"color: #000000;\">Frente<\/span><\/td>\n<\/tr>\n<tr style=\"height: 46px;\" valign=\"middle\">\n<th class=\"xl72\" style=\"border-color: #ffffff;\" nowrap=\"nowrap\" width=\"30%\">\n<div align=\"left\"><span style=\"color: #000000;\">Press\u00e3o sonora<\/span><\/div>\n<\/th>\n<td class=\"xl70\" style=\"border-color: #ffffff;\"><span style=\"color: #000000;\">74.11 dB(A)<\/span><\/td>\n<\/tr>\n<tr style=\"height: 46px;\" valign=\"middle\">\n<th class=\"xl72\" style=\"border-color: #ffffff;\" nowrap=\"nowrap\" width=\"30%\">\n<div align=\"left\"><span style=\"color: #000000;\"><strong>N\u00edvel de vibra\u00e7\u00e3o<\/strong><\/span><\/div>\n<\/th>\n<td class=\"xl70\" style=\"border-color: #ffffff;\"><span style=\"color: #000000;\">3.16 m\/s\u00b2<\/span><\/td>\n<\/tr>\n<\/tbody>\n<\/table>","protected":false},"excerpt":{"rendered":"<p>Nossa empresa \u00e9 especializada na fabrica\u00e7\u00e3o, fornecimento e exporta\u00e7\u00e3o de martelos pneum\u00e1ticos para pedra, granito, escultura \/ gravura em m\u00e1rmore (martelos pneum\u00e1ticos para pedra, granito, gravura em m\u00e1rmore), com uma f\u00e1brica fundada em 1994 em Taiwan, todas as nossas ferramentas pneum\u00e1ticas para a ind\u00fastria de pedra s\u00e3o 100% fabricado em Taiwan.<\/p>","protected":false},"featured_media":4626,"template":"","meta":{"qubely_global_settings":"","qubely_interactions":"","site-sidebar-layout":"default","site-content-layout":"default","ast-global-header-display":"","ast-main-header-display":"","ast-hfb-above-header-display":"","ast-hfb-below-header-display":"","ast-hfb-mobile-header-display":"","site-post-title":"","ast-breadcrumbs-content":"","ast-featured-img":"","footer-sml-layout":"","theme-transparent-header-meta":"","adv-header-id-meta":"","stick-header-meta":"","header-above-stick-meta":"","header-main-stick-meta":"","header-below-stick-meta":""},"product_brand":[],"product_cat":[68,91],"product_tag":[],"class_list":{"0":"post-4643","1":"product","2":"type-product","3":"status-publish","4":"has-post-thumbnail","6":"product_cat-wet-air-tools-for-stone-granite","7":"product_cat-wet-air-grinder-wet-air-tools-for-stone-granite","8":"desktop-align-center","9":"tablet-align-center","10":"mobile-align-center","11":"ast-product-gallery-layout-horizontal-slider","12":"ast-product-tabs-layout-horizontal","13":"ast-qv-on-image","15":"first","16":"instock","17":"shipping-taxable","18":"purchasable","19":"product-type-simple"},"uagb_featured_image_src":{"full":["https:\/\/axatool.com\/wp-content\/uploads\/2022\/04\/WG-832-1Wet-Angle-Air-Grinder-Polisher-1000x1000.jpg",1000,1000,false],"thumbnail":["https:\/\/axatool.com\/wp-content\/uploads\/2022\/04\/WG-832-1Wet-Angle-Air-Grinder-Polisher-150x150.jpg",150,150,true],"medium":["https:\/\/axatool.com\/wp-content\/uploads\/2022\/04\/WG-832-1Wet-Angle-Air-Grinder-Polisher-300x300.jpg",300,300,true],"medium_large":["https:\/\/axatool.com\/wp-content\/uploads\/2022\/04\/WG-832-1Wet-Angle-Air-Grinder-Polisher-768x768.jpg",768,768,true],"large":["https:\/\/axatool.com\/wp-content\/uploads\/2022\/04\/WG-832-1Wet-Angle-Air-Grinder-Polisher-1000x1000.jpg",1000,1000,false],"1536x1536":["https:\/\/axatool.com\/wp-content\/uploads\/2022\/04\/WG-832-1Wet-Angle-Air-Grinder-Polisher-1000x1000.jpg",1000,1000,false],"2048x2048":["https:\/\/axatool.com\/wp-content\/uploads\/2022\/04\/WG-832-1Wet-Angle-Air-Grinder-Polisher-1000x1000.jpg",1000,1000,false],"trp-custom-language-flag":["https:\/\/axatool.com\/wp-content\/uploads\/2022\/04\/WG-832-1Wet-Angle-Air-Grinder-Polisher-12x12.jpg",12,12,true],"qubely_landscape":["https:\/\/axatool.com\/wp-content\/uploads\/2022\/04\/WG-832-1Wet-Angle-Air-Grinder-Polisher-1000x750.jpg",1000,750,true],"qubely_portrait":["https:\/\/axatool.com\/wp-content\/uploads\/2022\/04\/WG-832-1Wet-Angle-Air-Grinder-Polisher-540x320.jpg",540,320,true],"qubely_thumbnail":["https:\/\/axatool.com\/wp-content\/uploads\/2022\/04\/WG-832-1Wet-Angle-Air-Grinder-Polisher-140x100.jpg",140,100,true],"woocommerce_thumbnail":["https:\/\/axatool.com\/wp-content\/uploads\/2022\/04\/WG-832-1Wet-Angle-Air-Grinder-Polisher-300x300.jpg",300,300,true],"woocommerce_single":["https:\/\/axatool.com\/wp-content\/uploads\/2022\/04\/WG-832-1Wet-Angle-Air-Grinder-Polisher-600x600.jpg",600,600,true],"woocommerce_gallery_thumbnail":["https:\/\/axatool.com\/wp-content\/uploads\/2022\/04\/WG-832-1Wet-Angle-Air-Grinder-Polisher-100x100.jpg",100,100,true]},"uagb_author_info":{"display_name":"editor.axatool","author_link":"https:\/\/axatool.com\/pt\/author\/"},"uagb_comment_info":0,"uagb_excerpt":"Our company specializes in manufacturing, supplying and exporting Air hammers for Stone, Granite, Marble carving \/ engraving (pneumatic Hammers for Stone,Granite,Marble Engraving), with a factory established in 1994 in Taiwan, all our Air Tools for stone industry are 100% made in TAIWAN.","_links":{"self":[{"href":"https:\/\/axatool.com\/pt\/wp-json\/wp\/v2\/product\/4643","targetHints":{"allow":["GET"]}}],"collection":[{"href":"https:\/\/axatool.com\/pt\/wp-json\/wp\/v2\/product"}],"about":[{"href":"https:\/\/axatool.com\/pt\/wp-json\/wp\/v2\/types\/product"}],"version-history":[{"count":4,"href":"https:\/\/axatool.com\/pt\/wp-json\/wp\/v2\/product\/4643\/revisions"}],"predecessor-version":[{"id":7714,"href":"https:\/\/axatool.com\/pt\/wp-json\/wp\/v2\/product\/4643\/revisions\/7714"}],"wp:featuredmedia":[{"embeddable":true,"href":"https:\/\/axatool.com\/pt\/wp-json\/wp\/v2\/media\/4626"}],"wp:attachment":[{"href":"https:\/\/axatool.com\/pt\/wp-json\/wp\/v2\/media?parent=4643"}],"wp:term":[{"taxonomy":"product_brand","embeddable":true,"href":"https:\/\/axatool.com\/pt\/wp-json\/wp\/v2\/product_brand?post=4643"},{"taxonomy":"product_cat","embeddable":true,"href":"https:\/\/axatool.com\/pt\/wp-json\/wp\/v2\/product_cat?post=4643"},{"taxonomy":"product_tag","embeddable":true,"href":"https:\/\/axatool.com\/pt\/wp-json\/wp\/v2\/product_tag?post=4643"}],"curies":[{"name":"wp","href":"https:\/\/api.w.org\/{rel}","templated":true}]}}