{"id":3355,"date":"2022-03-17T06:30:15","date_gmt":"2022-03-17T06:30:15","guid":{"rendered":"https:\/\/axatool.com\/product\/pw-8536-1-pistol-impact-wrench\/"},"modified":"2022-06-08T06:05:28","modified_gmt":"2022-06-08T06:05:28","slug":"pw-8536-1-pistol-impact-wrench","status":"publish","type":"product","link":"https:\/\/axatool.com\/pt\/produtos\/pw-8536-1-pistol-impact-wrench\/","title":{"rendered":"PW-8536 1&#8243; Pistol Impact Wrench"},"content":{"rendered":"<ul>\n<li>4 position power settings.<\/li>\n<li>Deliver 1,350 ft-lb in 2 seconds; Max torque of 1,800 ft-lb with 4,000 rpm free speed.<\/li>\n<li>Available in 6&#8243; extended anvil for model PW-8536<\/li>\n<\/ul>\n<p><strong>Benefits<\/strong><\/p>\n<ul>\n<li>High instant torque output.<\/li>\n<li>Ideal for general repair and maintenance on heavy trucks and OTR vehicles.<\/li>\n<\/ul>\n<h3>\u2699\ufe0f <strong> Especifica\u00e7\u00e3o<\/strong><\/h3>\n<table id=\"tabs-nav\" class=\"xl756500\" style=\"height: 544px; width: 80.6799%; border-style: double; background-color: #fea500; border-color: #ffffff;\" border=\"10\" width=\"500\" rules=\"cols\" cellspacing=\"2\" cellpadding=\"5\" bgcolor=\"#FEA500\">\n<tbody>\n<tr style=\"height: 46px;\" valign=\"middle\">\n<td class=\"xl86\" style=\"width: 27%; height: 25px; border-color: #ffffff;\" bgcolor=\"#FEA500\">\n<div align=\"left\"><span class=\"style1\" style=\"color: #000000;\"><strong>Mecanismo de Impacto<\/strong><\/span><\/div>\n<\/td>\n<td class=\"xl85\" style=\"border-color: #ffffff;\" width=\"284\"><span style=\"color: #000000;\">New Twin Hammer<\/span><\/td>\n<\/tr>\n<tr style=\"height: 46px;\" valign=\"middle\">\n<td class=\"xl86\" style=\"width: 27%; height: 25px; border-color: #ffffff;\" bgcolor=\"#FEA500\">\n<div align=\"left\"><span class=\"style1\" style=\"color: #000000;\"><strong>Velocidade livre<\/strong><\/span><\/div>\n<\/td>\n<td class=\"xl85\" style=\"border-color: #ffffff;\" width=\"284\"><span style=\"color: #000000;\">4,000 RPM<\/span><\/td>\n<\/tr>\n<tr style=\"height: 46px;\" valign=\"middle\">\n<td class=\"xl86\" style=\"width: 27%; height: 25px; border-color: #ffffff;\" bgcolor=\"#FEA500\">\n<div align=\"left\"><span class=\"style1\" style=\"color: #000000;\"><strong>M\u00e1x. Torque<\/strong><\/span><\/div>\n<\/td>\n<td class=\"xl86\" style=\"border-color: #ffffff;\"><span style=\"color: #000000;\">1,800 ft\/lb (2,441 Nm)<\/span><\/td>\n<\/tr>\n<tr style=\"height: 46px;\" valign=\"middle\">\n<td class=\"xl86\" style=\"width: 27%; height: 25px; border-color: #ffffff;\" bgcolor=\"#FEA500\">\n<div align=\"left\"><span style=\"color: #000000;\"><strong>M\u00e9dia Ar Cons.<\/strong><\/span><\/div>\n<\/td>\n<td class=\"xl85\" style=\"border-color: #ffffff;\"><span style=\"color: #000000;\">11 CFM (312 l\/min)<\/span><\/td>\n<\/tr>\n<tr style=\"height: 46px;\" valign=\"middle\">\n<td class=\"xl86\" style=\"width: 27%; height: 25px; border-color: #ffffff;\" bgcolor=\"#FEA500\">\n<div align=\"left\"><span class=\"style1\" style=\"color: #000000;\"><strong>Press\u00e3o no trabalho<\/strong><\/span><\/div>\n<\/td>\n<td class=\"xl85\" style=\"border-color: #ffffff;\"><span style=\"color: #000000;\">90 PSI (6,2 Bar)<\/span><\/td>\n<\/tr>\n<tr style=\"height: 46px;\" valign=\"middle\">\n<td class=\"xl86\" style=\"width: 27%; height: 25px; border-color: #ffffff;\" bgcolor=\"#FEA500\">\n<div align=\"left\"><span class=\"style1\" style=\"color: #000000;\"><strong>Peso l\u00edquido<\/strong><\/span><\/div>\n<\/td>\n<td class=\"xl85\" style=\"border-color: #ffffff;\"><span style=\"color: #000000;\">9.84 Kgs (21.7 lbs)<\/span><\/td>\n<\/tr>\n<tr style=\"height: 46px;\" valign=\"middle\">\n<td class=\"xl86\" style=\"width: 27%; height: 25px; border-color: #ffffff;\" bgcolor=\"#FEA500\">\n<div align=\"left\"><span class=\"style1\" style=\"color: #000000;\"><strong>Comprimento total<\/strong><\/span><\/div>\n<\/td>\n<td class=\"xl85\" style=\"border-color: #ffffff;\"><span style=\"color: #000000;\">303 mm (11.9&#8243;)<\/span><\/td>\n<\/tr>\n<tr style=\"height: 45px;\" valign=\"middle\">\n<td class=\"xl86\" style=\"width: 27%; height: 25px; border-color: #ffffff;\" bgcolor=\"#FEA500\">\n<div align=\"left\"><span class=\"style1\" style=\"color: #000000;\"><strong>Entrada de ar<\/strong><\/span><\/div>\n<\/td>\n<td class=\"xl85\" style=\"border-color: #ffffff;\"><span style=\"color: #000000;\">1\/2&#8243;<\/span><\/td>\n<\/tr>\n<tr style=\"height: 46px;\" valign=\"middle\">\n<td class=\"xl86\" style=\"width: 27%; height: 25px; border-color: #ffffff;\" bgcolor=\"#FEA500\">\n<div align=\"left\"><span class=\"style1\" style=\"color: #000000;\"><strong>ID da mangueira de ar<\/strong><\/span><\/div>\n<\/td>\n<td class=\"xl85\" style=\"border-color: #ffffff;\"><span style=\"color: #000000;\">3\/4&#8243;<\/span><\/td>\n<\/tr>\n<tr style=\"height: 46px;\" valign=\"middle\">\n<td class=\"xl86\" style=\"width: 27%; height: 25px; border-color: #ffffff;\" bgcolor=\"#FEA500\">\n<div align=\"left\"><span class=\"style1\" style=\"color: #000000;\"><strong>Escape de ar<\/strong><\/span><\/div>\n<\/td>\n<td class=\"xl85\" style=\"border-color: #ffffff;\"><span style=\"color: #000000;\">Handle\/Front<\/span><\/td>\n<\/tr>\n<tr style=\"height: 46px;\" valign=\"middle\">\n<td class=\"xl86\" style=\"width: 27%; height: 25px; border-color: #ffffff;\" bgcolor=\"#FEA500\">\n<div align=\"left\"><span class=\"style1\" style=\"color: #000000;\"><strong>Ru\u00eddo de som<\/strong><\/span><\/div>\n<\/td>\n<td class=\"xl85\" style=\"border-color: #ffffff;\"><span style=\"color: #000000;\">103.39 dB(A)<\/span><\/td>\n<\/tr>\n<tr style=\"height: 46px;\" valign=\"middle\">\n<td class=\"xl86\" style=\"width: 27%; height: 25px; border-color: #ffffff;\" bgcolor=\"#FEA500\">\n<div align=\"left\"><span class=\"style1\" style=\"color: #000000;\"><strong>N\u00edvel de vibra\u00e7\u00e3o<\/strong><\/span><\/div>\n<\/td>\n<td class=\"xl85\" style=\"border-color: #ffffff;\"><span style=\"color: #000000;\">16.72 m\/s\u00b2<\/span><\/td>\n<\/tr>\n<\/tbody>\n<\/table>","protected":false},"excerpt":{"rendered":"<p>Nossa empresa \u00e9 um fabricante conhecido de chave de impacto de ar de grau premium em Taiwan.<br \/>\nDedicamo-nos a atender os clientes com nossa durabilidade, pre\u00e7o justo e forte efici\u00eancia da chave de impacto a ar.<br \/>\nSinta-se \u00e0 vontade para entrar em contato conosco se estiver procurando por uma chave de impacto de ar com design exclusivo e elegante.<\/p>","protected":false},"featured_media":4168,"template":"","meta":{"qubely_global_settings":"","qubely_interactions":"","site-sidebar-layout":"default","site-content-layout":"default","ast-global-header-display":"","ast-main-header-display":"","ast-hfb-above-header-display":"","ast-hfb-below-header-display":"","ast-hfb-mobile-header-display":"","site-post-title":"","ast-breadcrumbs-content":"","ast-featured-img":"","footer-sml-layout":"","theme-transparent-header-meta":"","adv-header-id-meta":"","stick-header-meta":"","header-above-stick-meta":"","header-main-stick-meta":"","header-below-stick-meta":""},"product_brand":[],"product_cat":[63],"product_tag":[127],"class_list":{"0":"post-3355","1":"product","2":"type-product","3":"status-publish","4":"has-post-thumbnail","6":"product_cat-1-impact-wrench","7":"product_tag-twin","8":"desktop-align-center","9":"tablet-align-center","10":"mobile-align-center","11":"ast-product-gallery-layout-horizontal-slider","12":"ast-product-tabs-layout-horizontal","13":"ast-qv-on-image","15":"first","16":"instock","17":"shipping-taxable","18":"purchasable","19":"product-type-simple"},"uagb_featured_image_src":{"full":["https:\/\/axatool.com\/wp-content\/uploads\/2022\/03\/PW-8536-1Air-Impact-Wrench.jpg",1000,1000,false],"thumbnail":["https:\/\/axatool.com\/wp-content\/uploads\/2022\/03\/PW-8536-1Air-Impact-Wrench-150x150.jpg",150,150,true],"medium":["https:\/\/axatool.com\/wp-content\/uploads\/2022\/03\/PW-8536-1Air-Impact-Wrench-300x300.jpg",300,300,true],"medium_large":["https:\/\/axatool.com\/wp-content\/uploads\/2022\/03\/PW-8536-1Air-Impact-Wrench-768x768.jpg",768,768,true],"large":["https:\/\/axatool.com\/wp-content\/uploads\/2022\/03\/PW-8536-1Air-Impact-Wrench.jpg",1000,1000,false],"1536x1536":["https:\/\/axatool.com\/wp-content\/uploads\/2022\/03\/PW-8536-1Air-Impact-Wrench.jpg",1000,1000,false],"2048x2048":["https:\/\/axatool.com\/wp-content\/uploads\/2022\/03\/PW-8536-1Air-Impact-Wrench.jpg",1000,1000,false],"trp-custom-language-flag":["https:\/\/axatool.com\/wp-content\/uploads\/2022\/03\/PW-8536-1Air-Impact-Wrench.jpg",12,12,false],"qubely_landscape":["https:\/\/axatool.com\/wp-content\/uploads\/2022\/03\/PW-8536-1Air-Impact-Wrench-1000x750.jpg",1000,750,true],"qubely_portrait":["https:\/\/axatool.com\/wp-content\/uploads\/2022\/03\/PW-8536-1Air-Impact-Wrench-540x320.jpg",540,320,true],"qubely_thumbnail":["https:\/\/axatool.com\/wp-content\/uploads\/2022\/03\/PW-8536-1Air-Impact-Wrench-140x100.jpg",140,100,true],"woocommerce_thumbnail":["https:\/\/axatool.com\/wp-content\/uploads\/2022\/03\/PW-8536-1Air-Impact-Wrench-300x300.jpg",300,300,true],"woocommerce_single":["https:\/\/axatool.com\/wp-content\/uploads\/2022\/03\/PW-8536-1Air-Impact-Wrench-600x600.jpg",600,600,true],"woocommerce_gallery_thumbnail":["https:\/\/axatool.com\/wp-content\/uploads\/2022\/03\/PW-8536-1Air-Impact-Wrench-100x100.jpg",100,100,true]},"uagb_author_info":{"display_name":"editor.axatool","author_link":"https:\/\/axatool.com\/pt\/author\/"},"uagb_comment_info":0,"uagb_excerpt":"Our company is a well-known manufacturer of premium grade Air Impact Wrench in Taiwan. We have devoted ourselves to serve the clients with our durability, fair price and strong efficiency of Air Impact Wrench. Please feel free to contact us if you are searching for Air Impact Wrench with unique and stylish design.","_links":{"self":[{"href":"https:\/\/axatool.com\/pt\/wp-json\/wp\/v2\/product\/3355","targetHints":{"allow":["GET"]}}],"collection":[{"href":"https:\/\/axatool.com\/pt\/wp-json\/wp\/v2\/product"}],"about":[{"href":"https:\/\/axatool.com\/pt\/wp-json\/wp\/v2\/types\/product"}],"version-history":[{"count":5,"href":"https:\/\/axatool.com\/pt\/wp-json\/wp\/v2\/product\/3355\/revisions"}],"predecessor-version":[{"id":3360,"href":"https:\/\/axatool.com\/pt\/wp-json\/wp\/v2\/product\/3355\/revisions\/3360"}],"wp:featuredmedia":[{"embeddable":true,"href":"https:\/\/axatool.com\/pt\/wp-json\/wp\/v2\/media\/4168"}],"wp:attachment":[{"href":"https:\/\/axatool.com\/pt\/wp-json\/wp\/v2\/media?parent=3355"}],"wp:term":[{"taxonomy":"product_brand","embeddable":true,"href":"https:\/\/axatool.com\/pt\/wp-json\/wp\/v2\/product_brand?post=3355"},{"taxonomy":"product_cat","embeddable":true,"href":"https:\/\/axatool.com\/pt\/wp-json\/wp\/v2\/product_cat?post=3355"},{"taxonomy":"product_tag","embeddable":true,"href":"https:\/\/axatool.com\/pt\/wp-json\/wp\/v2\/product_tag?post=3355"}],"curies":[{"name":"wp","href":"https:\/\/api.w.org\/{rel}","templated":true}]}}