{"id":3347,"date":"2022-03-17T06:30:14","date_gmt":"2022-03-17T06:30:14","guid":{"rendered":"https:\/\/axatool.com\/product\/iw-8652-8-1-impact-wrench\/"},"modified":"2022-06-08T06:03:52","modified_gmt":"2022-06-08T06:03:52","slug":"iw-8652-8-1-impact-wrench","status":"publish","type":"product","link":"https:\/\/axatool.com\/pt\/produtos\/iw-8652-8-1-impact-wrench\/","title":{"rendered":"IW-8652-8 1&#8243; Impact Wrench w\/8&#8243; Anvil"},"content":{"rendered":"<ul>\n<li>Lighter weight for heavy duty operators.<\/li>\n<li>Powerful and longer durability with our pin-less type clutch mechanism.<\/li>\n<li>Excellent quality.<\/li>\n<li>Repair and maintenance work in garage or automotive service.<\/li>\n<li>Heavy duty truck nuts for wheels.<\/li>\n<li>Anywhere for tighten or loose the nuts.<\/li>\n<\/ul>\n<h3>\u2699\ufe0f <strong> Especifica\u00e7\u00e3o<\/strong><\/h3>\n<table id=\"tabs-nav\" class=\"xl756500\" style=\"height: 544px; width: 80.6799%; border-style: double; background-color: #fea500; border-color: #ffffff;\" border=\"10\" width=\"500\" rules=\"cols\" cellspacing=\"2\" cellpadding=\"5\" bgcolor=\"#FEA500\">\n<tbody>\n<tr style=\"height: 46px;\" valign=\"middle\">\n<th class=\"xl86\" style=\"width: 27%; height: 25px; border-color: #ffffff;\" nowrap=\"nowrap\" bgcolor=\"#FEA500\">\n<div align=\"left\"><span class=\"style1\"><span style=\"color: #000000;\"><strong>Mecanismo de Impacto<\/strong><\/span><\/span><\/div>\n<\/th>\n<td class=\"xl85\" style=\"border-color: #ffffff;\" width=\"284\"><span style=\"color: #000000;\">Pin less<\/span><\/td>\n<\/tr>\n<tr style=\"height: 46px;\" valign=\"middle\">\n<th class=\"xl86\" style=\"width: 27%; height: 25px; border-color: #ffffff;\" nowrap=\"nowrap\" bgcolor=\"#FEA500\">\n<div align=\"left\"><span class=\"style1\"><span style=\"color: #000000;\"><strong>Velocidade livre<\/strong><\/span><\/span><\/div>\n<\/th>\n<td class=\"xl85\" style=\"border-color: #ffffff;\"><span style=\"color: #000000;\">3,500 RPM<\/span><\/td>\n<\/tr>\n<tr style=\"height: 46px;\" valign=\"middle\">\n<th class=\"xl86\" style=\"width: 27%; height: 25px; border-color: #ffffff;\" nowrap=\"nowrap\" bgcolor=\"#FEA500\">\n<div align=\"left\"><span class=\"style1\"><span style=\"color: #000000;\"><strong>M\u00e1x. Torque<\/strong><\/span><\/span><\/div>\n<\/th>\n<td class=\"xl85\" style=\"border-color: #ffffff;\"><span style=\"color: #000000;\">2,600 ft\/lb (3525 Nm)<\/span><\/td>\n<\/tr>\n<tr style=\"height: 46px;\" valign=\"middle\">\n<th class=\"xl86\" style=\"width: 27%; height: 25px; border-color: #ffffff;\" nowrap=\"nowrap\" bgcolor=\"#FEA500\">\n<div align=\"left\"><span style=\"color: #000000;\"><strong>M\u00e9dia Ar Cons.<\/strong><\/span><\/div>\n<\/th>\n<td class=\"xl85\" style=\"border-color: #ffffff;\"><span style=\"color: #000000;\">12 CFM (339 l\/min)<\/span><\/td>\n<\/tr>\n<tr style=\"height: 46px;\" valign=\"middle\">\n<th class=\"xl86\" style=\"width: 27%; height: 25px; border-color: #ffffff;\" nowrap=\"nowrap\" bgcolor=\"#FEA500\">\n<div align=\"left\"><span class=\"style1\"><span style=\"color: #000000;\"><strong>Press\u00e3o no trabalho<\/strong><\/span><\/span><\/div>\n<\/th>\n<td class=\"xl85\" style=\"border-color: #ffffff;\"><span style=\"color: #000000;\">90 PSI (6,2 Bar)<\/span><\/td>\n<\/tr>\n<tr style=\"height: 46px;\" valign=\"middle\">\n<th class=\"xl86\" style=\"width: 27%; height: 25px; border-color: #ffffff;\" nowrap=\"nowrap\" bgcolor=\"#FEA500\">\n<div align=\"left\"><span class=\"style1\"><span style=\"color: #000000;\"><strong>Peso l\u00edquido<\/strong><\/span><\/span><\/div>\n<\/th>\n<td class=\"xl85\" style=\"border-color: #ffffff;\"><span style=\"color: #000000;\">16.7 Kgs (36.8 lbs)<\/span><\/td>\n<\/tr>\n<tr style=\"height: 46px;\" valign=\"middle\">\n<th class=\"xl86\" style=\"width: 27%; height: 25px; border-color: #ffffff;\" nowrap=\"nowrap\" bgcolor=\"#FEA500\">\n<div align=\"left\"><span class=\"style1\"><span style=\"color: #000000;\"><strong>Comprimento total<\/strong><\/span><\/span><\/div>\n<\/th>\n<td class=\"xl85\" style=\"border-color: #ffffff;\"><span style=\"color: #000000;\">620 mm (24.4&#8243;)<\/span><\/td>\n<\/tr>\n<tr style=\"height: 45px;\" valign=\"middle\">\n<th class=\"xl86\" style=\"width: 27%; height: 25px; border-color: #ffffff;\" nowrap=\"nowrap\" bgcolor=\"#FEA500\">\n<div align=\"left\"><span class=\"style1\"><span style=\"color: #000000;\"><strong>Entrada de ar<\/strong><\/span><\/span><\/div>\n<\/th>\n<td class=\"xl85\" style=\"border-color: #ffffff;\"><span style=\"color: #000000;\">1\/2&#8243;<\/span><\/td>\n<\/tr>\n<tr style=\"height: 46px;\" valign=\"middle\">\n<th class=\"xl86\" style=\"width: 27%; height: 25px; border-color: #ffffff;\" nowrap=\"nowrap\" bgcolor=\"#FEA500\">\n<div align=\"left\"><span class=\"style1\"><span style=\"color: #000000;\"><strong>ID da mangueira de ar<\/strong><\/span><\/span><\/div>\n<\/th>\n<td class=\"xl85\" style=\"border-color: #ffffff;\"><span style=\"color: #000000;\">3\/4&#8243;<\/span><\/td>\n<\/tr>\n<tr style=\"height: 46px;\" valign=\"middle\">\n<th class=\"xl86\" style=\"width: 27%; height: 25px; border-color: #ffffff;\" nowrap=\"nowrap\" bgcolor=\"#FEA500\">\n<div align=\"left\"><span class=\"style1\"><span style=\"color: #000000;\"><strong>Escape de ar<\/strong><\/span><\/span><\/div>\n<\/th>\n<td class=\"xl85\" style=\"border-color: #ffffff;\"><span style=\"color: #000000;\">Side<\/span><\/td>\n<\/tr>\n<tr style=\"height: 46px;\" valign=\"middle\">\n<th class=\"xl86\" style=\"width: 27%; height: 25px; border-color: #ffffff;\" nowrap=\"nowrap\" bgcolor=\"#FEA500\">\n<div align=\"left\"><span class=\"style1\"><span style=\"color: #000000;\"><strong>Ru\u00eddo de som<\/strong><\/span><\/span><\/div>\n<\/th>\n<td class=\"xl85\" style=\"border-color: #ffffff;\"><span style=\"color: #000000;\">115.5 dB(A)<\/span><\/td>\n<\/tr>\n<tr style=\"height: 46px;\" valign=\"middle\">\n<th class=\"xl86\" style=\"width: 27%; height: 25px; border-color: #ffffff;\" nowrap=\"nowrap\" bgcolor=\"#FEA500\">\n<div align=\"left\"><span class=\"style1\"><span style=\"color: #000000;\"><strong>N\u00edvel de vibra\u00e7\u00e3o<\/strong><\/span><\/span><\/div>\n<\/th>\n<td class=\"xl85\" style=\"border-color: #ffffff;\"><span style=\"color: #000000;\">18.3 m\/s\u00b2<\/span><\/td>\n<\/tr>\n<\/tbody>\n<\/table>","protected":false},"excerpt":{"rendered":"<p>Nossa empresa \u00e9 um fabricante conhecido de chave de impacto de ar de grau premium em Taiwan.<br \/>\nDedicamo-nos a atender os clientes com nossa durabilidade, pre\u00e7o justo e forte efici\u00eancia da chave de impacto a ar.<br \/>\nSinta-se \u00e0 vontade para entrar em contato conosco se estiver procurando por uma chave de impacto de ar com design exclusivo e elegante.<\/p>","protected":false},"featured_media":3742,"template":"","meta":{"qubely_global_settings":"","qubely_interactions":"","site-sidebar-layout":"default","site-content-layout":"default","ast-global-header-display":"","ast-main-header-display":"","ast-hfb-above-header-display":"","ast-hfb-below-header-display":"","ast-hfb-mobile-header-display":"","site-post-title":"","ast-breadcrumbs-content":"","ast-featured-img":"","footer-sml-layout":"","theme-transparent-header-meta":"","adv-header-id-meta":"","stick-header-meta":"","header-above-stick-meta":"","header-main-stick-meta":"","header-below-stick-meta":""},"product_brand":[],"product_cat":[63],"product_tag":[126],"class_list":{"0":"post-3347","1":"product","2":"type-product","3":"status-publish","4":"has-post-thumbnail","6":"product_cat-1-impact-wrench","7":"product_tag-pin-less","8":"desktop-align-center","9":"tablet-align-center","10":"mobile-align-center","11":"ast-product-gallery-layout-horizontal-slider","12":"ast-product-gallery-with-no-image","13":"ast-product-tabs-layout-horizontal","14":"ast-qv-on-image","16":"first","17":"instock","18":"shipping-taxable","19":"purchasable","20":"product-type-simple"},"uagb_featured_image_src":{"full":["https:\/\/axatool.com\/wp-content\/uploads\/2022\/03\/IW-8652-8-Air-Impact-Wrench.jpg",1000,1000,false],"thumbnail":["https:\/\/axatool.com\/wp-content\/uploads\/2022\/03\/IW-8652-8-Air-Impact-Wrench-150x150.jpg",150,150,true],"medium":["https:\/\/axatool.com\/wp-content\/uploads\/2022\/03\/IW-8652-8-Air-Impact-Wrench-300x300.jpg",300,300,true],"medium_large":["https:\/\/axatool.com\/wp-content\/uploads\/2022\/03\/IW-8652-8-Air-Impact-Wrench-768x768.jpg",768,768,true],"large":["https:\/\/axatool.com\/wp-content\/uploads\/2022\/03\/IW-8652-8-Air-Impact-Wrench.jpg",1000,1000,false],"1536x1536":["https:\/\/axatool.com\/wp-content\/uploads\/2022\/03\/IW-8652-8-Air-Impact-Wrench.jpg",1000,1000,false],"2048x2048":["https:\/\/axatool.com\/wp-content\/uploads\/2022\/03\/IW-8652-8-Air-Impact-Wrench.jpg",1000,1000,false],"trp-custom-language-flag":["https:\/\/axatool.com\/wp-content\/uploads\/2022\/03\/IW-8652-8-Air-Impact-Wrench.jpg",12,12,false],"qubely_landscape":["https:\/\/axatool.com\/wp-content\/uploads\/2022\/03\/IW-8652-8-Air-Impact-Wrench-1000x750.jpg",1000,750,true],"qubely_portrait":["https:\/\/axatool.com\/wp-content\/uploads\/2022\/03\/IW-8652-8-Air-Impact-Wrench-540x320.jpg",540,320,true],"qubely_thumbnail":["https:\/\/axatool.com\/wp-content\/uploads\/2022\/03\/IW-8652-8-Air-Impact-Wrench-140x100.jpg",140,100,true],"woocommerce_thumbnail":["https:\/\/axatool.com\/wp-content\/uploads\/2022\/03\/IW-8652-8-Air-Impact-Wrench-300x300.jpg",300,300,true],"woocommerce_single":["https:\/\/axatool.com\/wp-content\/uploads\/2022\/03\/IW-8652-8-Air-Impact-Wrench-600x600.jpg",600,600,true],"woocommerce_gallery_thumbnail":["https:\/\/axatool.com\/wp-content\/uploads\/2022\/03\/IW-8652-8-Air-Impact-Wrench-100x100.jpg",100,100,true]},"uagb_author_info":{"display_name":"editor.axatool","author_link":"https:\/\/axatool.com\/pt\/author\/"},"uagb_comment_info":0,"uagb_excerpt":"Our company is a well-known manufacturer of premium grade Air Impact Wrench in Taiwan. We have devoted ourselves to serve the clients with our durability, fair price and strong efficiency of Air Impact Wrench. Please feel free to contact us if you are searching for Air Impact Wrench with unique and stylish design.","_links":{"self":[{"href":"https:\/\/axatool.com\/pt\/wp-json\/wp\/v2\/product\/3347","targetHints":{"allow":["GET"]}}],"collection":[{"href":"https:\/\/axatool.com\/pt\/wp-json\/wp\/v2\/product"}],"about":[{"href":"https:\/\/axatool.com\/pt\/wp-json\/wp\/v2\/types\/product"}],"version-history":[{"count":4,"href":"https:\/\/axatool.com\/pt\/wp-json\/wp\/v2\/product\/3347\/revisions"}],"predecessor-version":[{"id":4117,"href":"https:\/\/axatool.com\/pt\/wp-json\/wp\/v2\/product\/3347\/revisions\/4117"}],"wp:featuredmedia":[{"embeddable":true,"href":"https:\/\/axatool.com\/pt\/wp-json\/wp\/v2\/media\/3742"}],"wp:attachment":[{"href":"https:\/\/axatool.com\/pt\/wp-json\/wp\/v2\/media?parent=3347"}],"wp:term":[{"taxonomy":"product_brand","embeddable":true,"href":"https:\/\/axatool.com\/pt\/wp-json\/wp\/v2\/product_brand?post=3347"},{"taxonomy":"product_cat","embeddable":true,"href":"https:\/\/axatool.com\/pt\/wp-json\/wp\/v2\/product_cat?post=3347"},{"taxonomy":"product_tag","embeddable":true,"href":"https:\/\/axatool.com\/pt\/wp-json\/wp\/v2\/product_tag?post=3347"}],"curies":[{"name":"wp","href":"https:\/\/api.w.org\/{rel}","templated":true}]}}