{"id":2981,"date":"2022-03-16T05:23:20","date_gmt":"2022-03-16T05:23:20","guid":{"rendered":"https:\/\/axatool.com\/?post_type=product&#038;p=2981"},"modified":"2023-11-27T07:23:56","modified_gmt":"2023-11-27T07:23:56","slug":"iw-3501-3-8-composite-impact-wrench","status":"publish","type":"product","link":"https:\/\/axatool.com\/pt\/produtos\/iw-3501-3-8-composite-impact-wrench\/","title":{"rendered":"Chave de impacto composta de 3\/8&quot; IW-3501"},"content":{"rendered":"<p>Lightweight, enduring composite body and aluminum hammer case. 360 degree swivel air inlet to pervent air hose twisted. Composite handle to provide best power-to-weight ratio, and prevent uncomfortable usage during the temperature change. Twin Hammer Impact mechansim to perform best torque output, and Special Hardened-Treatment to maintain best durability. Vane with Spring mounted to prevent dead-lock or power-less problem.<\/p>\n<h3>\u2699\ufe0f <strong> Especifica\u00e7\u00e3o<\/strong><\/h3>\n<table id=\"tabs-nav\" class=\"xl756500\" style=\"height: 544px; width: 80.6799%; border-style: double; background-color: #fea500; border-color: #ffffff;\" border=\"10\" width=\"500\" cellspacing=\"2\" cellpadding=\"5\">\n<tbody>\n<tr style=\"height: 46px;\">\n<th class=\"xl86\" style=\"border-color: #ffffff; width: 27%; height: 25px;\" nowrap=\"nowrap\" bgcolor=\"#FEA500\">\n<div class=\"style5\" align=\"left\">\n<div align=\"left\"><strong><span style=\"color: #000000;\">Mecanismo de Impacto<\/span><\/strong><\/div>\n<\/div>\n<\/th>\n<td class=\"xl85 style5\" style=\"border-color: #ffffff; width: 56%; height: 25px;\" nowrap=\"nowrap\">\n<div align=\"left\"><span style=\"color: #000000;\">Martelo duplo<\/span><\/div>\n<\/td>\n<\/tr>\n<tr style=\"height: 46px;\">\n<th class=\"xl86\" style=\"border-color: #ffffff; width: 28.2022%; height: 46px;\" nowrap=\"nowrap\" bgcolor=\"#FEA500\">\n<div class=\"style5\" align=\"left\">\n<div align=\"left\"><strong><span style=\"color: #000000;\">Velocidade livre<\/span><\/strong><\/div>\n<\/div>\n<\/th>\n<td class=\"xl85 style5\" style=\"border-color: #ffffff; width: 57.4967%; height: 46px;\" nowrap=\"nowrap\">\n<div align=\"left\"><span style=\"color: #000000;\">8,000 RPM<\/span><\/div>\n<\/td>\n<\/tr>\n<tr style=\"height: 46px;\">\n<th class=\"xl86\" style=\"border-color: #ffffff; width: 28.2022%; height: 46px;\" nowrap=\"nowrap\" bgcolor=\"#FEA500\">\n<div class=\"style5\" align=\"left\">\n<div align=\"left\"><strong><span style=\"color: #000000;\">M\u00e1x. Torque<\/span><\/strong><\/div>\n<\/div>\n<\/th>\n<td class=\"xl85 style5\" style=\"border-color: #ffffff; width: 57.4967%; height: 46px;\" nowrap=\"nowrap\">\n<div align=\"left\"><span style=\"color: #000000;\">450 ft\/lb (610 Nm)<\/span><\/div>\n<\/td>\n<\/tr>\n<tr style=\"height: 46px;\">\n<th class=\"xl86\" style=\"border-color: #ffffff; width: 28.2022%; height: 46px;\" nowrap=\"nowrap\" bgcolor=\"#FEA500\">\n<div class=\"style5\" align=\"left\">\n<div align=\"left\"><strong><span style=\"color: #000000;\">M\u00e9dia Ar Cons.<\/span><\/strong><\/div>\n<\/div>\n<\/th>\n<td class=\"xl87 style5\" style=\"border-color: #ffffff; width: 57.4967%; height: 46px;\" nowrap=\"nowrap\">\n<div align=\"left\"><span style=\"color: #000000;\">4.2 CFM (120 l\/min)<\/span><\/div>\n<\/td>\n<\/tr>\n<tr style=\"height: 46px;\">\n<th class=\"xl86\" style=\"border-color: #ffffff; width: 28.2022%; height: 46px;\" nowrap=\"nowrap\" bgcolor=\"#FEA500\">\n<div class=\"style5\" align=\"left\">\n<div align=\"left\"><strong><span style=\"color: #000000;\">Press\u00e3o no trabalho<\/span><\/strong><\/div>\n<\/div>\n<\/th>\n<td class=\"xl85 style5\" style=\"border-color: #ffffff; width: 57.4967%; height: 46px;\" nowrap=\"nowrap\">\n<div align=\"left\"><span style=\"color: #000000;\">90 PSI (6,2 Bar)<\/span><\/div>\n<\/td>\n<\/tr>\n<tr style=\"height: 46px;\">\n<th class=\"xl86\" style=\"border-color: #ffffff; width: 28.2022%; height: 46px;\" nowrap=\"nowrap\" bgcolor=\"#FEA500\">\n<div class=\"style5\" align=\"left\">\n<div align=\"left\"><strong><span style=\"color: #000000;\">Peso l\u00edquido<\/span><\/strong><\/div>\n<\/div>\n<\/th>\n<td class=\"xl85 style5\" style=\"border-color: #ffffff; width: 57.4967%; height: 46px;\" nowrap=\"nowrap\">\n<div align=\"left\"><span style=\"color: #000000;\">1.3 Kgs (2.8 lbs)<\/span><\/div>\n<\/td>\n<\/tr>\n<tr style=\"height: 46px;\">\n<th class=\"xl86\" style=\"border-color: #ffffff; width: 28.2022%; height: 46px;\" nowrap=\"nowrap\" bgcolor=\"#FEA500\">\n<div class=\"style5\" align=\"left\">\n<div align=\"left\"><strong><span style=\"color: #000000;\">Comprimento total<\/span><\/strong><\/div>\n<\/div>\n<\/th>\n<td class=\"xl85 style5\" style=\"border-color: #ffffff; width: 57.4967%; height: 46px;\" nowrap=\"nowrap\">\n<div align=\"left\"><span style=\"color: #000000;\">160 mm (6.29&#8243;)<\/span><\/div>\n<\/td>\n<\/tr>\n<tr style=\"height: 45px;\">\n<th class=\"xl86\" style=\"border-color: #ffffff; width: 28.2022%; height: 45px;\" nowrap=\"nowrap\" bgcolor=\"#FEA500\">\n<div class=\"style5\" align=\"left\">\n<div align=\"left\"><strong><span style=\"color: #000000;\">Entrada de ar<\/span><\/strong><\/div>\n<\/div>\n<\/th>\n<td class=\"xl85 style5\" style=\"border-color: #ffffff; width: 57.4967%; height: 45px;\" nowrap=\"nowrap\">\n<div align=\"left\"><span style=\"color: #000000;\">1\/4&#8243;<\/span><\/div>\n<\/td>\n<\/tr>\n<tr style=\"height: 46px;\">\n<th class=\"xl86\" style=\"border-color: #ffffff; width: 28.2022%; height: 46px;\" nowrap=\"nowrap\" bgcolor=\"#FEA500\">\n<div class=\"style5\" align=\"left\">\n<div align=\"left\"><strong><span style=\"color: #000000;\">ID da mangueira de ar<\/span><\/strong><\/div>\n<\/div>\n<\/th>\n<td class=\"xl85 style5\" style=\"border-color: #ffffff; width: 57.4967%; height: 46px;\" nowrap=\"nowrap\">\n<div align=\"left\"><span style=\"color: #000000;\">3\/8&#8243;<\/span><\/div>\n<\/td>\n<\/tr>\n<tr style=\"height: 46px;\">\n<th class=\"xl86\" style=\"border-color: #ffffff; width: 28.2022%; height: 46px;\" nowrap=\"nowrap\" bgcolor=\"#FEA500\">\n<div class=\"style5\" align=\"left\">\n<div align=\"left\"><strong><span style=\"color: #000000;\">Escape de ar<\/span><\/strong><\/div>\n<\/div>\n<\/th>\n<td class=\"xl85 style5\" style=\"border-color: #ffffff; width: 57.4967%; height: 46px;\" nowrap=\"nowrap\">\n<div align=\"left\"><span style=\"color: #000000;\">Manusear \/ Abaixo<\/span><\/div>\n<\/td>\n<\/tr>\n<tr style=\"height: 46px;\">\n<th class=\"xl86\" style=\"border-color: #ffffff; width: 28.2022%; height: 46px;\" nowrap=\"nowrap\" bgcolor=\"#FEA500\">\n<div class=\"style5\" align=\"left\">\n<div align=\"left\"><strong><span style=\"color: #000000;\">Ru\u00eddo de som<\/span><\/strong><\/div>\n<\/div>\n<\/th>\n<td class=\"xl85 style5\" style=\"border-color: #ffffff; width: 57.4967%; height: 46px;\" nowrap=\"nowrap\">\n<div align=\"left\"><span style=\"color: #000000;\">89.5 dB(A)<\/span><\/div>\n<\/td>\n<\/tr>\n<tr style=\"height: 46px;\">\n<th class=\"xl86\" style=\"border-color: #ffffff; width: 28.2022%; height: 46px;\" nowrap=\"nowrap\" bgcolor=\"#FEA500\">\n<div class=\"style5\" align=\"left\">\n<div align=\"left\"><strong><span style=\"color: #000000;\">N\u00edvel de vibra\u00e7\u00e3o<\/span><\/strong><\/div>\n<\/div>\n<\/th>\n<td class=\"xl85 style5\" style=\"border-color: #ffffff; width: 57.4967%; height: 46px;\" nowrap=\"nowrap\">\n<div align=\"left\"><span style=\"color: #000000;\">4.7 m\/s\u00b2<\/span><\/div>\n<\/td>\n<\/tr>\n<\/tbody>\n<\/table>","protected":false},"excerpt":{"rendered":"<p>Nossa empresa \u00e9 um fabricante conhecido de chave de impacto de ar de grau premium em Taiwan.<br \/>\nDedicamo-nos a atender os clientes com nossa durabilidade, pre\u00e7o justo e forte efici\u00eancia da chave de impacto a ar.<br \/>\nSinta-se \u00e0 vontade para entrar em contato conosco se estiver procurando por uma chave de impacto de ar com design exclusivo e elegante.<\/p>","protected":false},"featured_media":3204,"template":"","meta":{"qubely_global_settings":"","qubely_interactions":"","site-sidebar-layout":"default","site-content-layout":"default","ast-global-header-display":"","ast-main-header-display":"","ast-hfb-above-header-display":"","ast-hfb-below-header-display":"","ast-hfb-mobile-header-display":"","site-post-title":"","ast-breadcrumbs-content":"","ast-featured-img":"","footer-sml-layout":"","theme-transparent-header-meta":"default","adv-header-id-meta":"","stick-header-meta":"default","header-above-stick-meta":"","header-main-stick-meta":"","header-below-stick-meta":""},"product_brand":[],"product_cat":[60],"product_tag":[],"class_list":{"0":"post-2981","1":"product","2":"type-product","3":"status-publish","4":"has-post-thumbnail","6":"product_cat-3-8-impact-wrench","7":"desktop-align-center","8":"tablet-align-center","9":"mobile-align-center","10":"ast-product-gallery-layout-horizontal-slider","11":"ast-product-tabs-layout-horizontal","12":"ast-qv-on-image","14":"first","15":"instock","16":"shipping-taxable","17":"purchasable","18":"product-type-simple"},"uagb_featured_image_src":{"full":["https:\/\/axatool.com\/wp-content\/uploads\/2022\/03\/IW-3501-4-Impact-Wrench.jpg",1000,1000,false],"thumbnail":["https:\/\/axatool.com\/wp-content\/uploads\/2022\/03\/IW-3501-4-Impact-Wrench-150x150.jpg",150,150,true],"medium":["https:\/\/axatool.com\/wp-content\/uploads\/2022\/03\/IW-3501-4-Impact-Wrench-300x300.jpg",300,300,true],"medium_large":["https:\/\/axatool.com\/wp-content\/uploads\/2022\/03\/IW-3501-4-Impact-Wrench-768x768.jpg",768,768,true],"large":["https:\/\/axatool.com\/wp-content\/uploads\/2022\/03\/IW-3501-4-Impact-Wrench.jpg",1000,1000,false],"1536x1536":["https:\/\/axatool.com\/wp-content\/uploads\/2022\/03\/IW-3501-4-Impact-Wrench.jpg",1000,1000,false],"2048x2048":["https:\/\/axatool.com\/wp-content\/uploads\/2022\/03\/IW-3501-4-Impact-Wrench.jpg",1000,1000,false],"trp-custom-language-flag":["https:\/\/axatool.com\/wp-content\/uploads\/2022\/03\/IW-3501-4-Impact-Wrench.jpg",12,12,false],"qubely_landscape":["https:\/\/axatool.com\/wp-content\/uploads\/2022\/03\/IW-3501-4-Impact-Wrench-1000x750.jpg",1000,750,true],"qubely_portrait":["https:\/\/axatool.com\/wp-content\/uploads\/2022\/03\/IW-3501-4-Impact-Wrench-540x320.jpg",540,320,true],"qubely_thumbnail":["https:\/\/axatool.com\/wp-content\/uploads\/2022\/03\/IW-3501-4-Impact-Wrench-140x100.jpg",140,100,true],"woocommerce_thumbnail":["https:\/\/axatool.com\/wp-content\/uploads\/2022\/03\/IW-3501-4-Impact-Wrench-300x300.jpg",300,300,true],"woocommerce_single":["https:\/\/axatool.com\/wp-content\/uploads\/2022\/03\/IW-3501-4-Impact-Wrench-600x600.jpg",600,600,true],"woocommerce_gallery_thumbnail":["https:\/\/axatool.com\/wp-content\/uploads\/2022\/03\/IW-3501-4-Impact-Wrench-100x100.jpg",100,100,true]},"uagb_author_info":{"display_name":"editor.axatool","author_link":"https:\/\/axatool.com\/pt\/author\/"},"uagb_comment_info":0,"uagb_excerpt":"Our company is a well-known manufacturer of premium grade Air Impact Wrench in Taiwan. We have devoted ourselves to serve the clients with our durability, fair price and strong efficiency of Air Impact Wrench. Please feel free to contact us if you are searching for Air Impact Wrench with unique and stylish design.","_links":{"self":[{"href":"https:\/\/axatool.com\/pt\/wp-json\/wp\/v2\/product\/2981","targetHints":{"allow":["GET"]}}],"collection":[{"href":"https:\/\/axatool.com\/pt\/wp-json\/wp\/v2\/product"}],"about":[{"href":"https:\/\/axatool.com\/pt\/wp-json\/wp\/v2\/types\/product"}],"version-history":[{"count":16,"href":"https:\/\/axatool.com\/pt\/wp-json\/wp\/v2\/product\/2981\/revisions"}],"predecessor-version":[{"id":9233,"href":"https:\/\/axatool.com\/pt\/wp-json\/wp\/v2\/product\/2981\/revisions\/9233"}],"wp:featuredmedia":[{"embeddable":true,"href":"https:\/\/axatool.com\/pt\/wp-json\/wp\/v2\/media\/3204"}],"wp:attachment":[{"href":"https:\/\/axatool.com\/pt\/wp-json\/wp\/v2\/media?parent=2981"}],"wp:term":[{"taxonomy":"product_brand","embeddable":true,"href":"https:\/\/axatool.com\/pt\/wp-json\/wp\/v2\/product_brand?post=2981"},{"taxonomy":"product_cat","embeddable":true,"href":"https:\/\/axatool.com\/pt\/wp-json\/wp\/v2\/product_cat?post=2981"},{"taxonomy":"product_tag","embeddable":true,"href":"https:\/\/axatool.com\/pt\/wp-json\/wp\/v2\/product_tag?post=2981"}],"curies":[{"name":"wp","href":"https:\/\/api.w.org\/{rel}","templated":true}]}}