{"id":7107,"date":"2022-06-08T05:42:37","date_gmt":"2022-06-08T05:42:37","guid":{"rendered":"https:\/\/axatool.com\/product\/uncategorized\/ag-110-30mm-120-angle-grinder\/"},"modified":"2022-06-08T10:48:25","modified_gmt":"2022-06-08T10:48:25","slug":"ag-110-30mm-120-angle-grinder","status":"publish","type":"product","link":"https:\/\/axatool.com\/jp\/%e8%a3%bd%e5%93%81\/ag-110-30mm-120-angle-grinder\/","title":{"rendered":"AG-110 30mm 120\u00b0 Angle Grinder"},"content":{"rendered":"<ul>\n<li>High quality bearing, long life, improve grinding speed.<\/li>\n<li>The 120-degree grinding machine is designed according to ergonomic principles to make the operation more comfortable.<\/li>\n<li>With angular grinding machine, the advantages of the grinding machine reduce the noise problem during machining.<\/li>\n<li>Portable pen type structural design, with small volume, high speed, low noise, large torque, low energy consumption, smooth and lighter, etc., it is easy to operate.<\/li>\n<li>It is widely used in all kinds of moulds, hardware tools, self-adhesive sandpaper, bowl sand wheel, self-adhesive wool film and so on.<\/li>\n<li>Used for Glass, stone, arts and crafts, hand ornaments etc Need to be trimmed, cut, grind, carve, trim, and need mirror polishing industries.<\/li>\n<\/ul>\n<h3>\u2699\ufe0f <strong> \u4ed5\u69d8<\/strong><\/h3>\n<table id=\"tabs-nav\" class=\"xl756500\" style=\"height: 544px; width: 80.6799%; border-style: double; background-color: #fea500; border-color: #ffffff;\" border=\"10\" width=\"517\" rules=\"cols\" cellspacing=\"2\" cellpadding=\"5\" bgcolor=\"#FEA500\">\n<tbody>\n<tr style=\"height: 46px;\" valign=\"middle\">\n<td class=\"xl72\" style=\"border-color: #ffffff;\" width=\"30%\">\n<div align=\"left\"><span style=\"color: #000000;\"><strong>Wheel Size <\/strong><\/span><\/div>\n<\/td>\n<td class=\"xl72\" style=\"border-color: #ffffff;\" width=\"284\"><span style=\"color: #000000;\">30mm<\/span><\/td>\n<\/tr>\n<tr style=\"height: 46px;\" valign=\"middle\">\n<td class=\"xl72\" style=\"border-color: #ffffff;\" width=\"30%\">\n<div align=\"left\"><span style=\"color: #000000;\"><strong>\u30d5\u30ea\u30fc\u30b9\u30d4\u30fc\u30c9 <\/strong><\/span><\/div>\n<\/td>\n<td class=\"xl71\" style=\"border-color: #ffffff;\"><span style=\"color: #000000;\">23,000 RPM<\/span><\/td>\n<\/tr>\n<tr style=\"height: 46px;\" valign=\"middle\">\n<td class=\"xl72\" style=\"border-color: #ffffff;\" width=\"30%\">\n<div align=\"left\"><span style=\"color: #000000;\"><strong>\u5e73\u5747\u7a7a\u6c17\u306e\u77ed\u6240\u3002 <\/strong><\/span><\/div>\n<\/td>\n<td class=\"xl71\" style=\"border-color: #ffffff;\"><span style=\"color: #000000;\">3 CFM (85 l\/min)<\/span><\/td>\n<\/tr>\n<tr style=\"height: 46px;\" valign=\"middle\">\n<td class=\"xl72\" style=\"border-color: #ffffff;\" width=\"30%\">\n<div align=\"left\"><span style=\"color: #000000;\"><strong>\u7a7a\u6c17\u5727 <\/strong><\/span><\/div>\n<\/td>\n<td class=\"xl70\" style=\"border-color: #ffffff;\"><span style=\"color: #000000;\">90 PSI\uff086.2\u30d0\u30fc\uff09<\/span><\/td>\n<\/tr>\n<tr style=\"height: 46px;\" valign=\"middle\">\n<td class=\"xl72\" style=\"border-color: #ffffff;\" width=\"30%\">\n<div align=\"left\"><span style=\"color: #000000;\"><strong>\u6b63\u5473\u91cd\u91cf <\/strong><\/span><\/div>\n<\/td>\n<td class=\"xl71\" style=\"border-color: #ffffff;\"><span style=\"color: #000000;\">0.36 Kgs (0.8 lbs)<\/span><\/td>\n<\/tr>\n<tr style=\"height: 46px;\" valign=\"middle\">\n<td class=\"xl72\" style=\"border-color: #ffffff;\" width=\"30%\">\n<div align=\"left\"><span style=\"color: #000000;\"><strong>\u5168\u4f53\u306e\u9577\u3055 <\/strong><\/span><\/div>\n<\/td>\n<td class=\"xl71\" style=\"border-color: #ffffff;\"><span style=\"color: #000000;\">153 mm (6.02&#8243;)<\/span><\/td>\n<\/tr>\n<tr style=\"height: 45px;\" valign=\"middle\">\n<td class=\"xl72\" style=\"border-color: #ffffff;\" width=\"30%\">\n<div align=\"left\"><span style=\"color: #000000;\"><strong>\u7a7a\u6c17\u5438\u5165\u53e3 <\/strong><\/span><\/div>\n<\/td>\n<td class=\"xl71\" style=\"border-color: #ffffff;\"><span style=\"color: #000000;\">1\/4\u30a4\u30f3\u30c1<\/span><\/td>\n<\/tr>\n<tr style=\"height: 46px;\" valign=\"middle\">\n<td class=\"xl72\" style=\"border-color: #ffffff;\" width=\"30%\">\n<div align=\"left\"><span style=\"color: #000000;\"><strong>Standard accessory<\/strong><\/span><\/div>\n<\/td>\n<td class=\"xl71\" style=\"border-color: #ffffff;\"><span style=\"color: #000000;\">30mm Grinding Wheel\u00d71, Rubber Pad\u00d71, Sanding Paper\u00d76<\/span><\/td>\n<\/tr>\n<\/tbody>\n<\/table>","protected":false},"excerpt":{"rendered":"<p>\u5f53\u793e\u306f\u53f0\u6e7e\u306e\u30d7\u30ec\u30df\u30a2\u30e0\u30b0\u30ec\u30fc\u30c9\u30a8\u30a2\u30c0\u30a4\u30b0\u30e9\u30a4\u30f3\u30c0\u30fc\uff06\u30a2\u30f3\u30b0\u30eb\u30b0\u30e9\u30a4\u30f3\u30c0\u30fc\u306e\u6709\u540d\u30e1\u30fc\u30ab\u30fc\u3067\u3059\u3002<br \/>\n\u79c1\u305f\u3061\u306f\u3001\u30a8\u30a2\u30c0\u30a4\u30b0\u30e9\u30a4\u30f3\u30c0\u30fc\u3068\u30a2\u30f3\u30b0\u30eb\u30b0\u30e9\u30a4\u30f3\u30c0\u30fc\u306e\u8010\u4e45\u6027\u3001\u9069\u6b63\u4fa1\u683c\u3001\u5f37\u529b\u306a\u52b9\u7387\u3067\u30af\u30e9\u30a4\u30a2\u30f3\u30c8\u306b\u30b5\u30fc\u30d3\u30b9\u3092\u63d0\u4f9b\u3059\u308b\u3053\u3068\u306b\u5c02\u5ff5\u3057\u3066\u304d\u307e\u3057\u305f\u3002<br \/>\n\u30e6\u30cb\u30fc\u30af\u3067\u30b9\u30bf\u30a4\u30ea\u30c3\u30b7\u30e5\u306a\u30c7\u30b6\u30a4\u30f3\u306e\u30a8\u30a2\u30c0\u30a4\u30b0\u30e9\u30a4\u30f3\u30c0\u30fc\uff06\u30a2\u30f3\u30b0\u30eb\u30b0\u30e9\u30a4\u30f3\u30c0\u30fc\u3092\u304a\u63a2\u3057\u306e\u5834\u5408\u306f\u3001\u304a\u6c17\u8efd\u306b\u304a\u554f\u3044\u5408\u308f\u305b\u304f\u3060\u3055\u3044\u3002<\/p>","protected":false},"featured_media":4512,"template":"","meta":{"qubely_global_settings":"","qubely_interactions":"","site-sidebar-layout":"default","site-content-layout":"default","ast-global-header-display":"","ast-main-header-display":"","ast-hfb-above-header-display":"","ast-hfb-below-header-display":"","ast-hfb-mobile-header-display":"","site-post-title":"","ast-breadcrumbs-content":"","ast-featured-img":"","footer-sml-layout":"","theme-transparent-header-meta":"","adv-header-id-meta":"","stick-header-meta":"","header-above-stick-meta":"","header-main-stick-meta":"","header-below-stick-meta":""},"product_brand":[],"product_cat":[75,122],"product_tag":[],"class_list":{"0":"post-7107","1":"product","2":"type-product","3":"status-publish","4":"has-post-thumbnail","6":"product_cat-air-die-grinder-angle-grinder","7":"product_cat-angle-die-grinder","8":"desktop-align-center","9":"tablet-align-center","10":"mobile-align-center","11":"ast-product-gallery-layout-horizontal-slider","12":"ast-product-tabs-layout-horizontal","13":"ast-qv-on-image","15":"first","16":"instock","17":"shipping-taxable","18":"product-type-simple"},"uagb_featured_image_src":{"full":["https:\/\/axatool.com\/wp-content\/uploads\/2022\/04\/AG-110-1-30mm-Angle-Grinder-1000x1000.jpg",1000,1000,false],"thumbnail":["https:\/\/axatool.com\/wp-content\/uploads\/2022\/04\/AG-110-1-30mm-Angle-Grinder-150x150.jpg",150,150,true],"medium":["https:\/\/axatool.com\/wp-content\/uploads\/2022\/04\/AG-110-1-30mm-Angle-Grinder-300x300.jpg",300,300,true],"medium_large":["https:\/\/axatool.com\/wp-content\/uploads\/2022\/04\/AG-110-1-30mm-Angle-Grinder-768x768.jpg",768,768,true],"large":["https:\/\/axatool.com\/wp-content\/uploads\/2022\/04\/AG-110-1-30mm-Angle-Grinder-1000x1000.jpg",1000,1000,false],"1536x1536":["https:\/\/axatool.com\/wp-content\/uploads\/2022\/04\/AG-110-1-30mm-Angle-Grinder-1000x1000.jpg",1000,1000,false],"2048x2048":["https:\/\/axatool.com\/wp-content\/uploads\/2022\/04\/AG-110-1-30mm-Angle-Grinder-1000x1000.jpg",1000,1000,false],"trp-custom-language-flag":["https:\/\/axatool.com\/wp-content\/uploads\/2022\/04\/AG-110-1-30mm-Angle-Grinder-12x12.jpg",12,12,true],"qubely_landscape":["https:\/\/axatool.com\/wp-content\/uploads\/2022\/04\/AG-110-1-30mm-Angle-Grinder-1000x750.jpg",1000,750,true],"qubely_portrait":["https:\/\/axatool.com\/wp-content\/uploads\/2022\/04\/AG-110-1-30mm-Angle-Grinder-540x320.jpg",540,320,true],"qubely_thumbnail":["https:\/\/axatool.com\/wp-content\/uploads\/2022\/04\/AG-110-1-30mm-Angle-Grinder-140x100.jpg",140,100,true],"woocommerce_thumbnail":["https:\/\/axatool.com\/wp-content\/uploads\/2022\/04\/AG-110-1-30mm-Angle-Grinder-300x300.jpg",300,300,true],"woocommerce_single":["https:\/\/axatool.com\/wp-content\/uploads\/2022\/04\/AG-110-1-30mm-Angle-Grinder-600x600.jpg",600,600,true],"woocommerce_gallery_thumbnail":["https:\/\/axatool.com\/wp-content\/uploads\/2022\/04\/AG-110-1-30mm-Angle-Grinder-100x100.jpg",100,100,true]},"uagb_author_info":{"display_name":"editor.axatool","author_link":"https:\/\/axatool.com\/jp\/author\/"},"uagb_comment_info":0,"uagb_excerpt":"Our company is a well-known manufacturer of premium grade Air Die Grinder &amp; Angle Grinder in Taiwan. We have devoted ourselves to serve the clients with our durability, fair price and strong efficiency of Air Die Grinder &amp; Angle Grinder. Please feel free to contact us if you are searching for Air Die Grinder &amp;&hellip;","_links":{"self":[{"href":"https:\/\/axatool.com\/jp\/wp-json\/wp\/v2\/product\/7107","targetHints":{"allow":["GET"]}}],"collection":[{"href":"https:\/\/axatool.com\/jp\/wp-json\/wp\/v2\/product"}],"about":[{"href":"https:\/\/axatool.com\/jp\/wp-json\/wp\/v2\/types\/product"}],"version-history":[{"count":2,"href":"https:\/\/axatool.com\/jp\/wp-json\/wp\/v2\/product\/7107\/revisions"}],"predecessor-version":[{"id":7186,"href":"https:\/\/axatool.com\/jp\/wp-json\/wp\/v2\/product\/7107\/revisions\/7186"}],"wp:featuredmedia":[{"embeddable":true,"href":"https:\/\/axatool.com\/jp\/wp-json\/wp\/v2\/media\/4512"}],"wp:attachment":[{"href":"https:\/\/axatool.com\/jp\/wp-json\/wp\/v2\/media?parent=7107"}],"wp:term":[{"taxonomy":"product_brand","embeddable":true,"href":"https:\/\/axatool.com\/jp\/wp-json\/wp\/v2\/product_brand?post=7107"},{"taxonomy":"product_cat","embeddable":true,"href":"https:\/\/axatool.com\/jp\/wp-json\/wp\/v2\/product_cat?post=7107"},{"taxonomy":"product_tag","embeddable":true,"href":"https:\/\/axatool.com\/jp\/wp-json\/wp\/v2\/product_tag?post=7107"}],"curies":[{"name":"wp","href":"https:\/\/api.w.org\/{rel}","templated":true}]}}