{"id":8989,"date":"2023-05-19T07:24:34","date_gmt":"2023-05-19T07:24:34","guid":{"rendered":"https:\/\/axatool.com\/product\/uncategorized\/5-125-mm-sanding-pad-hook-loop-vinyl\/"},"modified":"2023-05-23T05:51:31","modified_gmt":"2023-05-23T05:51:31","slug":"5-125-mm-sanding-pad-hook-loop-vinyl","status":"publish","type":"product","link":"https:\/\/axatool.com\/fr\/produit\/5-125-mm-sanding-pad-hook-loop-vinyl\/","title":{"rendered":"5&#8243; (125 mm) Sanding Pad (Hook loop\/Vinyl)"},"content":{"rendered":"<div class=\"tabs-container\">\n<div id=\"tab1\" class=\"tabs-panel\" style=\"display: block;\">\n<table id=\"tabs-nav\" class=\"xl756500\" border=\"1\" cellspacing=\"0\" cellpadding=\"5\" bgcolor=\"FEA500\">\n<tbody>\n<tr>\n<td class=\"xl71\" nowrap=\"nowrap\">\n<div align=\"center\"><strong>Item No.<\/strong><\/div>\n<\/td>\n<td class=\"xl72\" nowrap=\"nowrap\" width=\"94\">\n<div align=\"center\"><strong>Taille du tampon<\/strong><\/div>\n<\/td>\n<td class=\"xl72\" nowrap=\"nowrap\">\n<div align=\"center\"><strong>Pad Back<\/strong><\/div>\n<\/td>\n<td class=\"xl72\" nowrap=\"nowrap\">\n<div align=\"center\"><strong>Pad Face<\/strong><\/div>\n<\/td>\n<td class=\"xl73\" nowrap=\"nowrap\">\n<div align=\"center\"><strong>Thread<\/strong><\/div>\n<\/td>\n<\/tr>\n<tr>\n<td class=\"xl74\" nowrap=\"nowrap\">\n<div align=\"center\"><strong>AS-2505<\/strong><\/div>\n<\/td>\n<td class=\"xl75\" nowrap=\"nowrap\" bgcolor=\"#FFB01E\">\n<div align=\"center\">2&#8243;<\/div>\n<\/td>\n<td class=\"xl75\" nowrap=\"nowrap\" bgcolor=\"#FFB01E\">\n<div align=\"center\">Aluminum<\/div>\n<\/td>\n<td class=\"xl75\" nowrap=\"nowrap\" bgcolor=\"#FFB01E\">\n<div align=\"center\">Hook, No Hole<\/div>\n<\/td>\n<td class=\"xl76\" nowrap=\"nowrap\" bgcolor=\"#FFB01E\">\n<div align=\"center\"><\/div>\n<\/td>\n<\/tr>\n<tr>\n<td class=\"xl74\" nowrap=\"nowrap\">\n<div align=\"center\"><strong>AS-3505<\/strong><\/div>\n<\/td>\n<td class=\"xl75\" nowrap=\"nowrap\" bgcolor=\"#FFB01E\">\n<div align=\"center\">3&#8243;<\/div>\n<\/td>\n<td class=\"xl75\" nowrap=\"nowrap\" bgcolor=\"#FFB01E\">\n<div align=\"center\">Aluminum<\/div>\n<\/td>\n<td class=\"xl75\" nowrap=\"nowrap\" bgcolor=\"#FFB01E\">\n<div align=\"center\">Hook, No Hole<\/div>\n<\/td>\n<td class=\"xl76\" nowrap=\"nowrap\" bgcolor=\"#FFB01E\">\n<div align=\"center\">5\/16&#8243; \u00d7 24 UNF<\/div>\n<\/td>\n<\/tr>\n<tr>\n<td class=\"xl74\" nowrap=\"nowrap\">\n<div align=\"center\"><strong>AS-5501<\/strong><\/div>\n<\/td>\n<td class=\"xl75\" nowrap=\"nowrap\" bgcolor=\"#FFB01E\">\n<div align=\"center\">5&#8243;<\/div>\n<\/td>\n<td class=\"xl75\" nowrap=\"nowrap\" bgcolor=\"#FFB01E\">\n<div align=\"center\">F.R.P.<\/div>\n<\/td>\n<td class=\"xl75\" nowrap=\"nowrap\" bgcolor=\"#FFB01E\">\n<div align=\"center\">Vinyl, No Hole<\/div>\n<\/td>\n<td class=\"xl76\" nowrap=\"nowrap\" bgcolor=\"#FFB01E\">\n<div align=\"center\">5\/16&#8243; \u00d7 24 UNF<\/div>\n<\/td>\n<\/tr>\n<tr>\n<td class=\"xl74\" nowrap=\"nowrap\">\n<div align=\"center\"><strong>AS-5505<\/strong><\/div>\n<\/td>\n<td class=\"xl75\" nowrap=\"nowrap\" bgcolor=\"#FFB01E\">\n<div align=\"center\">5&#8243;<\/div>\n<\/td>\n<td class=\"xl75\" nowrap=\"nowrap\" bgcolor=\"#FFB01E\">\n<div align=\"center\">F.R.P.<\/div>\n<\/td>\n<td class=\"xl75\" nowrap=\"nowrap\" bgcolor=\"#FFB01E\">\n<div align=\"center\">Hook, No Hole<\/div>\n<\/td>\n<td class=\"xl76\" nowrap=\"nowrap\" bgcolor=\"#FFB01E\">\n<div align=\"center\">5\/16&#8243; \u00d7 24 UNF<\/div>\n<\/td>\n<\/tr>\n<tr>\n<td class=\"xl74\" nowrap=\"nowrap\">\n<div align=\"center\"><strong>AS-5551<\/strong><\/div>\n<\/td>\n<td class=\"xl75\" nowrap=\"nowrap\" bgcolor=\"#FFB01E\">\n<div align=\"center\">5&#8243;<\/div>\n<\/td>\n<td class=\"xl75\" nowrap=\"nowrap\" bgcolor=\"#FFB01E\">\n<div align=\"center\">F.R.P.<\/div>\n<\/td>\n<td class=\"xl75\" nowrap=\"nowrap\" bgcolor=\"#FFB01E\">\n<div align=\"center\">Vinyl, 5-Hole<\/div>\n<\/td>\n<td class=\"xl76\" nowrap=\"nowrap\" bgcolor=\"#FFB01E\">\n<div align=\"center\">5\/16&#8243; \u00d7 24 UNF<\/div>\n<\/td>\n<\/tr>\n<tr>\n<td class=\"xl74\" nowrap=\"nowrap\">\n<div align=\"center\"><strong>AS-5555<\/strong><\/div>\n<\/td>\n<td class=\"xl75\" nowrap=\"nowrap\" bgcolor=\"#FFB01E\">\n<div align=\"center\">5&#8243;<\/div>\n<\/td>\n<td class=\"xl75\" nowrap=\"nowrap\" bgcolor=\"#FFB01E\">\n<div align=\"center\">F.R.P.<\/div>\n<\/td>\n<td class=\"xl75\" nowrap=\"nowrap\" bgcolor=\"#FFB01E\">\n<div align=\"center\">Hook, 5-Hole<\/div>\n<\/td>\n<td class=\"xl76\" nowrap=\"nowrap\" bgcolor=\"#FFB01E\">\n<div align=\"center\">5\/16&#8243; \u00d7 24 UNF<\/div>\n<\/td>\n<\/tr>\n<tr>\n<td class=\"xl74\" nowrap=\"nowrap\">\n<div align=\"center\"><strong>AS-5561<\/strong><\/div>\n<\/td>\n<td class=\"xl75\" nowrap=\"nowrap\" bgcolor=\"#FFB01E\">\n<div align=\"center\">5&#8243;<\/div>\n<\/td>\n<td class=\"xl75\" nowrap=\"nowrap\" bgcolor=\"#FFB01E\">\n<div align=\"center\">F.R.P.<\/div>\n<\/td>\n<td class=\"xl75\" nowrap=\"nowrap\" bgcolor=\"#FFB01E\">\n<div align=\"center\">Vinyl, 6-Hole<\/div>\n<\/td>\n<td class=\"xl76\" nowrap=\"nowrap\" bgcolor=\"#FFB01E\">\n<div align=\"center\">5\/16&#8243; \u00d7 24 UNF<\/div>\n<\/td>\n<\/tr>\n<tr>\n<td class=\"xl74\" nowrap=\"nowrap\">\n<div align=\"center\"><strong>AS-5565<\/strong><\/div>\n<\/td>\n<td class=\"xl75\" nowrap=\"nowrap\" bgcolor=\"#FFB01E\">\n<div align=\"center\">5&#8243;<\/div>\n<\/td>\n<td class=\"xl75\" nowrap=\"nowrap\" bgcolor=\"#FFB01E\">\n<div align=\"center\">F.R.P.<\/div>\n<\/td>\n<td class=\"xl75\" nowrap=\"nowrap\" bgcolor=\"#FFB01E\">\n<div align=\"center\">Hook, 6-Hole<\/div>\n<\/td>\n<td class=\"xl76\" nowrap=\"nowrap\" bgcolor=\"#FFB01E\">\n<div align=\"center\">5\/16&#8243; \u00d7 24 UNF<\/div>\n<\/td>\n<\/tr>\n<tr>\n<td class=\"xl74\" nowrap=\"nowrap\">\n<div align=\"center\"><strong>AS-6501<\/strong><\/div>\n<\/td>\n<td class=\"xl75\" nowrap=\"nowrap\" bgcolor=\"#FFB01E\">\n<div align=\"center\">6&#8243;<\/div>\n<\/td>\n<td class=\"xl75\" nowrap=\"nowrap\" bgcolor=\"#FFB01E\">\n<div align=\"center\">F.R.P.<\/div>\n<\/td>\n<td class=\"xl75\" nowrap=\"nowrap\" bgcolor=\"#FFB01E\">\n<div align=\"center\">Vinyl, No Hole<\/div>\n<\/td>\n<td class=\"xl76\" nowrap=\"nowrap\" bgcolor=\"#FFB01E\">\n<div align=\"center\">5\/16&#8243; \u00d7 24 UNF<\/div>\n<\/td>\n<\/tr>\n<tr>\n<td class=\"xl74\" nowrap=\"nowrap\">\n<div align=\"center\"><strong>AS-6505<\/strong><\/div>\n<\/td>\n<td class=\"xl75\" nowrap=\"nowrap\" bgcolor=\"#FFB01E\">\n<div align=\"center\">6&#8243;<\/div>\n<\/td>\n<td class=\"xl75\" nowrap=\"nowrap\" bgcolor=\"#FFB01E\">\n<div align=\"center\">F.R.P.<\/div>\n<\/td>\n<td class=\"xl75\" nowrap=\"nowrap\" bgcolor=\"#FFB01E\">\n<div align=\"center\">Hook, No Hole<\/div>\n<\/td>\n<td class=\"xl76\" nowrap=\"nowrap\" bgcolor=\"#FFB01E\">\n<div align=\"center\">5\/16&#8243; \u00d7 24 UNF<\/div>\n<\/td>\n<\/tr>\n<tr>\n<td class=\"xl74\" nowrap=\"nowrap\">\n<div align=\"center\"><strong>AS-6561<\/strong><\/div>\n<\/td>\n<td class=\"xl75\" nowrap=\"nowrap\" bgcolor=\"#FFB01E\">\n<div align=\"center\">6&#8243;<\/div>\n<\/td>\n<td class=\"xl75\" nowrap=\"nowrap\" bgcolor=\"#FFB01E\">\n<div align=\"center\">F.R.P.<\/div>\n<\/td>\n<td class=\"xl75\" nowrap=\"nowrap\" bgcolor=\"#FFB01E\">\n<div align=\"center\">Vinyl, 6-Hole<\/div>\n<\/td>\n<td class=\"xl76\" nowrap=\"nowrap\" bgcolor=\"#FFB01E\">\n<div align=\"center\">5\/16&#8243; \u00d7 24 UNF<\/div>\n<\/td>\n<\/tr>\n<tr>\n<td class=\"xl74\" nowrap=\"nowrap\">\n<div align=\"center\"><strong>AS-6565<\/strong><\/div>\n<\/td>\n<td class=\"xl75\" nowrap=\"nowrap\" bgcolor=\"#FFB01E\">\n<div align=\"center\">6&#8243;<\/div>\n<\/td>\n<td class=\"xl75\" nowrap=\"nowrap\" bgcolor=\"#FFB01E\">\n<div align=\"center\">F.R.P.<\/div>\n<\/td>\n<td class=\"xl75\" nowrap=\"nowrap\" bgcolor=\"#FFB01E\">\n<div align=\"center\">Hook, 6-Hole<\/div>\n<\/td>\n<td class=\"xl76\" nowrap=\"nowrap\" bgcolor=\"#FFB01E\">\n<div align=\"center\">5\/16&#8243; \u00d7 24 UNF<\/div>\n<\/td>\n<\/tr>\n<tr>\n<td class=\"xl74\" nowrap=\"nowrap\">\n<div align=\"center\"><strong>AS-65141<\/strong><\/div>\n<\/td>\n<td class=\"xl75\" nowrap=\"nowrap\" bgcolor=\"#FFB01E\">\n<div align=\"center\">6&#8243;<\/div>\n<\/td>\n<td class=\"xl75\" nowrap=\"nowrap\" bgcolor=\"#FFB01E\">\n<div align=\"center\">F.R.P.<\/div>\n<\/td>\n<td class=\"xl75\" nowrap=\"nowrap\" bgcolor=\"#FFB01E\">\n<div align=\"center\">Vinyl, 14+1 Hole<\/div>\n<\/td>\n<td class=\"xl76\" nowrap=\"nowrap\" bgcolor=\"#FFB01E\">\n<div align=\"center\">5\/16&#8243; \u00d7 24 UNF<\/div>\n<\/td>\n<\/tr>\n<tr>\n<td class=\"xl77\" nowrap=\"nowrap\">\n<div align=\"center\"><strong>AS-65145<\/strong><\/div>\n<\/td>\n<td class=\"xl78\" nowrap=\"nowrap\" bgcolor=\"#FFB01E\">\n<div align=\"center\">6&#8243;<\/div>\n<\/td>\n<td class=\"xl78\" nowrap=\"nowrap\" bgcolor=\"#FFB01E\">\n<div align=\"center\">F.R.P.<\/div>\n<\/td>\n<td class=\"xl78\" nowrap=\"nowrap\" bgcolor=\"#FFB01E\">\n<div align=\"center\">Hook, 14+1 Hole<\/div>\n<\/td>\n<td class=\"xl79\" nowrap=\"nowrap\" bgcolor=\"#FFB01E\">\n<div align=\"center\">5\/16&#8243; \u00d7 24 UNF<\/div>\n<\/td>\n<\/tr>\n<tr>\n<td class=\"xl77\" nowrap=\"nowrap\">\n<div align=\"center\"><strong>AS-75100<\/strong><\/div>\n<\/td>\n<td class=\"xl78\" nowrap=\"nowrap\" bgcolor=\"#FFB01E\">\n<div align=\"center\">3&#8243; x 4&#8243;<\/div>\n<\/td>\n<td class=\"xl78\" nowrap=\"nowrap\" bgcolor=\"#FFB01E\">\n<div align=\"center\">F.R.P.<\/div>\n<\/td>\n<td class=\"xl78\" nowrap=\"nowrap\" bgcolor=\"#FFB01E\">\n<div align=\"center\">Hook, No Hole<\/div>\n<\/td>\n<td class=\"xl79\" nowrap=\"nowrap\" bgcolor=\"#FFB01E\">\n<div align=\"center\">5\/16&#8243; \u00d7 24 UNF<\/div>\n<\/td>\n<\/tr>\n<tr>\n<td class=\"xl77\" nowrap=\"nowrap\">\n<div align=\"center\"><strong>AS-70198<\/strong><\/div>\n<\/td>\n<td class=\"xl78\" nowrap=\"nowrap\" bgcolor=\"#FFB01E\">\n<div align=\"center\">3&#8243; x 8&#8243;<\/div>\n<\/td>\n<td class=\"xl78\" nowrap=\"nowrap\" bgcolor=\"#FFB01E\">\n<div align=\"center\">F.R.P.<\/div>\n<\/td>\n<td class=\"xl78\" nowrap=\"nowrap\" bgcolor=\"#FFB01E\">\n<div align=\"center\">Hook, No Hole<\/div>\n<\/td>\n<td class=\"xl79\" nowrap=\"nowrap\" bgcolor=\"#FFB01E\">\n<div align=\"center\">5\/16&#8243; \u00d7 24 UNF<\/div>\n<\/td>\n<\/tr>\n<tr>\n<td class=\"xl77\" nowrap=\"nowrap\">\n<div align=\"center\"><strong>AS-93178<\/strong><\/div>\n<\/td>\n<td class=\"xl78\" nowrap=\"nowrap\" bgcolor=\"#FFB01E\">\n<div align=\"center\">3-2\/3&#8243; x7&#8243;<\/div>\n<\/td>\n<td class=\"xl78\" nowrap=\"nowrap\" bgcolor=\"#FFB01E\">\n<div align=\"center\">F.R.P.<\/div>\n<\/td>\n<td class=\"xl78\" nowrap=\"nowrap\" bgcolor=\"#FFB01E\">\n<div align=\"center\">Hook, No Hole<\/div>\n<\/td>\n<td class=\"xl79\" nowrap=\"nowrap\" bgcolor=\"#FFB01E\">\n<div align=\"center\">5\/16&#8243; \u00d7 24 UNF<\/div>\n<\/td>\n<\/tr>\n<\/tbody>\n<\/table>\n<\/div>\n<\/div>","protected":false},"excerpt":{"rendered":"<p>Notre soci\u00e9t\u00e9 est un fabricant bien connu de ponceuses et polisseuses pneumatiques de qualit\u00e9 sup\u00e9rieure \u00e0 Taiwan. Nous nous sommes consacr\u00e9s \u00e0 servir les clients avec notre durabilit\u00e9, notre juste prix et la forte efficacit\u00e9 de la ponceuse et de la polisseuse \u00e0 air. N&#039;h\u00e9sitez pas \u00e0 nous contacter si vous recherchez une ponceuse et une polisseuse \u00e0 air au design unique et \u00e9l\u00e9gant.<\/p>","protected":false},"featured_media":9014,"template":"","meta":{"qubely_global_settings":"","qubely_interactions":"","site-sidebar-layout":"default","site-content-layout":"default","ast-global-header-display":"","ast-main-header-display":"","ast-hfb-above-header-display":"","ast-hfb-below-header-display":"","ast-hfb-mobile-header-display":"","site-post-title":"","ast-breadcrumbs-content":"","ast-featured-img":"","footer-sml-layout":"","theme-transparent-header-meta":"default","adv-header-id-meta":"","stick-header-meta":"default","header-above-stick-meta":"","header-main-stick-meta":"","header-below-stick-meta":""},"product_brand":[],"product_cat":[101,214],"product_tag":[],"class_list":{"0":"post-8989","1":"product","2":"type-product","3":"status-publish","4":"has-post-thumbnail","6":"product_cat-air-sander-air-polisher","7":"product_cat-sanding-pad","8":"desktop-align-center","9":"tablet-align-center","10":"mobile-align-center","11":"ast-product-gallery-layout-horizontal-slider","12":"ast-product-gallery-with-no-image","13":"ast-product-tabs-layout-horizontal","14":"ast-qv-on-image","16":"first","17":"instock","18":"featured","19":"shipping-taxable","20":"product-type-simple"},"uagb_featured_image_src":{"full":["https:\/\/axatool.com\/wp-content\/uploads\/2023\/05\/5-inch-Sanding-Pad-Hook-loop-Vinyl-1000x1000.jpg",1000,1000,false],"thumbnail":["https:\/\/axatool.com\/wp-content\/uploads\/2023\/05\/5-inch-Sanding-Pad-Hook-loop-Vinyl-150x150.jpg",150,150,true],"medium":["https:\/\/axatool.com\/wp-content\/uploads\/2023\/05\/5-inch-Sanding-Pad-Hook-loop-Vinyl-300x300.jpg",300,300,true],"medium_large":["https:\/\/axatool.com\/wp-content\/uploads\/2023\/05\/5-inch-Sanding-Pad-Hook-loop-Vinyl-768x768.jpg",768,768,true],"large":["https:\/\/axatool.com\/wp-content\/uploads\/2023\/05\/5-inch-Sanding-Pad-Hook-loop-Vinyl-1000x1000.jpg",1000,1000,false],"1536x1536":["https:\/\/axatool.com\/wp-content\/uploads\/2023\/05\/5-inch-Sanding-Pad-Hook-loop-Vinyl-1000x1000.jpg",1000,1000,false],"2048x2048":["https:\/\/axatool.com\/wp-content\/uploads\/2023\/05\/5-inch-Sanding-Pad-Hook-loop-Vinyl-1000x1000.jpg",1000,1000,false],"trp-custom-language-flag":["https:\/\/axatool.com\/wp-content\/uploads\/2023\/05\/5-inch-Sanding-Pad-Hook-loop-Vinyl-12x12.jpg",12,12,true],"qubely_landscape":["https:\/\/axatool.com\/wp-content\/uploads\/2023\/05\/5-inch-Sanding-Pad-Hook-loop-Vinyl-1000x750.jpg",1000,750,true],"qubely_portrait":["https:\/\/axatool.com\/wp-content\/uploads\/2023\/05\/5-inch-Sanding-Pad-Hook-loop-Vinyl-540x320.jpg",540,320,true],"qubely_thumbnail":["https:\/\/axatool.com\/wp-content\/uploads\/2023\/05\/5-inch-Sanding-Pad-Hook-loop-Vinyl-140x100.jpg",140,100,true],"woocommerce_thumbnail":["https:\/\/axatool.com\/wp-content\/uploads\/2023\/05\/5-inch-Sanding-Pad-Hook-loop-Vinyl-300x300.jpg",300,300,true],"woocommerce_single":["https:\/\/axatool.com\/wp-content\/uploads\/2023\/05\/5-inch-Sanding-Pad-Hook-loop-Vinyl-600x600.jpg",600,600,true],"woocommerce_gallery_thumbnail":["https:\/\/axatool.com\/wp-content\/uploads\/2023\/05\/5-inch-Sanding-Pad-Hook-loop-Vinyl-100x100.jpg",100,100,true]},"uagb_author_info":{"display_name":"editor.axatool","author_link":"https:\/\/axatool.com\/fr\/author\/"},"uagb_comment_info":0,"uagb_excerpt":"Our Company Is A Well-Known Manufacturer Of Premium Grade Air Sander &amp; Polisher In Taiwan. We Have Devoted Ourselves To Serve The Clients With Our Durability, Fair Price And Strong Efficiency Of Air Sander &amp; Polisher. Please Feel Free To Contact Us If You Are Searching For Air Sander &amp; Polisher With Unique And Stylish\u2026","_links":{"self":[{"href":"https:\/\/axatool.com\/fr\/wp-json\/wp\/v2\/product\/8989","targetHints":{"allow":["GET"]}}],"collection":[{"href":"https:\/\/axatool.com\/fr\/wp-json\/wp\/v2\/product"}],"about":[{"href":"https:\/\/axatool.com\/fr\/wp-json\/wp\/v2\/types\/product"}],"version-history":[{"count":2,"href":"https:\/\/axatool.com\/fr\/wp-json\/wp\/v2\/product\/8989\/revisions"}],"predecessor-version":[{"id":8998,"href":"https:\/\/axatool.com\/fr\/wp-json\/wp\/v2\/product\/8989\/revisions\/8998"}],"wp:featuredmedia":[{"embeddable":true,"href":"https:\/\/axatool.com\/fr\/wp-json\/wp\/v2\/media\/9014"}],"wp:attachment":[{"href":"https:\/\/axatool.com\/fr\/wp-json\/wp\/v2\/media?parent=8989"}],"wp:term":[{"taxonomy":"product_brand","embeddable":true,"href":"https:\/\/axatool.com\/fr\/wp-json\/wp\/v2\/product_brand?post=8989"},{"taxonomy":"product_cat","embeddable":true,"href":"https:\/\/axatool.com\/fr\/wp-json\/wp\/v2\/product_cat?post=8989"},{"taxonomy":"product_tag","embeddable":true,"href":"https:\/\/axatool.com\/fr\/wp-json\/wp\/v2\/product_tag?post=8989"}],"curies":[{"name":"wp","href":"https:\/\/api.w.org\/{rel}","templated":true}]}}