{"id":8985,"date":"2023-05-19T07:24:32","date_gmt":"2023-05-19T07:24:32","guid":{"rendered":"https:\/\/axatool.com\/product\/uncategorized\/as-801-13x330-mm-belt-sander\/"},"modified":"2023-05-19T07:26:10","modified_gmt":"2023-05-19T07:26:10","slug":"as-801-13x330-mm-belt-sander","status":"publish","type":"product","link":"https:\/\/axatool.com\/fr\/produit\/as-801-13x330-mm-belt-sander\/","title":{"rendered":"AS-801 13&#215;330 mm Belt Sander"},"content":{"rendered":"<p>Finishing of flat surfaces, curved surfaces, and corner can be freely performed by changing the shoe. Since it is small, lightweight, and balanced so that the grinding surface is stable, extremely fine finishing is possible. Since the grip can be freely adjusted to the ideal angle, it is extremely safe and work can be performed easily. The grinding speed can be freely changed according to the application. Rear exhaust eliminates flying dust and noise.<\/p>\n<h3><strong><span class=\"style2\">\u2699\ufe0f <\/span> sp\u00e9cification<\/strong><\/h3>\n<table id=\"tabs-nav\" class=\"xl756500\" style=\"width: 80.6799%;\" border=\"3\" width=\"592\" cellspacing=\"2\" cellpadding=\"5\" align=\"left\" bgcolor=\"#FEA500\">\n<tbody>\n<tr>\n<th class=\"xl78\" style=\"border-color: #ffffff; width: 30.5723%;\" align=\"left\" nowrap=\"nowrap\" width=\"152\"><span style=\"color: #000000;\">Sanding Belt<\/span><\/th>\n<td class=\"xl74\" style=\"border-color: #ffffff; width: 69.2771%;\" align=\"left\" width=\"527\">13 x 330 mm<\/td>\n<\/tr>\n<tr>\n<td class=\"xl75\" style=\"border-color: #ffffff; width: 30.5723%;\" align=\"left\"><span style=\"color: #000000;\"><span class=\"xl74\"><span style=\"color: #000000;\"><strong>Vitesse libre<\/strong><\/span><\/span><\/span><\/td>\n<td class=\"xl76\" style=\"border-color: #ffffff; width: 69.2771%;\" align=\"left\">18 000 tr\/min<\/td>\n<\/tr>\n<tr>\n<td class=\"xl74\" style=\"border-color: #ffffff; width: 30.5723%;\" align=\"left\"><span style=\"color: #000000;\"><span style=\"color: #000000;\"><strong>Moy. Air cons.<\/strong><\/span><\/span><\/td>\n<td class=\"xl73\" style=\"border-color: #ffffff; width: 69.2771%;\" align=\"left\">4 CFM (113.3 l\/min)<\/td>\n<\/tr>\n<tr>\n<td class=\"xl74\" style=\"border-color: #ffffff; width: 30.5723%;\" align=\"left\"><span style=\"color: #000000;\"><span class=\"xl75\"><span style=\"color: #000000;\"><strong>Pression de l&#039;air<\/strong><\/span><\/span><\/span><\/td>\n<td class=\"xl73\" style=\"border-color: #ffffff; width: 69.2771%;\" align=\"left\">90 psi (6,2 bars)<\/td>\n<\/tr>\n<tr>\n<td class=\"xl75\" style=\"border-color: #ffffff; width: 30.5723%;\" align=\"left\"><span style=\"color: #000000;\"><span class=\"xl74\"><span style=\"color: #000000;\"><strong>Poids net<\/strong><\/span><\/span><\/span><\/td>\n<td class=\"xl78\" style=\"border-color: #ffffff; width: 69.2771%;\">0.94 kgs (2.07 lbs)<\/td>\n<\/tr>\n<tr>\n<td class=\"xl74\" style=\"border-color: #ffffff; width: 30.5723%;\" align=\"left\"><span style=\"color: #000000;\"><strong>Longueur totale<\/strong><\/span><\/td>\n<td class=\"xl73\" style=\"border-color: #ffffff; width: 69.2771%;\" align=\"left\">320 mm (12.6&#8243;)<\/td>\n<\/tr>\n<tr>\n<td class=\"xl74\" style=\"border-color: #ffffff; width: 30.5723%;\" align=\"left\"><span style=\"color: #000000;\"><span style=\"color: #000000;\"><strong>Entr\u00e9e d&#039;air<\/strong><\/span><\/span><\/td>\n<td class=\"xl79\" style=\"border-color: #ffffff; width: 69.2771%;\" align=\"left\">1\/4&#8243;<\/td>\n<\/tr>\n<tr>\n<td class=\"xl74\" style=\"border-color: #ffffff; width: 30.5723%;\" align=\"left\"><span style=\"color: #000000;\"><strong>Bruit sonore<\/strong><\/span><\/td>\n<td class=\"xl73\" style=\"border-color: #ffffff; width: 69.2771%;\" align=\"left\">88 dB(A)<\/td>\n<\/tr>\n<\/tbody>\n<\/table>","protected":false},"excerpt":{"rendered":"<p>Notre soci\u00e9t\u00e9 est un fabricant bien connu de ponceuses et polisseuses pneumatiques de qualit\u00e9 sup\u00e9rieure \u00e0 Taiwan. Nous nous sommes consacr\u00e9s \u00e0 servir les clients avec notre durabilit\u00e9, notre juste prix et la forte efficacit\u00e9 de la ponceuse et de la polisseuse \u00e0 air. N&#039;h\u00e9sitez pas \u00e0 nous contacter si vous recherchez une ponceuse et une polisseuse \u00e0 air au design unique et \u00e9l\u00e9gant.<\/p>","protected":false},"featured_media":8976,"template":"","meta":{"qubely_global_settings":"","qubely_interactions":"","site-sidebar-layout":"default","site-content-layout":"default","ast-global-header-display":"","ast-main-header-display":"","ast-hfb-above-header-display":"","ast-hfb-below-header-display":"","ast-hfb-mobile-header-display":"","site-post-title":"","ast-breadcrumbs-content":"","ast-featured-img":"","footer-sml-layout":"","theme-transparent-header-meta":"default","adv-header-id-meta":"","stick-header-meta":"default","header-above-stick-meta":"","header-main-stick-meta":"","header-below-stick-meta":""},"product_brand":[],"product_cat":[101,108],"product_tag":[],"class_list":{"0":"post-8985","1":"product","2":"type-product","3":"status-publish","4":"has-post-thumbnail","6":"product_cat-air-sander-air-polisher","7":"product_cat-belt-sander","8":"desktop-align-center","9":"tablet-align-center","10":"mobile-align-center","11":"ast-product-gallery-layout-horizontal-slider","12":"ast-product-tabs-layout-horizontal","13":"ast-qv-on-image","15":"first","16":"instock","17":"featured","18":"shipping-taxable","19":"product-type-simple"},"uagb_featured_image_src":{"full":["https:\/\/axatool.com\/wp-content\/uploads\/2023\/05\/AS-801-1-13x330mm-Belt-Sander-1000x1000.jpg",1000,1000,false],"thumbnail":["https:\/\/axatool.com\/wp-content\/uploads\/2023\/05\/AS-801-1-13x330mm-Belt-Sander-150x150.jpg",150,150,true],"medium":["https:\/\/axatool.com\/wp-content\/uploads\/2023\/05\/AS-801-1-13x330mm-Belt-Sander-300x300.jpg",300,300,true],"medium_large":["https:\/\/axatool.com\/wp-content\/uploads\/2023\/05\/AS-801-1-13x330mm-Belt-Sander-768x768.jpg",768,768,true],"large":["https:\/\/axatool.com\/wp-content\/uploads\/2023\/05\/AS-801-1-13x330mm-Belt-Sander-1000x1000.jpg",1000,1000,false],"1536x1536":["https:\/\/axatool.com\/wp-content\/uploads\/2023\/05\/AS-801-1-13x330mm-Belt-Sander-1000x1000.jpg",1000,1000,false],"2048x2048":["https:\/\/axatool.com\/wp-content\/uploads\/2023\/05\/AS-801-1-13x330mm-Belt-Sander-1000x1000.jpg",1000,1000,false],"trp-custom-language-flag":["https:\/\/axatool.com\/wp-content\/uploads\/2023\/05\/AS-801-1-13x330mm-Belt-Sander-12x12.jpg",12,12,true],"qubely_landscape":["https:\/\/axatool.com\/wp-content\/uploads\/2023\/05\/AS-801-1-13x330mm-Belt-Sander-1000x750.jpg",1000,750,true],"qubely_portrait":["https:\/\/axatool.com\/wp-content\/uploads\/2023\/05\/AS-801-1-13x330mm-Belt-Sander-540x320.jpg",540,320,true],"qubely_thumbnail":["https:\/\/axatool.com\/wp-content\/uploads\/2023\/05\/AS-801-1-13x330mm-Belt-Sander-140x100.jpg",140,100,true],"woocommerce_thumbnail":["https:\/\/axatool.com\/wp-content\/uploads\/2023\/05\/AS-801-1-13x330mm-Belt-Sander-300x300.jpg",300,300,true],"woocommerce_single":["https:\/\/axatool.com\/wp-content\/uploads\/2023\/05\/AS-801-1-13x330mm-Belt-Sander-600x600.jpg",600,600,true],"woocommerce_gallery_thumbnail":["https:\/\/axatool.com\/wp-content\/uploads\/2023\/05\/AS-801-1-13x330mm-Belt-Sander-100x100.jpg",100,100,true]},"uagb_author_info":{"display_name":"editor.axatool","author_link":"https:\/\/axatool.com\/fr\/author\/"},"uagb_comment_info":0,"uagb_excerpt":"Our Company Is A Well-Known Manufacturer Of Premium Grade Air Sander &amp; Polisher In Taiwan. We Have Devoted Ourselves To Serve The Clients With Our Durability, Fair Price And Strong Efficiency Of Air Sander &amp; Polisher. Please Feel Free To Contact Us If You Are Searching For Air Sander &amp; Polisher With Unique And Stylish\u2026","_links":{"self":[{"href":"https:\/\/axatool.com\/fr\/wp-json\/wp\/v2\/product\/8985","targetHints":{"allow":["GET"]}}],"collection":[{"href":"https:\/\/axatool.com\/fr\/wp-json\/wp\/v2\/product"}],"about":[{"href":"https:\/\/axatool.com\/fr\/wp-json\/wp\/v2\/types\/product"}],"version-history":[{"count":2,"href":"https:\/\/axatool.com\/fr\/wp-json\/wp\/v2\/product\/8985\/revisions"}],"predecessor-version":[{"id":8995,"href":"https:\/\/axatool.com\/fr\/wp-json\/wp\/v2\/product\/8985\/revisions\/8995"}],"wp:featuredmedia":[{"embeddable":true,"href":"https:\/\/axatool.com\/fr\/wp-json\/wp\/v2\/media\/8976"}],"wp:attachment":[{"href":"https:\/\/axatool.com\/fr\/wp-json\/wp\/v2\/media?parent=8985"}],"wp:term":[{"taxonomy":"product_brand","embeddable":true,"href":"https:\/\/axatool.com\/fr\/wp-json\/wp\/v2\/product_brand?post=8985"},{"taxonomy":"product_cat","embeddable":true,"href":"https:\/\/axatool.com\/fr\/wp-json\/wp\/v2\/product_cat?post=8985"},{"taxonomy":"product_tag","embeddable":true,"href":"https:\/\/axatool.com\/fr\/wp-json\/wp\/v2\/product_tag?post=8985"}],"curies":[{"name":"wp","href":"https:\/\/api.w.org\/{rel}","templated":true}]}}