{"id":8947,"date":"2023-05-10T03:31:48","date_gmt":"2023-05-10T03:31:48","guid":{"rendered":"https:\/\/axatool.com\/product\/uncategorized\/ad-342k-heavy-duty-spot-drill-kit\/"},"modified":"2023-05-10T05:06:28","modified_gmt":"2023-05-10T05:06:28","slug":"ad-342k-heavy-duty-spot-drill-kit","status":"publish","type":"product","link":"https:\/\/axatool.com\/fr\/produit\/ad-342k-heavy-duty-spot-drill-kit\/","title":{"rendered":"AD-342K Heavy-Duty Spot Drill Kit"},"content":{"rendered":"<p>But\u00e9e de profondeur r\u00e9glable qui vous permet de percer uniquement la soudure par points et non le panneau en dessous. L&#039;air perce toute la soudure par points, \u00e9liminant ainsi le besoin de meulage. Outil de per\u00e7age sp\u00e9cial pour retirer le point de soudure des panneaux de v\u00e9hicule, etc.<\/p>\n<h3>\u2699\ufe0f <strong> sp\u00e9cification<\/strong><\/h3>\n<table id=\"tabs-nav\" class=\"xl756500\" style=\"height: 544px; width: 80.6799%; border-style: double; background-color: #fea500; border-color: #ffffff;\" border=\"10\" width=\"545\" rules=\"cols\" cellspacing=\"2\" cellpadding=\"5\" bgcolor=\"#FEA500\">\n<tbody>\n<tr style=\"height: 46px;\" valign=\"middle\">\n<td class=\"xl71\" style=\"border-color: #ffffff;\" width=\"194\">\n<div align=\"left\"><span style=\"color: #000000;\"><strong>Transmission \u00e0 engrenages <\/strong><\/span><\/div>\n<\/td>\n<td class=\"xl70\" style=\"border-color: #ffffff;\" width=\"284\"><span style=\"color: #000000;\">Engrenage plan\u00e9taire<\/span><\/td>\n<\/tr>\n<tr style=\"height: 46px;\" valign=\"middle\">\n<td class=\"xl71\" style=\"border-color: #ffffff;\">\n<div align=\"left\"><span style=\"color: #000000;\"><strong>Capacit\u00e9 du mandrin <\/strong><\/span><\/div>\n<\/td>\n<td class=\"xl70\" style=\"border-color: #ffffff;\"><span style=\"color: #000000;\">8 mm (6,5 mm est disponible)<\/span><\/td>\n<\/tr>\n<tr style=\"height: 46px;\" valign=\"middle\">\n<td class=\"xl70\" style=\"border-color: #ffffff;\">\n<div align=\"left\"><span style=\"color: #000000;\"><strong>Vitesse libre <\/strong><\/span><\/div>\n<\/td>\n<td class=\"xl70\" style=\"border-color: #ffffff;\"><span style=\"color: #000000;\">1\u00a0600 tr\/min<\/span><\/td>\n<\/tr>\n<tr style=\"height: 46px;\" valign=\"middle\">\n<td class=\"xl70\" style=\"border-color: #ffffff;\">\n<div align=\"left\"><span style=\"color: #000000;\"><strong>Moy. Air cons. <\/strong><\/span><\/div>\n<\/td>\n<td class=\"xl70\" style=\"border-color: #ffffff;\"><span style=\"color: #000000;\">3.5 CFM (99.1 l\/min)<\/span><\/td>\n<\/tr>\n<tr style=\"height: 46px;\" valign=\"middle\">\n<td class=\"xl73\" style=\"border-color: #ffffff;\">\n<div align=\"left\"><span style=\"color: #000000;\"><strong>Pression de l&#039;air <\/strong><\/span><\/div>\n<\/td>\n<td class=\"xl70\" style=\"border-color: #ffffff;\"><span style=\"color: #000000;\">90 psi (6,2 bars)<\/span><\/td>\n<\/tr>\n<tr style=\"height: 46px;\" valign=\"middle\">\n<td class=\"xl70\" style=\"border-color: #ffffff;\">\n<div align=\"left\"><span style=\"color: #000000;\"><strong>Poids net <\/strong><\/span><\/div>\n<\/td>\n<td class=\"xl70\" style=\"border-color: #ffffff;\"><span style=\"color: #000000;\">1.4 Kgs (3.1 lbs)<\/span><\/td>\n<\/tr>\n<tr style=\"height: 46px;\" valign=\"middle\">\n<td class=\"xl70\" style=\"border-color: #ffffff;\">\n<div align=\"left\"><span style=\"color: #000000;\"><strong>La mesure <\/strong><\/span><\/div>\n<\/td>\n<td class=\"xl70\" style=\"border-color: #ffffff;\"><span style=\"color: #000000;\">290 mm (11,41 pouces)<\/span><\/td>\n<\/tr>\n<tr style=\"height: 46px;\" valign=\"middle\">\n<td class=\"xl70\" style=\"border-color: #ffffff;\">\n<div align=\"left\"><span style=\"color: #000000;\"><strong>Entr\u00e9e d&#039;air <\/strong><\/span><\/div>\n<\/td>\n<td class=\"xl70\" style=\"border-color: #ffffff;\"><span style=\"color: #000000;\">1\/4&#8243;<\/span><\/td>\n<\/tr>\n<tr style=\"height: 46px;\" valign=\"middle\">\n<td class=\"xl70\" style=\"border-color: #ffffff;\">\n<div align=\"left\"><span style=\"color: #000000;\"><strong>ID du tuyau d&#039;air <\/strong><\/span><\/div>\n<\/td>\n<td class=\"xl73\" style=\"border-color: #ffffff;\"><span style=\"color: #000000;\">3\/8\u2033 (10mm)<\/span><\/td>\n<\/tr>\n<tr style=\"height: 46px;\" valign=\"middle\">\n<td class=\"xl75\" style=\"border-color: #ffffff;\">\n<div align=\"left\"><span style=\"color: #000000;\"><strong>Pression sonore <\/strong><\/span><\/div>\n<\/td>\n<td class=\"xl73\" style=\"border-color: #ffffff;\"><span style=\"color: #000000;\">87 dB(A)<\/span><\/td>\n<\/tr>\n<tr style=\"height: 46px;\" valign=\"middle\">\n<td class=\"xl74\" style=\"border-color: #ffffff;\">\n<div align=\"left\"><span style=\"color: #000000;\"><strong>Niveau de vibration <\/strong><\/span><\/div>\n<\/td>\n<td class=\"xl76\" style=\"border-color: #ffffff;\"><span style=\"color: #000000;\">&lt; 2,5 m\/s\u00b2<\/span><\/td>\n<\/tr>\n<tr style=\"height: 46px;\" valign=\"middle\">\n<td class=\"xl71\" style=\"border-color: #ffffff;\">\n<div align=\"left\"><span style=\"color: #000000;\"><strong>Emballage <\/strong><\/span><\/div>\n<\/td>\n<td class=\"xl73\" style=\"border-color: #ffffff;\"><span style=\"color: #000000;\">4pcs\/ctn\/2.1cu-ft\/GW:20kg<\/span><\/td>\n<\/tr>\n<tr style=\"height: 46px;\" valign=\"middle\">\n<td class=\"xl71\" style=\"border-color: #ffffff;\" colspan=\"2\"><strong>CONTENTS : <\/strong><br \/>\n<span class=\"xl72\"><span style=\"color: #000000;\">\u25cf <\/span><\/span>1PC &#8211; AIR SPOT DRILL<br \/>\n<span class=\"xl72\"><span style=\"color: #000000;\">\u25cf <\/span><\/span>2PCS &#8211; 8.0MM DRILL BITS<br \/>\n<span class=\"xl72\"><span style=\"color: #000000;\">\u25cf <\/span><\/span>2PCS &#8211; 6.5MM DRILL BITS<br \/>\n<span class=\"xl72\"><span style=\"color: #000000;\">\u25cf <\/span><\/span>1PC &#8211; 2.5MM HEX. WRENCH<br \/>\n<span class=\"xl72\"><span style=\"color: #000000;\">\u25cf <\/span><\/span>1PC &#8211; 5.5&#8243; HOOK<br \/>\n<span class=\"xl72\"><span style=\"color: #000000;\">\u25cf <\/span><\/span>1PC &#8211; MINI OILER<br \/>\n<span class=\"xl72\"><span style=\"color: #000000;\">\u25cf <\/span><\/span>1PC &#8211; SWIVEL CONNECTOR<\/td>\n<\/tr>\n<\/tbody>\n<\/table>","protected":false},"excerpt":{"rendered":"<p>Notre soci\u00e9t\u00e9 est un fabricant bien connu de perceuse pneumatique de qualit\u00e9 sup\u00e9rieure \u00e0 Taiwan.<br \/>\nNous nous sommes consacr\u00e9s \u00e0 servir les clients avec notre durabilit\u00e9, notre juste prix et notre forte efficacit\u00e9 de forage pneumatique.<br \/>\nN&#039;h\u00e9sitez pas \u00e0 nous contacter si vous recherchez une perceuse \u00e0 air au design unique et \u00e9l\u00e9gant.<\/p>","protected":false},"featured_media":8930,"template":"","meta":{"qubely_global_settings":"","qubely_interactions":"","site-sidebar-layout":"default","site-content-layout":"default","ast-global-header-display":"","ast-main-header-display":"","ast-hfb-above-header-display":"","ast-hfb-below-header-display":"","ast-hfb-mobile-header-display":"","site-post-title":"","ast-breadcrumbs-content":"","ast-featured-img":"","footer-sml-layout":"","theme-transparent-header-meta":"default","adv-header-id-meta":"","stick-header-meta":"default","header-above-stick-meta":"","header-main-stick-meta":"","header-below-stick-meta":""},"product_brand":[],"product_cat":[74],"product_tag":[],"class_list":{"0":"post-8947","1":"product","2":"type-product","3":"status-publish","4":"has-post-thumbnail","6":"product_cat-air-drill","7":"desktop-align-center","8":"tablet-align-center","9":"mobile-align-center","10":"ast-product-gallery-layout-horizontal-slider","11":"ast-product-tabs-layout-horizontal","12":"ast-qv-on-image","14":"first","15":"instock","16":"shipping-taxable","17":"purchasable","18":"product-type-simple"},"uagb_featured_image_src":{"full":["https:\/\/axatool.com\/wp-content\/uploads\/2023\/05\/AD-342K-1Heavy-Duty-Spot-Drill-Kit-1000x1000.jpg",1000,1000,false],"thumbnail":["https:\/\/axatool.com\/wp-content\/uploads\/2023\/05\/AD-342K-1Heavy-Duty-Spot-Drill-Kit-150x150.jpg",150,150,true],"medium":["https:\/\/axatool.com\/wp-content\/uploads\/2023\/05\/AD-342K-1Heavy-Duty-Spot-Drill-Kit-300x300.jpg",300,300,true],"medium_large":["https:\/\/axatool.com\/wp-content\/uploads\/2023\/05\/AD-342K-1Heavy-Duty-Spot-Drill-Kit-768x768.jpg",768,768,true],"large":["https:\/\/axatool.com\/wp-content\/uploads\/2023\/05\/AD-342K-1Heavy-Duty-Spot-Drill-Kit-1000x1000.jpg",1000,1000,false],"1536x1536":["https:\/\/axatool.com\/wp-content\/uploads\/2023\/05\/AD-342K-1Heavy-Duty-Spot-Drill-Kit-1000x1000.jpg",1000,1000,false],"2048x2048":["https:\/\/axatool.com\/wp-content\/uploads\/2023\/05\/AD-342K-1Heavy-Duty-Spot-Drill-Kit-1000x1000.jpg",1000,1000,false],"trp-custom-language-flag":["https:\/\/axatool.com\/wp-content\/uploads\/2023\/05\/AD-342K-1Heavy-Duty-Spot-Drill-Kit-12x12.jpg",12,12,true],"qubely_landscape":["https:\/\/axatool.com\/wp-content\/uploads\/2023\/05\/AD-342K-1Heavy-Duty-Spot-Drill-Kit-1000x750.jpg",1000,750,true],"qubely_portrait":["https:\/\/axatool.com\/wp-content\/uploads\/2023\/05\/AD-342K-1Heavy-Duty-Spot-Drill-Kit-540x320.jpg",540,320,true],"qubely_thumbnail":["https:\/\/axatool.com\/wp-content\/uploads\/2023\/05\/AD-342K-1Heavy-Duty-Spot-Drill-Kit-140x100.jpg",140,100,true],"woocommerce_thumbnail":["https:\/\/axatool.com\/wp-content\/uploads\/2023\/05\/AD-342K-1Heavy-Duty-Spot-Drill-Kit-300x300.jpg",300,300,true],"woocommerce_single":["https:\/\/axatool.com\/wp-content\/uploads\/2023\/05\/AD-342K-1Heavy-Duty-Spot-Drill-Kit-600x600.jpg",600,600,true],"woocommerce_gallery_thumbnail":["https:\/\/axatool.com\/wp-content\/uploads\/2023\/05\/AD-342K-1Heavy-Duty-Spot-Drill-Kit-100x100.jpg",100,100,true]},"uagb_author_info":{"display_name":"editor.axatool","author_link":"https:\/\/axatool.com\/fr\/author\/"},"uagb_comment_info":0,"uagb_excerpt":"Our Company Is A Well-Known Manufacturer Of Premium Grade Air Drill In Taiwan. We Have Devoted Ourselves To Serve The Clients With Our Durability, Fair Price And Strong Efficiency Of Air Drill. Please Feel Free To Contact Us If You Are Searching For Air Drill With Unique And Stylish Design.","_links":{"self":[{"href":"https:\/\/axatool.com\/fr\/wp-json\/wp\/v2\/product\/8947","targetHints":{"allow":["GET"]}}],"collection":[{"href":"https:\/\/axatool.com\/fr\/wp-json\/wp\/v2\/product"}],"about":[{"href":"https:\/\/axatool.com\/fr\/wp-json\/wp\/v2\/types\/product"}],"version-history":[{"count":1,"href":"https:\/\/axatool.com\/fr\/wp-json\/wp\/v2\/product\/8947\/revisions"}],"predecessor-version":[{"id":8957,"href":"https:\/\/axatool.com\/fr\/wp-json\/wp\/v2\/product\/8947\/revisions\/8957"}],"wp:featuredmedia":[{"embeddable":true,"href":"https:\/\/axatool.com\/fr\/wp-json\/wp\/v2\/media\/8930"}],"wp:attachment":[{"href":"https:\/\/axatool.com\/fr\/wp-json\/wp\/v2\/media?parent=8947"}],"wp:term":[{"taxonomy":"product_brand","embeddable":true,"href":"https:\/\/axatool.com\/fr\/wp-json\/wp\/v2\/product_brand?post=8947"},{"taxonomy":"product_cat","embeddable":true,"href":"https:\/\/axatool.com\/fr\/wp-json\/wp\/v2\/product_cat?post=8947"},{"taxonomy":"product_tag","embeddable":true,"href":"https:\/\/axatool.com\/fr\/wp-json\/wp\/v2\/product_tag?post=8947"}],"curies":[{"name":"wp","href":"https:\/\/api.w.org\/{rel}","templated":true}]}}