{"id":7559,"date":"2022-06-21T08:40:32","date_gmt":"2022-06-21T08:40:32","guid":{"rendered":"https:\/\/axatool.com\/product\/uncategorized\/at-906t-air-caulking-gun\/"},"modified":"2022-06-28T07:12:55","modified_gmt":"2022-06-28T07:12:55","slug":"at-906t-air-caulking-gun","status":"publish","type":"product","link":"https:\/\/axatool.com\/fr\/produit\/at-906t-air-caulking-gun\/","title":{"rendered":"Pistolet \u00e0 calfeutrer AT-906T"},"content":{"rendered":"<p>For hard tube silicone, Standard caulking gun. Perfect for quick and easy caulking on the job site and around the house and workshop. Can be used with all types of caulking material. Ergonomic grip, Lightweight and easy to use.<\/p>\n<h3>\u2699\ufe0f <strong> sp\u00e9cification<\/strong><\/h3>\n<table id=\"tabs-nav\" class=\"xl756500\" style=\"height: 240px; width: 80.6799%; border-style: double; background-color: #fea500; border-color: #ffffff;\" border=\"10\" width=\"517\" rules=\"cols\" cellspacing=\"2\" cellpadding=\"5\" bgcolor=\"#FEA500\">\n<tbody>\n<tr style=\"height: 46px;\" valign=\"middle\">\n<th class=\"xl70\" style=\"border-color: #ffffff; width: 30%; height: 44px;\" nowrap=\"nowrap\" width=\"30%\" height=\"17%\">\n<div align=\"left\"><span style=\"color: #000000;\"><strong>Moy. Air cons. <\/strong><\/span><\/div>\n<\/th>\n<td class=\"xl71\" style=\"border-color: #ffffff; height: 44px;\" valign=\"middle\" width=\"324\"><span style=\"color: #000000;\"> 4 CFM (113.2 l\/min) <\/span><\/td>\n<\/tr>\n<tr style=\"height: 46px;\" valign=\"middle\">\n<th class=\"xl72\" style=\"border-color: #ffffff; width: 30%; height: 45px;\" nowrap=\"nowrap\" width=\"30%\" height=\"18%\">\n<div align=\"left\"><span style=\"color: #000000;\"><strong>Pression de l&#039;air<\/strong><\/span><\/div>\n<\/th>\n<td class=\"xl73\" style=\"border-color: #ffffff; height: 45px;\" valign=\"middle\" width=\"324\"><span style=\"color: #000000;\">50 ~ 70 PSI<\/span><\/td>\n<\/tr>\n<tr style=\"height: 46px;\" valign=\"middle\">\n<th class=\"xl72\" style=\"border-color: #ffffff; width: 30%; height: 27px;\" nowrap=\"nowrap\" width=\"30%\" height=\"13%\">\n<div align=\"left\"><span style=\"color: #000000;\"><strong>Poids net<\/strong><\/span><\/div>\n<\/th>\n<td class=\"xl74\" style=\"border-color: #ffffff; height: 27px;\" valign=\"middle\"><span style=\"color: #000000;\">1.6 kgs (3.5 lbs)<\/span><\/td>\n<\/tr>\n<tr style=\"height: 45px;\" valign=\"middle\">\n<th class=\"xl72\" style=\"border-color: #ffffff; width: 30%; height: 42px;\" nowrap=\"nowrap\" width=\"30%\" height=\"16%\">\n<div align=\"left\"><span style=\"color: #000000;\"><strong>Longueur totale<\/strong><\/span><\/div>\n<\/th>\n<td class=\"xl74\" style=\"border-color: #ffffff; height: 42px;\" valign=\"middle\"><span style=\"color: #000000;\">442 mm (17.4&#8243;)<\/span><\/td>\n<\/tr>\n<tr style=\"height: 46px;\" valign=\"middle\">\n<th class=\"xl72\" style=\"border-color: #ffffff; width: 30%; height: 34px;\" nowrap=\"nowrap\" width=\"30%\" height=\"13%\">\n<div align=\"left\"><span style=\"color: #000000;\"><strong>Entr\u00e9e d&#039;air<\/strong><\/span><\/div>\n<\/th>\n<td class=\"xl74\" style=\"border-color: #ffffff; height: 34px;\" valign=\"middle\"><span style=\"color: #000000;\">1\/4&#8243;<\/span><\/td>\n<\/tr>\n<tr style=\"height: 46px;\" valign=\"middle\">\n<th class=\"xl75\" style=\"border-color: #ffffff; width: 30%; height: 48px;\" nowrap=\"nowrap\" width=\"30%\" height=\"48\">\n<div align=\"left\"><span style=\"color: #000000;\"><strong>Air Hose <\/strong><\/span><\/div>\n<\/th>\n<td class=\"xl76\" style=\"border-color: #ffffff; height: 48px;\" valign=\"middle\"><span style=\"color: #000000;\">3\/8&#8243;<\/span><\/td>\n<\/tr>\n<\/tbody>\n<\/table>","protected":false},"excerpt":{"rendered":"<p>Notre soci\u00e9t\u00e9 est un fabricant bien connu de pistolet \u00e0 calfeutrer \u00e0 air de qualit\u00e9 sup\u00e9rieure \u00e0 Taiwan.<br \/>\nNous nous sommes consacr\u00e9s \u00e0 servir les clients avec notre durabilit\u00e9, notre prix \u00e9quitable et la forte efficacit\u00e9 du pistolet \u00e0 calfeutrer \u00e0 air.<br \/>\nN&#039;h\u00e9sitez pas \u00e0 nous contacter si vous recherchez un pistolet \u00e0 calfeutrer avec un design unique et \u00e9l\u00e9gant.<\/p>","protected":false},"featured_media":7539,"template":"","meta":{"qubely_global_settings":"","qubely_interactions":"","site-sidebar-layout":"default","site-content-layout":"default","ast-global-header-display":"","ast-main-header-display":"","ast-hfb-above-header-display":"","ast-hfb-below-header-display":"","ast-hfb-mobile-header-display":"","site-post-title":"","ast-breadcrumbs-content":"","ast-featured-img":"","footer-sml-layout":"","theme-transparent-header-meta":"","adv-header-id-meta":"","stick-header-meta":"","header-above-stick-meta":"","header-main-stick-meta":"","header-below-stick-meta":""},"product_brand":[],"product_cat":[97],"product_tag":[],"class_list":{"0":"post-7559","1":"product","2":"type-product","3":"status-publish","4":"has-post-thumbnail","6":"product_cat-air-cordless-caulking-gun","7":"desktop-align-center","8":"tablet-align-center","9":"mobile-align-center","10":"ast-product-gallery-layout-horizontal-slider","11":"ast-product-gallery-with-no-image","12":"ast-product-tabs-layout-horizontal","13":"ast-qv-on-image","15":"first","16":"instock","17":"shipping-taxable","18":"product-type-simple"},"uagb_featured_image_src":{"full":["https:\/\/axatool.com\/wp-content\/uploads\/2022\/06\/AT-906T-1Air-Caulking-Gun-1000x1000.jpg",1000,1000,false],"thumbnail":["https:\/\/axatool.com\/wp-content\/uploads\/2022\/06\/AT-906T-1Air-Caulking-Gun-150x150.jpg",150,150,true],"medium":["https:\/\/axatool.com\/wp-content\/uploads\/2022\/06\/AT-906T-1Air-Caulking-Gun-300x300.jpg",300,300,true],"medium_large":["https:\/\/axatool.com\/wp-content\/uploads\/2022\/06\/AT-906T-1Air-Caulking-Gun-768x768.jpg",768,768,true],"large":["https:\/\/axatool.com\/wp-content\/uploads\/2022\/06\/AT-906T-1Air-Caulking-Gun-1000x1000.jpg",1000,1000,false],"1536x1536":["https:\/\/axatool.com\/wp-content\/uploads\/2022\/06\/AT-906T-1Air-Caulking-Gun-1000x1000.jpg",1000,1000,false],"2048x2048":["https:\/\/axatool.com\/wp-content\/uploads\/2022\/06\/AT-906T-1Air-Caulking-Gun-1000x1000.jpg",1000,1000,false],"trp-custom-language-flag":["https:\/\/axatool.com\/wp-content\/uploads\/2022\/06\/AT-906T-1Air-Caulking-Gun-12x12.jpg",12,12,true],"qubely_landscape":["https:\/\/axatool.com\/wp-content\/uploads\/2022\/06\/AT-906T-1Air-Caulking-Gun-1000x750.jpg",1000,750,true],"qubely_portrait":["https:\/\/axatool.com\/wp-content\/uploads\/2022\/06\/AT-906T-1Air-Caulking-Gun-540x320.jpg",540,320,true],"qubely_thumbnail":["https:\/\/axatool.com\/wp-content\/uploads\/2022\/06\/AT-906T-1Air-Caulking-Gun-140x100.jpg",140,100,true],"woocommerce_thumbnail":["https:\/\/axatool.com\/wp-content\/uploads\/2022\/06\/AT-906T-1Air-Caulking-Gun-300x300.jpg",300,300,true],"woocommerce_single":["https:\/\/axatool.com\/wp-content\/uploads\/2022\/06\/AT-906T-1Air-Caulking-Gun-600x600.jpg",600,600,true],"woocommerce_gallery_thumbnail":["https:\/\/axatool.com\/wp-content\/uploads\/2022\/06\/AT-906T-1Air-Caulking-Gun-100x100.jpg",100,100,true]},"uagb_author_info":{"display_name":"editor.axatool","author_link":"https:\/\/axatool.com\/fr\/author\/"},"uagb_comment_info":0,"uagb_excerpt":"Our company is a well-known manufacturer of premium grade Air Caulking Gun in Taiwan. We have devoted ourselves to serve the clients with our durability, fair price and strong efficiency of Air Caulking Gun. Please feel free to contact us if you are searching for Air Caulking Gun with unique and stylish design.","_links":{"self":[{"href":"https:\/\/axatool.com\/fr\/wp-json\/wp\/v2\/product\/7559","targetHints":{"allow":["GET"]}}],"collection":[{"href":"https:\/\/axatool.com\/fr\/wp-json\/wp\/v2\/product"}],"about":[{"href":"https:\/\/axatool.com\/fr\/wp-json\/wp\/v2\/types\/product"}],"version-history":[{"count":3,"href":"https:\/\/axatool.com\/fr\/wp-json\/wp\/v2\/product\/7559\/revisions"}],"predecessor-version":[{"id":7606,"href":"https:\/\/axatool.com\/fr\/wp-json\/wp\/v2\/product\/7559\/revisions\/7606"}],"wp:featuredmedia":[{"embeddable":true,"href":"https:\/\/axatool.com\/fr\/wp-json\/wp\/v2\/media\/7539"}],"wp:attachment":[{"href":"https:\/\/axatool.com\/fr\/wp-json\/wp\/v2\/media?parent=7559"}],"wp:term":[{"taxonomy":"product_brand","embeddable":true,"href":"https:\/\/axatool.com\/fr\/wp-json\/wp\/v2\/product_brand?post=7559"},{"taxonomy":"product_cat","embeddable":true,"href":"https:\/\/axatool.com\/fr\/wp-json\/wp\/v2\/product_cat?post=7559"},{"taxonomy":"product_tag","embeddable":true,"href":"https:\/\/axatool.com\/fr\/wp-json\/wp\/v2\/product_tag?post=7559"}],"curies":[{"name":"wp","href":"https:\/\/api.w.org\/{rel}","templated":true}]}}