{"id":7107,"date":"2022-06-08T05:42:37","date_gmt":"2022-06-08T05:42:37","guid":{"rendered":"https:\/\/axatool.com\/product\/uncategorized\/ag-110-30mm-120-angle-grinder\/"},"modified":"2022-06-08T10:48:25","modified_gmt":"2022-06-08T10:48:25","slug":"ag-110-30mm-120-angle-grinder","status":"publish","type":"product","link":"https:\/\/axatool.com\/fr\/produit\/ag-110-30mm-120-angle-grinder\/","title":{"rendered":"AG-110 30mm 120\u00b0 Angle Grinder"},"content":{"rendered":"<ul>\n<li>Roulement de haute qualit\u00e9, longue dur\u00e9e de vie, am\u00e9liore la vitesse de meulage.<\/li>\n<li>La rectifieuse \u00e0 120 degr\u00e9s est con\u00e7ue selon des principes ergonomiques pour rendre l&#039;op\u00e9ration plus confortable.<\/li>\n<li>Avec la rectifieuse angulaire, les avantages de la rectifieuse r\u00e9duisent le probl\u00e8me de bruit lors de l&#039;usinage.<\/li>\n<li>Conception structurelle de type stylo portable, avec petit volume, haute vitesse, faible bruit, grand couple, faible consommation d&#039;\u00e9nergie, lisse et plus l\u00e9ger, etc., il est facile \u00e0 utiliser.<\/li>\n<li>Il est largement utilis\u00e9 dans toutes sortes de moules, d&#039;outils mat\u00e9riels, de papier de verre auto-adh\u00e9sif, de roue \u00e0 sable, de film de laine auto-adh\u00e9sif, etc.<\/li>\n<li>Utilis\u00e9 pour le verre, la pierre, les arts et l&#039;artisanat, les ornements \u00e0 la main, etc. Besoin d&#039;\u00eatre taill\u00e9, coup\u00e9, meul\u00e9, sculpt\u00e9, taill\u00e9 et besoin d&#039;industries de polissage miroir.<\/li>\n<\/ul>\n<h3>\u2699\ufe0f <strong> sp\u00e9cification<\/strong><\/h3>\n<table id=\"tabs-nav\" class=\"xl756500\" style=\"height: 544px; width: 80.6799%; border-style: double; background-color: #fea500; border-color: #ffffff;\" border=\"10\" width=\"517\" rules=\"cols\" cellspacing=\"2\" cellpadding=\"5\" bgcolor=\"#FEA500\">\n<tbody>\n<tr style=\"height: 46px;\" valign=\"middle\">\n<td class=\"xl72\" style=\"border-color: #ffffff;\" width=\"30%\">\n<div align=\"left\"><span style=\"color: #000000;\"><strong>Taille de roue <\/strong><\/span><\/div>\n<\/td>\n<td class=\"xl72\" style=\"border-color: #ffffff;\" width=\"284\"><span style=\"color: #000000;\">30 millim\u00e8tres<\/span><\/td>\n<\/tr>\n<tr style=\"height: 46px;\" valign=\"middle\">\n<td class=\"xl72\" style=\"border-color: #ffffff;\" width=\"30%\">\n<div align=\"left\"><span style=\"color: #000000;\"><strong>Vitesse libre <\/strong><\/span><\/div>\n<\/td>\n<td class=\"xl71\" style=\"border-color: #ffffff;\"><span style=\"color: #000000;\">23 000 tr\/min<\/span><\/td>\n<\/tr>\n<tr style=\"height: 46px;\" valign=\"middle\">\n<td class=\"xl72\" style=\"border-color: #ffffff;\" width=\"30%\">\n<div align=\"left\"><span style=\"color: #000000;\"><strong>Moy. Air cons. <\/strong><\/span><\/div>\n<\/td>\n<td class=\"xl71\" style=\"border-color: #ffffff;\"><span style=\"color: #000000;\">3 PCM (85 l\/min)<\/span><\/td>\n<\/tr>\n<tr style=\"height: 46px;\" valign=\"middle\">\n<td class=\"xl72\" style=\"border-color: #ffffff;\" width=\"30%\">\n<div align=\"left\"><span style=\"color: #000000;\"><strong>Pression de l&#039;air <\/strong><\/span><\/div>\n<\/td>\n<td class=\"xl70\" style=\"border-color: #ffffff;\"><span style=\"color: #000000;\">90 psi (6,2 bars)<\/span><\/td>\n<\/tr>\n<tr style=\"height: 46px;\" valign=\"middle\">\n<td class=\"xl72\" style=\"border-color: #ffffff;\" width=\"30%\">\n<div align=\"left\"><span style=\"color: #000000;\"><strong>Poids net <\/strong><\/span><\/div>\n<\/td>\n<td class=\"xl71\" style=\"border-color: #ffffff;\"><span style=\"color: #000000;\">0,36 kg (0,8 lb)<\/span><\/td>\n<\/tr>\n<tr style=\"height: 46px;\" valign=\"middle\">\n<td class=\"xl72\" style=\"border-color: #ffffff;\" width=\"30%\">\n<div align=\"left\"><span style=\"color: #000000;\"><strong>Longueur totale <\/strong><\/span><\/div>\n<\/td>\n<td class=\"xl71\" style=\"border-color: #ffffff;\"><span style=\"color: #000000;\">153mm (6.02\u2033)<\/span><\/td>\n<\/tr>\n<tr style=\"height: 45px;\" valign=\"middle\">\n<td class=\"xl72\" style=\"border-color: #ffffff;\" width=\"30%\">\n<div align=\"left\"><span style=\"color: #000000;\"><strong>Entr\u00e9e d&#039;air <\/strong><\/span><\/div>\n<\/td>\n<td class=\"xl71\" style=\"border-color: #ffffff;\"><span style=\"color: #000000;\">1\/4&#8243;<\/span><\/td>\n<\/tr>\n<tr style=\"height: 46px;\" valign=\"middle\">\n<td class=\"xl72\" style=\"border-color: #ffffff;\" width=\"30%\">\n<div align=\"left\"><span style=\"color: #000000;\"><strong>Accessoire standard<\/strong><\/span><\/div>\n<\/td>\n<td class=\"xl71\" style=\"border-color: #ffffff;\"><span style=\"color: #000000;\">Meule de 30 mm \u00d7 1, tampon en caoutchouc \u00d7 1, papier abrasif \u00d7 6<\/span><\/td>\n<\/tr>\n<\/tbody>\n<\/table>","protected":false},"excerpt":{"rendered":"<p>Notre soci\u00e9t\u00e9 est un fabricant bien connu de meuleuses pneumatiques et de meuleuses d&#039;angle de qualit\u00e9 sup\u00e9rieure \u00e0 Taiwan.<br \/>\nNous nous sommes consacr\u00e9s \u00e0 servir les clients avec notre durabilit\u00e9, notre prix \u00e9quitable et la forte efficacit\u00e9 de la meuleuse pneumatique et de la meuleuse d&#039;angle.<br \/>\nN&#039;h\u00e9sitez pas \u00e0 nous contacter si vous recherchez une meuleuse pneumatique et une meuleuse d&#039;angle au design unique et \u00e9l\u00e9gant.<\/p>","protected":false},"featured_media":4512,"template":"","meta":{"qubely_global_settings":"","qubely_interactions":"","site-sidebar-layout":"default","site-content-layout":"default","ast-global-header-display":"","ast-main-header-display":"","ast-hfb-above-header-display":"","ast-hfb-below-header-display":"","ast-hfb-mobile-header-display":"","site-post-title":"","ast-breadcrumbs-content":"","ast-featured-img":"","footer-sml-layout":"","theme-transparent-header-meta":"","adv-header-id-meta":"","stick-header-meta":"","header-above-stick-meta":"","header-main-stick-meta":"","header-below-stick-meta":""},"product_brand":[],"product_cat":[75,122],"product_tag":[],"class_list":{"0":"post-7107","1":"product","2":"type-product","3":"status-publish","4":"has-post-thumbnail","6":"product_cat-air-die-grinder-angle-grinder","7":"product_cat-angle-die-grinder","8":"desktop-align-center","9":"tablet-align-center","10":"mobile-align-center","11":"ast-product-gallery-layout-horizontal-slider","12":"ast-product-tabs-layout-horizontal","13":"ast-qv-on-image","15":"first","16":"instock","17":"shipping-taxable","18":"product-type-simple"},"uagb_featured_image_src":{"full":["https:\/\/axatool.com\/wp-content\/uploads\/2022\/04\/AG-110-1-30mm-Angle-Grinder-1000x1000.jpg",1000,1000,false],"thumbnail":["https:\/\/axatool.com\/wp-content\/uploads\/2022\/04\/AG-110-1-30mm-Angle-Grinder-150x150.jpg",150,150,true],"medium":["https:\/\/axatool.com\/wp-content\/uploads\/2022\/04\/AG-110-1-30mm-Angle-Grinder-300x300.jpg",300,300,true],"medium_large":["https:\/\/axatool.com\/wp-content\/uploads\/2022\/04\/AG-110-1-30mm-Angle-Grinder-768x768.jpg",768,768,true],"large":["https:\/\/axatool.com\/wp-content\/uploads\/2022\/04\/AG-110-1-30mm-Angle-Grinder-1000x1000.jpg",1000,1000,false],"1536x1536":["https:\/\/axatool.com\/wp-content\/uploads\/2022\/04\/AG-110-1-30mm-Angle-Grinder-1000x1000.jpg",1000,1000,false],"2048x2048":["https:\/\/axatool.com\/wp-content\/uploads\/2022\/04\/AG-110-1-30mm-Angle-Grinder-1000x1000.jpg",1000,1000,false],"trp-custom-language-flag":["https:\/\/axatool.com\/wp-content\/uploads\/2022\/04\/AG-110-1-30mm-Angle-Grinder-12x12.jpg",12,12,true],"qubely_landscape":["https:\/\/axatool.com\/wp-content\/uploads\/2022\/04\/AG-110-1-30mm-Angle-Grinder-1000x750.jpg",1000,750,true],"qubely_portrait":["https:\/\/axatool.com\/wp-content\/uploads\/2022\/04\/AG-110-1-30mm-Angle-Grinder-540x320.jpg",540,320,true],"qubely_thumbnail":["https:\/\/axatool.com\/wp-content\/uploads\/2022\/04\/AG-110-1-30mm-Angle-Grinder-140x100.jpg",140,100,true],"woocommerce_thumbnail":["https:\/\/axatool.com\/wp-content\/uploads\/2022\/04\/AG-110-1-30mm-Angle-Grinder-300x300.jpg",300,300,true],"woocommerce_single":["https:\/\/axatool.com\/wp-content\/uploads\/2022\/04\/AG-110-1-30mm-Angle-Grinder-600x600.jpg",600,600,true],"woocommerce_gallery_thumbnail":["https:\/\/axatool.com\/wp-content\/uploads\/2022\/04\/AG-110-1-30mm-Angle-Grinder-100x100.jpg",100,100,true]},"uagb_author_info":{"display_name":"editor.axatool","author_link":"https:\/\/axatool.com\/fr\/author\/"},"uagb_comment_info":0,"uagb_excerpt":"Our company is a well-known manufacturer of premium grade Air Die Grinder &amp; Angle Grinder in Taiwan. We have devoted ourselves to serve the clients with our durability, fair price and strong efficiency of Air Die Grinder &amp; Angle Grinder. Please feel free to contact us if you are searching for Air Die Grinder &amp;\u2026","_links":{"self":[{"href":"https:\/\/axatool.com\/fr\/wp-json\/wp\/v2\/product\/7107","targetHints":{"allow":["GET"]}}],"collection":[{"href":"https:\/\/axatool.com\/fr\/wp-json\/wp\/v2\/product"}],"about":[{"href":"https:\/\/axatool.com\/fr\/wp-json\/wp\/v2\/types\/product"}],"version-history":[{"count":2,"href":"https:\/\/axatool.com\/fr\/wp-json\/wp\/v2\/product\/7107\/revisions"}],"predecessor-version":[{"id":7186,"href":"https:\/\/axatool.com\/fr\/wp-json\/wp\/v2\/product\/7107\/revisions\/7186"}],"wp:featuredmedia":[{"embeddable":true,"href":"https:\/\/axatool.com\/fr\/wp-json\/wp\/v2\/media\/4512"}],"wp:attachment":[{"href":"https:\/\/axatool.com\/fr\/wp-json\/wp\/v2\/media?parent=7107"}],"wp:term":[{"taxonomy":"product_brand","embeddable":true,"href":"https:\/\/axatool.com\/fr\/wp-json\/wp\/v2\/product_brand?post=7107"},{"taxonomy":"product_cat","embeddable":true,"href":"https:\/\/axatool.com\/fr\/wp-json\/wp\/v2\/product_cat?post=7107"},{"taxonomy":"product_tag","embeddable":true,"href":"https:\/\/axatool.com\/fr\/wp-json\/wp\/v2\/product_tag?post=7107"}],"curies":[{"name":"wp","href":"https:\/\/api.w.org\/{rel}","templated":true}]}}