{"id":6200,"date":"2022-05-24T06:19:29","date_gmt":"2022-05-24T06:19:29","guid":{"rendered":"https:\/\/axatool.com\/product\/uncategorized\/as-803-20520-belt-sander\/"},"modified":"2022-06-15T05:10:58","modified_gmt":"2022-06-15T05:10:58","slug":"as-803-20x520-mm-belt-sander","status":"publish","type":"product","link":"https:\/\/axatool.com\/fr\/produit\/as-803-20x520-mm-belt-sander\/","title":{"rendered":"AS-803 20\u00d7520 mm Belt Sander"},"content":{"rendered":"<p>Finishing of flat surfaces, curved surfaces, and corner can be freely performed by changing the shoe.<br \/>\nSince it is small, lightweight, and balanced so that the grinding surface is stable, extremely fine finishing is possible.<br \/>\nSince the grip can be freely adjusted to the ideal angle, it is extremely safe and work can be performed easily.<br \/>\nThe grinding speed can be freely changed according to the application. Rear exhaust eliminates flying dust and noise.<\/p>\n<h3><strong><span class=\"style2\">\u2699\ufe0f <\/span> sp\u00e9cification<\/strong><\/h3>\n<table id=\"tabs-nav\" class=\"xl756500\" style=\"width: 80.6799%;\" border=\"3\" width=\"592\" cellspacing=\"2\" cellpadding=\"5\" align=\"left\" bgcolor=\"#FEA500\">\n<tbody>\n<tr>\n<th class=\"xl77\" style=\"border-color: #ffffff; width: 30.5723%;\" align=\"left\" nowrap=\"nowrap\" width=\"152\"><span style=\"color: #000000;\"><strong>Sanding Belt<\/strong><\/span><\/th>\n<td class=\"xl73\" style=\"border-color: #ffffff; width: 69.2771%;\" align=\"left\" width=\"527\"><span style=\"color: #000000;\">20 x 520mm \/ Item No. : AS-803-1<\/span><\/td>\n<\/tr>\n<tr>\n<th class=\"xl74\" style=\"border-color: #ffffff; width: 30.5723%;\" align=\"left\" nowrap=\"nowrap\"><span style=\"color: #000000;\"><strong>Vitesse libre<\/strong><\/span><\/th>\n<td class=\"xl73\" style=\"border-color: #ffffff; width: 69.2771%;\" align=\"left\"><span style=\"color: #000000;\">18 000 tr\/min<\/span><\/td>\n<\/tr>\n<tr>\n<th class=\"xl74\" style=\"border-color: #ffffff; width: 30.5723%;\" align=\"left\" nowrap=\"nowrap\"><span style=\"color: #000000;\"><strong>Moy. Air cons.<\/strong><\/span><\/th>\n<td class=\"xl78\" style=\"border-color: #ffffff; width: 69.2771%;\" align=\"left\"><span class=\"xl75\" style=\"color: #000000;\">3 PCM (85 l\/min) <\/span><\/td>\n<\/tr>\n<tr>\n<th class=\"xl77\" style=\"border-color: #ffffff; width: 30.5723%;\" align=\"left\" nowrap=\"nowrap\"><span style=\"color: #000000;\"><strong>Pression de l&#039;air<\/strong><\/span><\/th>\n<td class=\"xl79\" style=\"border-color: #ffffff; width: 69.2771%;\"><span style=\"color: #000000;\">90 psi (6,2 bars)<\/span><\/td>\n<\/tr>\n<tr>\n<th class=\"xl74\" style=\"border-color: #ffffff; width: 30.5723%;\" align=\"left\" nowrap=\"nowrap\"><span style=\"color: #000000;\"><strong>Poids net<\/strong><\/span><\/th>\n<td class=\"xl73\" style=\"border-color: #ffffff; width: 69.2771%;\" align=\"left\"><span style=\"color: #000000;\">1.01 kgs (2.23 lbs)<\/span><\/td>\n<\/tr>\n<tr>\n<th class=\"xl74\" style=\"border-color: #ffffff; width: 30.5723%;\" align=\"left\" nowrap=\"nowrap\"><span style=\"color: #000000;\"><strong>Longueur totale<\/strong><\/span><\/th>\n<td class=\"xl78\" style=\"border-color: #ffffff; width: 69.2771%;\" align=\"left\"><span class=\"xl75\" style=\"color: #000000;\">350 mm (13.78&#8243;) <\/span><\/td>\n<\/tr>\n<tr>\n<th class=\"xl74\" style=\"border-color: #ffffff; width: 30.5723%;\" align=\"left\" nowrap=\"nowrap\"><span style=\"color: #000000;\"><strong>Entr\u00e9e d&#039;air<\/strong><\/span><\/th>\n<td class=\"xl73\" style=\"border-color: #ffffff; width: 69.2771%;\" align=\"left\"><span style=\"color: #000000;\">1\/4&#8243;<\/span><\/td>\n<\/tr>\n<tr>\n<th class=\"xl74\" style=\"border-color: #ffffff; width: 30.5723%;\" align=\"left\" nowrap=\"nowrap\"><span style=\"color: #000000;\"><strong>ID du tuyau d&#039;air<\/strong><\/span><\/th>\n<td class=\"xl73\" style=\"border-color: #ffffff; width: 69.2771%;\" align=\"left\"><span style=\"color: #000000;\">1\/2&#8243;<\/span><\/td>\n<\/tr>\n<tr>\n<th class=\"xl75\" style=\"border-color: #ffffff; width: 30.5723%;\" align=\"left\" nowrap=\"nowrap\"><span style=\"color: #000000;\"><strong>Pression sonore<\/strong><\/span><\/th>\n<td class=\"xl73\" style=\"border-color: #ffffff; width: 69.2771%;\" align=\"left\"><span style=\"color: #000000;\">84 dB(A)<\/span><\/td>\n<\/tr>\n<tr>\n<th class=\"xl74\" style=\"border-color: #ffffff; width: 30.5723%;\" align=\"left\" nowrap=\"nowrap\"><span style=\"color: #000000;\"><strong>Niveau de vibration<\/strong><\/span><\/th>\n<td class=\"xl73\" style=\"border-color: #ffffff; width: 69.2771%;\" align=\"left\"><span style=\"color: #000000;\">0.55 m\/s\u00b2<\/span><\/td>\n<\/tr>\n<tr>\n<th class=\"xl74\" style=\"border-color: #ffffff; width: 30.5723%;\" align=\"left\" nowrap=\"nowrap\"><span style=\"color: #000000;\"><strong>Emballage<\/strong><\/span><\/th>\n<td class=\"xl73\" style=\"border-color: #ffffff; width: 69.2771%;\" align=\"left\"><span style=\"color: #000000;\">10pcs\/ctn\/1.4cu-ft\/GW:15kg<\/span><\/td>\n<\/tr>\n<\/tbody>\n<\/table>","protected":false},"excerpt":{"rendered":"<p>Notre soci\u00e9t\u00e9 est un fabricant bien connu de ponceuses et polisseuses pneumatiques de qualit\u00e9 sup\u00e9rieure \u00e0 Taiwan. Nous nous sommes consacr\u00e9s \u00e0 servir les clients avec notre durabilit\u00e9, notre juste prix et la forte efficacit\u00e9 de la ponceuse et de la polisseuse \u00e0 air. N&#039;h\u00e9sitez pas \u00e0 nous contacter si vous recherchez une ponceuse et une polisseuse \u00e0 air au design unique et \u00e9l\u00e9gant.<\/p>","protected":false},"featured_media":6080,"template":"","meta":{"qubely_global_settings":"","qubely_interactions":"","site-sidebar-layout":"default","site-content-layout":"default","ast-global-header-display":"","ast-main-header-display":"","ast-hfb-above-header-display":"","ast-hfb-below-header-display":"","ast-hfb-mobile-header-display":"","site-post-title":"","ast-breadcrumbs-content":"","ast-featured-img":"","footer-sml-layout":"","theme-transparent-header-meta":"","adv-header-id-meta":"","stick-header-meta":"","header-above-stick-meta":"","header-main-stick-meta":"","header-below-stick-meta":""},"product_brand":[],"product_cat":[101,108],"product_tag":[],"class_list":{"0":"post-6200","1":"product","2":"type-product","3":"status-publish","4":"has-post-thumbnail","6":"product_cat-air-sander-air-polisher","7":"product_cat-belt-sander","8":"desktop-align-center","9":"tablet-align-center","10":"mobile-align-center","11":"ast-product-gallery-layout-horizontal-slider","12":"ast-product-tabs-layout-horizontal","13":"ast-qv-on-image","15":"first","16":"instock","17":"shipping-taxable","18":"purchasable","19":"product-type-simple"},"uagb_featured_image_src":{"full":["https:\/\/axatool.com\/wp-content\/uploads\/2022\/05\/AS-803-20\u00d7520-1Belt-Sander-1000x1000.jpg",1000,1000,false],"thumbnail":["https:\/\/axatool.com\/wp-content\/uploads\/2022\/05\/AS-803-20\u00d7520-1Belt-Sander-150x150.jpg",150,150,true],"medium":["https:\/\/axatool.com\/wp-content\/uploads\/2022\/05\/AS-803-20\u00d7520-1Belt-Sander-300x300.jpg",300,300,true],"medium_large":["https:\/\/axatool.com\/wp-content\/uploads\/2022\/05\/AS-803-20\u00d7520-1Belt-Sander-768x768.jpg",768,768,true],"large":["https:\/\/axatool.com\/wp-content\/uploads\/2022\/05\/AS-803-20\u00d7520-1Belt-Sander-1000x1000.jpg",1000,1000,false],"1536x1536":["https:\/\/axatool.com\/wp-content\/uploads\/2022\/05\/AS-803-20\u00d7520-1Belt-Sander-1000x1000.jpg",1000,1000,false],"2048x2048":["https:\/\/axatool.com\/wp-content\/uploads\/2022\/05\/AS-803-20\u00d7520-1Belt-Sander-1000x1000.jpg",1000,1000,false],"trp-custom-language-flag":["https:\/\/axatool.com\/wp-content\/uploads\/2022\/05\/AS-803-20\u00d7520-1Belt-Sander-12x12.jpg",12,12,true],"qubely_landscape":["https:\/\/axatool.com\/wp-content\/uploads\/2022\/05\/AS-803-20\u00d7520-1Belt-Sander-1000x750.jpg",1000,750,true],"qubely_portrait":["https:\/\/axatool.com\/wp-content\/uploads\/2022\/05\/AS-803-20\u00d7520-1Belt-Sander-540x320.jpg",540,320,true],"qubely_thumbnail":["https:\/\/axatool.com\/wp-content\/uploads\/2022\/05\/AS-803-20\u00d7520-1Belt-Sander-140x100.jpg",140,100,true],"woocommerce_thumbnail":["https:\/\/axatool.com\/wp-content\/uploads\/2022\/05\/AS-803-20\u00d7520-1Belt-Sander-300x300.jpg",300,300,true],"woocommerce_single":["https:\/\/axatool.com\/wp-content\/uploads\/2022\/05\/AS-803-20\u00d7520-1Belt-Sander-600x600.jpg",600,600,true],"woocommerce_gallery_thumbnail":["https:\/\/axatool.com\/wp-content\/uploads\/2022\/05\/AS-803-20\u00d7520-1Belt-Sander-100x100.jpg",100,100,true]},"uagb_author_info":{"display_name":"editor.axatool","author_link":"https:\/\/axatool.com\/fr\/author\/"},"uagb_comment_info":0,"uagb_excerpt":"Our Company Is A Well-Known Manufacturer Of Premium Grade Air Sander &amp; Polisher In Taiwan. We Have Devoted Ourselves To Serve The Clients With Our Durability, Fair Price And Strong Efficiency Of Air Sander &amp; Polisher. Please Feel Free To Contact Us If You Are Searching For Air Sander &amp; Polisher With Unique And Stylish\u2026","_links":{"self":[{"href":"https:\/\/axatool.com\/fr\/wp-json\/wp\/v2\/product\/6200","targetHints":{"allow":["GET"]}}],"collection":[{"href":"https:\/\/axatool.com\/fr\/wp-json\/wp\/v2\/product"}],"about":[{"href":"https:\/\/axatool.com\/fr\/wp-json\/wp\/v2\/types\/product"}],"version-history":[{"count":7,"href":"https:\/\/axatool.com\/fr\/wp-json\/wp\/v2\/product\/6200\/revisions"}],"predecessor-version":[{"id":7431,"href":"https:\/\/axatool.com\/fr\/wp-json\/wp\/v2\/product\/6200\/revisions\/7431"}],"wp:featuredmedia":[{"embeddable":true,"href":"https:\/\/axatool.com\/fr\/wp-json\/wp\/v2\/media\/6080"}],"wp:attachment":[{"href":"https:\/\/axatool.com\/fr\/wp-json\/wp\/v2\/media?parent=6200"}],"wp:term":[{"taxonomy":"product_brand","embeddable":true,"href":"https:\/\/axatool.com\/fr\/wp-json\/wp\/v2\/product_brand?post=6200"},{"taxonomy":"product_cat","embeddable":true,"href":"https:\/\/axatool.com\/fr\/wp-json\/wp\/v2\/product_cat?post=6200"},{"taxonomy":"product_tag","embeddable":true,"href":"https:\/\/axatool.com\/fr\/wp-json\/wp\/v2\/product_tag?post=6200"}],"curies":[{"name":"wp","href":"https:\/\/api.w.org\/{rel}","templated":true}]}}