{"id":6188,"date":"2022-05-24T06:07:16","date_gmt":"2022-05-24T06:07:16","guid":{"rendered":"https:\/\/axatool.com\/product\/uncategorized\/as-612-3-1-24-palm-orbital-sander-non-vacuum\/"},"modified":"2022-06-15T03:15:02","modified_gmt":"2022-06-15T03:15:02","slug":"as-612-90x100-mm-palm-orbital-sander-non-vacuum","status":"publish","type":"product","link":"https:\/\/axatool.com\/fr\/produit\/as-612-90x100-mm-palm-orbital-sander-non-vacuum\/","title":{"rendered":"AS-612 90&#215;100 mm Palm Orbital Sander \/Non-Vacuum"},"content":{"rendered":"<ul>\n<li>The self-generated sander, independent sanding, no vacuum cleaner is required. The dust can be collected into the dust-collecting bag during operation to keep place clean and save the operator from the air pollution.<\/li>\n<li>The item is suitable for following operation:\n<ol>\n<li>For wooden products: table, chair, sideboard, bed, cheat of drawers, etc.<\/li>\n<li>For plastic products: clear finish of round and curved surface, deburring and removing scratch of plastic products.<\/li>\n<li>For glass products: finishing of edge and removing scratch, etc.<\/li>\n<li>For metal products: deburring, removing scratch, sanding, polishing for all kinds of steel, iron, non-ferrous metal, hairline finish of stainless steel, etc.<\/li>\n<\/ol>\n<\/li>\n<\/ul>\n<h3><strong><span class=\"style2\">\u2699\ufe0f <\/span> sp\u00e9cification<\/strong><\/h3>\n<table id=\"tabs-nav\" class=\"xl756500\" style=\"width: 80.6799%;\" border=\"3\" width=\"592\" cellspacing=\"2\" cellpadding=\"5\" align=\"left\" bgcolor=\"#FEA500\">\n<tbody>\n<tr>\n<th class=\"xl76\" style=\"border-color: #ffffff; width: 30%;\" nowrap=\"nowrap\" width=\"152\">\n<div align=\"left\"><span style=\"color: #000000;\"><strong>Taille du tampon<\/strong><\/span><\/div>\n<\/th>\n<td class=\"xl73\" style=\"border-color: #ffffff; width: 70.9337%;\" width=\"527\"><span style=\"color: #000000;\">90 x 100 mm (3-1\/2&#8243; x 4&#8243;)<\/span><\/td>\n<\/tr>\n<tr>\n<th class=\"xl76\" style=\"border-color: #ffffff; width: 28.9157%;\" nowrap=\"nowrap\">\n<div align=\"left\"><span style=\"color: #000000;\"><strong>Diam\u00e8tre d&#039;orbite<\/strong><\/span><\/div>\n<\/th>\n<td class=\"xl73\" style=\"border-color: #ffffff; width: 70.9337%;\"><span style=\"color: #000000;\">3 mm (3\/32&#8243;)<\/span><\/td>\n<\/tr>\n<tr>\n<th class=\"xl76\" style=\"border-color: #ffffff; width: 28.9157%;\" nowrap=\"nowrap\">\n<div align=\"left\"><span style=\"color: #000000;\"><strong>Vitesse libre<\/strong><\/span><\/div>\n<\/th>\n<td class=\"xl73\" style=\"border-color: #ffffff; width: 70.9337%;\"><span style=\"color: #000000;\">9 000 tr\/min<\/span><\/td>\n<\/tr>\n<tr>\n<th class=\"xl76\" style=\"border-color: #ffffff; width: 28.9157%;\" nowrap=\"nowrap\">\n<div align=\"left\"><span style=\"color: #000000;\"><strong>Moy. Air cons.<\/strong><\/span><\/div>\n<\/th>\n<td class=\"xl77\" style=\"border-color: #ffffff; width: 70.9337%;\"><span style=\"color: #000000;\">9.2 CFM (260.5 l\/min)<\/span><\/td>\n<\/tr>\n<tr>\n<th class=\"xl76\" style=\"border-color: #ffffff; width: 28.9157%;\" nowrap=\"nowrap\">\n<div align=\"left\"><span style=\"color: #000000;\"><strong>Pression de l&#039;air<\/strong><\/span><\/div>\n<\/th>\n<td class=\"xl78\" style=\"border-color: #ffffff; width: 70.9337%;\"><span style=\"color: #000000;\">90 psi (6,2 bars)<\/span><\/td>\n<\/tr>\n<tr>\n<th class=\"xl76\" style=\"border-color: #ffffff; width: 28.9157%;\" nowrap=\"nowrap\">\n<div align=\"left\"><span style=\"color: #000000;\"><strong>Poids net<\/strong><\/span><\/div>\n<\/th>\n<td class=\"xl73\" style=\"border-color: #ffffff; width: 70.9337%;\"><span style=\"color: #000000;\">0.94 kgs (2.07 lbs)<\/span><\/td>\n<\/tr>\n<tr>\n<th class=\"xl76\" style=\"border-color: #ffffff; width: 28.9157%;\" nowrap=\"nowrap\">\n<div align=\"left\"><span style=\"color: #000000;\"><strong>La mesure<\/strong><\/span><\/div>\n<\/th>\n<td class=\"xl73\" style=\"border-color: #ffffff; width: 70.9337%;\"><span style=\"color: #000000;\">L150 x H72 mm<\/span><\/td>\n<\/tr>\n<tr>\n<th class=\"xl76\" style=\"border-color: #ffffff; width: 28.9157%;\" nowrap=\"nowrap\">\n<div align=\"left\"><span style=\"color: #000000;\"><strong>Entr\u00e9e d&#039;air<\/strong><\/span><\/div>\n<\/th>\n<td class=\"xl73\" style=\"border-color: #ffffff; width: 70.9337%;\"><span style=\"color: #000000;\">1\/4&#8243;<\/span><\/td>\n<\/tr>\n<tr>\n<th class=\"xl76\" style=\"border-color: #ffffff; width: 28.9157%;\" nowrap=\"nowrap\">\n<div align=\"left\"><span style=\"color: #000000;\"><strong>ID du tuyau d&#039;air<\/strong><\/span><\/div>\n<\/th>\n<td class=\"xl73\" style=\"border-color: #ffffff; width: 70.9337%;\"><span style=\"color: #000000;\">1\/4\u2033 (6,5 mm)<\/span><\/td>\n<\/tr>\n<tr>\n<th class=\"xl76\" style=\"border-color: #ffffff; width: 28.9157%;\" nowrap=\"nowrap\">\n<div align=\"left\"><span style=\"color: #000000;\"><strong>\u00c9chappement d&#039;air<\/strong><\/span><\/div>\n<\/th>\n<td class=\"xl73\" style=\"border-color: #ffffff; width: 70.9337%;\"><span style=\"color: #000000;\">Arri\u00e8re<\/span><\/td>\n<\/tr>\n<tr>\n<th class=\"xl76\" style=\"border-color: #ffffff; width: 28.9157%;\" nowrap=\"nowrap\">\n<div align=\"left\"><span style=\"color: #000000;\"><strong>Pression sonore<\/strong><\/span><\/div>\n<\/th>\n<td class=\"xl73\" style=\"border-color: #ffffff; width: 70.9337%;\"><span style=\"color: #000000;\">81 dB(A)<\/span><\/td>\n<\/tr>\n<tr>\n<th class=\"xl76\" style=\"border-color: #ffffff; width: 28.9157%;\" nowrap=\"nowrap\">\n<div align=\"left\"><span style=\"color: #000000;\"><strong>Niveau de vibration<\/strong><\/span><\/div>\n<\/th>\n<td class=\"xl73\" style=\"border-color: #ffffff; width: 70.9337%;\"><span style=\"color: #000000;\">2,5 m\/s\u00b2<\/span><\/td>\n<\/tr>\n<tr>\n<th class=\"xl76\" style=\"border-color: #ffffff; width: 28.9157%;\" nowrap=\"nowrap\">\n<div align=\"left\"><span style=\"color: #000000;\"><strong>Emballage<\/strong><\/span><\/div>\n<\/th>\n<td class=\"xl73\" style=\"border-color: #ffffff; width: 70.9337%;\"><span style=\"color: #000000;\">12pcs\/ctn\/1.58cu-ft\/GW:18kg<\/span><\/td>\n<\/tr>\n<\/tbody>\n<\/table>","protected":false},"excerpt":{"rendered":"<p>Notre soci\u00e9t\u00e9 est un fabricant bien connu de ponceuses et polisseuses pneumatiques de qualit\u00e9 sup\u00e9rieure \u00e0 Taiwan. Nous nous sommes consacr\u00e9s \u00e0 servir les clients avec notre durabilit\u00e9, notre juste prix et la forte efficacit\u00e9 de la ponceuse et de la polisseuse \u00e0 air. N&#039;h\u00e9sitez pas \u00e0 nous contacter si vous recherchez une ponceuse et une polisseuse \u00e0 air au design unique et \u00e9l\u00e9gant.<\/p>","protected":false},"featured_media":6003,"template":"","meta":{"qubely_global_settings":"","qubely_interactions":"","site-sidebar-layout":"default","site-content-layout":"default","ast-global-header-display":"","ast-main-header-display":"","ast-hfb-above-header-display":"","ast-hfb-below-header-display":"","ast-hfb-mobile-header-display":"","site-post-title":"","ast-breadcrumbs-content":"","ast-featured-img":"","footer-sml-layout":"","theme-transparent-header-meta":"","adv-header-id-meta":"","stick-header-meta":"","header-above-stick-meta":"","header-main-stick-meta":"","header-below-stick-meta":""},"product_brand":[],"product_cat":[133,101],"product_tag":[],"class_list":{"0":"post-6188","1":"product","2":"type-product","3":"status-publish","4":"has-post-thumbnail","6":"product_cat-square-jitterbug-sander","7":"product_cat-air-sander-air-polisher","8":"desktop-align-center","9":"tablet-align-center","10":"mobile-align-center","11":"ast-product-gallery-layout-horizontal-slider","12":"ast-product-gallery-with-no-image","13":"ast-product-tabs-layout-horizontal","14":"ast-qv-on-image","16":"first","17":"instock","18":"shipping-taxable","19":"purchasable","20":"product-type-simple"},"uagb_featured_image_src":{"full":["https:\/\/axatool.com\/wp-content\/uploads\/2022\/05\/AS-602-AS-612-Palm-Orbital-Sander-Non-Vacuum-1000x1000.jpg",1000,1000,false],"thumbnail":["https:\/\/axatool.com\/wp-content\/uploads\/2022\/05\/AS-602-AS-612-Palm-Orbital-Sander-Non-Vacuum-150x150.jpg",150,150,true],"medium":["https:\/\/axatool.com\/wp-content\/uploads\/2022\/05\/AS-602-AS-612-Palm-Orbital-Sander-Non-Vacuum-300x300.jpg",300,300,true],"medium_large":["https:\/\/axatool.com\/wp-content\/uploads\/2022\/05\/AS-602-AS-612-Palm-Orbital-Sander-Non-Vacuum-768x768.jpg",768,768,true],"large":["https:\/\/axatool.com\/wp-content\/uploads\/2022\/05\/AS-602-AS-612-Palm-Orbital-Sander-Non-Vacuum-1000x1000.jpg",1000,1000,false],"1536x1536":["https:\/\/axatool.com\/wp-content\/uploads\/2022\/05\/AS-602-AS-612-Palm-Orbital-Sander-Non-Vacuum-1000x1000.jpg",1000,1000,false],"2048x2048":["https:\/\/axatool.com\/wp-content\/uploads\/2022\/05\/AS-602-AS-612-Palm-Orbital-Sander-Non-Vacuum-1000x1000.jpg",1000,1000,false],"trp-custom-language-flag":["https:\/\/axatool.com\/wp-content\/uploads\/2022\/05\/AS-602-AS-612-Palm-Orbital-Sander-Non-Vacuum-12x12.jpg",12,12,true],"qubely_landscape":["https:\/\/axatool.com\/wp-content\/uploads\/2022\/05\/AS-602-AS-612-Palm-Orbital-Sander-Non-Vacuum-1000x750.jpg",1000,750,true],"qubely_portrait":["https:\/\/axatool.com\/wp-content\/uploads\/2022\/05\/AS-602-AS-612-Palm-Orbital-Sander-Non-Vacuum-540x320.jpg",540,320,true],"qubely_thumbnail":["https:\/\/axatool.com\/wp-content\/uploads\/2022\/05\/AS-602-AS-612-Palm-Orbital-Sander-Non-Vacuum-140x100.jpg",140,100,true],"woocommerce_thumbnail":["https:\/\/axatool.com\/wp-content\/uploads\/2022\/05\/AS-602-AS-612-Palm-Orbital-Sander-Non-Vacuum-300x300.jpg",300,300,true],"woocommerce_single":["https:\/\/axatool.com\/wp-content\/uploads\/2022\/05\/AS-602-AS-612-Palm-Orbital-Sander-Non-Vacuum-600x600.jpg",600,600,true],"woocommerce_gallery_thumbnail":["https:\/\/axatool.com\/wp-content\/uploads\/2022\/05\/AS-602-AS-612-Palm-Orbital-Sander-Non-Vacuum-100x100.jpg",100,100,true]},"uagb_author_info":{"display_name":"editor.axatool","author_link":"https:\/\/axatool.com\/fr\/author\/"},"uagb_comment_info":0,"uagb_excerpt":"Our Company Is A Well-Known Manufacturer Of Premium Grade Air Sander &amp; Polisher In Taiwan. We Have Devoted Ourselves To Serve The Clients With Our Durability, Fair Price And Strong Efficiency Of Air Sander &amp; Polisher. Please Feel Free To Contact Us If You Are Searching For Air Sander &amp; Polisher With Unique And Stylish\u2026","_links":{"self":[{"href":"https:\/\/axatool.com\/fr\/wp-json\/wp\/v2\/product\/6188","targetHints":{"allow":["GET"]}}],"collection":[{"href":"https:\/\/axatool.com\/fr\/wp-json\/wp\/v2\/product"}],"about":[{"href":"https:\/\/axatool.com\/fr\/wp-json\/wp\/v2\/types\/product"}],"version-history":[{"count":7,"href":"https:\/\/axatool.com\/fr\/wp-json\/wp\/v2\/product\/6188\/revisions"}],"predecessor-version":[{"id":7408,"href":"https:\/\/axatool.com\/fr\/wp-json\/wp\/v2\/product\/6188\/revisions\/7408"}],"wp:featuredmedia":[{"embeddable":true,"href":"https:\/\/axatool.com\/fr\/wp-json\/wp\/v2\/media\/6003"}],"wp:attachment":[{"href":"https:\/\/axatool.com\/fr\/wp-json\/wp\/v2\/media?parent=6188"}],"wp:term":[{"taxonomy":"product_brand","embeddable":true,"href":"https:\/\/axatool.com\/fr\/wp-json\/wp\/v2\/product_brand?post=6188"},{"taxonomy":"product_cat","embeddable":true,"href":"https:\/\/axatool.com\/fr\/wp-json\/wp\/v2\/product_cat?post=6188"},{"taxonomy":"product_tag","embeddable":true,"href":"https:\/\/axatool.com\/fr\/wp-json\/wp\/v2\/product_tag?post=6188"}],"curies":[{"name":"wp","href":"https:\/\/api.w.org\/{rel}","templated":true}]}}