{"id":6176,"date":"2022-05-24T06:07:15","date_gmt":"2022-05-24T06:07:15","guid":{"rendered":"https:\/\/axatool.com\/product\/uncategorized\/as-513p-7-angle-polisher\/"},"modified":"2022-06-08T07:27:25","modified_gmt":"2022-06-08T07:27:25","slug":"as-513p-7-angle-polisher","status":"publish","type":"product","link":"https:\/\/axatool.com\/fr\/produit\/as-513p-7-angle-polisher\/","title":{"rendered":"AS-513P 7&#8243; Angle Polisher"},"content":{"rendered":"<p>Equipped with reversible handle for operation with both left hand and right hand. The small design makes it perfect for reaching smaller areas and tighter contours with less user fatigue.<\/p>\n<h3><strong><span class=\"style2\">\u2699\ufe0f <\/span> sp\u00e9cification<\/strong><\/h3>\n<table id=\"tabs-nav\" class=\"xl756500\" style=\"width: 80.6799%;\" border=\"3\" width=\"592\" cellspacing=\"2\" cellpadding=\"5\" align=\"left\" bgcolor=\"#FEA500\">\n<tbody>\n<tr>\n<td class=\"xl76\" style=\"width: 30%; border-color: #ffffff;\" width=\"152\">\n<div align=\"left\"><span style=\"color: #000000;\"><strong>Taille du tampon<\/strong><\/span><\/div>\n<\/td>\n<td class=\"xl73\" style=\"border-color: #ffffff;\" width=\"527\"><span style=\"color: #000000;\">7&#8243; (178 mm) \/ Item No. : PR-307 <\/span><\/td>\n<\/tr>\n<tr>\n<td class=\"xl76\" style=\"border-color: #ffffff;\" align=\"left\"><span style=\"color: #000000;\"><strong>Vitesse libre<\/strong><\/span><\/td>\n<td class=\"xl73\" style=\"border-color: #ffffff;\" align=\"left\"><span style=\"color: #000000;\">(5\/8&#8243; x 11T \/ 2,000 RPM), (M14 x 2.0 \/ 2,500 RPM), (5\/16&#8243; x 24T\/ 3,200 RPM)<\/span><\/td>\n<\/tr>\n<tr>\n<td class=\"xl74\" style=\"border-color: #ffffff;\" align=\"left\"><span style=\"color: #000000;\"><strong>Moy. Air cons.<\/strong><\/span><\/td>\n<td class=\"xl77\" style=\"border-color: #ffffff;\" align=\"left\"><span style=\"color: #000000;\">3 PCM (84 l\/min)<\/span><\/td>\n<\/tr>\n<tr>\n<td class=\"xl74\" style=\"border-color: #ffffff;\" align=\"left\"><span style=\"color: #000000;\"><strong>Pression de l&#039;air<\/strong><\/span><\/td>\n<td class=\"xl78\" style=\"border-color: #ffffff;\"><span style=\"color: #000000;\">90 psi (6,2 bars)<\/span><\/td>\n<\/tr>\n<tr>\n<td class=\"xl76\" style=\"border-color: #ffffff;\" align=\"left\"><span style=\"color: #000000;\"><strong>Poids net<\/strong><\/span><\/td>\n<td class=\"xl73\" style=\"border-color: #ffffff;\" align=\"left\"><span style=\"color: #000000;\">1.5 Kgs<\/span><\/td>\n<\/tr>\n<tr>\n<td class=\"xl76\" style=\"border-color: #ffffff;\" align=\"left\"><span style=\"color: #000000;\"><strong>Longueur totale<\/strong><\/span><\/td>\n<td class=\"xl73\" style=\"border-color: #ffffff;\" align=\"left\"><span style=\"color: #000000;\">L255 x H140 mm<\/span><\/td>\n<\/tr>\n<tr>\n<td class=\"xl76\" style=\"border-color: #ffffff;\" align=\"left\"><span style=\"color: #000000;\"><strong>Entr\u00e9e d&#039;air<\/strong><\/span><\/td>\n<td class=\"xl73\" style=\"border-color: #ffffff;\" align=\"left\"><span style=\"color: #000000;\">1\/4&#8243;<\/span><\/td>\n<\/tr>\n<tr>\n<td class=\"xl74\" style=\"border-color: #ffffff;\" align=\"left\"><span style=\"color: #000000;\"><strong>ID du tuyau d&#039;air<\/strong><\/span><\/td>\n<td class=\"xl73\" style=\"border-color: #ffffff;\" align=\"left\"><span style=\"color: #000000;\">3\/8\u2033 (10mm)<\/span><\/td>\n<\/tr>\n<tr>\n<td class=\"xl75\" style=\"border-color: #ffffff;\" align=\"left\"><span style=\"color: #000000;\"><strong>Pression sonore<\/strong><\/span><\/td>\n<td class=\"xl73\" style=\"border-color: #ffffff;\" align=\"left\"><span style=\"color: #000000;\">82 dB(A)<\/span><\/td>\n<\/tr>\n<tr>\n<td class=\"xl75\" style=\"border-color: #ffffff;\" align=\"left\"><span style=\"color: #000000;\"><strong>Emballage<\/strong><\/span><\/td>\n<td class=\"xl73\" style=\"border-color: #ffffff;\" align=\"left\"><span style=\"color: #000000;\">10pcs\/ctn\/1.4cu-ft\/GW:15kg<\/span><\/td>\n<\/tr>\n<\/tbody>\n<\/table>","protected":false},"excerpt":{"rendered":"<p>Notre soci\u00e9t\u00e9 est un fabricant bien connu de ponceuses et polisseuses pneumatiques de qualit\u00e9 sup\u00e9rieure \u00e0 Taiwan. Nous nous sommes consacr\u00e9s \u00e0 servir les clients avec notre durabilit\u00e9, notre juste prix et la forte efficacit\u00e9 de la ponceuse et de la polisseuse \u00e0 air. N&#039;h\u00e9sitez pas \u00e0 nous contacter si vous recherchez une ponceuse et une polisseuse \u00e0 air au design unique et \u00e9l\u00e9gant.<\/p>","protected":false},"featured_media":6063,"template":"","meta":{"qubely_global_settings":"","qubely_interactions":"","site-sidebar-layout":"default","site-content-layout":"default","ast-global-header-display":"","ast-main-header-display":"","ast-hfb-above-header-display":"","ast-hfb-below-header-display":"","ast-hfb-mobile-header-display":"","site-post-title":"","ast-breadcrumbs-content":"","ast-featured-img":"","footer-sml-layout":"","theme-transparent-header-meta":"","adv-header-id-meta":"","stick-header-meta":"","header-above-stick-meta":"","header-main-stick-meta":"","header-below-stick-meta":""},"product_brand":[],"product_cat":[106,101],"product_tag":[129],"class_list":{"0":"post-6176","1":"product","2":"type-product","3":"status-publish","4":"has-post-thumbnail","6":"product_cat-angle-sander-polisher","7":"product_cat-air-sander-air-polisher","8":"product_tag-angle-polisher","9":"desktop-align-center","10":"tablet-align-center","11":"mobile-align-center","12":"ast-product-gallery-layout-horizontal-slider","13":"ast-product-tabs-layout-horizontal","14":"ast-qv-on-image","16":"first","17":"instock","18":"shipping-taxable","19":"purchasable","20":"product-type-simple"},"uagb_featured_image_src":{"full":["https:\/\/axatool.com\/wp-content\/uploads\/2022\/05\/AS-513P-1Angle-Polisher-1000x1000.jpg",1000,1000,false],"thumbnail":["https:\/\/axatool.com\/wp-content\/uploads\/2022\/05\/AS-513P-1Angle-Polisher-150x150.jpg",150,150,true],"medium":["https:\/\/axatool.com\/wp-content\/uploads\/2022\/05\/AS-513P-1Angle-Polisher-300x300.jpg",300,300,true],"medium_large":["https:\/\/axatool.com\/wp-content\/uploads\/2022\/05\/AS-513P-1Angle-Polisher-768x768.jpg",768,768,true],"large":["https:\/\/axatool.com\/wp-content\/uploads\/2022\/05\/AS-513P-1Angle-Polisher-1000x1000.jpg",1000,1000,false],"1536x1536":["https:\/\/axatool.com\/wp-content\/uploads\/2022\/05\/AS-513P-1Angle-Polisher-1000x1000.jpg",1000,1000,false],"2048x2048":["https:\/\/axatool.com\/wp-content\/uploads\/2022\/05\/AS-513P-1Angle-Polisher-1000x1000.jpg",1000,1000,false],"trp-custom-language-flag":["https:\/\/axatool.com\/wp-content\/uploads\/2022\/05\/AS-513P-1Angle-Polisher-12x12.jpg",12,12,true],"qubely_landscape":["https:\/\/axatool.com\/wp-content\/uploads\/2022\/05\/AS-513P-1Angle-Polisher-1000x750.jpg",1000,750,true],"qubely_portrait":["https:\/\/axatool.com\/wp-content\/uploads\/2022\/05\/AS-513P-1Angle-Polisher-540x320.jpg",540,320,true],"qubely_thumbnail":["https:\/\/axatool.com\/wp-content\/uploads\/2022\/05\/AS-513P-1Angle-Polisher-140x100.jpg",140,100,true],"woocommerce_thumbnail":["https:\/\/axatool.com\/wp-content\/uploads\/2022\/05\/AS-513P-1Angle-Polisher-300x300.jpg",300,300,true],"woocommerce_single":["https:\/\/axatool.com\/wp-content\/uploads\/2022\/05\/AS-513P-1Angle-Polisher-600x600.jpg",600,600,true],"woocommerce_gallery_thumbnail":["https:\/\/axatool.com\/wp-content\/uploads\/2022\/05\/AS-513P-1Angle-Polisher-100x100.jpg",100,100,true]},"uagb_author_info":{"display_name":"editor.axatool","author_link":"https:\/\/axatool.com\/fr\/author\/"},"uagb_comment_info":0,"uagb_excerpt":"Our Company Is A Well-Known Manufacturer Of Premium Grade Air Sander & Polisher In Taiwan. We Have Devoted Ourselves To Serve The Clients With Our Durability, Fair Price And Strong Efficiency Of Air Sander & Polisher. Please Feel Free To Contact Us If You Are Searching For Air Sander & Polisher With Unique And Stylish\u2026","_links":{"self":[{"href":"https:\/\/axatool.com\/fr\/wp-json\/wp\/v2\/product\/6176","targetHints":{"allow":["GET"]}}],"collection":[{"href":"https:\/\/axatool.com\/fr\/wp-json\/wp\/v2\/product"}],"about":[{"href":"https:\/\/axatool.com\/fr\/wp-json\/wp\/v2\/types\/product"}],"version-history":[{"count":2,"href":"https:\/\/axatool.com\/fr\/wp-json\/wp\/v2\/product\/6176\/revisions"}],"predecessor-version":[{"id":6371,"href":"https:\/\/axatool.com\/fr\/wp-json\/wp\/v2\/product\/6176\/revisions\/6371"}],"wp:featuredmedia":[{"embeddable":true,"href":"https:\/\/axatool.com\/fr\/wp-json\/wp\/v2\/media\/6063"}],"wp:attachment":[{"href":"https:\/\/axatool.com\/fr\/wp-json\/wp\/v2\/media?parent=6176"}],"wp:term":[{"taxonomy":"product_brand","embeddable":true,"href":"https:\/\/axatool.com\/fr\/wp-json\/wp\/v2\/product_brand?post=6176"},{"taxonomy":"product_cat","embeddable":true,"href":"https:\/\/axatool.com\/fr\/wp-json\/wp\/v2\/product_cat?post=6176"},{"taxonomy":"product_tag","embeddable":true,"href":"https:\/\/axatool.com\/fr\/wp-json\/wp\/v2\/product_tag?post=6176"}],"curies":[{"name":"wp","href":"https:\/\/api.w.org\/{rel}","templated":true}]}}