{"id":6170,"date":"2022-05-24T06:07:12","date_gmt":"2022-05-24T06:07:12","guid":{"rendered":"https:\/\/axatool.com\/product\/uncategorized\/as-368d-6-dual-action-sander-self-vacuum\/"},"modified":"2022-06-08T07:13:53","modified_gmt":"2022-06-08T07:13:53","slug":"as-368d-6-dual-action-sander-self-vacuum","status":"publish","type":"product","link":"https:\/\/axatool.com\/fr\/produit\/as-368d-6-dual-action-sander-self-vacuum\/","title":{"rendered":"AS-368D 6&#8243; Dual Action Sander \/Self-Vacuum"},"content":{"rendered":"<p>The 3 in 1 sanders has a patented extraction system design which efficiently utilizes the exhaust function to collect, guide and remove dust away from the operator and working area. Exhaust valve enables exhaust switching among vacuum, non-vacuum and central vacuum functions easily.<\/p>\n<h3><strong><span class=\"style2\">\u2699\ufe0f <\/span> sp\u00e9cification<\/strong><\/h3>\n<table id=\"tabs-nav\" class=\"xl756500\" style=\"width: 80.6799%;\" border=\"3\" width=\"592\" cellspacing=\"2\" cellpadding=\"5\" align=\"left\" bgcolor=\"#FEA500\">\n<tbody>\n<tr>\n<td class=\"xl76\" style=\"width: 30%; border-color: #ffffff;\" width=\"152\">\n<div align=\"left\"><strong><span style=\"color: #000000;\">Taille du tampon<\/span><\/strong><\/div>\n<\/td>\n<td class=\"xl73\" style=\"border-color: #ffffff;\" width=\"527\"><span style=\"color: #000000;\"> 6&#8243; (148mm) \/ Item No. : AS-6565<\/span><\/td>\n<\/tr>\n<tr>\n<td class=\"xl76\" style=\"border-color: #ffffff;\" align=\"left\"><strong><span style=\"color: #000000;\">Diam\u00e8tre d&#039;orbite<\/span><\/strong><\/td>\n<td class=\"xl73\" style=\"border-color: #ffffff;\" align=\"left\"><span style=\"color: #000000;\">5 mm (2.5mm is optional)<\/span><\/td>\n<\/tr>\n<tr>\n<td class=\"xl76\" style=\"border-color: #ffffff;\" align=\"left\"><strong><span style=\"color: #000000;\">Filetage de broche<\/span><\/strong><\/td>\n<td class=\"xl74\" style=\"border-color: #ffffff;\" align=\"left\"><span style=\"color: #000000;\">5\/16&#8243; x 24T<\/span><\/td>\n<\/tr>\n<tr>\n<td class=\"xl76\" style=\"border-color: #ffffff;\" align=\"left\"><strong><span style=\"color: #000000;\">Vitesse libre<\/span><\/strong><\/td>\n<td class=\"xl73\" style=\"border-color: #ffffff;\" align=\"left\"><span style=\"color: #000000;\">10 000 tr\/min<\/span><\/td>\n<\/tr>\n<tr>\n<td class=\"xl76\" style=\"border-color: #ffffff;\" align=\"left\"><strong><span style=\"color: #000000;\">Moy. Air cons.<\/span><\/strong><\/td>\n<td class=\"xl77\" style=\"border-color: #ffffff;\" align=\"left\"><span style=\"color: #000000;\">7.5 CFM (212 l\/min)<\/span><\/td>\n<\/tr>\n<tr>\n<td class=\"xl76\" style=\"border-color: #ffffff;\" align=\"left\"><strong><span style=\"color: #000000;\">Pression de l&#039;air<\/span><\/strong><\/td>\n<td class=\"xl78\" style=\"border-color: #ffffff;\"><span style=\"color: #000000;\">90 psi (6,2 bars)<\/span><\/td>\n<\/tr>\n<tr>\n<td class=\"xl76\" style=\"border-color: #ffffff;\" align=\"left\"><strong><span style=\"color: #000000;\">Poids net<\/span><\/strong><\/td>\n<td class=\"xl73\" style=\"border-color: #ffffff;\" align=\"left\"><span style=\"color: #000000;\">0.77 kgs (1.69 lb)<\/span><\/td>\n<\/tr>\n<tr>\n<td class=\"xl76\" style=\"border-color: #ffffff;\" align=\"left\"><strong><span style=\"color: #000000;\">Longueur totale<\/span><\/strong><\/td>\n<td class=\"xl73\" style=\"border-color: #ffffff;\" align=\"left\"><span style=\"color: #000000;\">225 mm (8.9&#8243;)<\/span><\/td>\n<\/tr>\n<tr>\n<td class=\"xl80\" style=\"border-color: #ffffff;\" align=\"left\"><strong><span style=\"color: #000000;\">Entr\u00e9e d&#039;air<\/span><\/strong><\/td>\n<td class=\"xl73\" style=\"border-color: #ffffff;\" align=\"left\"><span style=\"color: #000000;\">1\/4&#8243;<\/span><\/td>\n<\/tr>\n<tr>\n<td class=\"xl80\" style=\"border-color: #ffffff;\" align=\"left\"><strong><span style=\"color: #000000;\">ID du tuyau d&#039;air<\/span><\/strong><\/td>\n<td class=\"xl79\" style=\"border-color: #ffffff;\" align=\"left\"><span style=\"color: #000000;\">10 mm (3\/8&#8243;)<\/span><\/td>\n<\/tr>\n<tr>\n<td class=\"xl80\" style=\"border-color: #ffffff;\" align=\"left\"><strong><span style=\"color: #000000;\">\u00c9chappement d&#039;air<\/span><\/strong><\/td>\n<td class=\"xl79\" style=\"border-color: #ffffff;\" align=\"left\"><span style=\"color: #000000;\">Arri\u00e8re<\/span><\/td>\n<\/tr>\n<\/tbody>\n<\/table>","protected":false},"excerpt":{"rendered":"<p>Notre soci\u00e9t\u00e9 est un fabricant bien connu de ponceuses et polisseuses pneumatiques de qualit\u00e9 sup\u00e9rieure \u00e0 Taiwan. Nous nous sommes consacr\u00e9s \u00e0 servir les clients avec notre durabilit\u00e9, notre juste prix et la forte efficacit\u00e9 de la ponceuse et de la polisseuse \u00e0 air. N&#039;h\u00e9sitez pas \u00e0 nous contacter si vous recherchez une ponceuse et une polisseuse \u00e0 air au design unique et \u00e9l\u00e9gant.<\/p>","protected":false},"featured_media":6126,"template":"","meta":{"qubely_global_settings":"","qubely_interactions":"","site-sidebar-layout":"default","site-content-layout":"default","ast-global-header-display":"","ast-main-header-display":"","ast-hfb-above-header-display":"","ast-hfb-below-header-display":"","ast-hfb-mobile-header-display":"","site-post-title":"","ast-breadcrumbs-content":"","ast-featured-img":"","footer-sml-layout":"","theme-transparent-header-meta":"","adv-header-id-meta":"","stick-header-meta":"","header-above-stick-meta":"","header-main-stick-meta":"","header-below-stick-meta":""},"product_brand":[],"product_cat":[107,101],"product_tag":[123,130],"class_list":{"0":"post-6170","1":"product","2":"type-product","3":"status-publish","4":"has-post-thumbnail","6":"product_cat-dual-action-sander","7":"product_cat-air-sander-air-polisher","8":"product_tag-palm-sander","9":"product_tag-6-sander","10":"desktop-align-center","11":"tablet-align-center","12":"mobile-align-center","13":"ast-product-gallery-layout-horizontal-slider","14":"ast-product-tabs-layout-horizontal","15":"ast-qv-on-image","17":"first","18":"instock","19":"shipping-taxable","20":"purchasable","21":"product-type-simple"},"uagb_featured_image_src":{"full":["https:\/\/axatool.com\/wp-content\/uploads\/2022\/05\/AS-368D-1Dual-Action-Sander-Self-Vacuum-1000x1000.jpg",1000,1000,false],"thumbnail":["https:\/\/axatool.com\/wp-content\/uploads\/2022\/05\/AS-368D-1Dual-Action-Sander-Self-Vacuum-150x150.jpg",150,150,true],"medium":["https:\/\/axatool.com\/wp-content\/uploads\/2022\/05\/AS-368D-1Dual-Action-Sander-Self-Vacuum-300x300.jpg",300,300,true],"medium_large":["https:\/\/axatool.com\/wp-content\/uploads\/2022\/05\/AS-368D-1Dual-Action-Sander-Self-Vacuum-768x768.jpg",768,768,true],"large":["https:\/\/axatool.com\/wp-content\/uploads\/2022\/05\/AS-368D-1Dual-Action-Sander-Self-Vacuum-1000x1000.jpg",1000,1000,false],"1536x1536":["https:\/\/axatool.com\/wp-content\/uploads\/2022\/05\/AS-368D-1Dual-Action-Sander-Self-Vacuum-1000x1000.jpg",1000,1000,false],"2048x2048":["https:\/\/axatool.com\/wp-content\/uploads\/2022\/05\/AS-368D-1Dual-Action-Sander-Self-Vacuum-1000x1000.jpg",1000,1000,false],"trp-custom-language-flag":["https:\/\/axatool.com\/wp-content\/uploads\/2022\/05\/AS-368D-1Dual-Action-Sander-Self-Vacuum-12x12.jpg",12,12,true],"qubely_landscape":["https:\/\/axatool.com\/wp-content\/uploads\/2022\/05\/AS-368D-1Dual-Action-Sander-Self-Vacuum-1000x750.jpg",1000,750,true],"qubely_portrait":["https:\/\/axatool.com\/wp-content\/uploads\/2022\/05\/AS-368D-1Dual-Action-Sander-Self-Vacuum-540x320.jpg",540,320,true],"qubely_thumbnail":["https:\/\/axatool.com\/wp-content\/uploads\/2022\/05\/AS-368D-1Dual-Action-Sander-Self-Vacuum-140x100.jpg",140,100,true],"woocommerce_thumbnail":["https:\/\/axatool.com\/wp-content\/uploads\/2022\/05\/AS-368D-1Dual-Action-Sander-Self-Vacuum-300x300.jpg",300,300,true],"woocommerce_single":["https:\/\/axatool.com\/wp-content\/uploads\/2022\/05\/AS-368D-1Dual-Action-Sander-Self-Vacuum-600x600.jpg",600,600,true],"woocommerce_gallery_thumbnail":["https:\/\/axatool.com\/wp-content\/uploads\/2022\/05\/AS-368D-1Dual-Action-Sander-Self-Vacuum-100x100.jpg",100,100,true]},"uagb_author_info":{"display_name":"editor.axatool","author_link":"https:\/\/axatool.com\/fr\/author\/"},"uagb_comment_info":0,"uagb_excerpt":"Our Company Is A Well-Known Manufacturer Of Premium Grade Air Sander &amp; Polisher In Taiwan. We Have Devoted Ourselves To Serve The Clients With Our Durability, Fair Price And Strong Efficiency Of Air Sander &amp; Polisher. Please Feel Free To Contact Us If You Are Searching For Air Sander &amp; Polisher With Unique And Stylish\u2026","_links":{"self":[{"href":"https:\/\/axatool.com\/fr\/wp-json\/wp\/v2\/product\/6170","targetHints":{"allow":["GET"]}}],"collection":[{"href":"https:\/\/axatool.com\/fr\/wp-json\/wp\/v2\/product"}],"about":[{"href":"https:\/\/axatool.com\/fr\/wp-json\/wp\/v2\/types\/product"}],"version-history":[{"count":2,"href":"https:\/\/axatool.com\/fr\/wp-json\/wp\/v2\/product\/6170\/revisions"}],"predecessor-version":[{"id":6475,"href":"https:\/\/axatool.com\/fr\/wp-json\/wp\/v2\/product\/6170\/revisions\/6475"}],"wp:featuredmedia":[{"embeddable":true,"href":"https:\/\/axatool.com\/fr\/wp-json\/wp\/v2\/media\/6126"}],"wp:attachment":[{"href":"https:\/\/axatool.com\/fr\/wp-json\/wp\/v2\/media?parent=6170"}],"wp:term":[{"taxonomy":"product_brand","embeddable":true,"href":"https:\/\/axatool.com\/fr\/wp-json\/wp\/v2\/product_brand?post=6170"},{"taxonomy":"product_cat","embeddable":true,"href":"https:\/\/axatool.com\/fr\/wp-json\/wp\/v2\/product_cat?post=6170"},{"taxonomy":"product_tag","embeddable":true,"href":"https:\/\/axatool.com\/fr\/wp-json\/wp\/v2\/product_tag?post=6170"}],"curies":[{"name":"wp","href":"https:\/\/api.w.org\/{rel}","templated":true}]}}