{"id":6147,"date":"2022-05-24T06:07:09","date_gmt":"2022-05-24T06:07:09","guid":{"rendered":"https:\/\/axatool.com\/product\/uncategorized\/as-213p-3-air-polisher\/"},"modified":"2022-06-08T07:18:22","modified_gmt":"2022-06-08T07:18:22","slug":"as-213p-3-air-polisher","status":"publish","type":"product","link":"https:\/\/axatool.com\/fr\/produit\/as-213p-3-air-polisher\/","title":{"rendered":"A\u00e9ropolisseur AS-213P 3\u2033"},"content":{"rendered":"<p>Petit volume, poids l\u00e9ger, faible bruit. Il convient \u00e0 la petite zone \u00e0 lisser. Un choix durable mais \u00e9conomique offrant une dur\u00e9e de vie plus longue et une vitesse plus \u00e9lev\u00e9e pour convenir aux processus dans les ateliers de carrosserie, les moules et le travail du bois.<\/p>\n<h3><strong><span class=\"style2\">\u2699\ufe0f <\/span> sp\u00e9cification<\/strong><\/h3>\n<table id=\"tabs-nav\" class=\"xl756500\" style=\"width: 80.6799%;\" border=\"3\" width=\"592\" cellspacing=\"2\" cellpadding=\"5\" align=\"left\" bgcolor=\"#FEA500\">\n<tbody>\n<tr>\n<td class=\"xl76\" style=\"width: 30%; border-color: #ffffff;\" width=\"152\">\n<div class=\"style1 style4 style4\" align=\"left\"><strong><span style=\"color: #000000;\">Taille du tampon<\/span><\/strong><\/div>\n<\/td>\n<td class=\"xl73\" style=\"color: #000000; border-color: #ffffff;\" width=\"527\"><span style=\"color: #000000;\">3&#8243; (75 mm) \/ Item No. : AS-3505 <\/span><\/td>\n<\/tr>\n<tr>\n<td class=\"xl76\" style=\"border-color: #ffffff;\" align=\"left\"><strong><span class=\"style4\" style=\"color: #000000;\">Diam\u00e8tre d&#039;orbite<\/span><\/strong><\/td>\n<td class=\"xl73 style2 style4\" style=\"border-color: #ffffff;\" align=\"left\"><span style=\"color: #000000;\">3 millim\u00e8tres<\/span><\/td>\n<\/tr>\n<tr>\n<td class=\"xl76\" style=\"border-color: #ffffff;\" align=\"left\"><strong><span class=\"style4\" style=\"color: #000000;\">Filetage de broche<\/span><\/strong><\/td>\n<td class=\"xl73 style2 style4\" style=\"border-color: #ffffff;\" align=\"left\"><span style=\"color: #000000;\">5\/16&#8243; x 24T<\/span><\/td>\n<\/tr>\n<tr>\n<td class=\"xl76\" style=\"border-color: #ffffff;\" align=\"left\"><strong><span class=\"style4\" style=\"color: #000000;\">Vitesse libre<\/span><\/strong><\/td>\n<td class=\"xl73 style2 style4\" style=\"border-color: #ffffff;\" align=\"left\"><span style=\"color: #000000;\">2,500 RPM<\/span><\/td>\n<\/tr>\n<tr>\n<td class=\"xl74\" style=\"border-color: #ffffff;\" align=\"left\"><strong><span class=\"style4\" style=\"color: #000000;\">Moy. Air cons.<\/span><\/strong><\/td>\n<td class=\"xl79 style2 style4\" style=\"border-color: #ffffff;\"><span style=\"color: #000000;\">14.1 CFM (399 l\/min)<\/span><\/td>\n<\/tr>\n<tr>\n<td class=\"xl74\" style=\"border-color: #ffffff;\" align=\"left\"><strong><span class=\"style4\" style=\"color: #000000;\">Pression de l&#039;air<\/span><\/strong><\/td>\n<td class=\"xl79 style2 style4\" style=\"border-color: #ffffff;\"><span style=\"color: #000000;\">90 psi (6,2 bars)<\/span><\/td>\n<\/tr>\n<tr>\n<td class=\"xl76\" style=\"border-color: #ffffff;\" align=\"left\"><strong><span class=\"style4\" style=\"color: #000000;\">Poids net<\/span><\/strong><\/td>\n<td class=\"xl73 style2 style4\" style=\"border-color: #ffffff;\" align=\"left\"><span style=\"color: #000000;\">0.81 Kgs (1.78 lbs)<\/span><\/td>\n<\/tr>\n<tr>\n<td class=\"xl76\" style=\"border-color: #ffffff;\" align=\"left\"><strong><span class=\"style4\" style=\"color: #000000;\">Longueur totale<\/span><\/strong><\/td>\n<td class=\"xl77 style2 style4\" style=\"border-color: #ffffff;\" align=\"left\"><span style=\"color: #000000;\">L178 x H115 mm<\/span><\/td>\n<\/tr>\n<tr>\n<td class=\"xl76\" style=\"border-color: #ffffff;\" align=\"left\"><strong><span class=\"style4\" style=\"color: #000000;\">Entr\u00e9e d&#039;air<\/span><\/strong><\/td>\n<td class=\"xl73 style2 style4\" style=\"border-color: #ffffff;\" align=\"left\"><span style=\"color: #000000;\">1\/4&#8243;<\/span><\/td>\n<\/tr>\n<tr>\n<td class=\"xl74\" style=\"border-color: #ffffff;\" align=\"left\"><strong><span class=\"style4\" style=\"color: #000000;\">ID du tuyau d&#039;air<\/span><\/strong><\/td>\n<td class=\"xl73 style2 style4\" style=\"border-color: #ffffff;\" align=\"left\"><span style=\"color: #000000;\">6.5mm (1\/4&#8243;)<\/span><\/td>\n<\/tr>\n<tr>\n<td class=\"xl74\" style=\"border-color: #ffffff;\" align=\"left\"><strong><span class=\"style4\" style=\"color: #000000;\">\u00c9chappement d&#039;air<\/span><\/strong><\/td>\n<td class=\"xl73 style2 style4\" style=\"border-color: #ffffff;\" align=\"left\"><span style=\"color: #000000;\">Arri\u00e8re<\/span><\/td>\n<\/tr>\n<tr>\n<td class=\"xl75\" style=\"border-color: #ffffff;\" align=\"left\"><strong><span class=\"style4\" style=\"color: #000000;\">Pression sonore<\/span><\/strong><\/td>\n<td class=\"xl73 style2 style4\" style=\"border-color: #ffffff;\" align=\"left\"><span style=\"color: #000000;\">76 dB(A)<\/span><\/td>\n<\/tr>\n<tr>\n<td class=\"xl74\" style=\"border-color: #ffffff;\" align=\"left\"><strong><span class=\"style4\" style=\"color: #000000;\">Niveau de vibration<\/span><\/strong><\/td>\n<td class=\"xl73 style2 style4\" style=\"border-color: #ffffff;\" align=\"left\"><span style=\"color: #000000;\">0.8 m\/s\u00b2<\/span><\/td>\n<\/tr>\n<tr>\n<td class=\"xl75\" style=\"border-color: #ffffff;\" align=\"left\"><strong><span class=\"style4\" style=\"color: #000000;\">Emballage<\/span><\/strong><\/td>\n<td class=\"xl73 style2 style4\" style=\"border-color: #ffffff;\" align=\"left\"><span style=\"color: #000000;\">20pcs\/ctn\/1.24cu-ft\/GW:20kg<\/span><\/td>\n<\/tr>\n<\/tbody>\n<\/table>","protected":false},"excerpt":{"rendered":"<p>Notre soci\u00e9t\u00e9 est un fabricant bien connu de ponceuses et polisseuses pneumatiques de qualit\u00e9 sup\u00e9rieure \u00e0 Taiwan. Nous nous sommes consacr\u00e9s \u00e0 servir les clients avec notre durabilit\u00e9, notre juste prix et la forte efficacit\u00e9 de la ponceuse et de la polisseuse \u00e0 air. N&#039;h\u00e9sitez pas \u00e0 nous contacter si vous recherchez une ponceuse et une polisseuse \u00e0 air au design unique et \u00e9l\u00e9gant.<\/p>","protected":false},"featured_media":6051,"template":"","meta":{"qubely_global_settings":"","qubely_interactions":"","site-sidebar-layout":"default","site-content-layout":"default","ast-global-header-display":"","ast-main-header-display":"","ast-hfb-above-header-display":"","ast-hfb-below-header-display":"","ast-hfb-mobile-header-display":"","site-post-title":"","ast-breadcrumbs-content":"","ast-featured-img":"","footer-sml-layout":"","theme-transparent-header-meta":"","adv-header-id-meta":"","stick-header-meta":"","header-above-stick-meta":"","header-main-stick-meta":"","header-below-stick-meta":""},"product_brand":[],"product_cat":[106,101],"product_tag":[117],"class_list":{"0":"post-6147","1":"product","2":"type-product","3":"status-publish","4":"has-post-thumbnail","6":"product_cat-angle-sander-polisher","7":"product_cat-air-sander-air-polisher","8":"product_tag-3-sander","9":"desktop-align-center","10":"tablet-align-center","11":"mobile-align-center","12":"ast-product-gallery-layout-horizontal-slider","13":"ast-product-tabs-layout-horizontal","14":"ast-qv-on-image","16":"first","17":"instock","18":"shipping-taxable","19":"purchasable","20":"product-type-simple"},"uagb_featured_image_src":{"full":["https:\/\/axatool.com\/wp-content\/uploads\/2022\/05\/AS-213P-1Air-Polisher-1000x1000.jpg",1000,1000,false],"thumbnail":["https:\/\/axatool.com\/wp-content\/uploads\/2022\/05\/AS-213P-1Air-Polisher-150x150.jpg",150,150,true],"medium":["https:\/\/axatool.com\/wp-content\/uploads\/2022\/05\/AS-213P-1Air-Polisher-300x300.jpg",300,300,true],"medium_large":["https:\/\/axatool.com\/wp-content\/uploads\/2022\/05\/AS-213P-1Air-Polisher-768x768.jpg",768,768,true],"large":["https:\/\/axatool.com\/wp-content\/uploads\/2022\/05\/AS-213P-1Air-Polisher-1000x1000.jpg",1000,1000,false],"1536x1536":["https:\/\/axatool.com\/wp-content\/uploads\/2022\/05\/AS-213P-1Air-Polisher-1000x1000.jpg",1000,1000,false],"2048x2048":["https:\/\/axatool.com\/wp-content\/uploads\/2022\/05\/AS-213P-1Air-Polisher-1000x1000.jpg",1000,1000,false],"trp-custom-language-flag":["https:\/\/axatool.com\/wp-content\/uploads\/2022\/05\/AS-213P-1Air-Polisher-12x12.jpg",12,12,true],"qubely_landscape":["https:\/\/axatool.com\/wp-content\/uploads\/2022\/05\/AS-213P-1Air-Polisher-1000x750.jpg",1000,750,true],"qubely_portrait":["https:\/\/axatool.com\/wp-content\/uploads\/2022\/05\/AS-213P-1Air-Polisher-540x320.jpg",540,320,true],"qubely_thumbnail":["https:\/\/axatool.com\/wp-content\/uploads\/2022\/05\/AS-213P-1Air-Polisher-140x100.jpg",140,100,true],"woocommerce_thumbnail":["https:\/\/axatool.com\/wp-content\/uploads\/2022\/05\/AS-213P-1Air-Polisher-300x300.jpg",300,300,true],"woocommerce_single":["https:\/\/axatool.com\/wp-content\/uploads\/2022\/05\/AS-213P-1Air-Polisher-600x600.jpg",600,600,true],"woocommerce_gallery_thumbnail":["https:\/\/axatool.com\/wp-content\/uploads\/2022\/05\/AS-213P-1Air-Polisher-100x100.jpg",100,100,true]},"uagb_author_info":{"display_name":"editor.axatool","author_link":"https:\/\/axatool.com\/fr\/author\/"},"uagb_comment_info":0,"uagb_excerpt":"Our Company Is A Well-Known Manufacturer Of Premium Grade Air Sander &amp; Polisher In Taiwan. We Have Devoted Ourselves To Serve The Clients With Our Durability, Fair Price And Strong Efficiency Of Air Sander &amp; Polisher. Please Feel Free To Contact Us If You Are Searching For Air Sander &amp; Polisher With Unique And Stylish\u2026","_links":{"self":[{"href":"https:\/\/axatool.com\/fr\/wp-json\/wp\/v2\/product\/6147","targetHints":{"allow":["GET"]}}],"collection":[{"href":"https:\/\/axatool.com\/fr\/wp-json\/wp\/v2\/product"}],"about":[{"href":"https:\/\/axatool.com\/fr\/wp-json\/wp\/v2\/types\/product"}],"version-history":[{"count":2,"href":"https:\/\/axatool.com\/fr\/wp-json\/wp\/v2\/product\/6147\/revisions"}],"predecessor-version":[{"id":6391,"href":"https:\/\/axatool.com\/fr\/wp-json\/wp\/v2\/product\/6147\/revisions\/6391"}],"wp:featuredmedia":[{"embeddable":true,"href":"https:\/\/axatool.com\/fr\/wp-json\/wp\/v2\/media\/6051"}],"wp:attachment":[{"href":"https:\/\/axatool.com\/fr\/wp-json\/wp\/v2\/media?parent=6147"}],"wp:term":[{"taxonomy":"product_brand","embeddable":true,"href":"https:\/\/axatool.com\/fr\/wp-json\/wp\/v2\/product_brand?post=6147"},{"taxonomy":"product_cat","embeddable":true,"href":"https:\/\/axatool.com\/fr\/wp-json\/wp\/v2\/product_cat?post=6147"},{"taxonomy":"product_tag","embeddable":true,"href":"https:\/\/axatool.com\/fr\/wp-json\/wp\/v2\/product_tag?post=6147"}],"curies":[{"name":"wp","href":"https:\/\/api.w.org\/{rel}","templated":true}]}}