{"id":6135,"date":"2022-05-24T06:07:08","date_gmt":"2022-05-24T06:07:08","guid":{"rendered":"https:\/\/axatool.com\/product\/uncategorized\/as-121-2-heavy-duty-angle-sander\/"},"modified":"2022-06-08T07:20:40","modified_gmt":"2022-06-08T07:20:40","slug":"as-121-2-heavy-duty-angle-sander","status":"publish","type":"product","link":"https:\/\/axatool.com\/fr\/produit\/ponceuse-angulaire-as-121-2-heavy-duty\/","title":{"rendered":"Ponceuse angulaire AS-121 2\u2033"},"content":{"rendered":"<ul>\n<li>L\u00e9ger, compact et facile \u00e0 manipuler.<\/li>\n<li>Id\u00e9al pour le pon\u00e7age l\u00e9ger, l&#039;\u00e9limination de la rouille et le lissage des soudures.<\/li>\n<li>La conception variable peut utiliser du papier de verre, des meules et des meules.<\/li>\n<\/ul>\n<h3><strong><span class=\"style2\">\u2699\ufe0f <\/span> sp\u00e9cification<\/strong><\/h3>\n<table id=\"tabs-nav\" class=\"xl756500\" style=\"width: 80.6799%;\" border=\"3\" width=\"592\" cellspacing=\"2\" cellpadding=\"5\" align=\"left\" bgcolor=\"#FEA500\">\n<tbody>\n<tr>\n<th class=\"xl78\" style=\"border-color: #ffffff; width: 30.5723%;\" align=\"left\" nowrap=\"nowrap\" width=\"152\"><span style=\"color: #000000;\"><strong>Taille du tampon<\/strong><\/span><\/th>\n<td class=\"xl74\" style=\"border-color: #ffffff; width: 69.2771%;\" align=\"left\" width=\"527\"><span class=\"xl73\" style=\"color: #000000;\">2\u2033 (50 mm) \/ Num\u00e9ro d&#039;article : PR-204 <\/span><\/td>\n<\/tr>\n<tr>\n<td class=\"xl75\" style=\"border-color: #ffffff; width: 30.5723%;\" align=\"left\"><span style=\"color: #000000;\"><strong>Filetage de broche<\/strong><\/span><\/td>\n<td class=\"xl76\" style=\"border-color: #ffffff; width: 69.2771%;\" align=\"left\"><span style=\"color: #000000;\">1\/4\u2033-20 UNC<\/span><\/td>\n<\/tr>\n<tr>\n<td class=\"xl74\" style=\"border-color: #ffffff; width: 30.5723%;\" align=\"left\"><span style=\"color: #000000;\"><strong>Vitesse libre<\/strong><\/span><\/td>\n<td class=\"xl73\" style=\"border-color: #ffffff; width: 69.2771%;\" align=\"left\"><span style=\"color: #000000;\">18 000 tr\/min<\/span><\/td>\n<\/tr>\n<tr>\n<td class=\"xl74\" style=\"border-color: #ffffff; width: 30.5723%;\" align=\"left\"><span style=\"color: #000000;\"><strong>Moy. Air cons.<\/strong><\/span><\/td>\n<td class=\"xl73\" style=\"border-color: #ffffff; width: 69.2771%;\" align=\"left\"><span style=\"color: #000000;\">8,5 PCM (240 l\/min)<\/span><\/td>\n<\/tr>\n<tr>\n<td class=\"xl75\" style=\"border-color: #ffffff; width: 30.5723%;\" align=\"left\"><span style=\"color: #000000;\"><strong>Pression de l&#039;air<\/strong><\/span><\/td>\n<td class=\"xl78\" style=\"border-color: #ffffff; width: 69.2771%;\"><span style=\"color: #000000;\">90 psi (6,2 bars)<\/span><\/td>\n<\/tr>\n<tr>\n<td class=\"xl74\" style=\"border-color: #ffffff; width: 30.5723%;\" align=\"left\"><span style=\"color: #000000;\"><strong>Poids net<\/strong><\/span><\/td>\n<td class=\"xl73\" style=\"border-color: #ffffff; width: 69.2771%;\" align=\"left\"><span style=\"color: #000000;\">0,36 kg (0,79 lb)<\/span><\/td>\n<\/tr>\n<tr>\n<td class=\"xl74\" style=\"border-color: #ffffff; width: 30.5723%;\" align=\"left\"><span style=\"color: #000000;\"><strong>La mesure<\/strong><\/span><\/td>\n<td class=\"xl79\" style=\"border-color: #ffffff; width: 69.2771%;\" align=\"left\"><span style=\"color: #000000;\">155mm (6.1\u2033)<\/span><\/td>\n<\/tr>\n<tr>\n<td class=\"xl74\" style=\"border-color: #ffffff; width: 30.5723%;\" align=\"left\"><span style=\"color: #000000;\"><strong>Entr\u00e9e d&#039;air<\/strong><\/span><\/td>\n<td class=\"xl73\" style=\"border-color: #ffffff; width: 69.2771%;\" align=\"left\"><span style=\"color: #000000;\">1\/4&#8243;<\/span><\/td>\n<\/tr>\n<tr>\n<td class=\"xl74\" style=\"border-color: #ffffff; width: 30.5723%;\" align=\"left\"><span style=\"color: #000000;\"><strong>Emballage<\/strong><\/span><\/td>\n<td class=\"xl73\" style=\"border-color: #ffffff; width: 69.2771%;\" align=\"left\"><span style=\"color: #000000;\">20pcs\/11kg\/12kg\/1.2\u2032<\/span><\/td>\n<\/tr>\n<\/tbody>\n<\/table>","protected":false},"excerpt":{"rendered":"<p>Notre soci\u00e9t\u00e9 est un fabricant bien connu de ponceuses et polisseuses pneumatiques de qualit\u00e9 sup\u00e9rieure \u00e0 Taiwan. Nous nous sommes consacr\u00e9s \u00e0 servir les clients avec notre durabilit\u00e9, notre juste prix et la forte efficacit\u00e9 de la ponceuse et de la polisseuse \u00e0 air. N&#039;h\u00e9sitez pas \u00e0 nous contacter si vous recherchez une ponceuse et une polisseuse \u00e0 air au design unique et \u00e9l\u00e9gant.<\/p>","protected":false},"featured_media":6015,"template":"","meta":{"qubely_global_settings":"","qubely_interactions":"","site-sidebar-layout":"default","site-content-layout":"default","ast-global-header-display":"","ast-main-header-display":"","ast-hfb-above-header-display":"","ast-hfb-below-header-display":"","ast-hfb-mobile-header-display":"","site-post-title":"","ast-breadcrumbs-content":"","ast-featured-img":"","footer-sml-layout":"","theme-transparent-header-meta":"","adv-header-id-meta":"","stick-header-meta":"","header-above-stick-meta":"","header-main-stick-meta":"","header-below-stick-meta":""},"product_brand":[],"product_cat":[105,101],"product_tag":[119],"class_list":{"0":"post-6135","1":"product","2":"type-product","3":"status-publish","4":"has-post-thumbnail","6":"product_cat-mini-sander-polisher","7":"product_cat-air-sander-air-polisher","8":"product_tag-2-sander","9":"desktop-align-center","10":"tablet-align-center","11":"mobile-align-center","12":"ast-product-gallery-layout-horizontal-slider","13":"ast-product-gallery-with-no-image","14":"ast-product-tabs-layout-horizontal","15":"ast-qv-on-image","17":"first","18":"instock","19":"shipping-taxable","20":"purchasable","21":"product-type-simple"},"uagb_featured_image_src":{"full":["https:\/\/axatool.com\/wp-content\/uploads\/2022\/05\/AS-121-1Heavy-Duty-Angle-Sander-1000x1000.jpg",1000,1000,false],"thumbnail":["https:\/\/axatool.com\/wp-content\/uploads\/2022\/05\/AS-121-1Heavy-Duty-Angle-Sander-150x150.jpg",150,150,true],"medium":["https:\/\/axatool.com\/wp-content\/uploads\/2022\/05\/AS-121-1Heavy-Duty-Angle-Sander-300x300.jpg",300,300,true],"medium_large":["https:\/\/axatool.com\/wp-content\/uploads\/2022\/05\/AS-121-1Heavy-Duty-Angle-Sander-768x768.jpg",768,768,true],"large":["https:\/\/axatool.com\/wp-content\/uploads\/2022\/05\/AS-121-1Heavy-Duty-Angle-Sander-1000x1000.jpg",1000,1000,false],"1536x1536":["https:\/\/axatool.com\/wp-content\/uploads\/2022\/05\/AS-121-1Heavy-Duty-Angle-Sander-1000x1000.jpg",1000,1000,false],"2048x2048":["https:\/\/axatool.com\/wp-content\/uploads\/2022\/05\/AS-121-1Heavy-Duty-Angle-Sander-1000x1000.jpg",1000,1000,false],"trp-custom-language-flag":["https:\/\/axatool.com\/wp-content\/uploads\/2022\/05\/AS-121-1Heavy-Duty-Angle-Sander-12x12.jpg",12,12,true],"qubely_landscape":["https:\/\/axatool.com\/wp-content\/uploads\/2022\/05\/AS-121-1Heavy-Duty-Angle-Sander-1000x750.jpg",1000,750,true],"qubely_portrait":["https:\/\/axatool.com\/wp-content\/uploads\/2022\/05\/AS-121-1Heavy-Duty-Angle-Sander-540x320.jpg",540,320,true],"qubely_thumbnail":["https:\/\/axatool.com\/wp-content\/uploads\/2022\/05\/AS-121-1Heavy-Duty-Angle-Sander-140x100.jpg",140,100,true],"woocommerce_thumbnail":["https:\/\/axatool.com\/wp-content\/uploads\/2022\/05\/AS-121-1Heavy-Duty-Angle-Sander-300x300.jpg",300,300,true],"woocommerce_single":["https:\/\/axatool.com\/wp-content\/uploads\/2022\/05\/AS-121-1Heavy-Duty-Angle-Sander-600x600.jpg",600,600,true],"woocommerce_gallery_thumbnail":["https:\/\/axatool.com\/wp-content\/uploads\/2022\/05\/AS-121-1Heavy-Duty-Angle-Sander-100x100.jpg",100,100,true]},"uagb_author_info":{"display_name":"editor.axatool","author_link":"https:\/\/axatool.com\/fr\/author\/"},"uagb_comment_info":0,"uagb_excerpt":"Our Company Is A Well-Known Manufacturer Of Premium Grade Air Sander &amp; Polisher In Taiwan. We Have Devoted Ourselves To Serve The Clients With Our Durability, Fair Price And Strong Efficiency Of Air Sander &amp; Polisher. Please Feel Free To Contact Us If You Are Searching For Air Sander &amp; Polisher With Unique And Stylish\u2026","_links":{"self":[{"href":"https:\/\/axatool.com\/fr\/wp-json\/wp\/v2\/product\/6135","targetHints":{"allow":["GET"]}}],"collection":[{"href":"https:\/\/axatool.com\/fr\/wp-json\/wp\/v2\/product"}],"about":[{"href":"https:\/\/axatool.com\/fr\/wp-json\/wp\/v2\/types\/product"}],"version-history":[{"count":4,"href":"https:\/\/axatool.com\/fr\/wp-json\/wp\/v2\/product\/6135\/revisions"}],"predecessor-version":[{"id":6267,"href":"https:\/\/axatool.com\/fr\/wp-json\/wp\/v2\/product\/6135\/revisions\/6267"}],"wp:featuredmedia":[{"embeddable":true,"href":"https:\/\/axatool.com\/fr\/wp-json\/wp\/v2\/media\/6015"}],"wp:attachment":[{"href":"https:\/\/axatool.com\/fr\/wp-json\/wp\/v2\/media?parent=6135"}],"wp:term":[{"taxonomy":"product_brand","embeddable":true,"href":"https:\/\/axatool.com\/fr\/wp-json\/wp\/v2\/product_brand?post=6135"},{"taxonomy":"product_cat","embeddable":true,"href":"https:\/\/axatool.com\/fr\/wp-json\/wp\/v2\/product_cat?post=6135"},{"taxonomy":"product_tag","embeddable":true,"href":"https:\/\/axatool.com\/fr\/wp-json\/wp\/v2\/product_tag?post=6135"}],"curies":[{"name":"wp","href":"https:\/\/api.w.org\/{rel}","templated":true}]}}