{"id":5916,"date":"2022-05-23T02:58:35","date_gmt":"2022-05-23T02:58:35","guid":{"rendered":"https:\/\/axatool.com\/product\/uncategorized\/jc-10k-3-8-keyless-chuck\/"},"modified":"2022-06-01T03:58:55","modified_gmt":"2022-06-01T03:58:55","slug":"jc-10k-3-8-keyless-chuck","status":"publish","type":"product","link":"https:\/\/axatool.com\/fr\/produit\/jc-10k-3-8-keyless-chuck\/","title":{"rendered":"Mandrin sans cl\u00e9 JC-10K 3\/8\u2033"},"content":{"rendered":"","protected":false},"excerpt":{"rendered":"<p>Notre soci\u00e9t\u00e9 est un fabricant bien connu de perceuse pneumatique de qualit\u00e9 sup\u00e9rieure \u00e0 Taiwan.<br \/>\nNous nous sommes consacr\u00e9s \u00e0 servir les clients avec notre durabilit\u00e9, notre juste prix et notre forte efficacit\u00e9 de forage pneumatique.<br \/>\nN&#039;h\u00e9sitez pas \u00e0 nous contacter si vous recherchez une perceuse \u00e0 air au design unique et \u00e9l\u00e9gant.<\/p>","protected":false},"featured_media":5601,"template":"","meta":{"qubely_global_settings":"","qubely_interactions":"","site-sidebar-layout":"default","site-content-layout":"default","ast-global-header-display":"","ast-main-header-display":"","ast-hfb-above-header-display":"","ast-hfb-below-header-display":"","ast-hfb-mobile-header-display":"","site-post-title":"","ast-breadcrumbs-content":"","ast-featured-img":"","footer-sml-layout":"","theme-transparent-header-meta":"","adv-header-id-meta":"","stick-header-meta":"","header-above-stick-meta":"","header-main-stick-meta":"","header-below-stick-meta":""},"product_brand":[],"product_cat":[74],"product_tag":[],"class_list":{"0":"post-5916","1":"product","2":"type-product","3":"status-publish","4":"has-post-thumbnail","6":"product_cat-air-drill","7":"desktop-align-center","8":"tablet-align-center","9":"mobile-align-center","10":"ast-product-gallery-layout-horizontal-slider","11":"ast-product-gallery-with-no-image","12":"ast-product-tabs-layout-horizontal","13":"ast-qv-on-image","15":"first","16":"instock","17":"shipping-taxable","18":"purchasable","19":"product-type-simple"},"uagb_featured_image_src":{"full":["https:\/\/axatool.com\/wp-content\/uploads\/2022\/05\/JC-10K-JC-20K-Chuck-1000x1000.jpg",1000,1000,false],"thumbnail":["https:\/\/axatool.com\/wp-content\/uploads\/2022\/05\/JC-10K-JC-20K-Chuck-150x150.jpg",150,150,true],"medium":["https:\/\/axatool.com\/wp-content\/uploads\/2022\/05\/JC-10K-JC-20K-Chuck-300x300.jpg",300,300,true],"medium_large":["https:\/\/axatool.com\/wp-content\/uploads\/2022\/05\/JC-10K-JC-20K-Chuck-768x768.jpg",768,768,true],"large":["https:\/\/axatool.com\/wp-content\/uploads\/2022\/05\/JC-10K-JC-20K-Chuck-1000x1000.jpg",1000,1000,false],"1536x1536":["https:\/\/axatool.com\/wp-content\/uploads\/2022\/05\/JC-10K-JC-20K-Chuck-1000x1000.jpg",1000,1000,false],"2048x2048":["https:\/\/axatool.com\/wp-content\/uploads\/2022\/05\/JC-10K-JC-20K-Chuck-1000x1000.jpg",1000,1000,false],"trp-custom-language-flag":["https:\/\/axatool.com\/wp-content\/uploads\/2022\/05\/JC-10K-JC-20K-Chuck-12x12.jpg",12,12,true],"qubely_landscape":["https:\/\/axatool.com\/wp-content\/uploads\/2022\/05\/JC-10K-JC-20K-Chuck-1000x750.jpg",1000,750,true],"qubely_portrait":["https:\/\/axatool.com\/wp-content\/uploads\/2022\/05\/JC-10K-JC-20K-Chuck-540x320.jpg",540,320,true],"qubely_thumbnail":["https:\/\/axatool.com\/wp-content\/uploads\/2022\/05\/JC-10K-JC-20K-Chuck-140x100.jpg",140,100,true],"woocommerce_thumbnail":["https:\/\/axatool.com\/wp-content\/uploads\/2022\/05\/JC-10K-JC-20K-Chuck-300x300.jpg",300,300,true],"woocommerce_single":["https:\/\/axatool.com\/wp-content\/uploads\/2022\/05\/JC-10K-JC-20K-Chuck-600x600.jpg",600,600,true],"woocommerce_gallery_thumbnail":["https:\/\/axatool.com\/wp-content\/uploads\/2022\/05\/JC-10K-JC-20K-Chuck-100x100.jpg",100,100,true]},"uagb_author_info":{"display_name":"editor.axatool","author_link":"https:\/\/axatool.com\/fr\/author\/"},"uagb_comment_info":0,"uagb_excerpt":"Our Company Is A Well-Known Manufacturer Of Premium Grade Air Drill In Taiwan. We Have Devoted Ourselves To Serve The Clients With Our Durability, Fair Price And Strong Efficiency Of Air Drill. Please Feel Free To Contact Us If You Are Searching For Air Drill With Unique And Stylish Design.","_links":{"self":[{"href":"https:\/\/axatool.com\/fr\/wp-json\/wp\/v2\/product\/5916","targetHints":{"allow":["GET"]}}],"collection":[{"href":"https:\/\/axatool.com\/fr\/wp-json\/wp\/v2\/product"}],"about":[{"href":"https:\/\/axatool.com\/fr\/wp-json\/wp\/v2\/types\/product"}],"version-history":[{"count":1,"href":"https:\/\/axatool.com\/fr\/wp-json\/wp\/v2\/product\/5916\/revisions"}],"predecessor-version":[{"id":6637,"href":"https:\/\/axatool.com\/fr\/wp-json\/wp\/v2\/product\/5916\/revisions\/6637"}],"wp:featuredmedia":[{"embeddable":true,"href":"https:\/\/axatool.com\/fr\/wp-json\/wp\/v2\/media\/5601"}],"wp:attachment":[{"href":"https:\/\/axatool.com\/fr\/wp-json\/wp\/v2\/media?parent=5916"}],"wp:term":[{"taxonomy":"product_brand","embeddable":true,"href":"https:\/\/axatool.com\/fr\/wp-json\/wp\/v2\/product_brand?post=5916"},{"taxonomy":"product_cat","embeddable":true,"href":"https:\/\/axatool.com\/fr\/wp-json\/wp\/v2\/product_cat?post=5916"},{"taxonomy":"product_tag","embeddable":true,"href":"https:\/\/axatool.com\/fr\/wp-json\/wp\/v2\/product_tag?post=5916"}],"curies":[{"name":"wp","href":"https:\/\/api.w.org\/{rel}","templated":true}]}}