{"id":4925,"date":"2022-04-28T08:09:11","date_gmt":"2022-04-28T08:09:11","guid":{"rendered":"https:\/\/axatool.com\/product\/uncategorized\/ah-490-190mm-air-hammer-w-4pcs-chisel-round\/"},"modified":"2022-06-01T05:02:28","modified_gmt":"2022-06-01T05:02:28","slug":"ah-490-190mm-air-hammer-w-4pcs-chisel-round","status":"publish","type":"product","link":"https:\/\/axatool.com\/fr\/produit\/ah-490-190mm-air-hammer-w-4pcs-chisel-round\/","title":{"rendered":"Marteau pneumatique AH-490 190 mm avec burin 4pcs \/ rond"},"content":{"rendered":"<p>Effectuez un travail rapide de sertissage et de coupe de panneaux de carrosserie, d&#039;entra\u00eenement de bagues, de cisaillement et de travail g\u00e9n\u00e9ral sur l&#039;avant avec ce marteau pneumatique, un outil super r\u00e9sistant qui produit jusqu&#039;\u00e0 3 000 coups par minute. Comprend 4 ciseaux en acier et un ressort de retenue.<\/p>\n<h3>\u2699\ufe0f <strong> sp\u00e9cification<\/strong><\/h3>\n<table id=\"tabs-nav\" class=\"xl756500\" style=\"height: 544px; width: 80.6799%; border-style: double; background-color: #fea500; border-color: #ffffff;\" border=\"10\" width=\"592\" rules=\"cols\" cellspacing=\"2\" cellpadding=\"5\" bgcolor=\"#FEA500\">\n<tbody>\n<tr style=\"height: 46px;\" valign=\"middle\">\n<th class=\"xl71\" style=\"border-color: #ffffff;\" nowrap=\"nowrap\" width=\"183\">\n<div align=\"left\"><strong><span style=\"color: #000000;\">Course des pistons<\/span><\/strong><\/div>\n<\/th>\n<td class=\"xl70\" style=\"border-color: #ffffff;\" width=\"359\"><span style=\"color: #000000;\">66mm (2.6\u2033)<\/span><\/td>\n<\/tr>\n<tr style=\"height: 46px;\" valign=\"middle\">\n<th class=\"xl71\" style=\"border-color: #ffffff;\" nowrap=\"nowrap\">\n<div align=\"left\"><strong><span style=\"color: #000000;\">Tige de ciseau<\/span><\/strong><\/div>\n<\/th>\n<td class=\"xl70\" style=\"border-color: #ffffff;\"><span style=\"color: #000000;\">10,2 mm (0,4\u2033)<\/span><\/td>\n<\/tr>\n<tr style=\"height: 46px;\" valign=\"middle\">\n<th class=\"xl71\" style=\"border-color: #ffffff;\" nowrap=\"nowrap\">\n<div align=\"left\"><strong><span style=\"color: #000000;\">Vitesse libre<\/span><\/strong><\/div>\n<\/th>\n<td class=\"xl70\" style=\"border-color: #ffffff;\"><span style=\"color: #000000;\">3 000 tr\/min<\/span><\/td>\n<\/tr>\n<tr style=\"height: 46px;\" valign=\"middle\">\n<th class=\"xl71\" style=\"border-color: #ffffff;\" nowrap=\"nowrap\">\n<div align=\"left\"><strong><span style=\"color: #000000;\">Moy. Moins d&#039;air<\/span><\/strong><\/div>\n<\/th>\n<td class=\"xl70\" style=\"border-color: #ffffff;\"><span style=\"color: #000000;\">6,25 PCM (177 l\/min)<\/span><\/td>\n<\/tr>\n<tr style=\"height: 46px;\" valign=\"middle\">\n<th class=\"xl71\" style=\"border-color: #ffffff;\" nowrap=\"nowrap\">\n<div align=\"left\"><strong><span style=\"color: #000000;\">Pression de l&#039;air<\/span><\/strong><\/div>\n<\/th>\n<td class=\"xl72\" style=\"border-color: #ffffff;\"><span style=\"color: #000000;\">90 psi (6,2 bars)<\/span><\/td>\n<\/tr>\n<tr style=\"height: 46px;\" valign=\"middle\">\n<th class=\"xl71\" style=\"border-color: #ffffff;\" nowrap=\"nowrap\">\n<div align=\"left\"><strong><span style=\"color: #000000;\">Poids net<\/span><\/strong><\/div>\n<\/th>\n<td class=\"xl70\" style=\"border-color: #ffffff;\"><span style=\"color: #000000;\">2,52 kg (3,35 lb)<\/span><\/td>\n<\/tr>\n<tr style=\"height: 46px;\" valign=\"middle\">\n<th class=\"xl71\" style=\"border-color: #ffffff;\" nowrap=\"nowrap\">\n<div align=\"left\"><strong><span style=\"color: #000000;\">Longueur totale<\/span><\/strong><\/div>\n<\/th>\n<td class=\"xl70\" style=\"border-color: #ffffff;\"><span style=\"color: #000000;\">174mm (6.85\u2033)<\/span><\/td>\n<\/tr>\n<tr style=\"height: 46px;\" valign=\"middle\">\n<th class=\"xl71\" style=\"border-color: #ffffff;\" nowrap=\"nowrap\">\n<div align=\"left\"><strong><span style=\"color: #000000;\">Entr\u00e9e d&#039;air<\/span><\/strong><\/div>\n<\/th>\n<td class=\"xl70\" style=\"border-color: #ffffff;\"><span style=\"color: #000000;\">1\/4&#8243;<\/span><\/td>\n<\/tr>\n<tr style=\"height: 46px;\" valign=\"middle\">\n<th class=\"xl71\" style=\"border-color: #ffffff;\" nowrap=\"nowrap\">\n<div align=\"left\"><strong><span style=\"color: #000000;\">Pression sonore<\/span><\/strong><\/div>\n<\/th>\n<td class=\"xl70\" style=\"border-color: #ffffff;\"><span style=\"color: #000000;\">95,17 dB(A)<\/span><\/td>\n<\/tr>\n<tr style=\"height: 46px;\" valign=\"middle\">\n<th class=\"xl71\" style=\"border-color: #ffffff;\" nowrap=\"nowrap\">\n<div align=\"left\"><strong><span style=\"color: #000000;\">Niveau de vibration<\/span><\/strong><\/div>\n<\/th>\n<td class=\"xl72\" style=\"border-color: #ffffff;\"><span style=\"color: #000000;\">12,78 m\/s\u00b2<\/span><\/td>\n<\/tr>\n<\/tbody>\n<\/table>","protected":false},"excerpt":{"rendered":"<p>Notre soci\u00e9t\u00e9 est un fabricant bien connu de marteaux pneumatiques de qualit\u00e9 sup\u00e9rieure \u00e0 Taiwan.<br \/>\nNous nous sommes consacr\u00e9s \u00e0 servir les clients avec notre durabilit\u00e9, notre prix \u00e9quitable et la forte efficacit\u00e9 d&#039;Air Hammer.<br \/>\nN&#039;h\u00e9sitez pas \u00e0 nous contacter si vous recherchez un Air Hammer au design unique et \u00e9l\u00e9gant.<\/p>","protected":false},"featured_media":4764,"template":"","meta":{"qubely_global_settings":"","qubely_interactions":"","site-sidebar-layout":"default","site-content-layout":"default","ast-global-header-display":"","ast-main-header-display":"","ast-hfb-above-header-display":"","ast-hfb-below-header-display":"","ast-hfb-mobile-header-display":"","site-post-title":"","ast-breadcrumbs-content":"","ast-featured-img":"","footer-sml-layout":"","theme-transparent-header-meta":"","adv-header-id-meta":"","stick-header-meta":"","header-above-stick-meta":"","header-main-stick-meta":"","header-below-stick-meta":""},"product_brand":[],"product_cat":[78],"product_tag":[],"class_list":{"0":"post-4925","1":"product","2":"type-product","3":"status-publish","4":"has-post-thumbnail","6":"product_cat-air-hammer","7":"desktop-align-center","8":"tablet-align-center","9":"mobile-align-center","10":"ast-product-gallery-layout-horizontal-slider","11":"ast-product-tabs-layout-horizontal","12":"ast-qv-on-image","14":"first","15":"instock","16":"shipping-taxable","17":"purchasable","18":"product-type-simple"},"uagb_featured_image_src":{"full":["https:\/\/axatool.com\/wp-content\/uploads\/2022\/04\/AH-490-1Air-Hammer-4pcs-Chisel-round-1000x1000.jpg",1000,1000,false],"thumbnail":["https:\/\/axatool.com\/wp-content\/uploads\/2022\/04\/AH-490-1Air-Hammer-4pcs-Chisel-round-150x150.jpg",150,150,true],"medium":["https:\/\/axatool.com\/wp-content\/uploads\/2022\/04\/AH-490-1Air-Hammer-4pcs-Chisel-round-300x300.jpg",300,300,true],"medium_large":["https:\/\/axatool.com\/wp-content\/uploads\/2022\/04\/AH-490-1Air-Hammer-4pcs-Chisel-round-768x768.jpg",768,768,true],"large":["https:\/\/axatool.com\/wp-content\/uploads\/2022\/04\/AH-490-1Air-Hammer-4pcs-Chisel-round-1000x1000.jpg",1000,1000,false],"1536x1536":["https:\/\/axatool.com\/wp-content\/uploads\/2022\/04\/AH-490-1Air-Hammer-4pcs-Chisel-round-1000x1000.jpg",1000,1000,false],"2048x2048":["https:\/\/axatool.com\/wp-content\/uploads\/2022\/04\/AH-490-1Air-Hammer-4pcs-Chisel-round-1000x1000.jpg",1000,1000,false],"trp-custom-language-flag":["https:\/\/axatool.com\/wp-content\/uploads\/2022\/04\/AH-490-1Air-Hammer-4pcs-Chisel-round-12x12.jpg",12,12,true],"qubely_landscape":["https:\/\/axatool.com\/wp-content\/uploads\/2022\/04\/AH-490-1Air-Hammer-4pcs-Chisel-round-1000x750.jpg",1000,750,true],"qubely_portrait":["https:\/\/axatool.com\/wp-content\/uploads\/2022\/04\/AH-490-1Air-Hammer-4pcs-Chisel-round-540x320.jpg",540,320,true],"qubely_thumbnail":["https:\/\/axatool.com\/wp-content\/uploads\/2022\/04\/AH-490-1Air-Hammer-4pcs-Chisel-round-140x100.jpg",140,100,true],"woocommerce_thumbnail":["https:\/\/axatool.com\/wp-content\/uploads\/2022\/04\/AH-490-1Air-Hammer-4pcs-Chisel-round-300x300.jpg",300,300,true],"woocommerce_single":["https:\/\/axatool.com\/wp-content\/uploads\/2022\/04\/AH-490-1Air-Hammer-4pcs-Chisel-round-600x600.jpg",600,600,true],"woocommerce_gallery_thumbnail":["https:\/\/axatool.com\/wp-content\/uploads\/2022\/04\/AH-490-1Air-Hammer-4pcs-Chisel-round-100x100.jpg",100,100,true]},"uagb_author_info":{"display_name":"editor.axatool","author_link":"https:\/\/axatool.com\/fr\/author\/"},"uagb_comment_info":0,"uagb_excerpt":"Our company is a well-known manufacturer of premium grade Air Hammer in Taiwan. We have devoted ourselves to serve the clients with our durability, fair price and strong efficiency of Air Hammer. Please feel free to contact us if you are searching for Air Hammer with unique and stylish design.","_links":{"self":[{"href":"https:\/\/axatool.com\/fr\/wp-json\/wp\/v2\/product\/4925","targetHints":{"allow":["GET"]}}],"collection":[{"href":"https:\/\/axatool.com\/fr\/wp-json\/wp\/v2\/product"}],"about":[{"href":"https:\/\/axatool.com\/fr\/wp-json\/wp\/v2\/types\/product"}],"version-history":[{"count":4,"href":"https:\/\/axatool.com\/fr\/wp-json\/wp\/v2\/product\/4925\/revisions"}],"predecessor-version":[{"id":4966,"href":"https:\/\/axatool.com\/fr\/wp-json\/wp\/v2\/product\/4925\/revisions\/4966"}],"wp:featuredmedia":[{"embeddable":true,"href":"https:\/\/axatool.com\/fr\/wp-json\/wp\/v2\/media\/4764"}],"wp:attachment":[{"href":"https:\/\/axatool.com\/fr\/wp-json\/wp\/v2\/media?parent=4925"}],"wp:term":[{"taxonomy":"product_brand","embeddable":true,"href":"https:\/\/axatool.com\/fr\/wp-json\/wp\/v2\/product_brand?post=4925"},{"taxonomy":"product_cat","embeddable":true,"href":"https:\/\/axatool.com\/fr\/wp-json\/wp\/v2\/product_cat?post=4925"},{"taxonomy":"product_tag","embeddable":true,"href":"https:\/\/axatool.com\/fr\/wp-json\/wp\/v2\/product_tag?post=4925"}],"curies":[{"name":"wp","href":"https:\/\/api.w.org\/{rel}","templated":true}]}}