{"id":4647,"date":"2022-04-26T07:40:41","date_gmt":"2022-04-26T07:40:41","guid":{"rendered":"https:\/\/axatool.com\/product\/uncategorized\/l-p100-stone-clamp\/"},"modified":"2023-05-08T08:55:52","modified_gmt":"2023-05-08T08:55:52","slug":"l-p100-stone-clamp","status":"publish","type":"product","link":"https:\/\/axatool.com\/fr\/produit\/l-p100-stone-clamp\/","title":{"rendered":"L-P100 Gecko Double Handle Carry Clamp Stone Clamp With Black Rubber"},"content":{"rendered":"<p><b>AXA Tools Gecko Double Handle Carry Clamp with Black Rubber-Set of 2 440 lbs (200 kgs) Capacity<br \/>\n<\/b><\/p>\n<ul>\n<li>Non-slip and comfortable grip design.<\/li>\n<li>Gravity casting, great mechanical properties.<\/li>\n<li>Rubber pads prevent scratch or damage to the stone surface.<\/li>\n<\/ul>\n<h3>\u2699\ufe0f <strong> sp\u00e9cification<\/strong><\/h3>\n<table id=\"tabs-nav\" class=\"xl756500\" style=\"height: auto; width: 80.6799%; border-style: double; background-color: #fea500; border-color: #ffffff;\" border=\"10\" width=\"517\" rules=\"cols\" cellspacing=\"2\" cellpadding=\"5\" bgcolor=\"#FEA500\">\n<tbody>\n<tr style=\"height: 46px;\" valign=\"middle\">\n<th class=\"xl72\" style=\"border-color: #ffffff; height: auto; width: 30%;\" nowrap=\"nowrap\" width=\"30%\">\n<div align=\"left\"><span style=\"color: #000000;\"><strong>Gripping Width<\/strong><\/span><\/div>\n<\/th>\n<td class=\"xl70\" style=\"border-color: #ffffff; height: auto; width: 69.9468%;\" width=\"284\"><span style=\"color: #000000;\">0 ~ 40 mm<\/span><\/td>\n<\/tr>\n<tr style=\"height: 46px;\" valign=\"middle\">\n<th class=\"xl72\" style=\"border-color: #ffffff; height: auto; width: 30%;\" nowrap=\"nowrap\" width=\"30%\">\n<div align=\"left\"><span style=\"color: #000000;\">Load<\/span><\/div>\n<\/th>\n<td class=\"xl70\" style=\"border-color: #ffffff; height: auto; width: 69.9468%;\"><span style=\"color: #000000;\">100 kgs (220 lbs) \/unit\u00a0<\/span><\/td>\n<\/tr>\n<tr style=\"height: 46px;\" valign=\"middle\">\n<th class=\"xl72\" style=\"border-color: #ffffff; height: auto; width: 30%;\" nowrap=\"nowrap\" width=\"30%\">\n<div align=\"left\"><span style=\"color: #000000;\">Max Load<\/span><\/div>\n<\/th>\n<td class=\"xl70\" style=\"border-color: #ffffff; height: auto; width: 69.9468%;\"><span style=\"color: #000000;\">200 kgs (440 lbs) \/ pair<\/span><\/td>\n<\/tr>\n<tr style=\"height: 46px;\" valign=\"middle\">\n<th class=\"xl72\" style=\"border-color: #ffffff; height: auto; width: 30%;\" nowrap=\"nowrap\" width=\"30%\">\n<div align=\"left\"><span style=\"color: #000000;\">Weight<\/span><\/div>\n<\/th>\n<td class=\"xl70\" style=\"border-color: #ffffff; height: auto; width: 69.9468%;\"><span style=\"color: #000000;\">2 kgs (4.4 lbs)\/unit, 4 kgs (8.8 lbs)\/pair<\/span><\/td>\n<\/tr>\n<\/tbody>\n<\/table>","protected":false},"excerpt":{"rendered":"<p>Axa Gecko Double Handle Carry Clamps are perfect for Granite, Marble, Quartz, Quartzite, all stone, Glass, metal, wood and any other sheet material.<br \/>\nHandle Carry Clamp Stone Clamp is made with a fully vulcanized 3\/16&#8243; thick rubber pad that will &#8220;bite&#8221; into the material for a solid grip that doesn&#8217;t slip and will not damage the stone.<\/p>\n<p>Notre soci\u00e9t\u00e9 est sp\u00e9cialis\u00e9e dans la fabrication, la fourniture et l&#039;exportation de marteaux pneumatiques pour la pierre, le granit, la sculpture \/ gravure sur marbre (marteaux pneumatiques pour la pierre, le granit, la gravure sur marbre), avec une usine cr\u00e9\u00e9e en 1994 \u00e0 Taiwan, tous nos outils pneumatiques pour l&#039;industrie de la pierre sont 100% fabriqu\u00e9 en Ta\u00efwan.<\/p>","protected":false},"featured_media":4639,"template":"","meta":{"qubely_global_settings":"","qubely_interactions":"","site-sidebar-layout":"default","site-content-layout":"default","ast-global-header-display":"","ast-main-header-display":"","ast-hfb-above-header-display":"","ast-hfb-below-header-display":"","ast-hfb-mobile-header-display":"","site-post-title":"","ast-breadcrumbs-content":"","ast-featured-img":"","footer-sml-layout":"","theme-transparent-header-meta":"default","adv-header-id-meta":"","stick-header-meta":"default","header-above-stick-meta":"","header-main-stick-meta":"","header-below-stick-meta":""},"product_brand":[],"product_cat":[93,68],"product_tag":[],"class_list":{"0":"post-4647","1":"product","2":"type-product","3":"status-publish","4":"has-post-thumbnail","6":"product_cat-stone-clamp-other-tools","7":"product_cat-wet-air-tools-for-stone-granite","8":"desktop-align-center","9":"tablet-align-center","10":"mobile-align-center","11":"ast-product-gallery-layout-horizontal-slider","12":"ast-product-tabs-layout-horizontal","13":"ast-qv-on-image","15":"first","16":"instock","17":"shipping-taxable","18":"purchasable","19":"product-type-simple"},"uagb_featured_image_src":{"full":["https:\/\/axatool.com\/wp-content\/uploads\/2022\/04\/L-P100-1Stone-Clamp-1000x1000.jpg",1000,1000,false],"thumbnail":["https:\/\/axatool.com\/wp-content\/uploads\/2022\/04\/L-P100-1Stone-Clamp-150x150.jpg",150,150,true],"medium":["https:\/\/axatool.com\/wp-content\/uploads\/2022\/04\/L-P100-1Stone-Clamp-300x300.jpg",300,300,true],"medium_large":["https:\/\/axatool.com\/wp-content\/uploads\/2022\/04\/L-P100-1Stone-Clamp-768x768.jpg",768,768,true],"large":["https:\/\/axatool.com\/wp-content\/uploads\/2022\/04\/L-P100-1Stone-Clamp-1000x1000.jpg",1000,1000,false],"1536x1536":["https:\/\/axatool.com\/wp-content\/uploads\/2022\/04\/L-P100-1Stone-Clamp-1000x1000.jpg",1000,1000,false],"2048x2048":["https:\/\/axatool.com\/wp-content\/uploads\/2022\/04\/L-P100-1Stone-Clamp-1000x1000.jpg",1000,1000,false],"trp-custom-language-flag":["https:\/\/axatool.com\/wp-content\/uploads\/2022\/04\/L-P100-1Stone-Clamp-12x12.jpg",12,12,true],"qubely_landscape":["https:\/\/axatool.com\/wp-content\/uploads\/2022\/04\/L-P100-1Stone-Clamp-1000x750.jpg",1000,750,true],"qubely_portrait":["https:\/\/axatool.com\/wp-content\/uploads\/2022\/04\/L-P100-1Stone-Clamp-540x320.jpg",540,320,true],"qubely_thumbnail":["https:\/\/axatool.com\/wp-content\/uploads\/2022\/04\/L-P100-1Stone-Clamp-140x100.jpg",140,100,true],"woocommerce_thumbnail":["https:\/\/axatool.com\/wp-content\/uploads\/2022\/04\/L-P100-1Stone-Clamp-300x300.jpg",300,300,true],"woocommerce_single":["https:\/\/axatool.com\/wp-content\/uploads\/2022\/04\/L-P100-1Stone-Clamp-600x600.jpg",600,600,true],"woocommerce_gallery_thumbnail":["https:\/\/axatool.com\/wp-content\/uploads\/2022\/04\/L-P100-1Stone-Clamp-100x100.jpg",100,100,true]},"uagb_author_info":{"display_name":"editor.axatool","author_link":"https:\/\/axatool.com\/fr\/author\/"},"uagb_comment_info":0,"uagb_excerpt":"Axa Gecko Double Handle Carry Clamps are perfect for Granite, Marble, Quartz, Quartzite, all stone, Glass, metal, wood and any other sheet material. Handle Carry Clamp Stone Clamp is made with a fully vulcanized 3\/16\" thick rubber pad that will \"bite\" into the material for a solid grip that doesn't slip and will not damage\u2026","_links":{"self":[{"href":"https:\/\/axatool.com\/fr\/wp-json\/wp\/v2\/product\/4647","targetHints":{"allow":["GET"]}}],"collection":[{"href":"https:\/\/axatool.com\/fr\/wp-json\/wp\/v2\/product"}],"about":[{"href":"https:\/\/axatool.com\/fr\/wp-json\/wp\/v2\/types\/product"}],"version-history":[{"count":6,"href":"https:\/\/axatool.com\/fr\/wp-json\/wp\/v2\/product\/4647\/revisions"}],"predecessor-version":[{"id":8902,"href":"https:\/\/axatool.com\/fr\/wp-json\/wp\/v2\/product\/4647\/revisions\/8902"}],"wp:featuredmedia":[{"embeddable":true,"href":"https:\/\/axatool.com\/fr\/wp-json\/wp\/v2\/media\/4639"}],"wp:attachment":[{"href":"https:\/\/axatool.com\/fr\/wp-json\/wp\/v2\/media?parent=4647"}],"wp:term":[{"taxonomy":"product_brand","embeddable":true,"href":"https:\/\/axatool.com\/fr\/wp-json\/wp\/v2\/product_brand?post=4647"},{"taxonomy":"product_cat","embeddable":true,"href":"https:\/\/axatool.com\/fr\/wp-json\/wp\/v2\/product_cat?post=4647"},{"taxonomy":"product_tag","embeddable":true,"href":"https:\/\/axatool.com\/fr\/wp-json\/wp\/v2\/product_tag?post=4647"}],"curies":[{"name":"wp","href":"https:\/\/api.w.org\/{rel}","templated":true}]}}