{"id":4643,"date":"2022-04-26T07:40:40","date_gmt":"2022-04-26T07:40:40","guid":{"rendered":"https:\/\/axatool.com\/product\/uncategorized\/wg-832-wet-angle-air-grinder-polisher\/"},"modified":"2022-07-11T09:16:34","modified_gmt":"2022-07-11T09:16:34","slug":"wg-832-wet-angle-air-grinder-polisher","status":"publish","type":"product","link":"https:\/\/axatool.com\/fr\/produit\/wg-832-wet-angle-air-grinder-polisher\/","title":{"rendered":"Meuleuse\/polisseuse pneumatique \u00e0 angle humide WG-832"},"content":{"rendered":"<ul>\n<li>Lock pin level trigger.<\/li>\n<li>Poign\u00e9e l\u00e9g\u00e8re et confortable.<\/li>\n<li>Emp\u00eache les risques d&#039;\u00e9lectrocution.<\/li>\n<li>Faible vibration et bruit avec d&#039;excellentes performances.<\/li>\n<li>Center water feeding system to reduce dust and improve environmental protection.<\/li>\n<li>La poign\u00e9e auxiliaire peut \u00eatre mont\u00e9e pour un utilisateur gaucher ou droitier.<\/li>\n<li>Conception de commutateur de vanne d&#039;eau pour un contr\u00f4le facile de la vitesse d&#039;\u00e9coulement de l&#039;eau.<\/li>\n<\/ul>\n<h3>\u2699\ufe0f <strong> sp\u00e9cification<\/strong><\/h3>\n<table id=\"tabs-nav\" class=\"xl756500\" style=\"height: auto; width: 80.6799%; border-style: double; background-color: #fea500; border-color: #ffffff;\" border=\"10\" width=\"517\" rules=\"cols\" cellspacing=\"2\" cellpadding=\"5\" bgcolor=\"#FEA500\">\n<tbody>\n<tr style=\"height: 46px;\" valign=\"middle\">\n<th class=\"xl72\" style=\"border-color: #ffffff;\" nowrap=\"nowrap\" width=\"30%\">\n<div align=\"left\"><span style=\"color: #000000;\"><strong>Capacit\u00e9 de roue <\/strong><\/span><\/div>\n<\/th>\n<td class=\"xl70\" style=\"border-color: #ffffff;\" width=\"284\"><span style=\"color: #000000;\">4&#8243; or 5&#8243; (100 mm or 125 mm)<\/span><\/td>\n<\/tr>\n<tr style=\"height: 46px;\" valign=\"middle\">\n<th class=\"xl72\" style=\"border-color: #ffffff;\" nowrap=\"nowrap\" width=\"30%\">\n<div align=\"left\"><span style=\"color: #000000;\"><strong>Taille de broche <\/strong><\/span><\/div>\n<\/th>\n<td class=\"xl70\" style=\"border-color: #ffffff;\"><span style=\"color: #000000;\">M14 ou M16 ou 5\/8\u2033 x 11T<\/span><\/td>\n<\/tr>\n<tr style=\"height: 46px;\" valign=\"middle\">\n<th class=\"xl72\" style=\"border-color: #ffffff;\" nowrap=\"nowrap\" width=\"30%\">\n<div align=\"left\"><span style=\"color: #000000;\"><strong>Vitesse libre <\/strong><\/span><\/div>\n<\/th>\n<td class=\"xl70\" style=\"border-color: #ffffff;\"><span style=\"color: #000000;\">10,500 RPM<\/span><\/td>\n<\/tr>\n<tr style=\"height: 46px;\" valign=\"middle\">\n<th class=\"xl72\" style=\"border-color: #ffffff;\" nowrap=\"nowrap\" width=\"30%\">\n<div align=\"left\"><span style=\"color: #000000;\"><strong>Moy. Air cons. <\/strong><\/span><\/div>\n<\/th>\n<td class=\"xl71\" style=\"border-color: #ffffff;\"><span style=\"color: #000000;\">8,3 SCFM (235 l\/min)<\/span><\/td>\n<\/tr>\n<tr style=\"height: 45px;\" valign=\"middle\">\n<th class=\"xl72\" style=\"border-color: #ffffff;\" nowrap=\"nowrap\" width=\"30%\">\n<div align=\"left\"><span style=\"color: #000000;\"><strong>Pression de l&#039;air <\/strong><\/span><\/div>\n<\/th>\n<td class=\"xl71\" style=\"border-color: #ffffff;\"><span style=\"color: #000000;\">90 psi (6,2 bars)<\/span><\/td>\n<\/tr>\n<tr style=\"height: 46px;\" valign=\"middle\">\n<th class=\"xl72\" style=\"border-color: #ffffff;\" nowrap=\"nowrap\" width=\"30%\">\n<div align=\"left\"><span style=\"color: #000000;\"><strong>Poids net <\/strong><\/span><\/div>\n<\/th>\n<td class=\"xl70\" style=\"border-color: #ffffff;\"><span style=\"color: #000000;\">1.98 Kgs (4.3 lbs)<\/span><\/td>\n<\/tr>\n<tr style=\"height: 46px;\" valign=\"middle\">\n<th class=\"xl72\" style=\"border-color: #ffffff;\" nowrap=\"nowrap\" width=\"30%\">\n<div align=\"left\"><span style=\"color: #000000;\"><strong>Longueur totale <\/strong><\/span><\/div>\n<\/th>\n<td class=\"xl70\" style=\"border-color: #ffffff;\"><span style=\"color: #000000;\">306 mm (12&#8243;)<\/span><\/td>\n<\/tr>\n<tr style=\"height: 46px;\" valign=\"middle\">\n<th class=\"xl72\" style=\"border-color: #ffffff;\" nowrap=\"nowrap\" width=\"30%\">\n<div align=\"left\"><span style=\"color: #000000;\"><strong>Entr\u00e9e d&#039;air <\/strong><\/span><\/div>\n<\/th>\n<td class=\"xl70\" style=\"border-color: #ffffff;\"><span style=\"color: #000000;\">1\/4&#8243;<\/span><\/td>\n<\/tr>\n<tr style=\"height: 46px;\" valign=\"middle\">\n<th class=\"xl72\" style=\"border-color: #ffffff;\" nowrap=\"nowrap\" width=\"30%\">\n<div align=\"left\"><span style=\"color: #000000;\"><strong>\u00c9chappement d&#039;air <\/strong><\/span><\/div>\n<\/th>\n<td class=\"xl70\" style=\"border-color: #ffffff;\"><span style=\"color: #000000;\">Devant<\/span><\/td>\n<\/tr>\n<tr style=\"height: 46px;\" valign=\"middle\">\n<th class=\"xl72\" style=\"border-color: #ffffff;\" nowrap=\"nowrap\" width=\"30%\">\n<div align=\"left\"><span style=\"color: #000000;\">Pression sonore<\/span><\/div>\n<\/th>\n<td class=\"xl70\" style=\"border-color: #ffffff;\"><span style=\"color: #000000;\">74.11 dB(A)<\/span><\/td>\n<\/tr>\n<tr style=\"height: 46px;\" valign=\"middle\">\n<th class=\"xl72\" style=\"border-color: #ffffff;\" nowrap=\"nowrap\" width=\"30%\">\n<div align=\"left\"><span style=\"color: #000000;\"><strong>Niveau de vibration<\/strong><\/span><\/div>\n<\/th>\n<td class=\"xl70\" style=\"border-color: #ffffff;\"><span style=\"color: #000000;\">3.16 m\/s\u00b2<\/span><\/td>\n<\/tr>\n<\/tbody>\n<\/table>","protected":false},"excerpt":{"rendered":"<p>Notre soci\u00e9t\u00e9 est sp\u00e9cialis\u00e9e dans la fabrication, la fourniture et l&#039;exportation de marteaux pneumatiques pour la pierre, le granit, la sculpture \/ gravure sur marbre (marteaux pneumatiques pour la pierre, le granit, la gravure sur marbre), avec une usine cr\u00e9\u00e9e en 1994 \u00e0 Taiwan, tous nos outils pneumatiques pour l&#039;industrie de la pierre sont 100% fabriqu\u00e9 en Ta\u00efwan.<\/p>","protected":false},"featured_media":4626,"template":"","meta":{"qubely_global_settings":"","qubely_interactions":"","site-sidebar-layout":"default","site-content-layout":"default","ast-global-header-display":"","ast-main-header-display":"","ast-hfb-above-header-display":"","ast-hfb-below-header-display":"","ast-hfb-mobile-header-display":"","site-post-title":"","ast-breadcrumbs-content":"","ast-featured-img":"","footer-sml-layout":"","theme-transparent-header-meta":"","adv-header-id-meta":"","stick-header-meta":"","header-above-stick-meta":"","header-main-stick-meta":"","header-below-stick-meta":""},"product_brand":[],"product_cat":[68,91],"product_tag":[],"class_list":{"0":"post-4643","1":"product","2":"type-product","3":"status-publish","4":"has-post-thumbnail","6":"product_cat-wet-air-tools-for-stone-granite","7":"product_cat-wet-air-grinder-wet-air-tools-for-stone-granite","8":"desktop-align-center","9":"tablet-align-center","10":"mobile-align-center","11":"ast-product-gallery-layout-horizontal-slider","12":"ast-product-tabs-layout-horizontal","13":"ast-qv-on-image","15":"first","16":"instock","17":"shipping-taxable","18":"purchasable","19":"product-type-simple"},"uagb_featured_image_src":{"full":["https:\/\/axatool.com\/wp-content\/uploads\/2022\/04\/WG-832-1Wet-Angle-Air-Grinder-Polisher-1000x1000.jpg",1000,1000,false],"thumbnail":["https:\/\/axatool.com\/wp-content\/uploads\/2022\/04\/WG-832-1Wet-Angle-Air-Grinder-Polisher-150x150.jpg",150,150,true],"medium":["https:\/\/axatool.com\/wp-content\/uploads\/2022\/04\/WG-832-1Wet-Angle-Air-Grinder-Polisher-300x300.jpg",300,300,true],"medium_large":["https:\/\/axatool.com\/wp-content\/uploads\/2022\/04\/WG-832-1Wet-Angle-Air-Grinder-Polisher-768x768.jpg",768,768,true],"large":["https:\/\/axatool.com\/wp-content\/uploads\/2022\/04\/WG-832-1Wet-Angle-Air-Grinder-Polisher-1000x1000.jpg",1000,1000,false],"1536x1536":["https:\/\/axatool.com\/wp-content\/uploads\/2022\/04\/WG-832-1Wet-Angle-Air-Grinder-Polisher-1000x1000.jpg",1000,1000,false],"2048x2048":["https:\/\/axatool.com\/wp-content\/uploads\/2022\/04\/WG-832-1Wet-Angle-Air-Grinder-Polisher-1000x1000.jpg",1000,1000,false],"trp-custom-language-flag":["https:\/\/axatool.com\/wp-content\/uploads\/2022\/04\/WG-832-1Wet-Angle-Air-Grinder-Polisher-12x12.jpg",12,12,true],"qubely_landscape":["https:\/\/axatool.com\/wp-content\/uploads\/2022\/04\/WG-832-1Wet-Angle-Air-Grinder-Polisher-1000x750.jpg",1000,750,true],"qubely_portrait":["https:\/\/axatool.com\/wp-content\/uploads\/2022\/04\/WG-832-1Wet-Angle-Air-Grinder-Polisher-540x320.jpg",540,320,true],"qubely_thumbnail":["https:\/\/axatool.com\/wp-content\/uploads\/2022\/04\/WG-832-1Wet-Angle-Air-Grinder-Polisher-140x100.jpg",140,100,true],"woocommerce_thumbnail":["https:\/\/axatool.com\/wp-content\/uploads\/2022\/04\/WG-832-1Wet-Angle-Air-Grinder-Polisher-300x300.jpg",300,300,true],"woocommerce_single":["https:\/\/axatool.com\/wp-content\/uploads\/2022\/04\/WG-832-1Wet-Angle-Air-Grinder-Polisher-600x600.jpg",600,600,true],"woocommerce_gallery_thumbnail":["https:\/\/axatool.com\/wp-content\/uploads\/2022\/04\/WG-832-1Wet-Angle-Air-Grinder-Polisher-100x100.jpg",100,100,true]},"uagb_author_info":{"display_name":"editor.axatool","author_link":"https:\/\/axatool.com\/fr\/author\/"},"uagb_comment_info":0,"uagb_excerpt":"Our company specializes in manufacturing, supplying and exporting Air hammers for Stone, Granite, Marble carving \/ engraving (pneumatic Hammers for Stone,Granite,Marble Engraving), with a factory established in 1994 in Taiwan, all our Air Tools for stone industry are 100% made in TAIWAN.","_links":{"self":[{"href":"https:\/\/axatool.com\/fr\/wp-json\/wp\/v2\/product\/4643","targetHints":{"allow":["GET"]}}],"collection":[{"href":"https:\/\/axatool.com\/fr\/wp-json\/wp\/v2\/product"}],"about":[{"href":"https:\/\/axatool.com\/fr\/wp-json\/wp\/v2\/types\/product"}],"version-history":[{"count":4,"href":"https:\/\/axatool.com\/fr\/wp-json\/wp\/v2\/product\/4643\/revisions"}],"predecessor-version":[{"id":7714,"href":"https:\/\/axatool.com\/fr\/wp-json\/wp\/v2\/product\/4643\/revisions\/7714"}],"wp:featuredmedia":[{"embeddable":true,"href":"https:\/\/axatool.com\/fr\/wp-json\/wp\/v2\/media\/4626"}],"wp:attachment":[{"href":"https:\/\/axatool.com\/fr\/wp-json\/wp\/v2\/media?parent=4643"}],"wp:term":[{"taxonomy":"product_brand","embeddable":true,"href":"https:\/\/axatool.com\/fr\/wp-json\/wp\/v2\/product_brand?post=4643"},{"taxonomy":"product_cat","embeddable":true,"href":"https:\/\/axatool.com\/fr\/wp-json\/wp\/v2\/product_cat?post=4643"},{"taxonomy":"product_tag","embeddable":true,"href":"https:\/\/axatool.com\/fr\/wp-json\/wp\/v2\/product_tag?post=4643"}],"curies":[{"name":"wp","href":"https:\/\/api.w.org\/{rel}","templated":true}]}}