{"id":4005,"date":"2022-03-29T06:32:09","date_gmt":"2022-03-29T06:32:09","guid":{"rendered":"https:\/\/axatool.com\/product\/uncategorized\/rw-2351-1-4-air-ratchet-wrench\/"},"modified":"2022-06-01T05:05:10","modified_gmt":"2022-06-01T05:05:10","slug":"rw-2351-1-4-air-ratchet-wrench","status":"publish","type":"product","link":"https:\/\/axatool.com\/fr\/produit\/rw-2351-1-4-air-ratchet-wrench\/","title":{"rendered":"RW-2351 Cl\u00e9 \u00e0 cliquet pneumatique 1\/4\u2033"},"content":{"rendered":"<p>Id\u00e9al pour les petites r\u00e9parations de moteur, les bougies d&#039;allumage, les travaux de pompe \u00e0 eau, les travaux de carrosserie, le retrait et le remplacement du radiateur et de la climatisation.<\/p>\n<h3>\u2699\ufe0f <strong> sp\u00e9cification<\/strong><\/h3>\n<table id=\"tabs-nav\" class=\"xl756500\" style=\"height: 544px; width: 80.6799%; border-style: double; background-color: #fea500; border-color: #ffffff;\" border=\"10\" width=\"517\" rules=\"cols\" cellspacing=\"2\" cellpadding=\"5\" bgcolor=\"#FEA500\">\n<tbody>\n<tr style=\"height: 46px;\" valign=\"middle\">\n<td class=\"xl86\" style=\"border-color: #ffffff;\" width=\"183\">\n<div align=\"left\"><span style=\"color: #000000;\"><strong>Pilote carr\u00e9 <\/strong><\/span><\/div>\n<\/td>\n<td class=\"xl85\" style=\"border-color: #ffffff;\" width=\"284\"><span style=\"color: #000000;\">1\/4&#8243;<\/span><\/td>\n<\/tr>\n<tr style=\"height: 46px;\" valign=\"middle\">\n<td class=\"xl86\" style=\"border-color: #ffffff;\" width=\"183\">\n<div align=\"left\"><span style=\"color: #000000;\"><strong>Transmission \u00e0 engrenages <\/strong><\/span><\/div>\n<\/td>\n<td class=\"xl85\" style=\"border-color: #ffffff;\" width=\"284\"><span style=\"color: #000000;\">Engrenage plan\u00e9taire<\/span><\/td>\n<\/tr>\n<tr style=\"height: 46px;\" valign=\"middle\">\n<td class=\"xl86\" style=\"border-color: #ffffff;\">\n<div align=\"left\"><span style=\"color: #000000;\"><strong>Vitesse libre <\/strong><\/span><\/div>\n<\/td>\n<td class=\"xl85\" style=\"border-color: #ffffff;\"><span style=\"color: #000000;\">300 tr\/min<\/span><\/td>\n<\/tr>\n<tr style=\"height: 46px;\" valign=\"middle\">\n<td class=\"xl86\" style=\"border-color: #ffffff;\">\n<div align=\"left\"><span style=\"color: #000000;\"><strong>Max. Couple <\/strong><\/span><\/div>\n<\/td>\n<td class=\"xl85\" style=\"border-color: #ffffff;\"><span style=\"color: #000000;\">40 pi\/lb (54 Nm)<\/span><\/td>\n<\/tr>\n<tr style=\"height: 46px;\" valign=\"middle\">\n<td class=\"xl86\" style=\"border-color: #ffffff;\">\n<div align=\"left\"><span style=\"color: #000000;\"><strong>Moy. Air cons. <\/strong><\/span><\/div>\n<\/td>\n<td class=\"xl85\" style=\"border-color: #ffffff;\"><span style=\"color: #000000;\">3 PCM (84 l\/min)<\/span><\/td>\n<\/tr>\n<tr style=\"height: 46px;\" valign=\"middle\">\n<td class=\"xl86\" style=\"border-color: #ffffff;\">\n<div align=\"left\"><span style=\"color: #000000;\"><strong>Pression de l&#039;air <\/strong><\/span><\/div>\n<\/td>\n<td class=\"xl85\" style=\"border-color: #ffffff;\"><span style=\"color: #000000;\">90 psi (6,2 bars)<\/span><\/td>\n<\/tr>\n<tr style=\"height: 46px;\" valign=\"middle\">\n<td class=\"xl86\" style=\"border-color: #ffffff;\">\n<div align=\"left\"><span style=\"color: #000000;\"><strong>Poids net <\/strong><\/span><\/div>\n<\/td>\n<td class=\"xl85\" style=\"border-color: #ffffff;\"><span style=\"color: #000000;\">0,64 kg (1,4 lb)<\/span><\/td>\n<\/tr>\n<tr style=\"height: 46px;\" valign=\"middle\">\n<td class=\"xl86\" style=\"border-color: #ffffff;\">\n<div align=\"left\"><span style=\"color: #000000;\"><strong>Longueur totale <\/strong><\/span><\/div>\n<\/td>\n<td class=\"xl85\" style=\"border-color: #ffffff;\"><span style=\"color: #000000;\">202mm (7.88\u2033)<\/span><\/td>\n<\/tr>\n<tr style=\"height: 45px;\" valign=\"middle\">\n<td class=\"xl86\" style=\"border-color: #ffffff;\">\n<div align=\"left\"><span style=\"color: #000000;\"><strong>Entr\u00e9e d&#039;air <\/strong><\/span><\/div>\n<\/td>\n<td class=\"xl85\" style=\"border-color: #ffffff;\"><span style=\"color: #000000;\">1\/4&#8243;<\/span><\/td>\n<\/tr>\n<tr style=\"height: 46px;\" valign=\"middle\">\n<td class=\"xl86\" style=\"border-color: #ffffff;\">\n<div align=\"left\"><span style=\"color: #000000;\"><strong>ID du tuyau d&#039;air <\/strong><\/span><\/div>\n<\/td>\n<td class=\"xl85\" style=\"border-color: #ffffff;\"><span style=\"color: #000000;\">3\/8&#8243;<\/span><\/td>\n<\/tr>\n<tr style=\"height: 46px;\" valign=\"middle\">\n<td class=\"xl86\" style=\"border-color: #ffffff;\">\n<div align=\"left\"><span style=\"color: #000000;\"><strong>\u00c9chappement d&#039;air <\/strong><\/span><\/div>\n<\/td>\n<td class=\"xl85\" style=\"border-color: #ffffff;\"><span style=\"color: #000000;\">C\u00f4t\u00e9 r\u00e9glable \u00e0 360 \u00b0<\/span><\/td>\n<\/tr>\n<tr style=\"height: 46px;\" valign=\"middle\">\n<td class=\"xl86\" style=\"border-color: #ffffff;\">\n<div align=\"left\"><span style=\"color: #000000;\"><strong>Bruit sonore <\/strong><\/span><\/div>\n<\/td>\n<td class=\"xl85\" style=\"border-color: #ffffff;\"><span style=\"color: #000000;\">83 dB(A)<\/span><\/td>\n<\/tr>\n<tr style=\"height: 46px;\" valign=\"middle\">\n<td class=\"xl86\" style=\"border-color: #ffffff;\">\n<div align=\"left\"><span style=\"color: #000000;\"><strong>Niveau de vibration <\/strong><\/span><\/div>\n<\/td>\n<td class=\"xl85\" style=\"border-color: #ffffff;\"><span style=\"color: #000000;\">3,5 m\/s\u00b2<\/span><\/td>\n<\/tr>\n<\/tbody>\n<\/table>","protected":false},"excerpt":{"rendered":"<p>Notre soci\u00e9t\u00e9 est un fabricant bien connu de cl\u00e9 \u00e0 cliquet pneumatique de qualit\u00e9 sup\u00e9rieure \u00e0 Taiwan.<br \/>\nNous nous sommes consacr\u00e9s \u00e0 servir les clients avec notre durabilit\u00e9, notre prix \u00e9quitable et la forte efficacit\u00e9 de la cl\u00e9 \u00e0 cliquet pneumatique.<br \/>\nN&#039;h\u00e9sitez pas \u00e0 nous contacter si vous recherchez une cl\u00e9 \u00e0 cliquet pneumatique au design unique et \u00e9l\u00e9gant.<\/p>","protected":false},"featured_media":3720,"template":"","meta":{"qubely_global_settings":"","qubely_interactions":"","site-sidebar-layout":"default","site-content-layout":"default","ast-global-header-display":"","ast-main-header-display":"","ast-hfb-above-header-display":"","ast-hfb-below-header-display":"","ast-hfb-mobile-header-display":"","site-post-title":"","ast-breadcrumbs-content":"","ast-featured-img":"","footer-sml-layout":"","theme-transparent-header-meta":"","adv-header-id-meta":"","stick-header-meta":"","header-above-stick-meta":"","header-main-stick-meta":"","header-below-stick-meta":""},"product_brand":[],"product_cat":[73],"product_tag":[],"class_list":{"0":"post-4005","1":"product","2":"type-product","3":"status-publish","4":"has-post-thumbnail","6":"product_cat-air-ratchet-wrench","7":"desktop-align-center","8":"tablet-align-center","9":"mobile-align-center","10":"ast-product-gallery-layout-horizontal-slider","11":"ast-product-tabs-layout-horizontal","12":"ast-qv-on-image","14":"first","15":"instock","16":"shipping-taxable","17":"purchasable","18":"product-type-simple"},"uagb_featured_image_src":{"full":["https:\/\/axatool.com\/wp-content\/uploads\/2022\/03\/RW-2351RW-3351-1-Air-Ratchet-Wrench.jpg",1000,1000,false],"thumbnail":["https:\/\/axatool.com\/wp-content\/uploads\/2022\/03\/RW-2351RW-3351-1-Air-Ratchet-Wrench-150x150.jpg",150,150,true],"medium":["https:\/\/axatool.com\/wp-content\/uploads\/2022\/03\/RW-2351RW-3351-1-Air-Ratchet-Wrench-300x300.jpg",300,300,true],"medium_large":["https:\/\/axatool.com\/wp-content\/uploads\/2022\/03\/RW-2351RW-3351-1-Air-Ratchet-Wrench-768x768.jpg",768,768,true],"large":["https:\/\/axatool.com\/wp-content\/uploads\/2022\/03\/RW-2351RW-3351-1-Air-Ratchet-Wrench.jpg",1000,1000,false],"1536x1536":["https:\/\/axatool.com\/wp-content\/uploads\/2022\/03\/RW-2351RW-3351-1-Air-Ratchet-Wrench.jpg",1000,1000,false],"2048x2048":["https:\/\/axatool.com\/wp-content\/uploads\/2022\/03\/RW-2351RW-3351-1-Air-Ratchet-Wrench.jpg",1000,1000,false],"trp-custom-language-flag":["https:\/\/axatool.com\/wp-content\/uploads\/2022\/03\/RW-2351RW-3351-1-Air-Ratchet-Wrench.jpg",12,12,false],"qubely_landscape":["https:\/\/axatool.com\/wp-content\/uploads\/2022\/03\/RW-2351RW-3351-1-Air-Ratchet-Wrench-1000x750.jpg",1000,750,true],"qubely_portrait":["https:\/\/axatool.com\/wp-content\/uploads\/2022\/03\/RW-2351RW-3351-1-Air-Ratchet-Wrench-540x320.jpg",540,320,true],"qubely_thumbnail":["https:\/\/axatool.com\/wp-content\/uploads\/2022\/03\/RW-2351RW-3351-1-Air-Ratchet-Wrench-140x100.jpg",140,100,true],"woocommerce_thumbnail":["https:\/\/axatool.com\/wp-content\/uploads\/2022\/03\/RW-2351RW-3351-1-Air-Ratchet-Wrench-300x300.jpg",300,300,true],"woocommerce_single":["https:\/\/axatool.com\/wp-content\/uploads\/2022\/03\/RW-2351RW-3351-1-Air-Ratchet-Wrench-600x600.jpg",600,600,true],"woocommerce_gallery_thumbnail":["https:\/\/axatool.com\/wp-content\/uploads\/2022\/03\/RW-2351RW-3351-1-Air-Ratchet-Wrench-100x100.jpg",100,100,true]},"uagb_author_info":{"display_name":"editor.axatool","author_link":"https:\/\/axatool.com\/fr\/author\/"},"uagb_comment_info":0,"uagb_excerpt":"Our company is a well-known manufacturer of premium grade Air Ratchet Wrench in Taiwan. We have devoted ourselves to serve the clients with our durability, fair price and strong efficiency of Air Ratchet Wrench. Please feel free to contact us if you are searching for Air Ratchet Wrench with unique and stylish design.","_links":{"self":[{"href":"https:\/\/axatool.com\/fr\/wp-json\/wp\/v2\/product\/4005","targetHints":{"allow":["GET"]}}],"collection":[{"href":"https:\/\/axatool.com\/fr\/wp-json\/wp\/v2\/product"}],"about":[{"href":"https:\/\/axatool.com\/fr\/wp-json\/wp\/v2\/types\/product"}],"version-history":[{"count":2,"href":"https:\/\/axatool.com\/fr\/wp-json\/wp\/v2\/product\/4005\/revisions"}],"predecessor-version":[{"id":4034,"href":"https:\/\/axatool.com\/fr\/wp-json\/wp\/v2\/product\/4005\/revisions\/4034"}],"wp:featuredmedia":[{"embeddable":true,"href":"https:\/\/axatool.com\/fr\/wp-json\/wp\/v2\/media\/3720"}],"wp:attachment":[{"href":"https:\/\/axatool.com\/fr\/wp-json\/wp\/v2\/media?parent=4005"}],"wp:term":[{"taxonomy":"product_brand","embeddable":true,"href":"https:\/\/axatool.com\/fr\/wp-json\/wp\/v2\/product_brand?post=4005"},{"taxonomy":"product_cat","embeddable":true,"href":"https:\/\/axatool.com\/fr\/wp-json\/wp\/v2\/product_cat?post=4005"},{"taxonomy":"product_tag","embeddable":true,"href":"https:\/\/axatool.com\/fr\/wp-json\/wp\/v2\/product_tag?post=4005"}],"curies":[{"name":"wp","href":"https:\/\/api.w.org\/{rel}","templated":true}]}}