{"id":3851,"date":"2022-03-28T07:40:43","date_gmt":"2022-03-28T07:40:43","guid":{"rendered":"https:\/\/axatool.com\/product\/uncategorized\/cs-286-tri-head-air-scaling-hammer\/"},"modified":"2022-06-01T05:05:49","modified_gmt":"2022-06-01T05:05:49","slug":"cs-286-tri-head-air-scaling-hammer","status":"publish","type":"product","link":"https:\/\/axatool.com\/fr\/produit\/cs-286-tri-head-air-scaling-hammer\/","title":{"rendered":"Marteau de d\u00e9tartrage pneumatique \u00e0 trois t\u00eates CS-286"},"content":{"rendered":"<p>Heat treated precision cylinder and piston for long life. Valve less design increases reliability. Hard wearing replaceable tungsten carbide inserts in each piston. Handle can be re-positioned to suit application.<br \/>\nBest for: Removal of scale, other residues and concrete scabbing.<\/p>\n<h3>\u2699\ufe0f <strong> sp\u00e9cification<\/strong><\/h3>\n<table id=\"tabs-nav\" class=\"xl756500\" style=\"height: 544px; width: 80.6799%; border-style: double; background-color: #fea500; border-color: #ffffff;\" border=\"10\" width=\"500\" rules=\"cols\" cellspacing=\"2\" cellpadding=\"5\" bgcolor=\"#FEA500\">\n<tbody>\n<tr style=\"height: 46px;\" valign=\"middle\">\n<td class=\"xl86\" style=\"width: 27%; height: 25px; border-color: #ffffff;\" bgcolor=\"#FEA500\">\n<div align=\"left\"><span style=\"color: #000000;\"><strong><strong>Course des pistons<\/strong><\/strong><\/span><\/div>\n<\/td>\n<td class=\"xl72\" style=\"border-color: #ffffff;\" width=\"284\"><span class=\"xl70\" style=\"color: #000000;\">26 mm (1&#8243;) <\/span><\/td>\n<\/tr>\n<tr style=\"height: 46px;\" valign=\"middle\">\n<td class=\"style1 xl72\" style=\"border-color: #ffffff;\" bgcolor=\"#FEA500\">\n<div align=\"left\"><span style=\"color: #000000;\"><strong>Diam\u00e8tre des pistons <\/strong><\/span><\/div>\n<\/td>\n<td class=\"xl70\" style=\"border-color: #ffffff;\"><span style=\"color: #000000;\">\u00d8 27 x 69 mm<\/span><\/td>\n<\/tr>\n<tr style=\"height: 46px;\" valign=\"middle\">\n<td class=\"style1 xl72\" style=\"border-color: #ffffff;\">\n<div align=\"left\"><span style=\"color: #000000;\"><strong>Blows per Minute <\/strong><\/span><\/div>\n<\/td>\n<td class=\"xl70\" style=\"border-color: #ffffff;\"><span style=\"color: #000000;\">2,400 BPM<\/span><\/td>\n<\/tr>\n<tr style=\"height: 46px;\" valign=\"middle\">\n<td class=\"style1 xl72\" style=\"border-color: #ffffff;\">\n<div align=\"left\"><span style=\"color: #000000;\"><strong>Moy. Moins d&#039;air <\/strong><\/span><\/div>\n<\/td>\n<td class=\"xl70\" style=\"border-color: #ffffff;\"><span style=\"color: #000000;\">7.8 CFM (221 l\/min)<\/span><\/td>\n<\/tr>\n<tr style=\"height: 46px;\" valign=\"middle\">\n<td class=\"style1 xl72\" style=\"border-color: #ffffff;\">\n<div align=\"left\"><span style=\"color: #000000;\"><strong>Pression de l&#039;air <\/strong><\/span><\/div>\n<\/td>\n<td class=\"xl71\" style=\"border-color: #ffffff;\"><span style=\"color: #000000;\">90 psi (6,2 bars)<\/span><\/td>\n<\/tr>\n<tr style=\"height: 46px;\" valign=\"middle\">\n<td class=\"style1 xl72\" style=\"border-color: #ffffff;\">\n<div align=\"left\"><span style=\"color: #000000;\"><strong>Poids net <\/strong><\/span><\/div>\n<\/td>\n<td class=\"xl70\" style=\"border-color: #ffffff;\"><span style=\"color: #000000;\">4.0 Kgs (8.8 lbs)<\/span><\/td>\n<\/tr>\n<tr style=\"height: 46px;\" valign=\"middle\">\n<td class=\"style1 xl72\" style=\"border-color: #ffffff;\">\n<div align=\"left\"><span style=\"color: #000000;\"><strong>Longueur totale <\/strong><\/span><\/div>\n<\/td>\n<td class=\"xl70\" style=\"border-color: #ffffff;\"><span style=\"color: #000000;\">541 mm (21.3&#8243;)<\/span><\/td>\n<\/tr>\n<tr style=\"height: 46px;\" valign=\"middle\">\n<td class=\"style1 xl72\" style=\"border-color: #ffffff;\">\n<div align=\"left\"><span style=\"color: #000000;\"><strong>Entr\u00e9e d&#039;air <\/strong><\/span><\/div>\n<\/td>\n<td class=\"xl70\" style=\"border-color: #ffffff;\"><span style=\"color: #000000;\">3\/8&#8243;<\/span><\/td>\n<\/tr>\n<tr style=\"height: 46px;\" valign=\"middle\">\n<td class=\"style1 xl72\" style=\"border-color: #ffffff;\">\n<div align=\"left\"><span style=\"color: #000000;\"><strong>ID du tuyau d&#039;air <\/strong><\/span><\/div>\n<\/td>\n<td class=\"xl73\" style=\"border-color: #ffffff;\" width=\"284\"><span style=\"color: #000000;\">3\/8\u2033 (10mm)<\/span><\/td>\n<\/tr>\n<tr style=\"height: 45px;\" valign=\"middle\">\n<td class=\"style1 xl72\" style=\"border-color: #ffffff;\">\n<div align=\"left\"><span style=\"color: #000000;\"><strong>Pression sonore <\/strong><\/span><\/div>\n<\/td>\n<td class=\"xl70\" style=\"border-color: #ffffff;\"><span style=\"color: #000000;\">91.9 dB(A)<\/span><\/td>\n<\/tr>\n<tr style=\"height: 46px;\" valign=\"middle\">\n<td class=\"style1 xl72\" style=\"border-color: #ffffff;\">\n<div align=\"left\"><span style=\"color: #000000;\"><strong>Niveau de vibration <\/strong><\/span><\/div>\n<\/td>\n<td class=\"xl74\" style=\"border-color: #ffffff;\"><span style=\"color: #000000;\">13.3 m\/s \u00b2<\/span><\/td>\n<\/tr>\n<\/tbody>\n<\/table>","protected":false},"excerpt":{"rendered":"<p>Notre soci\u00e9t\u00e9 est un fabricant bien connu de d\u00e9tartreur \u00e0 aiguilles \u00e0 air et de d\u00e9chiqueteuse de flux de qualit\u00e9 sup\u00e9rieure \u00e0 Taiwan. Nous nous sommes consacr\u00e9s \u00e0 servir les clients avec notre durabilit\u00e9, notre prix \u00e9quitable et la forte efficacit\u00e9 de Air Needle Scaler &amp; Flux Chipper.<br \/>\nN&#039;h\u00e9sitez pas \u00e0 nous contacter si vous recherchez un d\u00e9tartreur \u00e0 aiguille \u00e0 air et un broyeur \u00e0 flux avec un design unique et \u00e9l\u00e9gant.<\/p>","protected":false},"featured_media":3789,"template":"","meta":{"qubely_global_settings":"","qubely_interactions":"","site-sidebar-layout":"default","site-content-layout":"default","ast-global-header-display":"","ast-main-header-display":"","ast-hfb-above-header-display":"","ast-hfb-below-header-display":"","ast-hfb-mobile-header-display":"","site-post-title":"","ast-breadcrumbs-content":"","ast-featured-img":"","footer-sml-layout":"","theme-transparent-header-meta":"","adv-header-id-meta":"","stick-header-meta":"","header-above-stick-meta":"","header-main-stick-meta":"","header-below-stick-meta":""},"product_brand":[],"product_cat":[78],"product_tag":[],"class_list":{"0":"post-3851","1":"product","2":"type-product","3":"status-publish","4":"has-post-thumbnail","6":"product_cat-air-hammer","7":"desktop-align-center","8":"tablet-align-center","9":"mobile-align-center","10":"ast-product-gallery-layout-horizontal-slider","11":"ast-product-tabs-layout-horizontal","12":"ast-qv-on-image","14":"first","15":"instock","16":"shipping-taxable","17":"purchasable","18":"product-type-simple"},"uagb_featured_image_src":{"full":["https:\/\/axatool.com\/wp-content\/uploads\/2022\/03\/CS-286-1-Tri-Head-Air-Scaling-Hammer.jpg",1000,1000,false],"thumbnail":["https:\/\/axatool.com\/wp-content\/uploads\/2022\/03\/CS-286-1-Tri-Head-Air-Scaling-Hammer-150x150.jpg",150,150,true],"medium":["https:\/\/axatool.com\/wp-content\/uploads\/2022\/03\/CS-286-1-Tri-Head-Air-Scaling-Hammer-300x300.jpg",300,300,true],"medium_large":["https:\/\/axatool.com\/wp-content\/uploads\/2022\/03\/CS-286-1-Tri-Head-Air-Scaling-Hammer-768x768.jpg",768,768,true],"large":["https:\/\/axatool.com\/wp-content\/uploads\/2022\/03\/CS-286-1-Tri-Head-Air-Scaling-Hammer.jpg",1000,1000,false],"1536x1536":["https:\/\/axatool.com\/wp-content\/uploads\/2022\/03\/CS-286-1-Tri-Head-Air-Scaling-Hammer.jpg",1000,1000,false],"2048x2048":["https:\/\/axatool.com\/wp-content\/uploads\/2022\/03\/CS-286-1-Tri-Head-Air-Scaling-Hammer.jpg",1000,1000,false],"trp-custom-language-flag":["https:\/\/axatool.com\/wp-content\/uploads\/2022\/03\/CS-286-1-Tri-Head-Air-Scaling-Hammer.jpg",12,12,false],"qubely_landscape":["https:\/\/axatool.com\/wp-content\/uploads\/2022\/03\/CS-286-1-Tri-Head-Air-Scaling-Hammer-1000x750.jpg",1000,750,true],"qubely_portrait":["https:\/\/axatool.com\/wp-content\/uploads\/2022\/03\/CS-286-1-Tri-Head-Air-Scaling-Hammer-540x320.jpg",540,320,true],"qubely_thumbnail":["https:\/\/axatool.com\/wp-content\/uploads\/2022\/03\/CS-286-1-Tri-Head-Air-Scaling-Hammer-140x100.jpg",140,100,true],"woocommerce_thumbnail":["https:\/\/axatool.com\/wp-content\/uploads\/2022\/03\/CS-286-1-Tri-Head-Air-Scaling-Hammer-300x300.jpg",300,300,true],"woocommerce_single":["https:\/\/axatool.com\/wp-content\/uploads\/2022\/03\/CS-286-1-Tri-Head-Air-Scaling-Hammer-600x600.jpg",600,600,true],"woocommerce_gallery_thumbnail":["https:\/\/axatool.com\/wp-content\/uploads\/2022\/03\/CS-286-1-Tri-Head-Air-Scaling-Hammer-100x100.jpg",100,100,true]},"uagb_author_info":{"display_name":"editor.axatool","author_link":"https:\/\/axatool.com\/fr\/author\/"},"uagb_comment_info":0,"uagb_excerpt":"Our company is a well-known manufacturer of premium grade Air Needle Scaler &amp; Flux Chipper in Taiwan. We have devoted ourselves to serve the clients with our durability, fair price and strong efficiency of Air Needle Scaler &amp; Flux Chipper. Please feel free to contact us if you are searching for Air Needle Scaler &amp;\u2026","_links":{"self":[{"href":"https:\/\/axatool.com\/fr\/wp-json\/wp\/v2\/product\/3851","targetHints":{"allow":["GET"]}}],"collection":[{"href":"https:\/\/axatool.com\/fr\/wp-json\/wp\/v2\/product"}],"about":[{"href":"https:\/\/axatool.com\/fr\/wp-json\/wp\/v2\/types\/product"}],"version-history":[{"count":3,"href":"https:\/\/axatool.com\/fr\/wp-json\/wp\/v2\/product\/3851\/revisions"}],"predecessor-version":[{"id":5533,"href":"https:\/\/axatool.com\/fr\/wp-json\/wp\/v2\/product\/3851\/revisions\/5533"}],"wp:featuredmedia":[{"embeddable":true,"href":"https:\/\/axatool.com\/fr\/wp-json\/wp\/v2\/media\/3789"}],"wp:attachment":[{"href":"https:\/\/axatool.com\/fr\/wp-json\/wp\/v2\/media?parent=3851"}],"wp:term":[{"taxonomy":"product_brand","embeddable":true,"href":"https:\/\/axatool.com\/fr\/wp-json\/wp\/v2\/product_brand?post=3851"},{"taxonomy":"product_cat","embeddable":true,"href":"https:\/\/axatool.com\/fr\/wp-json\/wp\/v2\/product_cat?post=3851"},{"taxonomy":"product_tag","embeddable":true,"href":"https:\/\/axatool.com\/fr\/wp-json\/wp\/v2\/product_tag?post=3851"}],"curies":[{"name":"wp","href":"https:\/\/api.w.org\/{rel}","templated":true}]}}