{"id":3844,"date":"2022-03-28T07:40:42","date_gmt":"2022-03-28T07:40:42","guid":{"rendered":"https:\/\/axatool.com\/product\/uncategorized\/cs-263-air-needle-scaler\/"},"modified":"2022-06-01T05:05:49","modified_gmt":"2022-06-01T05:05:49","slug":"cs-263-air-needle-scaler","status":"publish","type":"product","link":"https:\/\/axatool.com\/fr\/produit\/cs-263-air-needle-scaler\/","title":{"rendered":"D\u00e9tartreur \u00e0 aiguilles \u00e0 air CS-263"},"content":{"rendered":"<p>La conception sup\u00e9rieure avec des composants \u00e0 ressort internes offre une plus grande durabilit\u00e9. Id\u00e9al pour la pr\u00e9paration de surface, le d\u00e9rouillage et le d\u00e9capage. Nettoyage et relaxation des cordons de soudure et des joints. D\u00e9tartreur \u00e0 aiguilles pour applications industrielles.<\/p>\n<h3>\u2699\ufe0f <strong> sp\u00e9cification<\/strong><\/h3>\n<table id=\"tabs-nav\" class=\"xl756500\" style=\"height: 544px; width: 80.6799%; border-style: double; background-color: #fea500; border-color: #ffffff;\" border=\"10\" width=\"500\" rules=\"cols\" cellspacing=\"2\" cellpadding=\"5\" bgcolor=\"#FEA500\">\n<tbody>\n<tr style=\"height: 46px;\" valign=\"middle\">\n<td class=\"xl86\" style=\"width: 27%; height: 25px; border-color: #ffffff;\" bgcolor=\"#FEA500\">\n<div align=\"left\"><span style=\"color: #000000;\"><strong><span class=\"style1\">Course des pistons<\/span><\/strong><\/span><\/div>\n<\/td>\n<td class=\"xl70\" style=\"border-color: #ffffff;\" width=\"284\"><span style=\"color: #000000;\">33.5 mm (1.3&#8243;)<\/span><\/td>\n<\/tr>\n<tr style=\"height: 46px;\" valign=\"middle\">\n<td class=\"xl72\" style=\"border-color: #ffffff;\">\n<div align=\"left\"><span style=\"color: #000000;\"><strong>Diam\u00e8tre des pistons<\/strong><\/span><\/div>\n<\/td>\n<td class=\"xl70\" style=\"border-color: #ffffff;\"><span style=\"color: #000000;\">\u00d8 23.5 x 70 mm<\/span><\/td>\n<\/tr>\n<tr style=\"height: 46px;\" valign=\"middle\">\n<td class=\"xl72\" style=\"border-color: #ffffff;\">\n<div align=\"left\"><span style=\"color: #000000;\"><strong>Diam\u00e8tre de l&#039;aiguille<\/strong><\/span><\/div>\n<\/td>\n<td class=\"xl70\" style=\"border-color: #ffffff;\"><span style=\"color: #000000;\">\u00d8 3 x 180 mm<\/span><\/td>\n<\/tr>\n<tr style=\"height: 46px;\" valign=\"middle\">\n<td class=\"xl72\" style=\"border-color: #ffffff;\">\n<div align=\"left\"><span style=\"color: #000000;\"><strong>Quantit\u00e9 d&#039;aiguille<\/strong><\/span><\/div>\n<\/td>\n<td class=\"xl70\" style=\"border-color: #ffffff;\"><span style=\"color: #000000;\">19 pi\u00e8ces<\/span><\/td>\n<\/tr>\n<tr style=\"height: 46px;\" valign=\"middle\">\n<td class=\"xl72\" style=\"border-color: #ffffff;\">\n<div align=\"left\"><span style=\"color: #000000;\"><strong>Vitesse libre<\/strong><\/span><\/div>\n<\/td>\n<td class=\"xl70\" style=\"border-color: #ffffff;\"><span style=\"color: #000000;\">3,700 RPM<\/span><\/td>\n<\/tr>\n<tr style=\"height: 46px;\" valign=\"middle\">\n<td class=\"xl72\" style=\"border-color: #ffffff;\">\n<div align=\"left\"><span style=\"color: #000000;\"><strong>Moy. Moins d&#039;air<\/strong><\/span><\/div>\n<\/td>\n<td class=\"xl73\" style=\"border-color: #ffffff;\"><span style=\"color: #000000;\">3 PCM (85 l\/min)<\/span><\/td>\n<\/tr>\n<tr style=\"height: 46px;\" valign=\"middle\">\n<td class=\"xl72\" style=\"border-color: #ffffff;\">\n<div align=\"left\"><span style=\"color: #000000;\"><strong>Pression de l&#039;air<\/strong><\/span><\/div>\n<\/td>\n<td class=\"xl71\" style=\"border-color: #ffffff;\"><span style=\"color: #000000;\">90 psi (6,2 bars)<\/span><\/td>\n<\/tr>\n<tr style=\"height: 46px;\" valign=\"middle\">\n<td class=\"xl72\" style=\"border-color: #ffffff;\">\n<div align=\"left\"><span style=\"color: #000000;\"><strong>Poids net<\/strong><\/span><\/div>\n<\/td>\n<td class=\"xl70\" style=\"border-color: #ffffff;\"><span style=\"color: #000000;\">2,7 kg (6 lb)<\/span><\/td>\n<\/tr>\n<tr style=\"height: 46px;\" valign=\"middle\">\n<td class=\"xl72\" style=\"border-color: #ffffff;\">\n<div align=\"left\"><span style=\"color: #000000;\"><strong>Longueur totale<\/strong><\/span><\/div>\n<\/td>\n<td class=\"xl70\" style=\"border-color: #ffffff;\"><span style=\"color: #000000;\">331 mm (13&#8243;)<\/span><\/td>\n<\/tr>\n<tr style=\"height: 45px;\" valign=\"middle\">\n<td class=\"xl72\" style=\"border-color: #ffffff;\">\n<div align=\"left\"><span style=\"color: #000000;\"><strong>Entr\u00e9e d&#039;air<\/strong><\/span><\/div>\n<\/td>\n<td class=\"xl70\" style=\"border-color: #ffffff;\"><span style=\"color: #000000;\">1\/4&#8243;<\/span><\/td>\n<\/tr>\n<tr style=\"height: 46px;\" valign=\"middle\">\n<td class=\"xl72\" style=\"border-color: #ffffff;\">\n<div align=\"left\"><span style=\"color: #000000;\"><strong>ID du tuyau d&#039;air<\/strong><\/span><\/div>\n<\/td>\n<td class=\"xl70\" style=\"border-color: #ffffff;\"><span style=\"color: #000000;\">3\/8&#8243;<\/span><\/td>\n<\/tr>\n<tr style=\"height: 46px;\" valign=\"middle\">\n<td class=\"xl72\" style=\"border-color: #ffffff;\">\n<div align=\"left\"><span style=\"color: #000000;\"><strong>Pression sonore<\/strong><\/span><\/div>\n<\/td>\n<td class=\"xl70\" style=\"border-color: #ffffff;\"><span style=\"color: #000000;\">98 dB(A)<\/span><\/td>\n<\/tr>\n<tr style=\"height: 46px;\" valign=\"middle\">\n<td class=\"xl72\" style=\"border-color: #ffffff;\">\n<div align=\"left\"><span style=\"color: #000000;\"><strong>Niveau de vibration<\/strong><\/span><\/div>\n<\/td>\n<td class=\"xl70\" style=\"border-color: #ffffff;\"><span style=\"color: #000000;\">18.1 m\/s\u00b2<\/span><\/td>\n<\/tr>\n<\/tbody>\n<\/table>","protected":false},"excerpt":{"rendered":"<p>Our company is a well-known manufacturer of premium grade Air Needle Scaler &#038; Flux Chipper in Taiwan. We have devoted ourselves to serve the clients with our durability, fair price and strong efficiency of Air Needle Scaler &#038; Flux Chipper.<br \/>\nPlease feel free to contact us if you are searching for Air Needle Scaler &#038; Flux Chipper with unique and stylish design.<\/p>","protected":false},"featured_media":3716,"template":"","meta":{"qubely_global_settings":"","qubely_interactions":"","site-sidebar-layout":"default","site-content-layout":"default","ast-global-header-display":"","ast-main-header-display":"","ast-hfb-above-header-display":"","ast-hfb-below-header-display":"","ast-hfb-mobile-header-display":"","site-post-title":"","ast-breadcrumbs-content":"","ast-featured-img":"","footer-sml-layout":"","theme-transparent-header-meta":"","adv-header-id-meta":"","stick-header-meta":"","header-above-stick-meta":"","header-main-stick-meta":"","header-below-stick-meta":""},"product_brand":[],"product_cat":[79],"product_tag":[],"class_list":{"0":"post-3844","1":"product","2":"type-product","3":"status-publish","4":"has-post-thumbnail","6":"product_cat-air-needle-scaler-flux-chipper","7":"desktop-align-center","8":"tablet-align-center","9":"mobile-align-center","10":"ast-product-gallery-layout-horizontal-slider","11":"ast-product-gallery-with-no-image","12":"ast-product-tabs-layout-horizontal","13":"ast-qv-on-image","15":"first","16":"instock","17":"shipping-taxable","18":"purchasable","19":"product-type-simple"},"uagb_featured_image_src":{"full":["https:\/\/axatool.com\/wp-content\/uploads\/2022\/03\/CS-263-Air-Needle-Scaler.jpg",1000,1000,false],"thumbnail":["https:\/\/axatool.com\/wp-content\/uploads\/2022\/03\/CS-263-Air-Needle-Scaler-150x150.jpg",150,150,true],"medium":["https:\/\/axatool.com\/wp-content\/uploads\/2022\/03\/CS-263-Air-Needle-Scaler-300x300.jpg",300,300,true],"medium_large":["https:\/\/axatool.com\/wp-content\/uploads\/2022\/03\/CS-263-Air-Needle-Scaler-768x768.jpg",768,768,true],"large":["https:\/\/axatool.com\/wp-content\/uploads\/2022\/03\/CS-263-Air-Needle-Scaler.jpg",1000,1000,false],"1536x1536":["https:\/\/axatool.com\/wp-content\/uploads\/2022\/03\/CS-263-Air-Needle-Scaler.jpg",1000,1000,false],"2048x2048":["https:\/\/axatool.com\/wp-content\/uploads\/2022\/03\/CS-263-Air-Needle-Scaler.jpg",1000,1000,false],"trp-custom-language-flag":["https:\/\/axatool.com\/wp-content\/uploads\/2022\/03\/CS-263-Air-Needle-Scaler.jpg",12,12,false],"qubely_landscape":["https:\/\/axatool.com\/wp-content\/uploads\/2022\/03\/CS-263-Air-Needle-Scaler-1000x750.jpg",1000,750,true],"qubely_portrait":["https:\/\/axatool.com\/wp-content\/uploads\/2022\/03\/CS-263-Air-Needle-Scaler-540x320.jpg",540,320,true],"qubely_thumbnail":["https:\/\/axatool.com\/wp-content\/uploads\/2022\/03\/CS-263-Air-Needle-Scaler-140x100.jpg",140,100,true],"woocommerce_thumbnail":["https:\/\/axatool.com\/wp-content\/uploads\/2022\/03\/CS-263-Air-Needle-Scaler-300x300.jpg",300,300,true],"woocommerce_single":["https:\/\/axatool.com\/wp-content\/uploads\/2022\/03\/CS-263-Air-Needle-Scaler-600x600.jpg",600,600,true],"woocommerce_gallery_thumbnail":["https:\/\/axatool.com\/wp-content\/uploads\/2022\/03\/CS-263-Air-Needle-Scaler-100x100.jpg",100,100,true]},"uagb_author_info":{"display_name":"editor.axatool","author_link":"https:\/\/axatool.com\/fr\/author\/"},"uagb_comment_info":0,"uagb_excerpt":"Our company is a well-known manufacturer of premium grade Air Needle Scaler & Flux Chipper in Taiwan. We have devoted ourselves to serve the clients with our durability, fair price and strong efficiency of Air Needle Scaler & Flux Chipper. Please feel free to contact us if you are searching for Air Needle Scaler &\u2026","_links":{"self":[{"href":"https:\/\/axatool.com\/fr\/wp-json\/wp\/v2\/product\/3844","targetHints":{"allow":["GET"]}}],"collection":[{"href":"https:\/\/axatool.com\/fr\/wp-json\/wp\/v2\/product"}],"about":[{"href":"https:\/\/axatool.com\/fr\/wp-json\/wp\/v2\/types\/product"}],"version-history":[{"count":2,"href":"https:\/\/axatool.com\/fr\/wp-json\/wp\/v2\/product\/3844\/revisions"}],"predecessor-version":[{"id":3866,"href":"https:\/\/axatool.com\/fr\/wp-json\/wp\/v2\/product\/3844\/revisions\/3866"}],"wp:featuredmedia":[{"embeddable":true,"href":"https:\/\/axatool.com\/fr\/wp-json\/wp\/v2\/media\/3716"}],"wp:attachment":[{"href":"https:\/\/axatool.com\/fr\/wp-json\/wp\/v2\/media?parent=3844"}],"wp:term":[{"taxonomy":"product_brand","embeddable":true,"href":"https:\/\/axatool.com\/fr\/wp-json\/wp\/v2\/product_brand?post=3844"},{"taxonomy":"product_cat","embeddable":true,"href":"https:\/\/axatool.com\/fr\/wp-json\/wp\/v2\/product_cat?post=3844"},{"taxonomy":"product_tag","embeddable":true,"href":"https:\/\/axatool.com\/fr\/wp-json\/wp\/v2\/product_tag?post=3844"}],"curies":[{"name":"wp","href":"https:\/\/api.w.org\/{rel}","templated":true}]}}