{"id":9428,"date":"2025-09-12T05:37:56","date_gmt":"2025-09-12T05:37:56","guid":{"rendered":"https:\/\/axatool.com\/?post_type=product&#038;p=9428"},"modified":"2025-09-12T05:54:23","modified_gmt":"2025-09-12T05:54:23","slug":"ct-517-2-in-1-air-file-grinding-tool","status":"publish","type":"product","link":"https:\/\/axatool.com\/es\/producto\/ct-517-2-in-1-air-file-grinding-tool\/","title":{"rendered":"CT-517 2-in-1 Air File \/ Grinding Tool"},"content":{"rendered":"<ul>\n<li><strong> There is omnipotent hold fast. It&#8217;s easy to clip firmly in various of thickness on<br \/>\nprocess tools of plane surface.<\/strong><\/li>\n<li><strong> It can purge hardened surface of metal that made from discharge electricity quickly.<\/strong><\/li>\n<li><strong> Long life, high speed, light weight and trouble free.<\/strong><\/li>\n<li><strong>Applicable to the processing of footwear, mold and woodworking industries<\/strong><\/li>\n<\/ul>\n<h3>\u2699\ufe0f <strong> Especificaci\u00f3n<\/strong><\/h3>\n<table id=\"tabs-nav\" class=\"xl756500\" style=\"height: 540px; width: 80.6799%; border-style: double; background-color: #fea500; border-color: #ffffff;\" border=\"10\" width=\"517\" rules=\"cols\" cellspacing=\"2\" cellpadding=\"5\" bgcolor=\"#FEA500\">\n<tbody>\n<tr style=\"height: 46px;\" valign=\"middle\">\n<th class=\"xl74\" nowrap=\"nowrap\" width=\"30%\">\n<div align=\"left\"><strong>File Shake Dia <\/strong><\/div>\n<\/th>\n<td class=\"xl70\" width=\"284\">5 mm<\/td>\n<\/tr>\n<tr style=\"height: 46px;\" valign=\"middle\">\n<th class=\"xl74\" nowrap=\"nowrap\" width=\"30%\">\n<div align=\"left\"><strong>Longitud de la carrera <\/strong><\/div>\n<\/th>\n<td class=\"xl70\">5 mm<\/td>\n<\/tr>\n<tr style=\"height: 46px;\" valign=\"middle\">\n<th class=\"xl74\" nowrap=\"nowrap\" width=\"30%\">\n<div align=\"left\"><strong>Velocidad libre <\/strong><\/div>\n<\/th>\n<td class=\"xl73\">3,400 SPM<\/td>\n<\/tr>\n<tr style=\"height: 45px;\" valign=\"middle\">\n<th class=\"xl74\" nowrap=\"nowrap\" width=\"30%\">\n<div align=\"left\"><strong>Promedio Contras de aire <\/strong><\/div>\n<\/th>\n<td class=\"xl71\">5.3 CFM (150 l\/min)<\/td>\n<\/tr>\n<tr style=\"height: 46px;\" valign=\"middle\">\n<th class=\"xl74\" nowrap=\"nowrap\" width=\"30%\">\n<div align=\"left\"><strong>Presi\u00f3n del aire <\/strong><\/div>\n<\/th>\n<td class=\"xl70\">90 PSI (6,2 bares)<\/td>\n<\/tr>\n<tr style=\"height: 46px;\" valign=\"middle\">\n<th class=\"xl74\" nowrap=\"nowrap\" width=\"30%\">\n<div align=\"left\"><strong>Peso neto <\/strong><\/div>\n<\/th>\n<td class=\"xl70\">0.58 Kgs (1.28 lbs)<\/td>\n<\/tr>\n<tr style=\"height: 46px;\" valign=\"middle\">\n<th class=\"xl74\" nowrap=\"nowrap\" width=\"30%\">\n<div align=\"left\"><strong>Longitud total <\/strong><\/div>\n<\/th>\n<td class=\"xl70\">700 mm (27.6&#8243;)<\/td>\n<\/tr>\n<tr style=\"height: 46px;\" valign=\"middle\">\n<th class=\"xl74\" nowrap=\"nowrap\" width=\"30%\">\n<div align=\"left\"><strong>Entrada de aire <\/strong><\/div>\n<\/th>\n<td class=\"xl70\">1\/4&#8243;<\/td>\n<\/tr>\n<\/tbody>\n<\/table>","protected":false},"excerpt":{"rendered":"<p>Nuestra empresa es un conocido fabricante de herramientas de corte neum\u00e1ticas de primera calidad en Taiw\u00e1n.<br \/>\nNos hemos dedicado a servir a los clientes con nuestra durabilidad, precio justo y gran eficiencia de las herramientas de corte de aire.<br \/>\nNo dude en contactarnos si est\u00e1 buscando herramientas de corte de aire con un dise\u00f1o \u00fanico y elegante.<\/p>","protected":false},"featured_media":9426,"template":"","meta":{"qubely_global_settings":"","qubely_interactions":"","site-sidebar-layout":"default","site-content-layout":"default","ast-global-header-display":"","ast-main-header-display":"","ast-hfb-above-header-display":"","ast-hfb-below-header-display":"","ast-hfb-mobile-header-display":"","site-post-title":"","ast-breadcrumbs-content":"","ast-featured-img":"","footer-sml-layout":"","theme-transparent-header-meta":"default","adv-header-id-meta":"","stick-header-meta":"default","header-above-stick-meta":"","header-main-stick-meta":"","header-below-stick-meta":""},"product_brand":[],"product_cat":[77],"product_tag":[],"class_list":{"0":"post-9428","1":"product","2":"type-product","3":"status-publish","4":"has-post-thumbnail","6":"product_cat-air-cutting-tools","7":"desktop-align-center","8":"tablet-align-center","9":"mobile-align-center","10":"ast-product-gallery-layout-horizontal-slider","11":"ast-product-tabs-layout-horizontal","12":"ast-qv-on-image","14":"first","15":"instock","16":"shipping-taxable","17":"product-type-simple"},"uagb_featured_image_src":{"full":["https:\/\/axatool.com\/wp-content\/uploads\/2025\/09\/CT-517-12-in-1-Air-File-Grinding-Tool-1000x1000.jpg",1000,1000,false],"thumbnail":["https:\/\/axatool.com\/wp-content\/uploads\/2025\/09\/CT-517-12-in-1-Air-File-Grinding-Tool-150x150.jpg",150,150,true],"medium":["https:\/\/axatool.com\/wp-content\/uploads\/2025\/09\/CT-517-12-in-1-Air-File-Grinding-Tool-300x300.jpg",300,300,true],"medium_large":["https:\/\/axatool.com\/wp-content\/uploads\/2025\/09\/CT-517-12-in-1-Air-File-Grinding-Tool-768x768.jpg",768,768,true],"large":["https:\/\/axatool.com\/wp-content\/uploads\/2025\/09\/CT-517-12-in-1-Air-File-Grinding-Tool-1000x1000.jpg",1000,1000,false],"1536x1536":["https:\/\/axatool.com\/wp-content\/uploads\/2025\/09\/CT-517-12-in-1-Air-File-Grinding-Tool-1000x1000.jpg",1000,1000,false],"2048x2048":["https:\/\/axatool.com\/wp-content\/uploads\/2025\/09\/CT-517-12-in-1-Air-File-Grinding-Tool-1000x1000.jpg",1000,1000,false],"trp-custom-language-flag":["https:\/\/axatool.com\/wp-content\/uploads\/2025\/09\/CT-517-12-in-1-Air-File-Grinding-Tool-12x12.jpg",12,12,true],"qubely_landscape":["https:\/\/axatool.com\/wp-content\/uploads\/2025\/09\/CT-517-12-in-1-Air-File-Grinding-Tool-1000x750.jpg",1000,750,true],"qubely_portrait":["https:\/\/axatool.com\/wp-content\/uploads\/2025\/09\/CT-517-12-in-1-Air-File-Grinding-Tool-540x320.jpg",540,320,true],"qubely_thumbnail":["https:\/\/axatool.com\/wp-content\/uploads\/2025\/09\/CT-517-12-in-1-Air-File-Grinding-Tool-140x100.jpg",140,100,true],"woocommerce_thumbnail":["https:\/\/axatool.com\/wp-content\/uploads\/2025\/09\/CT-517-12-in-1-Air-File-Grinding-Tool-300x300.jpg",300,300,true],"woocommerce_single":["https:\/\/axatool.com\/wp-content\/uploads\/2025\/09\/CT-517-12-in-1-Air-File-Grinding-Tool-600x600.jpg",600,600,true],"woocommerce_gallery_thumbnail":["https:\/\/axatool.com\/wp-content\/uploads\/2025\/09\/CT-517-12-in-1-Air-File-Grinding-Tool-100x100.jpg",100,100,true]},"uagb_author_info":{"display_name":"editor.axatool","author_link":"https:\/\/axatool.com\/es\/author\/"},"uagb_comment_info":0,"uagb_excerpt":"Our company is a well-known manufacturer of premium grade Air Cutting Tools in Taiwan. We have devoted ourselves to serve the clients with our durability, fair price and strong efficiency of Air Cutting Tools. Please feel free to contact us if you are searching for Air Cutting Tools with unique and stylish design.","_links":{"self":[{"href":"https:\/\/axatool.com\/es\/wp-json\/wp\/v2\/product\/9428","targetHints":{"allow":["GET"]}}],"collection":[{"href":"https:\/\/axatool.com\/es\/wp-json\/wp\/v2\/product"}],"about":[{"href":"https:\/\/axatool.com\/es\/wp-json\/wp\/v2\/types\/product"}],"version-history":[{"count":1,"href":"https:\/\/axatool.com\/es\/wp-json\/wp\/v2\/product\/9428\/revisions"}],"predecessor-version":[{"id":9433,"href":"https:\/\/axatool.com\/es\/wp-json\/wp\/v2\/product\/9428\/revisions\/9433"}],"wp:featuredmedia":[{"embeddable":true,"href":"https:\/\/axatool.com\/es\/wp-json\/wp\/v2\/media\/9426"}],"wp:attachment":[{"href":"https:\/\/axatool.com\/es\/wp-json\/wp\/v2\/media?parent=9428"}],"wp:term":[{"taxonomy":"product_brand","embeddable":true,"href":"https:\/\/axatool.com\/es\/wp-json\/wp\/v2\/product_brand?post=9428"},{"taxonomy":"product_cat","embeddable":true,"href":"https:\/\/axatool.com\/es\/wp-json\/wp\/v2\/product_cat?post=9428"},{"taxonomy":"product_tag","embeddable":true,"href":"https:\/\/axatool.com\/es\/wp-json\/wp\/v2\/product_tag?post=9428"}],"curies":[{"name":"wp","href":"https:\/\/api.w.org\/{rel}","templated":true}]}}