{"id":7966,"date":"2022-08-03T06:48:09","date_gmt":"2022-08-03T06:48:09","guid":{"rendered":"https:\/\/axatool.com\/product\/uncategorized\/iw-8732-6-1-air-impact-wrench-triple-hammer-1900ft-lb\/"},"modified":"2022-08-03T08:59:21","modified_gmt":"2022-08-03T08:59:21","slug":"iw-8732-6-1-air-impact-wrench-triple-hammer-1900ft-lb","status":"publish","type":"product","link":"https:\/\/axatool.com\/es\/producto\/iw-8732-6-1-air-impact-wrench-triple-hammer-1900ft-lb\/","title":{"rendered":"IW-8732-6 1&#8243; Air Impact Wrench"},"content":{"rendered":"<ul>\n<li>Triple Hammer mechanism for low vibration.<\/li>\n<li>Durable front cover with gravity casting.<\/li>\n<li>4-settings power Regulator.<\/li>\n<li>The best Power to Weight ratio for super industrial applications.<\/li>\n<li>Monster Power IN Compact Size.<\/li>\n<\/ul>\n<h3>\u2699\ufe0f <strong> Especificaci\u00f3n<\/strong><\/h3>\n<table id=\"tabs-nav\" class=\"xl756500\" style=\"height: auto; width: 80.6799%; border-style: double; background-color: #fea500; border-color: #ffffff;\" border=\"10\" width=\"500\" rules=\"cols\" cellspacing=\"2\" cellpadding=\"5\" bgcolor=\"#FEA500\">\n<tbody>\n<tr style=\"height: 46px;\" valign=\"middle\">\n<th class=\"xl86\" style=\"width: 30%; height: 25px; border-color: #ffffff;\" nowrap=\"nowrap\" bgcolor=\"#FEA500\" width=\"30%\">\n<div align=\"left\"><span class=\"style1\" style=\"color: #000000;\"><strong>Mecanismo de impacto<\/strong><\/span><\/div>\n<\/th>\n<td class=\"xl85\" style=\"border-color: #ffffff;\" width=\"284\"><span style=\"color: #000000;\">Triple Hammer<\/span><\/td>\n<\/tr>\n<tr style=\"height: 46px;\" valign=\"middle\">\n<th class=\"xl86\" style=\"width: 27%; height: 25px; border-color: #ffffff;\" nowrap=\"nowrap\" bgcolor=\"#FEA500\" width=\"30%\">\n<div align=\"left\"><span class=\"style1\" style=\"color: #000000;\"><strong>Velocidad libre<\/strong><\/span><\/div>\n<\/th>\n<td class=\"xl85\" style=\"border-color: #ffffff;\"><span style=\"color: #000000;\">4,500 RPM<\/span><\/td>\n<\/tr>\n<tr style=\"height: 46px;\" valign=\"middle\">\n<th class=\"xl86\" style=\"width: 27%; height: 25px; border-color: #ffffff;\" nowrap=\"nowrap\" bgcolor=\"#FEA500\" width=\"30%\">\n<div align=\"left\"><span class=\"style1\" style=\"color: #000000;\"><strong>m\u00e1x. Esfuerzo de torsi\u00f3n<\/strong><\/span><\/div>\n<\/th>\n<td class=\"xl85\" style=\"border-color: #ffffff;\"><span style=\"color: #000000;\">2,000 ft\/lb (2,712 Nm)<\/span><\/td>\n<\/tr>\n<tr style=\"height: 46px;\" valign=\"middle\">\n<th class=\"xl86\" style=\"width: 27%; height: 25px; border-color: #ffffff;\" nowrap=\"nowrap\" bgcolor=\"#FEA500\" width=\"30%\">\n<div align=\"left\"><span style=\"color: #000000;\"><strong>Promedio Contras de aire<\/strong><\/span><\/div>\n<\/th>\n<td class=\"xl86\" style=\"border-color: #ffffff;\"><span style=\"color: #000000;\">56 CFM (1,586 l\/min)<\/span><\/td>\n<\/tr>\n<tr style=\"height: 46px;\" valign=\"middle\">\n<th class=\"xl86\" style=\"width: 27%; height: 25px; border-color: #ffffff;\" nowrap=\"nowrap\" bgcolor=\"#FEA500\" width=\"30%\">\n<div align=\"left\"><span class=\"style1\" style=\"color: #000000;\"><strong>Presi\u00f3n laboral<\/strong><\/span><\/div>\n<\/th>\n<td class=\"xl85\" style=\"border-color: #ffffff;\"><span style=\"color: #000000;\">90 PSI (6,2 bares)<\/span><\/td>\n<\/tr>\n<tr style=\"height: 46px;\" valign=\"middle\">\n<th class=\"xl86\" style=\"width: 27%; height: 25px; border-color: #ffffff;\" nowrap=\"nowrap\" bgcolor=\"#FEA500\" width=\"30%\">\n<div align=\"left\"><span class=\"style1\" style=\"color: #000000;\"><strong>Peso neto<\/strong><\/span><\/div>\n<\/th>\n<td class=\"xl85\" style=\"border-color: #ffffff;\"><span style=\"color: #000000;\">8.3 Kgs (18.3 lbs)<\/span><\/td>\n<\/tr>\n<tr style=\"height: 46px;\" valign=\"middle\">\n<th class=\"xl86\" style=\"width: 27%; height: 25px; border-color: #ffffff;\" nowrap=\"nowrap\" bgcolor=\"#FEA500\" width=\"30%\">\n<div align=\"left\"><span class=\"style1\" style=\"color: #000000;\"><strong>Longitud total<\/strong><\/span><\/div>\n<\/th>\n<td class=\"xl85\" style=\"border-color: #ffffff;\"><span style=\"color: #000000;\">488 mm (19.2&#8243;)<\/span><\/td>\n<\/tr>\n<tr style=\"height: 45px;\" valign=\"middle\">\n<th class=\"xl86\" style=\"width: 27%; height: 25px; border-color: #ffffff;\" nowrap=\"nowrap\" bgcolor=\"#FEA500\" width=\"30%\">\n<div align=\"left\"><span class=\"style1\" style=\"color: #000000;\"><strong>Entrada de aire<\/strong><\/span><\/div>\n<\/th>\n<td class=\"xl85\" style=\"border-color: #ffffff;\"><span style=\"color: #000000;\">1\/2\u2033<\/span><\/td>\n<\/tr>\n<tr style=\"height: 46px;\" valign=\"middle\">\n<th class=\"xl86\" style=\"width: 27%; height: 25px; border-color: #ffffff;\" nowrap=\"nowrap\" bgcolor=\"#FEA500\" width=\"30%\">\n<div align=\"left\"><span class=\"style1\" style=\"color: #000000;\"><strong>Identificaci\u00f3n de la manguera de aire<\/strong><\/span><\/div>\n<\/th>\n<td class=\"xl85\" style=\"border-color: #ffffff;\"><span style=\"color: #000000;\">3\/8&#8243;<\/span><\/td>\n<\/tr>\n<tr style=\"height: 46px;\" valign=\"middle\">\n<th class=\"xl86\" style=\"width: 27%; height: 25px; border-color: #ffffff;\" nowrap=\"nowrap\" bgcolor=\"#FEA500\" width=\"30%\">\n<div align=\"left\"><span class=\"style1\" style=\"color: #000000;\"><strong>Escape de aire<\/strong><\/span><\/div>\n<\/th>\n<td class=\"xl85\" style=\"border-color: #ffffff;\"><span style=\"color: #000000;\">HANDLE<\/span><\/td>\n<\/tr>\n<tr style=\"height: 46px;\" valign=\"middle\">\n<th class=\"xl86\" style=\"width: 27%; height: 25px; border-color: #ffffff;\" nowrap=\"nowrap\" bgcolor=\"#FEA500\" width=\"30%\">\n<div align=\"left\"><span class=\"style1\" style=\"color: #000000;\"><strong>Ruido de sonido<\/strong><\/span><\/div>\n<\/th>\n<td class=\"xl85\" style=\"border-color: #ffffff;\"><span style=\"color: #000000;\">93 dB(A)<\/span><\/td>\n<\/tr>\n<tr style=\"height: 46px;\" valign=\"middle\">\n<th class=\"xl86\" style=\"width: 27%; height: 25px; border-color: #ffffff;\" nowrap=\"nowrap\" bgcolor=\"#FEA500\" width=\"30%\">\n<div align=\"left\"><span class=\"style1\" style=\"color: #000000;\"><strong>Nivel de vibraci\u00f3n<\/strong><\/span><\/div>\n<\/th>\n<td class=\"xl85\" style=\"border-color: #ffffff;\"><span style=\"color: #000000;\">9.08 m\/s\u00b2<\/span><\/td>\n<\/tr>\n<\/tbody>\n<\/table>","protected":false},"excerpt":{"rendered":"<p>Nuestra empresa es un conocido fabricante de llaves de impacto neum\u00e1ticas de primera calidad en Taiw\u00e1n.<br \/>\nNos hemos dedicado a servir a los clientes con nuestra durabilidad, precio justo y gran eficiencia de la llave de impacto neum\u00e1tica.<br \/>\nNo dude en contactarnos si est\u00e1 buscando una llave de impacto neum\u00e1tica con un dise\u00f1o \u00fanico y elegante.<\/p>","protected":false},"featured_media":7961,"template":"","meta":{"qubely_global_settings":"","qubely_interactions":"","site-sidebar-layout":"default","site-content-layout":"default","ast-global-header-display":"","ast-main-header-display":"","ast-hfb-above-header-display":"","ast-hfb-below-header-display":"","ast-hfb-mobile-header-display":"","site-post-title":"","ast-breadcrumbs-content":"","ast-featured-img":"","footer-sml-layout":"","theme-transparent-header-meta":"","adv-header-id-meta":"","stick-header-meta":"","header-above-stick-meta":"","header-main-stick-meta":"","header-below-stick-meta":""},"product_brand":[],"product_cat":[63],"product_tag":[],"class_list":{"0":"post-7966","1":"product","2":"type-product","3":"status-publish","4":"has-post-thumbnail","6":"product_cat-1-impact-wrench","7":"desktop-align-center","8":"tablet-align-center","9":"mobile-align-center","10":"ast-product-gallery-layout-horizontal-slider","11":"ast-product-gallery-with-no-image","12":"ast-product-tabs-layout-horizontal","13":"ast-qv-on-image","15":"first","16":"instock","17":"shipping-taxable","18":"product-type-simple"},"uagb_featured_image_src":{"full":["https:\/\/axatool.com\/wp-content\/uploads\/2022\/08\/IW-8732-6-1Air-Impact-Wrench-1000x1000.jpg",1000,1000,false],"thumbnail":["https:\/\/axatool.com\/wp-content\/uploads\/2022\/08\/IW-8732-6-1Air-Impact-Wrench-150x150.jpg",150,150,true],"medium":["https:\/\/axatool.com\/wp-content\/uploads\/2022\/08\/IW-8732-6-1Air-Impact-Wrench-300x300.jpg",300,300,true],"medium_large":["https:\/\/axatool.com\/wp-content\/uploads\/2022\/08\/IW-8732-6-1Air-Impact-Wrench-768x768.jpg",768,768,true],"large":["https:\/\/axatool.com\/wp-content\/uploads\/2022\/08\/IW-8732-6-1Air-Impact-Wrench-1000x1000.jpg",1000,1000,false],"1536x1536":["https:\/\/axatool.com\/wp-content\/uploads\/2022\/08\/IW-8732-6-1Air-Impact-Wrench-1000x1000.jpg",1000,1000,false],"2048x2048":["https:\/\/axatool.com\/wp-content\/uploads\/2022\/08\/IW-8732-6-1Air-Impact-Wrench-1000x1000.jpg",1000,1000,false],"trp-custom-language-flag":["https:\/\/axatool.com\/wp-content\/uploads\/2022\/08\/IW-8732-6-1Air-Impact-Wrench-12x12.jpg",12,12,true],"qubely_landscape":["https:\/\/axatool.com\/wp-content\/uploads\/2022\/08\/IW-8732-6-1Air-Impact-Wrench-1000x750.jpg",1000,750,true],"qubely_portrait":["https:\/\/axatool.com\/wp-content\/uploads\/2022\/08\/IW-8732-6-1Air-Impact-Wrench-540x320.jpg",540,320,true],"qubely_thumbnail":["https:\/\/axatool.com\/wp-content\/uploads\/2022\/08\/IW-8732-6-1Air-Impact-Wrench-140x100.jpg",140,100,true],"woocommerce_thumbnail":["https:\/\/axatool.com\/wp-content\/uploads\/2022\/08\/IW-8732-6-1Air-Impact-Wrench-300x300.jpg",300,300,true],"woocommerce_single":["https:\/\/axatool.com\/wp-content\/uploads\/2022\/08\/IW-8732-6-1Air-Impact-Wrench-600x600.jpg",600,600,true],"woocommerce_gallery_thumbnail":["https:\/\/axatool.com\/wp-content\/uploads\/2022\/08\/IW-8732-6-1Air-Impact-Wrench-100x100.jpg",100,100,true]},"uagb_author_info":{"display_name":"editor.axatool","author_link":"https:\/\/axatool.com\/es\/author\/"},"uagb_comment_info":0,"uagb_excerpt":"Our company is a well-known manufacturer of premium grade Air Impact Wrench in Taiwan. We have devoted ourselves to serve the clients with our durability, fair price and strong efficiency of Air Impact Wrench. Please feel free to contact us if you are searching for Air Impact Wrench with unique and stylish design.","_links":{"self":[{"href":"https:\/\/axatool.com\/es\/wp-json\/wp\/v2\/product\/7966","targetHints":{"allow":["GET"]}}],"collection":[{"href":"https:\/\/axatool.com\/es\/wp-json\/wp\/v2\/product"}],"about":[{"href":"https:\/\/axatool.com\/es\/wp-json\/wp\/v2\/types\/product"}],"version-history":[{"count":2,"href":"https:\/\/axatool.com\/es\/wp-json\/wp\/v2\/product\/7966\/revisions"}],"predecessor-version":[{"id":7972,"href":"https:\/\/axatool.com\/es\/wp-json\/wp\/v2\/product\/7966\/revisions\/7972"}],"wp:featuredmedia":[{"embeddable":true,"href":"https:\/\/axatool.com\/es\/wp-json\/wp\/v2\/media\/7961"}],"wp:attachment":[{"href":"https:\/\/axatool.com\/es\/wp-json\/wp\/v2\/media?parent=7966"}],"wp:term":[{"taxonomy":"product_brand","embeddable":true,"href":"https:\/\/axatool.com\/es\/wp-json\/wp\/v2\/product_brand?post=7966"},{"taxonomy":"product_cat","embeddable":true,"href":"https:\/\/axatool.com\/es\/wp-json\/wp\/v2\/product_cat?post=7966"},{"taxonomy":"product_tag","embeddable":true,"href":"https:\/\/axatool.com\/es\/wp-json\/wp\/v2\/product_tag?post=7966"}],"curies":[{"name":"wp","href":"https:\/\/api.w.org\/{rel}","templated":true}]}}