{"id":7631,"date":"2022-06-29T02:52:48","date_gmt":"2022-06-29T02:52:48","guid":{"rendered":"https:\/\/axatool.com\/product\/uncategorized\/b-60-high-flow-air-blower\/"},"modified":"2022-06-29T03:37:03","modified_gmt":"2022-06-29T03:37:03","slug":"b-60-high-flow-air-blower","status":"publish","type":"product","link":"https:\/\/axatool.com\/es\/producto\/b-60-high-flow-air-blower\/","title":{"rendered":"Soplador de aire de alto flujo B-60"},"content":{"rendered":"<p>Different length nozzles for different purpose. Aluminum body light weight and durable. Maximum flow for easy clean-up and blow off of even the heaviest shavings and chips. Meets or exceeds OSHA regulations.<\/p>\n<h3>\u2699\ufe0f <strong> Especificaci\u00f3n<\/strong><\/h3>\n<table id=\"tabs-nav\" class=\"xl756500\" style=\"height: 10px; width: 80.6799%; border-style: double; background-color: #fea500; border-color: #ffffff;\" border=\"10\" width=\"517\" rules=\"cols\" cellspacing=\"2\" cellpadding=\"5\" bgcolor=\"#FEA500\">\n<tbody>\n<tr style=\"height: 46px;\" valign=\"middle\">\n<td class=\"xl70\" style=\"border-color: #ffffff;\" width=\"30%\" height=\"50\">\n<div align=\"left\"><span style=\"color: #000000;\"><strong>Cuerpo material <\/strong><\/span><\/div>\n<\/td>\n<td class=\"xl71\" style=\"border-color: #ffffff; height: 10px;\" width=\"324\" height=\"50\"><span style=\"color: #000000;\">Aluminum<\/span><\/td>\n<\/tr>\n<tr style=\"height: 46px;\" valign=\"middle\">\n<td class=\"xl72\" style=\"border-color: #ffffff; height: 0px;\" width=\"30%\" height=\"50\">\n<div align=\"left\"><span style=\"color: #000000;\"><strong>Max. Pressure <\/strong><\/span><\/div>\n<\/td>\n<td class=\"xl73\" style=\"border-color: #ffffff; height: 0px;\" height=\"50\"><span style=\"color: #000000;\">16 kgf \/ cm\u00b2 (1.6MPa)<\/span><\/td>\n<\/tr>\n<tr style=\"height: 46px;\" valign=\"middle\">\n<td class=\"xl72\" style=\"border-color: #ffffff; height: 0px;\" width=\"30%\" height=\"50\">\n<div align=\"left\"><span style=\"color: #000000;\"><strong>Air Flow <\/strong><\/span><\/div>\n<\/td>\n<td class=\"xl73\" style=\"border-color: #ffffff; height: 0px;\" height=\"50\"><span style=\"color: #000000;\">1500 L\/m @ 10 kgf\/cm\u00b2<\/span><\/td>\n<\/tr>\n<tr style=\"height: 45px;\" valign=\"middle\">\n<td class=\"xl74\" style=\"border-color: #ffffff; height: 0px;\" width=\"30%\" height=\"50\">\n<div align=\"left\"><span style=\"color: #000000;\"><strong>Port Size <\/strong><\/span><\/div>\n<\/td>\n<td class=\"xl75\" style=\"border-color: #ffffff; height: 0px;\" height=\"50\"><span style=\"color: #000000;\">3\/8&#8243;<\/span><\/td>\n<\/tr>\n<\/tbody>\n<\/table>","protected":false},"excerpt":{"rendered":"<p>Nuestra empresa es un conocido fabricante de espuma de aire y pistolas de soplado de primera calidad en Taiw\u00e1n.<br \/>\nNos hemos dedicado a servir a los clientes con nuestra durabilidad, precio justo y gran eficiencia de Air Foam y Blow Gun.<br \/>\nNo dude en contactarnos si est\u00e1 buscando Air Foam y Blow Gun con un dise\u00f1o \u00fanico y elegante.<\/p>","protected":false},"featured_media":7616,"template":"","meta":{"qubely_global_settings":"","qubely_interactions":"","site-sidebar-layout":"default","site-content-layout":"default","ast-global-header-display":"","ast-main-header-display":"","ast-hfb-above-header-display":"","ast-hfb-below-header-display":"","ast-hfb-mobile-header-display":"","site-post-title":"","ast-breadcrumbs-content":"","ast-featured-img":"","footer-sml-layout":"","theme-transparent-header-meta":"","adv-header-id-meta":"","stick-header-meta":"","header-above-stick-meta":"","header-main-stick-meta":"","header-below-stick-meta":""},"product_brand":[],"product_cat":[98],"product_tag":[],"class_list":{"0":"post-7631","1":"product","2":"type-product","3":"status-publish","4":"has-post-thumbnail","6":"product_cat-air-foam-blow-gun","7":"desktop-align-center","8":"tablet-align-center","9":"mobile-align-center","10":"ast-product-gallery-layout-horizontal-slider","11":"ast-product-tabs-layout-horizontal","12":"ast-qv-on-image","14":"first","15":"instock","16":"shipping-taxable","17":"product-type-simple"},"uagb_featured_image_src":{"full":["https:\/\/axatool.com\/wp-content\/uploads\/2022\/06\/B-60-1High-Flow-Air-Blower-1000x1000.jpg",1000,1000,false],"thumbnail":["https:\/\/axatool.com\/wp-content\/uploads\/2022\/06\/B-60-1High-Flow-Air-Blower-150x150.jpg",150,150,true],"medium":["https:\/\/axatool.com\/wp-content\/uploads\/2022\/06\/B-60-1High-Flow-Air-Blower-300x300.jpg",300,300,true],"medium_large":["https:\/\/axatool.com\/wp-content\/uploads\/2022\/06\/B-60-1High-Flow-Air-Blower-768x768.jpg",768,768,true],"large":["https:\/\/axatool.com\/wp-content\/uploads\/2022\/06\/B-60-1High-Flow-Air-Blower-1000x1000.jpg",1000,1000,false],"1536x1536":["https:\/\/axatool.com\/wp-content\/uploads\/2022\/06\/B-60-1High-Flow-Air-Blower-1000x1000.jpg",1000,1000,false],"2048x2048":["https:\/\/axatool.com\/wp-content\/uploads\/2022\/06\/B-60-1High-Flow-Air-Blower-1000x1000.jpg",1000,1000,false],"trp-custom-language-flag":["https:\/\/axatool.com\/wp-content\/uploads\/2022\/06\/B-60-1High-Flow-Air-Blower-12x12.jpg",12,12,true],"qubely_landscape":["https:\/\/axatool.com\/wp-content\/uploads\/2022\/06\/B-60-1High-Flow-Air-Blower-1000x750.jpg",1000,750,true],"qubely_portrait":["https:\/\/axatool.com\/wp-content\/uploads\/2022\/06\/B-60-1High-Flow-Air-Blower-540x320.jpg",540,320,true],"qubely_thumbnail":["https:\/\/axatool.com\/wp-content\/uploads\/2022\/06\/B-60-1High-Flow-Air-Blower-140x100.jpg",140,100,true],"woocommerce_thumbnail":["https:\/\/axatool.com\/wp-content\/uploads\/2022\/06\/B-60-1High-Flow-Air-Blower-300x300.jpg",300,300,true],"woocommerce_single":["https:\/\/axatool.com\/wp-content\/uploads\/2022\/06\/B-60-1High-Flow-Air-Blower-600x600.jpg",600,600,true],"woocommerce_gallery_thumbnail":["https:\/\/axatool.com\/wp-content\/uploads\/2022\/06\/B-60-1High-Flow-Air-Blower-100x100.jpg",100,100,true]},"uagb_author_info":{"display_name":"editor.axatool","author_link":"https:\/\/axatool.com\/es\/author\/"},"uagb_comment_info":0,"uagb_excerpt":"Our company is a well-known manufacturer of premium grade Air Foam and Blow Gun in Taiwan. We have devoted ourselves to serve the clients with our durability, fair price and strong efficiency of Air Foam and Blow Gun. Please feel free to contact us if you are searching for Air Foam and Blow Gun with&hellip;","_links":{"self":[{"href":"https:\/\/axatool.com\/es\/wp-json\/wp\/v2\/product\/7631","targetHints":{"allow":["GET"]}}],"collection":[{"href":"https:\/\/axatool.com\/es\/wp-json\/wp\/v2\/product"}],"about":[{"href":"https:\/\/axatool.com\/es\/wp-json\/wp\/v2\/types\/product"}],"version-history":[{"count":3,"href":"https:\/\/axatool.com\/es\/wp-json\/wp\/v2\/product\/7631\/revisions"}],"predecessor-version":[{"id":7650,"href":"https:\/\/axatool.com\/es\/wp-json\/wp\/v2\/product\/7631\/revisions\/7650"}],"wp:featuredmedia":[{"embeddable":true,"href":"https:\/\/axatool.com\/es\/wp-json\/wp\/v2\/media\/7616"}],"wp:attachment":[{"href":"https:\/\/axatool.com\/es\/wp-json\/wp\/v2\/media?parent=7631"}],"wp:term":[{"taxonomy":"product_brand","embeddable":true,"href":"https:\/\/axatool.com\/es\/wp-json\/wp\/v2\/product_brand?post=7631"},{"taxonomy":"product_cat","embeddable":true,"href":"https:\/\/axatool.com\/es\/wp-json\/wp\/v2\/product_cat?post=7631"},{"taxonomy":"product_tag","embeddable":true,"href":"https:\/\/axatool.com\/es\/wp-json\/wp\/v2\/product_tag?post=7631"}],"curies":[{"name":"wp","href":"https:\/\/api.w.org\/{rel}","templated":true}]}}