{"id":7566,"date":"2022-06-21T08:40:32","date_gmt":"2022-06-21T08:40:32","guid":{"rendered":"https:\/\/axatool.com\/product\/uncategorized\/2033mc-9-3-in-1-air-sprayable-seam-sealer-caulking-gun\/"},"modified":"2022-07-05T03:36:09","modified_gmt":"2022-07-05T03:36:09","slug":"2033mc-9-3-in-1-air-sprayable-seam-sealer-caulking-gun","status":"publish","type":"product","link":"https:\/\/axatool.com\/es\/producto\/2033mc-9-3-in-1-air-sprayable-seam-sealer-caulking-gun\/","title":{"rendered":"2033MC Pistola para calafatear sellador de uniones pulverizable con aire 3 en 1"},"content":{"rendered":"<p>Air Sprayable Seam Sealer provide excellent paint adhesion for up to 72 hours prior to application of automotive paint syatems. Scuffing the sealant with Scuff Pad is not necessary or recommended, especially for sprayed seams or coatings. Air Sprayable Seam Sealer may be painted immediately after application ( in thickness up to 1\/4 inch ). Most competitive sprayable products must be painted within the first few hours of application to provide adequate paint adhesion.<\/p>\n<h3>\u2699\ufe0f <strong> Especificaci\u00f3n<\/strong><\/h3>\n<table id=\"tabs-nav\" class=\"xl756500\" style=\"height: 240px; width: 80.6799%; border-style: double; background-color: #fea500; border-color: #ffffff;\" border=\"10\" width=\"530\" rules=\"cols\" cellspacing=\"2\" cellpadding=\"5\" bgcolor=\"#FEA500\">\n<tbody>\n<tr style=\"height: 46px;\" valign=\"middle\">\n<td class=\"xl70\" style=\"border-color: #ffffff;\" width=\"30%\">\n<div align=\"left\"><span style=\"color: #000000;\"><strong>Cartridge <\/strong><\/span><\/div>\n<\/td>\n<td class=\"xl69\" style=\"border-color: #ffffff;\" width=\"324\"><span style=\"color: #000000;\">310 ml (11&#8243; 400 ml, 13&#8243; 500 ml )<\/span><\/td>\n<\/tr>\n<tr style=\"height: 46px;\" valign=\"middle\">\n<td class=\"xl70\" style=\"border-color: #ffffff;\" width=\"30%\">\n<div align=\"left\"><span style=\"color: #000000;\"><strong>Sachet <\/strong><\/span><\/div>\n<\/td>\n<td class=\"xl69\" style=\"border-color: #ffffff;\"><span style=\"color: #000000;\">310~400 ml (11&#8243; 310~500 ml, 13&#8243; 310~600 ml, 15&#8243; 310~800 ml)<\/span><\/td>\n<\/tr>\n<tr style=\"height: 46px;\" valign=\"middle\">\n<td class=\"xl70\" style=\"border-color: #ffffff;\" width=\"30%\">\n<div align=\"left\"><span style=\"color: #000000;\"><strong>Operated Air Press. <\/strong><\/span><\/div>\n<\/td>\n<td class=\"xl69\" style=\"border-color: #ffffff;\"><span style=\"color: #000000;\">45~90 PSI<\/span><\/td>\n<\/tr>\n<tr style=\"height: 45px;\" valign=\"middle\">\n<td class=\"xl70\" style=\"border-color: #ffffff;\" width=\"30%\">\n<div align=\"left\"><span style=\"color: #000000;\"><strong>Air Inlet Size <\/strong><\/span><\/div>\n<\/td>\n<td class=\"xl69\" style=\"border-color: #ffffff;\"><span style=\"color: #000000;\">1\/4&#8243;<\/span><\/td>\n<\/tr>\n<tr style=\"height: 46px;\" valign=\"middle\">\n<td class=\"xl70\" style=\"border-color: #ffffff;\" width=\"30%\">\n<div align=\"left\"><span style=\"color: #000000;\"><strong>Identificaci\u00f3n de la manguera de aire <\/strong><\/span><\/div>\n<\/td>\n<td class=\"xl69\" style=\"border-color: #ffffff;\"><span style=\"color: #000000;\">1\/4&#8243;<\/span><\/td>\n<\/tr>\n<tr style=\"height: 46px;\" valign=\"middle\">\n<td class=\"xl70\" style=\"border-color: #ffffff;\" width=\"30%\">\n<div align=\"left\"><span style=\"color: #000000;\"><strong>Suggest Air Com.. <\/strong><\/span><\/div>\n<\/td>\n<td class=\"xl69\" style=\"border-color: #ffffff;\"><span style=\"color: #000000;\">0.5HP<\/span><\/td>\n<\/tr>\n<\/tbody>\n<\/table>","protected":false},"excerpt":{"rendered":"<p>Nuestra empresa es un conocido fabricante de pistolas de calafateo de aire de primera calidad en Taiw\u00e1n.<br \/>\nNos hemos dedicado a servir a los clientes con nuestra durabilidad, precio justo y gran eficiencia de la pistola de calafateo de aire.<br \/>\nNo dude en contactarnos si est\u00e1 buscando una pistola de calafateo de aire con un dise\u00f1o \u00fanico y elegante.<\/p>","protected":false},"featured_media":7695,"template":"","meta":{"qubely_global_settings":"","qubely_interactions":"","site-sidebar-layout":"default","site-content-layout":"default","ast-global-header-display":"","ast-main-header-display":"","ast-hfb-above-header-display":"","ast-hfb-below-header-display":"","ast-hfb-mobile-header-display":"","site-post-title":"","ast-breadcrumbs-content":"","ast-featured-img":"","footer-sml-layout":"","theme-transparent-header-meta":"","adv-header-id-meta":"","stick-header-meta":"","header-above-stick-meta":"","header-main-stick-meta":"","header-below-stick-meta":""},"product_brand":[],"product_cat":[97],"product_tag":[],"class_list":{"0":"post-7566","1":"product","2":"type-product","3":"status-publish","4":"has-post-thumbnail","6":"product_cat-air-cordless-caulking-gun","7":"desktop-align-center","8":"tablet-align-center","9":"mobile-align-center","10":"ast-product-gallery-layout-horizontal-slider","11":"ast-product-tabs-layout-horizontal","12":"ast-qv-on-image","14":"first","15":"instock","16":"shipping-taxable","17":"product-type-simple"},"uagb_featured_image_src":{"full":["https:\/\/axatool.com\/wp-content\/uploads\/2022\/07\/2033MC-9-1Air-Sprayable-Seam-Sealer-Caulking-Gun-1000x1000.jpg",1000,1000,false],"thumbnail":["https:\/\/axatool.com\/wp-content\/uploads\/2022\/07\/2033MC-9-1Air-Sprayable-Seam-Sealer-Caulking-Gun-150x150.jpg",150,150,true],"medium":["https:\/\/axatool.com\/wp-content\/uploads\/2022\/07\/2033MC-9-1Air-Sprayable-Seam-Sealer-Caulking-Gun-300x300.jpg",300,300,true],"medium_large":["https:\/\/axatool.com\/wp-content\/uploads\/2022\/07\/2033MC-9-1Air-Sprayable-Seam-Sealer-Caulking-Gun-768x768.jpg",768,768,true],"large":["https:\/\/axatool.com\/wp-content\/uploads\/2022\/07\/2033MC-9-1Air-Sprayable-Seam-Sealer-Caulking-Gun-1000x1000.jpg",1000,1000,false],"1536x1536":["https:\/\/axatool.com\/wp-content\/uploads\/2022\/07\/2033MC-9-1Air-Sprayable-Seam-Sealer-Caulking-Gun-1000x1000.jpg",1000,1000,false],"2048x2048":["https:\/\/axatool.com\/wp-content\/uploads\/2022\/07\/2033MC-9-1Air-Sprayable-Seam-Sealer-Caulking-Gun-1000x1000.jpg",1000,1000,false],"trp-custom-language-flag":["https:\/\/axatool.com\/wp-content\/uploads\/2022\/07\/2033MC-9-1Air-Sprayable-Seam-Sealer-Caulking-Gun-12x12.jpg",12,12,true],"qubely_landscape":["https:\/\/axatool.com\/wp-content\/uploads\/2022\/07\/2033MC-9-1Air-Sprayable-Seam-Sealer-Caulking-Gun-1000x750.jpg",1000,750,true],"qubely_portrait":["https:\/\/axatool.com\/wp-content\/uploads\/2022\/07\/2033MC-9-1Air-Sprayable-Seam-Sealer-Caulking-Gun-540x320.jpg",540,320,true],"qubely_thumbnail":["https:\/\/axatool.com\/wp-content\/uploads\/2022\/07\/2033MC-9-1Air-Sprayable-Seam-Sealer-Caulking-Gun-140x100.jpg",140,100,true],"woocommerce_thumbnail":["https:\/\/axatool.com\/wp-content\/uploads\/2022\/07\/2033MC-9-1Air-Sprayable-Seam-Sealer-Caulking-Gun-300x300.jpg",300,300,true],"woocommerce_single":["https:\/\/axatool.com\/wp-content\/uploads\/2022\/07\/2033MC-9-1Air-Sprayable-Seam-Sealer-Caulking-Gun-600x600.jpg",600,600,true],"woocommerce_gallery_thumbnail":["https:\/\/axatool.com\/wp-content\/uploads\/2022\/07\/2033MC-9-1Air-Sprayable-Seam-Sealer-Caulking-Gun-100x100.jpg",100,100,true]},"uagb_author_info":{"display_name":"editor.axatool","author_link":"https:\/\/axatool.com\/es\/author\/"},"uagb_comment_info":0,"uagb_excerpt":"Our company is a well-known manufacturer of premium grade Air Caulking Gun in Taiwan. We have devoted ourselves to serve the clients with our durability, fair price and strong efficiency of Air Caulking Gun. Please feel free to contact us if you are searching for Air Caulking Gun with unique and stylish design.","_links":{"self":[{"href":"https:\/\/axatool.com\/es\/wp-json\/wp\/v2\/product\/7566","targetHints":{"allow":["GET"]}}],"collection":[{"href":"https:\/\/axatool.com\/es\/wp-json\/wp\/v2\/product"}],"about":[{"href":"https:\/\/axatool.com\/es\/wp-json\/wp\/v2\/types\/product"}],"version-history":[{"count":3,"href":"https:\/\/axatool.com\/es\/wp-json\/wp\/v2\/product\/7566\/revisions"}],"predecessor-version":[{"id":7611,"href":"https:\/\/axatool.com\/es\/wp-json\/wp\/v2\/product\/7566\/revisions\/7611"}],"wp:featuredmedia":[{"embeddable":true,"href":"https:\/\/axatool.com\/es\/wp-json\/wp\/v2\/media\/7695"}],"wp:attachment":[{"href":"https:\/\/axatool.com\/es\/wp-json\/wp\/v2\/media?parent=7566"}],"wp:term":[{"taxonomy":"product_brand","embeddable":true,"href":"https:\/\/axatool.com\/es\/wp-json\/wp\/v2\/product_brand?post=7566"},{"taxonomy":"product_cat","embeddable":true,"href":"https:\/\/axatool.com\/es\/wp-json\/wp\/v2\/product_cat?post=7566"},{"taxonomy":"product_tag","embeddable":true,"href":"https:\/\/axatool.com\/es\/wp-json\/wp\/v2\/product_tag?post=7566"}],"curies":[{"name":"wp","href":"https:\/\/api.w.org\/{rel}","templated":true}]}}