{"id":7561,"date":"2022-06-21T08:40:32","date_gmt":"2022-06-21T08:40:32","guid":{"rendered":"https:\/\/axatool.com\/product\/uncategorized\/cc-001-9-cordless-cartridgegun\/"},"modified":"2022-06-29T03:25:09","modified_gmt":"2022-06-29T03:25:09","slug":"cc-001-9-cordless-cartridgegun","status":"publish","type":"product","link":"https:\/\/axatool.com\/es\/producto\/cc-001-9-cordless-cartridgegun\/","title":{"rendered":"CC-001 300 ml \/ 10 oz Cordless Caulking Gun"},"content":{"rendered":"<ul>\n<li>Patented clutchable ball-screw transmission doubles tool&#8217;s efficiency.<\/li>\n<li>Li-ion battery with low self-discharge rate, no memory effect.<\/li>\n<li>Auto reverse function prevents flow from dripping.<\/li>\n<li>Speed control dial for better control of flow regulation.<\/li>\n<li>Speed control trigger for precise flow control.<\/li>\n<li>Auxiliary LED light helps under darkness.<\/li>\n<li>Safety lock prevents accidental start-up.<\/li>\n<li>Wrist strap for extra security protection.<\/li>\n<li>Ergonomically designed handle for the comfort of long hour use.<\/li>\n<\/ul>\n<h3>\u2699\ufe0f <strong> Especificaci\u00f3n<\/strong><\/h3>\n<table id=\"tabs-nav\" class=\"xl756500\" style=\"height: 273px; width: 80.6799%; border-style: double; background-color: #fea500; border-color: #ffffff;\" border=\"10\" width=\"517\" rules=\"cols\" cellspacing=\"2\" cellpadding=\"5\" bgcolor=\"#FEA500\">\n<tbody>\n<tr style=\"height: 46px;\" valign=\"middle\">\n<th class=\"xl70\" style=\"border-color: #ffffff; height: 54px;\" nowrap=\"nowrap\" width=\"30%\">\n<div align=\"left\"><span style=\"color: #000000;\"><strong>Capacity <\/strong><\/span><\/div>\n<\/th>\n<td class=\"xl71\" style=\"border-color: #ffffff; height: 54px;\" width=\"324\"><span style=\"color: #000000;\">300 ml\/ 10.5 oz\/ Cartridge<\/span><\/td>\n<\/tr>\n<tr style=\"height: 46px;\" valign=\"middle\">\n<th class=\"xl70\" style=\"border-color: #ffffff; height: 50px;\" nowrap=\"nowrap\" width=\"30%\">\n<div align=\"left\"><span style=\"color: #000000;\"><strong>Voltage <\/strong><\/span><\/div>\n<\/th>\n<td class=\"xl71\" style=\"border-color: #ffffff; height: 50px;\"><span style=\"color: #000000;\">7.2 V\/ 1.5 Ah<\/span><\/td>\n<\/tr>\n<tr style=\"height: 45px;\" valign=\"middle\">\n<th class=\"xl70\" style=\"border-color: #ffffff; height: 61px;\" nowrap=\"nowrap\" width=\"30%\">\n<div align=\"left\"><span style=\"color: #000000;\"><strong>Performance <\/strong><\/span><\/div>\n<\/th>\n<td class=\"xl71\" style=\"border-color: #ffffff; height: 61px;\"><span style=\"color: #000000;\">1.5A<\/span><\/td>\n<\/tr>\n<tr style=\"height: 46px;\" valign=\"middle\">\n<th class=\"xl70\" style=\"border-color: #ffffff; height: 48px;\" nowrap=\"nowrap\" width=\"30%\">\n<div align=\"left\"><span style=\"color: #000000;\"><strong>Max Force <\/strong><\/span><\/div>\n<\/th>\n<td class=\"xl71\" style=\"border-color: #ffffff; height: 48px;\"><span style=\"color: #000000;\">450 KG<\/span><\/td>\n<\/tr>\n<tr style=\"height: 46px;\" valign=\"middle\">\n<th class=\"xl70\" style=\"border-color: #ffffff; height: 60px;\" nowrap=\"nowrap\" width=\"30%\">\n<div align=\"left\"><span style=\"color: #000000;\"><strong>No Load Speed<\/strong><\/span><\/div>\n<\/th>\n<td class=\"xl71\" style=\"border-color: #ffffff; height: 60px;\"><span style=\"color: #000000;\">5.5 mm\/sec<\/span><\/td>\n<\/tr>\n<\/tbody>\n<\/table>\n<p><img loading=\"lazy\" decoding=\"async\" class=\"alignnone size-full wp-image-7596\" src=\"https:\/\/axatool.com\/wp-content\/uploads\/2022\/06\/CC-001.png\" alt=\"\" width=\"600\" height=\"538\" title=\"\" srcset=\"https:\/\/axatool.com\/wp-content\/uploads\/2022\/06\/CC-001.png 600w, https:\/\/axatool.com\/wp-content\/uploads\/2022\/06\/CC-001-300x269.png 300w, https:\/\/axatool.com\/wp-content\/uploads\/2022\/06\/CC-001-13x12.png 13w\" sizes=\"auto, (max-width: 600px) 100vw, 600px\" \/><\/p>\n<div id=\"s3gt_translate_tooltip_mini\" class=\"s3gt_translate_tooltip_mini_box\" style=\"background: initial !important; border: initial !important; border-radius: initial !important; border-spacing: initial !important; border-collapse: initial !important; direction: ltr !important; flex-direction: initial !important; font-weight: initial !important; height: initial !important; letter-spacing: initial !important; min-width: initial !important; max-width: initial !important; min-height: initial !important; max-height: initial !important; margin: auto !important; outline: initial !important; padding: initial !important; position: absolute; table-layout: initial !important; text-align: initial !important; text-shadow: initial !important; width: initial !important; word-break: initial !important; word-spacing: initial !important; overflow-wrap: initial !important; box-sizing: initial !important; display: initial !important; color: inherit !important; font-size: 13px !important; font-family: X-LocaleSpecific, sans-serif, Tahoma, Helvetica !important; line-height: 13px !important; vertical-align: top !important; white-space: inherit !important; left: 358px; top: 615px; opacity: 0.25;\">\n<div id=\"s3gt_translate_tooltip_mini_logo\" class=\"s3gt_translate_tooltip_mini\" title=\"\u7ffb\u8b6f\u9078\u53d6\u7684\u6587\u5b57\"><\/div>\n<div id=\"s3gt_translate_tooltip_mini_logo_plus\" class=\"s3gt_translate_tooltip_mini\" title=\"\u52a0\u5165\u5230\u7ffb\u8b6f\"><\/div>\n<div id=\"s3gt_translate_tooltip_mini_sound\" class=\"s3gt_translate_tooltip_mini\" title=\"\u6717\u8b80\"><\/div>\n<div id=\"s3gt_translate_tooltip_mini_copy\" class=\"s3gt_translate_tooltip_mini\" title=\"\u5c07\u6587\u5b57\u8907\u88fd\u5230\u526a\u8cbc\u7c3f\"><\/div>\n<style type=\"text\/css\" media=\"print\">#s3gt_translate_tooltip_mini { display: none !important; }<\/style>\n<\/div>","protected":false},"excerpt":{"rendered":"<p>Nuestra empresa es un conocido fabricante de pistolas de calafateo de aire de primera calidad en Taiw\u00e1n.<br \/>\nNos hemos dedicado a servir a los clientes con nuestra durabilidad, precio justo y gran eficiencia de la pistola de calafateo de aire.<br \/>\nNo dude en contactarnos si est\u00e1 buscando una pistola de calafateo de aire con un dise\u00f1o \u00fanico y elegante.<\/p>","protected":false},"featured_media":7597,"template":"","meta":{"qubely_global_settings":"","qubely_interactions":"","site-sidebar-layout":"default","site-content-layout":"default","ast-global-header-display":"","ast-main-header-display":"","ast-hfb-above-header-display":"","ast-hfb-below-header-display":"","ast-hfb-mobile-header-display":"","site-post-title":"","ast-breadcrumbs-content":"","ast-featured-img":"","footer-sml-layout":"","theme-transparent-header-meta":"","adv-header-id-meta":"","stick-header-meta":"","header-above-stick-meta":"","header-main-stick-meta":"","header-below-stick-meta":""},"product_brand":[],"product_cat":[97],"product_tag":[],"class_list":{"0":"post-7561","1":"product","2":"type-product","3":"status-publish","4":"has-post-thumbnail","6":"product_cat-air-cordless-caulking-gun","7":"desktop-align-center","8":"tablet-align-center","9":"mobile-align-center","10":"ast-product-gallery-layout-horizontal-slider","11":"ast-product-gallery-with-no-image","12":"ast-product-tabs-layout-horizontal","13":"ast-qv-on-image","15":"first","16":"instock","17":"shipping-taxable","18":"product-type-simple"},"uagb_featured_image_src":{"full":["https:\/\/axatool.com\/wp-content\/uploads\/2022\/06\/CC-001-1000x1000.jpg",1000,1000,false],"thumbnail":["https:\/\/axatool.com\/wp-content\/uploads\/2022\/06\/CC-001-150x150.jpg",150,150,true],"medium":["https:\/\/axatool.com\/wp-content\/uploads\/2022\/06\/CC-001-300x300.jpg",300,300,true],"medium_large":["https:\/\/axatool.com\/wp-content\/uploads\/2022\/06\/CC-001-768x768.jpg",768,768,true],"large":["https:\/\/axatool.com\/wp-content\/uploads\/2022\/06\/CC-001-1000x1000.jpg",1000,1000,false],"1536x1536":["https:\/\/axatool.com\/wp-content\/uploads\/2022\/06\/CC-001-1000x1000.jpg",1000,1000,false],"2048x2048":["https:\/\/axatool.com\/wp-content\/uploads\/2022\/06\/CC-001-1000x1000.jpg",1000,1000,false],"trp-custom-language-flag":["https:\/\/axatool.com\/wp-content\/uploads\/2022\/06\/CC-001-12x12.jpg",12,12,true],"qubely_landscape":["https:\/\/axatool.com\/wp-content\/uploads\/2022\/06\/CC-001-1000x750.jpg",1000,750,true],"qubely_portrait":["https:\/\/axatool.com\/wp-content\/uploads\/2022\/06\/CC-001-540x320.jpg",540,320,true],"qubely_thumbnail":["https:\/\/axatool.com\/wp-content\/uploads\/2022\/06\/CC-001-140x100.jpg",140,100,true],"woocommerce_thumbnail":["https:\/\/axatool.com\/wp-content\/uploads\/2022\/06\/CC-001-300x300.jpg",300,300,true],"woocommerce_single":["https:\/\/axatool.com\/wp-content\/uploads\/2022\/06\/CC-001-600x600.jpg",600,600,true],"woocommerce_gallery_thumbnail":["https:\/\/axatool.com\/wp-content\/uploads\/2022\/06\/CC-001-100x100.jpg",100,100,true]},"uagb_author_info":{"display_name":"editor.axatool","author_link":"https:\/\/axatool.com\/es\/author\/"},"uagb_comment_info":0,"uagb_excerpt":"Our company is a well-known manufacturer of premium grade Air Caulking Gun in Taiwan. We have devoted ourselves to serve the clients with our durability, fair price and strong efficiency of Air Caulking Gun. Please feel free to contact us if you are searching for Air Caulking Gun with unique and stylish design.","_links":{"self":[{"href":"https:\/\/axatool.com\/es\/wp-json\/wp\/v2\/product\/7561","targetHints":{"allow":["GET"]}}],"collection":[{"href":"https:\/\/axatool.com\/es\/wp-json\/wp\/v2\/product"}],"about":[{"href":"https:\/\/axatool.com\/es\/wp-json\/wp\/v2\/types\/product"}],"version-history":[{"count":4,"href":"https:\/\/axatool.com\/es\/wp-json\/wp\/v2\/product\/7561\/revisions"}],"predecessor-version":[{"id":7640,"href":"https:\/\/axatool.com\/es\/wp-json\/wp\/v2\/product\/7561\/revisions\/7640"}],"wp:featuredmedia":[{"embeddable":true,"href":"https:\/\/axatool.com\/es\/wp-json\/wp\/v2\/media\/7597"}],"wp:attachment":[{"href":"https:\/\/axatool.com\/es\/wp-json\/wp\/v2\/media?parent=7561"}],"wp:term":[{"taxonomy":"product_brand","embeddable":true,"href":"https:\/\/axatool.com\/es\/wp-json\/wp\/v2\/product_brand?post=7561"},{"taxonomy":"product_cat","embeddable":true,"href":"https:\/\/axatool.com\/es\/wp-json\/wp\/v2\/product_cat?post=7561"},{"taxonomy":"product_tag","embeddable":true,"href":"https:\/\/axatool.com\/es\/wp-json\/wp\/v2\/product_tag?post=7561"}],"curies":[{"name":"wp","href":"https:\/\/api.w.org\/{rel}","templated":true}]}}