{"id":7560,"date":"2022-06-21T08:40:32","date_gmt":"2022-06-21T08:40:32","guid":{"rendered":"https:\/\/axatool.com\/product\/uncategorized\/at-906tl-air-caulking-gun\/"},"modified":"2022-06-28T07:16:29","modified_gmt":"2022-06-28T07:16:29","slug":"at-906tl-air-caulking-gun","status":"publish","type":"product","link":"https:\/\/axatool.com\/es\/producto\/at-906tl-air-caulking-gun\/","title":{"rendered":"AT-906TL Air Caulking Gun"},"content":{"rendered":"<p>Para silicona de tubo duro, pistola de calafateo est\u00e1ndar. Perfecto para calafatear r\u00e1pida y f\u00e1cilmente en el lugar de trabajo y alrededor de la casa y el taller. Se puede utilizar con todo tipo de material de calafateo. Agarre ergon\u00f3mico, ligero y f\u00e1cil de usar.<\/p>\n<h3>\u2699\ufe0f <strong> Especificaci\u00f3n<\/strong><\/h3>\n<table id=\"tabs-nav\" class=\"xl756500\" style=\"height: 240px; width: 80.6799%; border-style: double; background-color: #fea500; border-color: #ffffff;\" border=\"10\" width=\"517\" rules=\"cols\" cellspacing=\"2\" cellpadding=\"5\" bgcolor=\"#FEA500\">\n<tbody>\n<tr style=\"height: 46px;\" valign=\"middle\">\n<th class=\"xl70\" style=\"border-color: #ffffff; width: 30%; height: 44px;\" nowrap=\"nowrap\" width=\"30%\" height=\"17%\">\n<div align=\"left\"><span style=\"color: #000000;\"><strong>Promedio Contras de aire <\/strong><\/span><\/div>\n<\/th>\n<td class=\"xl71\" style=\"border-color: #ffffff; height: 44px;\" valign=\"middle\" width=\"324\"><span style=\"color: #000000;\"> 6,6 CFM (186,9 l\/min)<\/span><\/td>\n<\/tr>\n<tr style=\"height: 46px;\" valign=\"middle\">\n<th class=\"xl72\" style=\"border-color: #ffffff; width: 30%; height: 45px;\" nowrap=\"nowrap\" width=\"30%\" height=\"18%\">\n<div align=\"left\"><span style=\"color: #000000;\"><strong>Presi\u00f3n del aire<\/strong><\/span><\/div>\n<\/th>\n<td class=\"xl73\" style=\"border-color: #ffffff; height: 45px;\" valign=\"middle\" width=\"324\"><span style=\"color: #000000;\">50 ~ 70 psi<\/span><\/td>\n<\/tr>\n<tr style=\"height: 46px;\" valign=\"middle\">\n<th class=\"xl72\" style=\"border-color: #ffffff; width: 30%; height: 27px;\" nowrap=\"nowrap\" width=\"30%\" height=\"13%\">\n<div align=\"left\"><span style=\"color: #000000;\"><strong>Peso neto<\/strong><\/span><\/div>\n<\/th>\n<td class=\"xl74\" style=\"border-color: #ffffff; height: 27px;\" valign=\"middle\"><span style=\"color: #000000;\">1.9 kgs (4.2 lbs)<\/span><\/td>\n<\/tr>\n<tr style=\"height: 45px;\" valign=\"middle\">\n<th class=\"xl72\" style=\"border-color: #ffffff; width: 30%; height: 42px;\" nowrap=\"nowrap\" width=\"30%\" height=\"16%\">\n<div align=\"left\"><span style=\"color: #000000;\"><strong>Longitud total<\/strong><\/span><\/div>\n<\/th>\n<td class=\"xl74\" style=\"border-color: #ffffff; height: 42px;\" valign=\"middle\"><span style=\"color: #000000;\">542 mm (21.3&#8243;)<\/span><\/td>\n<\/tr>\n<tr style=\"height: 46px;\" valign=\"middle\">\n<th class=\"xl72\" style=\"border-color: #ffffff; width: 30%; height: 34px;\" nowrap=\"nowrap\" width=\"30%\" height=\"13%\">\n<div align=\"left\"><span style=\"color: #000000;\"><strong>Entrada de aire<\/strong><\/span><\/div>\n<\/th>\n<td class=\"xl74\" style=\"border-color: #ffffff; height: 34px;\" valign=\"middle\"><span style=\"color: #000000;\">1\/4&#8243;<\/span><\/td>\n<\/tr>\n<tr style=\"height: 46px;\" valign=\"middle\">\n<th class=\"xl75\" style=\"border-color: #ffffff; width: 30%; height: 48px;\" nowrap=\"nowrap\" width=\"30%\" height=\"48\">\n<div align=\"left\"><span style=\"color: #000000;\"><strong>Manguera de aire <\/strong><\/span><\/div>\n<\/th>\n<td class=\"xl76\" style=\"border-color: #ffffff; height: 48px;\" valign=\"middle\"><span style=\"color: #000000;\">3\/8&#8243;<\/span><\/td>\n<\/tr>\n<\/tbody>\n<\/table>","protected":false},"excerpt":{"rendered":"<p>Nuestra empresa es un conocido fabricante de pistolas de calafateo de aire de primera calidad en Taiw\u00e1n.<br \/>\nNos hemos dedicado a servir a los clientes con nuestra durabilidad, precio justo y gran eficiencia de la pistola de calafateo de aire.<br \/>\nNo dude en contactarnos si est\u00e1 buscando una pistola de calafateo de aire con un dise\u00f1o \u00fanico y elegante.<\/p>","protected":false},"featured_media":7540,"template":"","meta":{"qubely_global_settings":"","qubely_interactions":"","site-sidebar-layout":"default","site-content-layout":"default","ast-global-header-display":"","ast-main-header-display":"","ast-hfb-above-header-display":"","ast-hfb-below-header-display":"","ast-hfb-mobile-header-display":"","site-post-title":"","ast-breadcrumbs-content":"","ast-featured-img":"","footer-sml-layout":"","theme-transparent-header-meta":"","adv-header-id-meta":"","stick-header-meta":"","header-above-stick-meta":"","header-main-stick-meta":"","header-below-stick-meta":""},"product_brand":[],"product_cat":[97],"product_tag":[],"class_list":{"0":"post-7560","1":"product","2":"type-product","3":"status-publish","4":"has-post-thumbnail","6":"product_cat-air-cordless-caulking-gun","7":"desktop-align-center","8":"tablet-align-center","9":"mobile-align-center","10":"ast-product-gallery-layout-horizontal-slider","11":"ast-product-gallery-with-no-image","12":"ast-product-tabs-layout-horizontal","13":"ast-qv-on-image","15":"first","16":"instock","17":"shipping-taxable","18":"product-type-simple"},"uagb_featured_image_src":{"full":["https:\/\/axatool.com\/wp-content\/uploads\/2022\/06\/AT-906TL-1Air-Caulking-Gun-1000x1000.jpg",1000,1000,false],"thumbnail":["https:\/\/axatool.com\/wp-content\/uploads\/2022\/06\/AT-906TL-1Air-Caulking-Gun-150x150.jpg",150,150,true],"medium":["https:\/\/axatool.com\/wp-content\/uploads\/2022\/06\/AT-906TL-1Air-Caulking-Gun-300x300.jpg",300,300,true],"medium_large":["https:\/\/axatool.com\/wp-content\/uploads\/2022\/06\/AT-906TL-1Air-Caulking-Gun-768x768.jpg",768,768,true],"large":["https:\/\/axatool.com\/wp-content\/uploads\/2022\/06\/AT-906TL-1Air-Caulking-Gun-1000x1000.jpg",1000,1000,false],"1536x1536":["https:\/\/axatool.com\/wp-content\/uploads\/2022\/06\/AT-906TL-1Air-Caulking-Gun-1000x1000.jpg",1000,1000,false],"2048x2048":["https:\/\/axatool.com\/wp-content\/uploads\/2022\/06\/AT-906TL-1Air-Caulking-Gun-1000x1000.jpg",1000,1000,false],"trp-custom-language-flag":["https:\/\/axatool.com\/wp-content\/uploads\/2022\/06\/AT-906TL-1Air-Caulking-Gun-12x12.jpg",12,12,true],"qubely_landscape":["https:\/\/axatool.com\/wp-content\/uploads\/2022\/06\/AT-906TL-1Air-Caulking-Gun-1000x750.jpg",1000,750,true],"qubely_portrait":["https:\/\/axatool.com\/wp-content\/uploads\/2022\/06\/AT-906TL-1Air-Caulking-Gun-540x320.jpg",540,320,true],"qubely_thumbnail":["https:\/\/axatool.com\/wp-content\/uploads\/2022\/06\/AT-906TL-1Air-Caulking-Gun-140x100.jpg",140,100,true],"woocommerce_thumbnail":["https:\/\/axatool.com\/wp-content\/uploads\/2022\/06\/AT-906TL-1Air-Caulking-Gun-300x300.jpg",300,300,true],"woocommerce_single":["https:\/\/axatool.com\/wp-content\/uploads\/2022\/06\/AT-906TL-1Air-Caulking-Gun-600x600.jpg",600,600,true],"woocommerce_gallery_thumbnail":["https:\/\/axatool.com\/wp-content\/uploads\/2022\/06\/AT-906TL-1Air-Caulking-Gun-100x100.jpg",100,100,true]},"uagb_author_info":{"display_name":"editor.axatool","author_link":"https:\/\/axatool.com\/es\/author\/"},"uagb_comment_info":0,"uagb_excerpt":"Our company is a well-known manufacturer of premium grade Air Caulking Gun in Taiwan. We have devoted ourselves to serve the clients with our durability, fair price and strong efficiency of Air Caulking Gun. Please feel free to contact us if you are searching for Air Caulking Gun with unique and stylish design.","_links":{"self":[{"href":"https:\/\/axatool.com\/es\/wp-json\/wp\/v2\/product\/7560","targetHints":{"allow":["GET"]}}],"collection":[{"href":"https:\/\/axatool.com\/es\/wp-json\/wp\/v2\/product"}],"about":[{"href":"https:\/\/axatool.com\/es\/wp-json\/wp\/v2\/types\/product"}],"version-history":[{"count":3,"href":"https:\/\/axatool.com\/es\/wp-json\/wp\/v2\/product\/7560\/revisions"}],"predecessor-version":[{"id":7608,"href":"https:\/\/axatool.com\/es\/wp-json\/wp\/v2\/product\/7560\/revisions\/7608"}],"wp:featuredmedia":[{"embeddable":true,"href":"https:\/\/axatool.com\/es\/wp-json\/wp\/v2\/media\/7540"}],"wp:attachment":[{"href":"https:\/\/axatool.com\/es\/wp-json\/wp\/v2\/media?parent=7560"}],"wp:term":[{"taxonomy":"product_brand","embeddable":true,"href":"https:\/\/axatool.com\/es\/wp-json\/wp\/v2\/product_brand?post=7560"},{"taxonomy":"product_cat","embeddable":true,"href":"https:\/\/axatool.com\/es\/wp-json\/wp\/v2\/product_cat?post=7560"},{"taxonomy":"product_tag","embeddable":true,"href":"https:\/\/axatool.com\/es\/wp-json\/wp\/v2\/product_tag?post=7560"}],"curies":[{"name":"wp","href":"https:\/\/api.w.org\/{rel}","templated":true}]}}