{"id":7500,"date":"2022-06-20T01:50:13","date_gmt":"2022-06-20T01:50:13","guid":{"rendered":"https:\/\/axatool.com\/product\/uncategorized\/ct-500-industrial-air-saw\/"},"modified":"2023-04-17T09:22:00","modified_gmt":"2023-04-17T09:22:00","slug":"ct-500-industrial-air-saw","status":"publish","type":"product","link":"https:\/\/axatool.com\/es\/producto\/ct-500-industrial-air-saw\/","title":{"rendered":"Sierra neum\u00e1tica industrial CT-500"},"content":{"rendered":"<p>The most powerful Industrial Air Saw for clean, burr-free cuts with standard hacksaw blades in serving a wide range of industries and emergency services where reliability and durability are really matter such as Petrochemicals, Oil Rigs, Power Stations, Public Transport Facilities, Coal Mines, Fire Brigades, Airways &amp; Airport Facilities, Railway, Garages, Car Manufacturers, Commercial Vehicle Builders, Boat Building, Reinforced Fiberglass, Shipyard use, Ministry of Defense-Army, Navy, Air Force, etc.<\/p>\n<h3>\u2699\ufe0f <strong> Especificaci\u00f3n<\/strong><\/h3>\n<table id=\"tabs-nav\" class=\"xl756500\" style=\"height: 540px; width: 80.6799%; border-style: double; background-color: #fea500; border-color: #ffffff;\" border=\"10\" width=\"517\" rules=\"cols\" cellspacing=\"2\" cellpadding=\"5\" bgcolor=\"#FEA500\">\n<tbody>\n<tr style=\"height: 46px;\" valign=\"middle\">\n<td class=\"xl72\" style=\"border-color: #ffffff;\" width=\"30%\">\n<div align=\"left\"><span style=\"color: #000000;\"><strong>Cutting Capacity <\/strong><\/span><\/div>\n<\/td>\n<td class=\"xl70\" style=\"border-color: #ffffff;\" width=\"284\"><span style=\"color: #000000;\">1.2 mm Steel<\/span><\/td>\n<\/tr>\n<tr style=\"height: 46px;\" valign=\"middle\">\n<td class=\"xl72\" style=\"border-color: #ffffff;\" width=\"30%\">\n<div align=\"left\"><span style=\"color: #000000;\"><strong>Longitud de la carrera <\/strong><\/span><\/div>\n<\/td>\n<td class=\"xl70\" style=\"border-color: #ffffff;\"><span style=\"color: #000000;\">45 mm<\/span><\/td>\n<\/tr>\n<tr style=\"height: 46px;\" valign=\"middle\">\n<td class=\"xl72\" style=\"border-color: #ffffff;\" width=\"30%\">\n<div align=\"left\"><span style=\"color: #000000;\"><strong>Velocidad libre <\/strong><\/span><\/div>\n<\/td>\n<td class=\"xl70\" style=\"border-color: #ffffff;\"><span style=\"color: #000000;\">1,200 RPM<\/span><\/td>\n<\/tr>\n<tr style=\"height: 45px;\" valign=\"middle\">\n<td class=\"xl72\" style=\"border-color: #ffffff;\" width=\"30%\">\n<div align=\"left\"><span style=\"color: #000000;\"><strong>Promedio Contras de aire <\/strong><\/span><\/div>\n<\/td>\n<td class=\"xl70\" style=\"border-color: #ffffff;\"><span style=\"color: #000000;\">4.6 CFM (130 l\/min)<\/span><\/td>\n<\/tr>\n<tr style=\"height: 46px;\" valign=\"middle\">\n<td class=\"xl72\" style=\"border-color: #ffffff;\" width=\"30%\">\n<div align=\"left\"><span style=\"color: #000000;\"><strong>Presi\u00f3n del aire <\/strong><\/span><\/div>\n<\/td>\n<td class=\"xl71\" style=\"border-color: #ffffff;\"><span style=\"color: #000000;\">90 PSI (6,2 bares)<\/span><\/td>\n<\/tr>\n<tr style=\"height: 46px;\" valign=\"middle\">\n<td class=\"xl72\" style=\"border-color: #ffffff;\" width=\"30%\">\n<div align=\"left\"><span style=\"color: #000000;\"><strong>Peso neto <\/strong><\/span><\/div>\n<\/td>\n<td class=\"xl70\" style=\"border-color: #ffffff;\"><span style=\"color: #000000;\">2.82 Kgs (6.17 lbs)<\/span><\/td>\n<\/tr>\n<tr style=\"height: 46px;\" valign=\"middle\">\n<td class=\"xl71\" style=\"border-color: #ffffff;\" width=\"30%\">\n<div align=\"left\"><span style=\"color: #000000;\"><strong>Dimension <\/strong><\/span><\/div>\n<\/td>\n<td class=\"xl70\" style=\"border-color: #ffffff;\"><span style=\"color: #000000;\">L460 x W48 x H141 mm<\/span><\/td>\n<\/tr>\n<tr style=\"height: 46px;\" valign=\"middle\">\n<td class=\"xl72\" style=\"border-color: #ffffff;\" width=\"30%\">\n<div align=\"left\"><span style=\"color: #000000;\"><strong>Entrada de aire <\/strong><\/span><\/div>\n<\/td>\n<td class=\"xl70\" style=\"border-color: #ffffff;\"><span style=\"color: #000000;\">1\/4&#8243;<\/span><\/td>\n<\/tr>\n<tr style=\"height: 46px;\" valign=\"middle\">\n<td class=\"xl72\" style=\"border-color: #ffffff;\" width=\"30%\">\n<div align=\"left\"><span style=\"color: #000000;\"><strong>Escape de aire <\/strong><\/span><\/div>\n<\/td>\n<td class=\"xl70\" style=\"border-color: #ffffff;\"><span style=\"color: #000000;\">Trasero<\/span><\/td>\n<\/tr>\n<tr style=\"height: 46px;\" valign=\"middle\">\n<td class=\"xl72\" style=\"border-color: #ffffff;\" width=\"30%\">\n<div align=\"left\"><span style=\"color: #000000;\"><strong>Standard Accessories <\/strong><\/span><\/div>\n<\/td>\n<td class=\"xl70\" style=\"border-color: #ffffff;\"><span style=\"color: #000000;\">Patented Universal Swivel Joint (1pc) <\/span><br \/>\n<span style=\"color: #000000;\">Carrying Box (1pc)<\/span><br \/>\n<span style=\"color: #000000;\">Oiler Pot (1pc)<\/span><br \/>\n<span style=\"color: #000000;\">each of 300 mm(Bi-Metal BAHCO Saw Blades)<\/span><br \/>\n<span style=\"color: #000000;\">1\/2&#8243; W x 12&#8243;L x 0.025&#8243; T (1pc)<\/span><br \/>\n<span style=\"color: #000000;\">3mm Hex Wrench (1pc)<\/span><br \/>\n<span style=\"color: #000000;\">Hand Grip (1pc)<\/span><\/td>\n<\/tr>\n<\/tbody>\n<\/table>\n<h3>\u2699\ufe0f Capacity Features<\/h3>\n<ul>\n<li>Excellent sawing work of various materials, trims or shapes sheet metal, plastics, plates, fiberglass, plywood, or cut pipe, rod, bar in any place.<\/li>\n<li>Available anywhere in ship, in oil tank, in mining tunnel, in construction site, in plant, in water, for rescue work, in car accident, etc.<\/li>\n<li>Most versatile maintenance tool-used throughout industry.<\/li>\n<li>Clean and burr-free cuts with standard hacksaw blades.<\/li>\n<li>Adaptable for cutting a variety of materials with proper saw blades.<\/li>\n<li>Ideal for sustained usage and suitable for the most awkward places.<\/li>\n<li>Used throughout fiberglass boat building and car body repair shop industries.<\/li>\n<li>Powerful enough to easily and quickly cut through steel-flexible enough to enough to efficiently and accurately cut in even the most awkward place.<\/li>\n<\/ul>\n<h3>\u2699\ufe0f Construction Features<\/h3>\n<ul>\n<li>Designed with a patented vibration reduced mechanism to ensure the lowest vibration and most operator comfort.<\/li>\n<li>Few moving parts means breakdowns are virtually eliminated-ensuring total reliability and long trouble-free service.<\/li>\n<li>Safety Switch-essential for when changing blades.<\/li>\n<li>Quiet in operation-enables you to use it anywhere.<\/li>\n<li>Electro-chemical treated bores giving long-wearing quality.<\/li>\n<li>Slim, compact and lightweight design for easy portability.<\/li>\n<li>Blade and work piece cooled by exhausted air and oil.<\/li>\n<li>Special alloy steel made Nosepiece ensures the highest level of durability.<\/li>\n<li>Automatic and visible lubrication.<\/li>\n<li>Extremely low air consumption. Operates on normal compressed air supply.<\/li>\n<li>Safe to use in non-flame areas.<\/li>\n<li>45MM stroke length and ability to accept short pieces of blades making it ideal for cutting in confined spaces and &#8220;Double skin&#8221; panels.<\/li>\n<\/ul>","protected":false},"excerpt":{"rendered":"<p>Nuestra empresa es un conocido fabricante de herramientas de corte neum\u00e1ticas de primera calidad en Taiw\u00e1n.<br \/>\nNos hemos dedicado a servir a los clientes con nuestra durabilidad, precio justo y gran eficiencia de las herramientas de corte de aire.<br \/>\nNo dude en contactarnos si est\u00e1 buscando herramientas de corte de aire con un dise\u00f1o \u00fanico y elegante.<\/p>","protected":false},"featured_media":4284,"template":"","meta":{"qubely_global_settings":"","qubely_interactions":"","site-sidebar-layout":"default","site-content-layout":"default","ast-global-header-display":"","ast-main-header-display":"","ast-hfb-above-header-display":"","ast-hfb-below-header-display":"","ast-hfb-mobile-header-display":"","site-post-title":"","ast-breadcrumbs-content":"","ast-featured-img":"","footer-sml-layout":"","theme-transparent-header-meta":"","adv-header-id-meta":"","stick-header-meta":"","header-above-stick-meta":"","header-main-stick-meta":"","header-below-stick-meta":""},"product_brand":[],"product_cat":[77],"product_tag":[211],"class_list":{"0":"post-7500","1":"product","2":"type-product","3":"status-publish","4":"has-post-thumbnail","6":"product_cat-air-cutting-tools","7":"product_tag-industrial-air-saw","8":"desktop-align-center","9":"tablet-align-center","10":"mobile-align-center","11":"ast-product-gallery-layout-horizontal-slider","12":"ast-product-tabs-layout-horizontal","13":"ast-qv-on-image","15":"first","16":"instock","17":"shipping-taxable","18":"product-type-simple"},"uagb_featured_image_src":{"full":["https:\/\/axatool.com\/wp-content\/uploads\/2022\/04\/CT-500-1Industrial-Air-Saw.jpg",1000,1000,false],"thumbnail":["https:\/\/axatool.com\/wp-content\/uploads\/2022\/04\/CT-500-1Industrial-Air-Saw-150x150.jpg",150,150,true],"medium":["https:\/\/axatool.com\/wp-content\/uploads\/2022\/04\/CT-500-1Industrial-Air-Saw-300x300.jpg",300,300,true],"medium_large":["https:\/\/axatool.com\/wp-content\/uploads\/2022\/04\/CT-500-1Industrial-Air-Saw-768x768.jpg",768,768,true],"large":["https:\/\/axatool.com\/wp-content\/uploads\/2022\/04\/CT-500-1Industrial-Air-Saw.jpg",1000,1000,false],"1536x1536":["https:\/\/axatool.com\/wp-content\/uploads\/2022\/04\/CT-500-1Industrial-Air-Saw.jpg",1000,1000,false],"2048x2048":["https:\/\/axatool.com\/wp-content\/uploads\/2022\/04\/CT-500-1Industrial-Air-Saw.jpg",1000,1000,false],"trp-custom-language-flag":["https:\/\/axatool.com\/wp-content\/uploads\/2022\/04\/CT-500-1Industrial-Air-Saw.jpg",12,12,false],"qubely_landscape":["https:\/\/axatool.com\/wp-content\/uploads\/2022\/04\/CT-500-1Industrial-Air-Saw-1000x750.jpg",1000,750,true],"qubely_portrait":["https:\/\/axatool.com\/wp-content\/uploads\/2022\/04\/CT-500-1Industrial-Air-Saw-540x320.jpg",540,320,true],"qubely_thumbnail":["https:\/\/axatool.com\/wp-content\/uploads\/2022\/04\/CT-500-1Industrial-Air-Saw-140x100.jpg",140,100,true],"woocommerce_thumbnail":["https:\/\/axatool.com\/wp-content\/uploads\/2022\/04\/CT-500-1Industrial-Air-Saw-300x300.jpg",300,300,true],"woocommerce_single":["https:\/\/axatool.com\/wp-content\/uploads\/2022\/04\/CT-500-1Industrial-Air-Saw-600x600.jpg",600,600,true],"woocommerce_gallery_thumbnail":["https:\/\/axatool.com\/wp-content\/uploads\/2022\/04\/CT-500-1Industrial-Air-Saw-100x100.jpg",100,100,true]},"uagb_author_info":{"display_name":"editor.axatool","author_link":"https:\/\/axatool.com\/es\/author\/"},"uagb_comment_info":0,"uagb_excerpt":"Our company is a well-known manufacturer of premium grade Air Cutting Tools in Taiwan. We have devoted ourselves to serve the clients with our durability, fair price and strong efficiency of Air Cutting Tools. Please feel free to contact us if you are searching for Air Cutting Tools with unique and stylish design.","_links":{"self":[{"href":"https:\/\/axatool.com\/es\/wp-json\/wp\/v2\/product\/7500","targetHints":{"allow":["GET"]}}],"collection":[{"href":"https:\/\/axatool.com\/es\/wp-json\/wp\/v2\/product"}],"about":[{"href":"https:\/\/axatool.com\/es\/wp-json\/wp\/v2\/types\/product"}],"version-history":[{"count":2,"href":"https:\/\/axatool.com\/es\/wp-json\/wp\/v2\/product\/7500\/revisions"}],"predecessor-version":[{"id":7524,"href":"https:\/\/axatool.com\/es\/wp-json\/wp\/v2\/product\/7500\/revisions\/7524"}],"wp:featuredmedia":[{"embeddable":true,"href":"https:\/\/axatool.com\/es\/wp-json\/wp\/v2\/media\/4284"}],"wp:attachment":[{"href":"https:\/\/axatool.com\/es\/wp-json\/wp\/v2\/media?parent=7500"}],"wp:term":[{"taxonomy":"product_brand","embeddable":true,"href":"https:\/\/axatool.com\/es\/wp-json\/wp\/v2\/product_brand?post=7500"},{"taxonomy":"product_cat","embeddable":true,"href":"https:\/\/axatool.com\/es\/wp-json\/wp\/v2\/product_cat?post=7500"},{"taxonomy":"product_tag","embeddable":true,"href":"https:\/\/axatool.com\/es\/wp-json\/wp\/v2\/product_tag?post=7500"}],"curies":[{"name":"wp","href":"https:\/\/api.w.org\/{rel}","templated":true}]}}