{"id":7469,"date":"2022-06-17T02:05:45","date_gmt":"2022-06-17T02:05:45","guid":{"rendered":"https:\/\/axatool.com\/product\/uncategorized\/at-908h-air-sand-blaster-gun\/"},"modified":"2022-06-17T05:15:48","modified_gmt":"2022-06-17T05:15:48","slug":"at-908h-air-sand-blaster-gun","status":"publish","type":"product","link":"https:\/\/axatool.com\/es\/producto\/at-908h-air-sand-blaster-gun\/","title":{"rendered":"Pistola de chorro de arena con aire AT-908H"},"content":{"rendered":"<p>Air Sand Blaster Gun for removing the burr, rust, scale and paint coating and other surface cleaning and surface treatment work.<\/p>\n<h3><strong><span class=\"style2\">\u2699\ufe0f <\/span> Especificaci\u00f3n<\/strong><\/h3>\n<table id=\"tabs-nav\" class=\"xl756500\" style=\"width: 80.3158%;\" border=\"3\" cellspacing=\"2\" cellpadding=\"5\" bgcolor=\"#FEA500\">\n<tbody>\n<tr>\n<td class=\"xl73\" style=\"border-color: #ffffff; width: 30%;\" width=\"196\">\n<div align=\"left\"><span style=\"color: #000000;\"><strong>Cuerpo material <\/strong><\/span><\/div>\n<\/td>\n<td class=\"xl70\" style=\"border-color: #ffffff;\" width=\"527\"><span style=\"color: #000000;\">Aluminum alloy<\/span><\/td>\n<\/tr>\n<tr>\n<td class=\"xl74\" style=\"border-color: #ffffff; width: 30%;\">\n<div align=\"left\"><span style=\"color: #000000;\"><strong>Presi\u00f3n del aire <\/strong><\/span><\/div>\n<\/td>\n<td class=\"xl71\" style=\"border-color: #ffffff;\" width=\"527\"><span style=\"color: #000000;\">1.5 Mpa \/ 217 PSI (15 Bar)<\/span><\/td>\n<\/tr>\n<tr>\n<td class=\"xl75\" style=\"border-color: #ffffff; width: 30%;\">\n<div align=\"left\"><span style=\"color: #000000;\"><strong>Promedio Contras de aire <\/strong><\/span><\/div>\n<\/td>\n<td class=\"xl71\" style=\"border-color: #ffffff;\" width=\"527\"><span style=\"color: #000000;\">1000 L\/M<\/span><\/td>\n<\/tr>\n<tr>\n<td class=\"xl74\" style=\"border-color: #ffffff; width: 30%;\">\n<div align=\"left\"><span style=\"color: #000000;\"><strong>Port Size <\/strong><\/span><\/div>\n<\/td>\n<td class=\"xl71\" style=\"border-color: #ffffff;\" width=\"527\"><span style=\"color: #000000;\">1\/4&#8243;\u00a0\u00a0<\/span><\/td>\n<\/tr>\n<tr>\n<td class=\"xl74\" style=\"border-color: #ffffff; width: 30%;\">\n<div align=\"left\"><span style=\"color: #000000;\"><strong>Hose Length I.D. <\/strong><\/span><\/div>\n<\/td>\n<td class=\"xl71\" style=\"border-color: #ffffff;\" width=\"527\"><span style=\"color: #000000;\">3\/8&#8243; \u00d7 3M\u00a0<\/span><\/td>\n<\/tr>\n<tr>\n<td class=\"xl74\" style=\"border-color: #ffffff; width: 30%;\">\n<div align=\"left\"><span style=\"color: #000000;\"><strong>Nozzle Material <\/strong><\/span><\/div>\n<\/td>\n<td class=\"xl71\" style=\"border-color: #ffffff;\" width=\"527\"><span style=\"color: #000000;\">12L15<\/span><\/td>\n<\/tr>\n<tr>\n<td class=\"xl76\" style=\"border-color: #ffffff; width: 30%;\">\n<div align=\"left\"><span style=\"color: #000000;\"><strong>Temp Range <\/strong><\/span><\/div>\n<\/td>\n<td class=\"xl72\" style=\"border-color: #ffffff;\" width=\"527\"><span style=\"color: #000000;\">-5 ~ + 60\u00b0c\u00a0 (Non frozen)<\/span><\/td>\n<\/tr>\n<\/tbody>\n<\/table>\n<h3><strong><span class=\"style2\">\u2699\ufe0f <\/span> <\/strong>Caution:<\/h3>\n<ul>\n<li>Always wear gloves, goggles, earmuffs and mask when spraying.<\/li>\n<li>Connect the steel hose with PVC hose before applying to the body part.<\/li>\n<li>Connecting to compressor with inlet plug of sand blast gun.<br \/>\nNote: This tool is rated between 3 BAR to 15 BAR . Ensure your compressor is set no less than 3 BAR.<\/li>\n<li>Press the trigger to start blasting sand.<\/li>\n<\/ul>","protected":false},"excerpt":{"rendered":"<p>Nuestra empresa es un conocido fabricante de Air Soda y Sand Blaster de primera calidad en Taiw\u00e1n. Nos hemos dedicado a servir a los clientes con nuestra durabilidad, precio justo y gran eficiencia de Air Soda y Sand Blaster. No dude en contactarnos si est\u00e1 buscando Air Soda y Sand Blaster con un dise\u00f1o \u00fanico y elegante.<\/p>","protected":false},"featured_media":7460,"template":"","meta":{"qubely_global_settings":"","qubely_interactions":"","site-sidebar-layout":"default","site-content-layout":"default","ast-global-header-display":"","ast-main-header-display":"","ast-hfb-above-header-display":"","ast-hfb-below-header-display":"","ast-hfb-mobile-header-display":"","site-post-title":"","ast-breadcrumbs-content":"","ast-featured-img":"","footer-sml-layout":"","theme-transparent-header-meta":"","adv-header-id-meta":"","stick-header-meta":"","header-above-stick-meta":"","header-main-stick-meta":"","header-below-stick-meta":""},"product_brand":[],"product_cat":[99],"product_tag":[],"class_list":{"0":"post-7469","1":"product","2":"type-product","3":"status-publish","4":"has-post-thumbnail","6":"product_cat-air-soda-sand-blaster","7":"desktop-align-center","8":"tablet-align-center","9":"mobile-align-center","10":"ast-product-gallery-layout-horizontal-slider","11":"ast-product-tabs-layout-horizontal","12":"ast-qv-on-image","14":"first","15":"instock","16":"shipping-taxable","17":"product-type-simple"},"uagb_featured_image_src":{"full":["https:\/\/axatool.com\/wp-content\/uploads\/2022\/06\/AT-908H-1Air-Sand-Blaster-Gun-1000x1000.jpg",1000,1000,false],"thumbnail":["https:\/\/axatool.com\/wp-content\/uploads\/2022\/06\/AT-908H-1Air-Sand-Blaster-Gun-150x150.jpg",150,150,true],"medium":["https:\/\/axatool.com\/wp-content\/uploads\/2022\/06\/AT-908H-1Air-Sand-Blaster-Gun-300x300.jpg",300,300,true],"medium_large":["https:\/\/axatool.com\/wp-content\/uploads\/2022\/06\/AT-908H-1Air-Sand-Blaster-Gun-768x768.jpg",768,768,true],"large":["https:\/\/axatool.com\/wp-content\/uploads\/2022\/06\/AT-908H-1Air-Sand-Blaster-Gun-1000x1000.jpg",1000,1000,false],"1536x1536":["https:\/\/axatool.com\/wp-content\/uploads\/2022\/06\/AT-908H-1Air-Sand-Blaster-Gun-1000x1000.jpg",1000,1000,false],"2048x2048":["https:\/\/axatool.com\/wp-content\/uploads\/2022\/06\/AT-908H-1Air-Sand-Blaster-Gun-1000x1000.jpg",1000,1000,false],"trp-custom-language-flag":["https:\/\/axatool.com\/wp-content\/uploads\/2022\/06\/AT-908H-1Air-Sand-Blaster-Gun-12x12.jpg",12,12,true],"qubely_landscape":["https:\/\/axatool.com\/wp-content\/uploads\/2022\/06\/AT-908H-1Air-Sand-Blaster-Gun-1000x750.jpg",1000,750,true],"qubely_portrait":["https:\/\/axatool.com\/wp-content\/uploads\/2022\/06\/AT-908H-1Air-Sand-Blaster-Gun-540x320.jpg",540,320,true],"qubely_thumbnail":["https:\/\/axatool.com\/wp-content\/uploads\/2022\/06\/AT-908H-1Air-Sand-Blaster-Gun-140x100.jpg",140,100,true],"woocommerce_thumbnail":["https:\/\/axatool.com\/wp-content\/uploads\/2022\/06\/AT-908H-1Air-Sand-Blaster-Gun-300x300.jpg",300,300,true],"woocommerce_single":["https:\/\/axatool.com\/wp-content\/uploads\/2022\/06\/AT-908H-1Air-Sand-Blaster-Gun-600x600.jpg",600,600,true],"woocommerce_gallery_thumbnail":["https:\/\/axatool.com\/wp-content\/uploads\/2022\/06\/AT-908H-1Air-Sand-Blaster-Gun-100x100.jpg",100,100,true]},"uagb_author_info":{"display_name":"editor.axatool","author_link":"https:\/\/axatool.com\/es\/author\/"},"uagb_comment_info":0,"uagb_excerpt":"Our company is a well-known manufacturer of premium grade Air Soda and Sand Blaster in Taiwan. We have devoted ourselves to serve the clients with our durability, fair price and strong efficiency of Air Soda and Sand Blaster. Please feel free to contact us if you are searching for Air Soda and Sand Blaster with&hellip;","_links":{"self":[{"href":"https:\/\/axatool.com\/es\/wp-json\/wp\/v2\/product\/7469","targetHints":{"allow":["GET"]}}],"collection":[{"href":"https:\/\/axatool.com\/es\/wp-json\/wp\/v2\/product"}],"about":[{"href":"https:\/\/axatool.com\/es\/wp-json\/wp\/v2\/types\/product"}],"version-history":[{"count":5,"href":"https:\/\/axatool.com\/es\/wp-json\/wp\/v2\/product\/7469\/revisions"}],"predecessor-version":[{"id":7490,"href":"https:\/\/axatool.com\/es\/wp-json\/wp\/v2\/product\/7469\/revisions\/7490"}],"wp:featuredmedia":[{"embeddable":true,"href":"https:\/\/axatool.com\/es\/wp-json\/wp\/v2\/media\/7460"}],"wp:attachment":[{"href":"https:\/\/axatool.com\/es\/wp-json\/wp\/v2\/media?parent=7469"}],"wp:term":[{"taxonomy":"product_brand","embeddable":true,"href":"https:\/\/axatool.com\/es\/wp-json\/wp\/v2\/product_brand?post=7469"},{"taxonomy":"product_cat","embeddable":true,"href":"https:\/\/axatool.com\/es\/wp-json\/wp\/v2\/product_cat?post=7469"},{"taxonomy":"product_tag","embeddable":true,"href":"https:\/\/axatool.com\/es\/wp-json\/wp\/v2\/product_tag?post=7469"}],"curies":[{"name":"wp","href":"https:\/\/api.w.org\/{rel}","templated":true}]}}