{"id":7346,"date":"2022-06-15T02:05:53","date_gmt":"2022-06-15T02:05:53","guid":{"rendered":"https:\/\/axatool.com\/product\/uncategorized\/as-605v-70x198-mm-air-orbital-sander-central-vacuum\/"},"modified":"2022-06-15T03:40:37","modified_gmt":"2022-06-15T03:40:37","slug":"as-605v-70x198-mm-air-orbital-sander-central-vacuum","status":"publish","type":"product","link":"https:\/\/axatool.com\/es\/producto\/as-605v-70x198-mm-air-orbital-sander-central-vacuum\/","title":{"rendered":"AS-605V 70&#215;198 mm Air Orbital Sander \/Central-Vacuum"},"content":{"rendered":"<ul>\n<li>Easy Operative Switch-Valve Design<\/li>\n<li>Composite Lever, Housing, and Rotor for good operation<\/li>\n<li>Ergonomic grip provides greater operator,Comfort and control.<\/li>\n<li>Built-in regulator for positive speed control<\/li>\n<li>New muffling system reduces sound level<\/li>\n<li>Lightweight, compact size is easy to handle<\/li>\n<li>Central-Vacuum take the dust away<\/li>\n<\/ul>\n<h3><strong><span class=\"style2\">\u2699\ufe0f <\/span> Especificaci\u00f3n<\/strong><\/h3>\n<table id=\"tabs-nav\" class=\"xl756500\" style=\"width: 80.4396%;\" border=\"0\" cellspacing=\"2\" cellpadding=\"5\">\n<tbody>\n<tr>\n<td class=\"xl76\" style=\"border-color: #ffffff; background-color: #fea500; width: 30%;\" bgcolor=\"#EFEFEF\" width=\"152\"><strong><span style=\"color: #000000;\">Tama\u00f1o de la almohadilla<\/span><\/strong><\/td>\n<td class=\"xl73\" style=\"border-color: #ffffff; background-color: #fea500; width: 93.2143%;\" bgcolor=\"#F7F7F7\" width=\"527\"><span style=\"color: #000000;\">70 x 198 mm (3&#8243; x 8&#8243;)<\/span><\/td>\n<\/tr>\n<tr>\n<td class=\"xl76\" style=\"border-color: #ffffff; background-color: #fea500; width: 30%;\" bgcolor=\"#F7F7F7\"><strong><span style=\"color: #000000;\">Di\u00e1metro de la \u00f3rbita<\/span><\/strong><\/td>\n<td class=\"xl73\" style=\"border-color: #ffffff; background-color: #fea500; width: 93.2143%;\"><span style=\"color: #000000;\">3 mm (1\/8&#8243;)<\/span><\/td>\n<\/tr>\n<tr>\n<td class=\"xl76\" style=\"border-color: #ffffff; background-color: #fea500; width: 30%;\" bgcolor=\"#EFEFEF\"><strong><span style=\"color: #000000;\">Velocidad libre<\/span><\/strong><\/td>\n<td class=\"xl73\" style=\"border-color: #ffffff; background-color: #fea500; width: 93.2143%;\" bgcolor=\"#F7F7F7\"><span style=\"color: #000000;\">10,000 RPM<\/span><\/td>\n<\/tr>\n<tr>\n<td class=\"xl76\" style=\"border-color: #ffffff; background-color: #fea500; width: 30%;\" bgcolor=\"#F7F7F7\"><strong><span style=\"color: #000000;\">Promedio Contras de aire<\/span><\/strong><\/td>\n<td class=\"xl79\" style=\"border-color: #ffffff; background-color: #fea500; width: 93.2143%;\"><span style=\"color: #000000;\">10.6 CFM (300.15 L\/min)<\/span><\/td>\n<\/tr>\n<tr>\n<td class=\"xl76\" style=\"border-color: #ffffff; background-color: #fea500; width: 30%;\" bgcolor=\"#EFEFEF\"><strong><span style=\"color: #000000;\">Presi\u00f3n del aire<\/span><\/strong><\/td>\n<td class=\"xl77\" style=\"border-color: #ffffff; background-color: #fea500; width: 93.2143%;\" bgcolor=\"#F7F7F7\"><span style=\"color: #000000;\">90 PSI (6,2 bares)<\/span><\/td>\n<\/tr>\n<tr>\n<td class=\"xl76\" style=\"border-color: #ffffff; background-color: #fea500; width: 30%;\" bgcolor=\"#F7F7F7\"><strong><span style=\"color: #000000;\">Peso neto<\/span><\/strong><\/td>\n<td class=\"xl73\" style=\"border-color: #ffffff; background-color: #fea500; width: 93.2143%;\"><span style=\"color: #000000;\">0.93 kgs (2.05 lbs)<\/span><\/td>\n<\/tr>\n<tr>\n<td class=\"xl76\" style=\"border-color: #ffffff; background-color: #fea500; width: 30%;\" bgcolor=\"#EFEFEF\"><strong><span style=\"color: #000000;\">Medici\u00f3n<\/span><\/strong><\/td>\n<td class=\"xl73\" style=\"border-color: #ffffff; background-color: #fea500; width: 93.2143%;\" bgcolor=\"#F7F7F7\"><span style=\"color: #000000;\">L237 \u00d7 H106 mm<\/span><\/td>\n<\/tr>\n<tr>\n<td class=\"xl74\" style=\"border-color: #ffffff; background-color: #fea500; width: 30%;\" bgcolor=\"#F7F7F7\"><strong><span style=\"color: #000000;\">Entrada de aire<\/span><\/strong><\/td>\n<td class=\"xl73\" style=\"border-color: #ffffff; background-color: #fea500; width: 93.2143%;\"><span style=\"color: #000000;\">1\/4&#8243;<\/span><\/td>\n<\/tr>\n<tr>\n<td class=\"xl74\" style=\"border-color: #ffffff; background-color: #fea500; width: 30%;\" bgcolor=\"#EFEFEF\"><strong><span style=\"color: #000000;\">Identificaci\u00f3n de la manguera de aire<\/span><\/strong><\/td>\n<td class=\"xl73\" style=\"border-color: #ffffff; background-color: #fea500; width: 93.2143%;\" bgcolor=\"#F7F7F7\"><span style=\"color: #000000;\">1\/4\u2033 (6,5 mm)<\/span><\/td>\n<\/tr>\n<tr>\n<td class=\"xl74\" style=\"border-color: #ffffff; background-color: #fea500; width: 30%;\" bgcolor=\"#F7F7F7\"><strong><span style=\"color: #000000;\">Escape de aire<\/span><\/strong><\/td>\n<td class=\"xl73\" style=\"border-color: #ffffff; background-color: #fea500; width: 93.2143%;\"><span style=\"color: #000000;\">Trasero<\/span><\/td>\n<\/tr>\n<tr>\n<td class=\"xl75\" style=\"border-color: #ffffff; background-color: #fea500; width: 30%;\" bgcolor=\"#EFEFEF\"><strong><span style=\"color: #000000;\">Presi\u00f3n de sonido<\/span><\/strong><\/td>\n<td class=\"xl78\" style=\"border-color: #ffffff; background-color: #fea500; width: 93.2143%;\" bgcolor=\"#F7F7F7\"><span style=\"color: #000000;\">80dB(A)<\/span><\/td>\n<\/tr>\n<tr>\n<td class=\"xl74\" style=\"border-color: #ffffff; background-color: #fea500; width: 30%;\" bgcolor=\"#F7F7F7\"><strong><span style=\"color: #000000;\">Nivel de vibraci\u00f3n<\/span><\/strong><\/td>\n<td class=\"xl78\" style=\"border-color: #ffffff; background-color: #fea500; width: 93.2143%;\"><span style=\"color: #000000;\">&lt;2,5 m\/s\u00b2<\/span><\/td>\n<\/tr>\n<\/tbody>\n<\/table>\n<div id=\"s3gt_translate_tooltip_mini\" class=\"s3gt_translate_tooltip_mini_box\" style=\"background: initial !important; border: initial !important; border-radius: initial !important; border-spacing: initial !important; border-collapse: initial !important; direction: ltr !important; flex-direction: initial !important; font-weight: initial !important; height: initial !important; letter-spacing: initial !important; min-width: initial !important; max-width: initial !important; min-height: initial !important; max-height: initial !important; margin: auto !important; outline: initial !important; padding: initial !important; position: absolute; table-layout: initial !important; text-align: initial !important; text-shadow: initial !important; width: initial !important; word-break: initial !important; word-spacing: initial !important; overflow-wrap: initial !important; box-sizing: initial !important; display: initial !important; color: inherit !important; font-size: 13px !important; font-family: X-LocaleSpecific, sans-serif, Tahoma, Helvetica !important; line-height: 13px !important; vertical-align: top !important; white-space: inherit !important; left: 683px; top: 554px; opacity: 0.25;\">\n<div id=\"s3gt_translate_tooltip_mini_logo\" class=\"s3gt_translate_tooltip_mini\" title=\"\u7ffb\u8b6f\u9078\u53d6\u7684\u6587\u5b57\"><\/div>\n<div id=\"s3gt_translate_tooltip_mini_logo_plus\" class=\"s3gt_translate_tooltip_mini\" title=\"\u52a0\u5165\u5230\u7ffb\u8b6f\"><\/div>\n<div id=\"s3gt_translate_tooltip_mini_sound\" class=\"s3gt_translate_tooltip_mini\" title=\"\u6717\u8b80\"><\/div>\n<div id=\"s3gt_translate_tooltip_mini_copy\" class=\"s3gt_translate_tooltip_mini\" title=\"\u5c07\u6587\u5b57\u8907\u88fd\u5230\u526a\u8cbc\u7c3f\"><\/div>\n<\/div>","protected":false},"excerpt":{"rendered":"<p>Nuestra empresa es un conocido fabricante de lijadoras y pulidoras neum\u00e1ticas de primera calidad en Taiw\u00e1n. Nos hemos dedicado a servir a los clientes con nuestra durabilidad, precio justo y gran eficiencia de la lijadora y pulidora de aire. No dude en contactarnos si est\u00e1 buscando una lijadora y pulidora de aire con un dise\u00f1o \u00fanico y elegante.<\/p>","protected":false},"featured_media":7342,"template":"","meta":{"qubely_global_settings":"","qubely_interactions":"","site-sidebar-layout":"default","site-content-layout":"default","ast-global-header-display":"","ast-main-header-display":"","ast-hfb-above-header-display":"","ast-hfb-below-header-display":"","ast-hfb-mobile-header-display":"","site-post-title":"","ast-breadcrumbs-content":"","ast-featured-img":"","footer-sml-layout":"","theme-transparent-header-meta":"","adv-header-id-meta":"","stick-header-meta":"","header-above-stick-meta":"","header-main-stick-meta":"","header-below-stick-meta":""},"product_brand":[],"product_cat":[133],"product_tag":[],"class_list":{"0":"post-7346","1":"product","2":"type-product","3":"status-publish","4":"has-post-thumbnail","6":"product_cat-square-jitterbug-sander","7":"desktop-align-center","8":"tablet-align-center","9":"mobile-align-center","10":"ast-product-gallery-layout-horizontal-slider","11":"ast-product-tabs-layout-horizontal","12":"ast-qv-on-image","14":"first","15":"instock","16":"shipping-taxable","17":"product-type-simple"},"uagb_featured_image_src":{"full":["https:\/\/axatool.com\/wp-content\/uploads\/2022\/06\/AS-605V-1Air-Orbital-Sander-Central-Vacuum-1.jpg",1000,1000,false],"thumbnail":["https:\/\/axatool.com\/wp-content\/uploads\/2022\/06\/AS-605V-1Air-Orbital-Sander-Central-Vacuum-1-150x150.jpg",150,150,true],"medium":["https:\/\/axatool.com\/wp-content\/uploads\/2022\/06\/AS-605V-1Air-Orbital-Sander-Central-Vacuum-1-300x300.jpg",300,300,true],"medium_large":["https:\/\/axatool.com\/wp-content\/uploads\/2022\/06\/AS-605V-1Air-Orbital-Sander-Central-Vacuum-1-768x768.jpg",768,768,true],"large":["https:\/\/axatool.com\/wp-content\/uploads\/2022\/06\/AS-605V-1Air-Orbital-Sander-Central-Vacuum-1.jpg",1000,1000,false],"1536x1536":["https:\/\/axatool.com\/wp-content\/uploads\/2022\/06\/AS-605V-1Air-Orbital-Sander-Central-Vacuum-1.jpg",1000,1000,false],"2048x2048":["https:\/\/axatool.com\/wp-content\/uploads\/2022\/06\/AS-605V-1Air-Orbital-Sander-Central-Vacuum-1.jpg",1000,1000,false],"trp-custom-language-flag":["https:\/\/axatool.com\/wp-content\/uploads\/2022\/06\/AS-605V-1Air-Orbital-Sander-Central-Vacuum-1-12x12.jpg",12,12,true],"qubely_landscape":["https:\/\/axatool.com\/wp-content\/uploads\/2022\/06\/AS-605V-1Air-Orbital-Sander-Central-Vacuum-1-1000x750.jpg",1000,750,true],"qubely_portrait":["https:\/\/axatool.com\/wp-content\/uploads\/2022\/06\/AS-605V-1Air-Orbital-Sander-Central-Vacuum-1-540x320.jpg",540,320,true],"qubely_thumbnail":["https:\/\/axatool.com\/wp-content\/uploads\/2022\/06\/AS-605V-1Air-Orbital-Sander-Central-Vacuum-1-140x100.jpg",140,100,true],"woocommerce_thumbnail":["https:\/\/axatool.com\/wp-content\/uploads\/2022\/06\/AS-605V-1Air-Orbital-Sander-Central-Vacuum-1-300x300.jpg",300,300,true],"woocommerce_single":["https:\/\/axatool.com\/wp-content\/uploads\/2022\/06\/AS-605V-1Air-Orbital-Sander-Central-Vacuum-1-600x600.jpg",600,600,true],"woocommerce_gallery_thumbnail":["https:\/\/axatool.com\/wp-content\/uploads\/2022\/06\/AS-605V-1Air-Orbital-Sander-Central-Vacuum-1-100x100.jpg",100,100,true]},"uagb_author_info":{"display_name":"editor.axatool","author_link":"https:\/\/axatool.com\/es\/author\/"},"uagb_comment_info":0,"uagb_excerpt":"Our Company Is A Well-Known Manufacturer Of Premium Grade Air Sander &amp; Polisher In Taiwan. We Have Devoted Ourselves To Serve The Clients With Our Durability, Fair Price And Strong Efficiency Of Air Sander &amp; Polisher. Please Feel Free To Contact Us If You Are Searching For Air Sander &amp; Polisher With Unique And Stylish&hellip;","_links":{"self":[{"href":"https:\/\/axatool.com\/es\/wp-json\/wp\/v2\/product\/7346","targetHints":{"allow":["GET"]}}],"collection":[{"href":"https:\/\/axatool.com\/es\/wp-json\/wp\/v2\/product"}],"about":[{"href":"https:\/\/axatool.com\/es\/wp-json\/wp\/v2\/types\/product"}],"version-history":[{"count":3,"href":"https:\/\/axatool.com\/es\/wp-json\/wp\/v2\/product\/7346\/revisions"}],"predecessor-version":[{"id":7420,"href":"https:\/\/axatool.com\/es\/wp-json\/wp\/v2\/product\/7346\/revisions\/7420"}],"wp:featuredmedia":[{"embeddable":true,"href":"https:\/\/axatool.com\/es\/wp-json\/wp\/v2\/media\/7342"}],"wp:attachment":[{"href":"https:\/\/axatool.com\/es\/wp-json\/wp\/v2\/media?parent=7346"}],"wp:term":[{"taxonomy":"product_brand","embeddable":true,"href":"https:\/\/axatool.com\/es\/wp-json\/wp\/v2\/product_brand?post=7346"},{"taxonomy":"product_cat","embeddable":true,"href":"https:\/\/axatool.com\/es\/wp-json\/wp\/v2\/product_cat?post=7346"},{"taxonomy":"product_tag","embeddable":true,"href":"https:\/\/axatool.com\/es\/wp-json\/wp\/v2\/product_tag?post=7346"}],"curies":[{"name":"wp","href":"https:\/\/api.w.org\/{rel}","templated":true}]}}