{"id":7136,"date":"2022-06-08T05:42:40","date_gmt":"2022-06-08T05:42:40","guid":{"rendered":"https:\/\/axatool.com\/product\/uncategorized\/gk-121-3mm-micro-die-grinder-kit\/"},"modified":"2022-06-08T10:47:46","modified_gmt":"2022-06-08T10:47:46","slug":"gk-121-3mm-micro-die-grinder-kit","status":"publish","type":"product","link":"https:\/\/axatool.com\/es\/producto\/gk-121-3mm-micro-die-grinder-kit\/","title":{"rendered":"GK-121 Kit de microamoladora de troquel de 3 mm"},"content":{"rendered":"<p>This versatile die grinder is a must-have tool for any detail work on small metal parts or hobby projects<\/p>\n<h3>\u2699\ufe0f <strong> Especificaci\u00f3n<\/strong><\/h3>\n<table id=\"tabs-nav\" class=\"xl756500\" style=\"height: 544px; width: 80.6799%; border-style: double; background-color: #fea500; border-color: #ffffff;\" border=\"10\" width=\"517\" rules=\"cols\" cellspacing=\"2\" cellpadding=\"5\" bgcolor=\"#FEA500\">\n<tbody>\n<tr style=\"height: 46px;\" valign=\"middle\">\n<td class=\"xl72\" style=\"border-color: #ffffff;\" width=\"30%\">\n<div align=\"left\"><span style=\"color: #000000;\"><strong>Tama\u00f1o del collar <\/strong><\/span><\/div>\n<\/td>\n<td class=\"xl72\" style=\"border-color: #ffffff;\" width=\"284\"><span style=\"color: #000000;\">3 mm (1\/8&#8243;)<\/span><\/td>\n<\/tr>\n<tr style=\"height: 46px;\" valign=\"middle\">\n<td class=\"xl72\" style=\"border-color: #ffffff;\" width=\"30%\">\n<div align=\"left\"><span style=\"color: #000000;\"><strong>Velocidad libre <\/strong><\/span><\/div>\n<\/td>\n<td class=\"xl71\" style=\"border-color: #ffffff;\"><span style=\"color: #000000;\">70,000 RPM<\/span><\/td>\n<\/tr>\n<tr style=\"height: 46px;\" valign=\"middle\">\n<td class=\"xl72\" style=\"border-color: #ffffff;\" width=\"30%\">\n<div align=\"left\"><span style=\"color: #000000;\"><strong>Promedio Contras de aire <\/strong><\/span><\/div>\n<\/td>\n<td class=\"xl71\" style=\"border-color: #ffffff;\"><span style=\"color: #000000;\">5 CFM (142 l\/min)<\/span><\/td>\n<\/tr>\n<tr style=\"height: 46px;\" valign=\"middle\">\n<td class=\"xl72\" style=\"border-color: #ffffff;\" width=\"30%\">\n<div align=\"left\"><span style=\"color: #000000;\"><strong>Presi\u00f3n del aire <\/strong><\/span><\/div>\n<\/td>\n<td class=\"xl70\" style=\"border-color: #ffffff;\"><span style=\"color: #000000;\">90 PSI (6,2 bares)<\/span><\/td>\n<\/tr>\n<tr style=\"height: 46px;\" valign=\"middle\">\n<td class=\"xl72\" style=\"border-color: #ffffff;\" width=\"30%\">\n<div align=\"left\"><span style=\"color: #000000;\"><strong>Peso neto <\/strong><\/span><\/div>\n<\/td>\n<td class=\"xl71\" style=\"border-color: #ffffff;\"><span style=\"color: #000000;\">0.22 Kgs (0.49 lbs)<\/span><\/td>\n<\/tr>\n<tr style=\"height: 46px;\" valign=\"middle\">\n<td class=\"xl72\" style=\"border-color: #ffffff;\" width=\"30%\">\n<div align=\"left\"><span style=\"color: #000000;\"><strong>Longitud total <\/strong><\/span><\/div>\n<\/td>\n<td class=\"xl71\" style=\"border-color: #ffffff;\"><span style=\"color: #000000;\">132 mm (5.2&#8243;)<\/span><\/td>\n<\/tr>\n<tr style=\"height: 45px;\" valign=\"middle\">\n<td class=\"xl72\" style=\"border-color: #ffffff;\" width=\"30%\">\n<div align=\"left\"><span style=\"color: #000000;\"><strong>Entrada de aire <\/strong><\/span><\/div>\n<\/td>\n<td class=\"xl71\" style=\"border-color: #ffffff;\"><span style=\"color: #000000;\">1\/4&#8243;<\/span><\/td>\n<\/tr>\n<tr style=\"height: 46px;\" valign=\"middle\">\n<td class=\"xl72\" style=\"border-color: #ffffff;\" width=\"30%\">\n<div align=\"left\"><span style=\"color: #000000;\"><strong>Identificaci\u00f3n de la manguera de aire <\/strong><\/span><\/div>\n<\/td>\n<td style=\"border-color: #ffffff;\"><span style=\"color: #000000;\">1\/4&#8243;<\/span><\/td>\n<\/tr>\n<tr style=\"height: 46px;\" valign=\"middle\">\n<td class=\"xl72\" style=\"border-color: #ffffff;\" width=\"30%\">\n<div align=\"left\"><span style=\"color: #000000;\"><strong>caballos de fuerza<\/strong><\/span><\/div>\n<\/td>\n<td class=\"xl71\" style=\"border-color: #ffffff;\"><span style=\"color: #000000;\">1.5 HP<\/span><\/td>\n<\/tr>\n<tr style=\"height: 46px;\" valign=\"middle\">\n<td class=\"xl72\" style=\"border-color: #ffffff;\" width=\"30%\">\n<div align=\"left\"><span style=\"color: #000000;\"><strong>Ruido de sonido <\/strong><\/span><\/div>\n<\/td>\n<td class=\"xl71\" style=\"border-color: #ffffff;\"><span style=\"color: #000000;\">91.4 dB(A)<\/span><\/td>\n<\/tr>\n<tr style=\"height: 46px;\" valign=\"middle\">\n<td class=\"xl72\" style=\"border-color: #ffffff;\" width=\"30%\">\n<div align=\"left\"><span style=\"color: #000000;\"><strong>Nivel de vibraci\u00f3n <\/strong><\/span><\/div>\n<\/td>\n<td class=\"xl71\" style=\"border-color: #ffffff;\"><span style=\"color: #000000;\">&lt;0.11 m\/s\u00b2<\/span><\/td>\n<\/tr>\n<tr style=\"height: 46px;\" valign=\"middle\">\n<td class=\"xl73\" style=\"border-color: #ffffff;\" width=\"30%\">\n<div align=\"left\"><span style=\"color: #000000;\"><strong>Embalaje <\/strong><\/span><\/div>\n<\/td>\n<td class=\"xl73\" style=\"border-color: #ffffff;\"><span style=\"color: #000000;\">10pcs\/ctn\/1.3cu-ft\/GW:10kg<\/span><\/td>\n<\/tr>\n<\/tbody>\n<\/table>\n<h3>\u2699\ufe0f <strong> Accessory<\/strong><\/h3>\n<ul>\n<li>10 Pcs Grinding Stones<\/li>\n<li>1 Pc Blow case<\/li>\n<li>1 Pc Oil pot<\/li>\n<li>1 Pc Mini oiler<\/li>\n<li>1 Pc Nipple<\/li>\n<li>1 Set Collet Wrench<\/li>\n<\/ul>\n<p>&nbsp;<\/p>","protected":false},"excerpt":{"rendered":"<p>Nuestra empresa es un conocido fabricante de amoladoras neum\u00e1ticas y amoladoras angulares de primera calidad en Taiw\u00e1n.<br \/>\nNos hemos dedicado a servir a los clientes con nuestra durabilidad, precio justo y gran eficiencia de la amoladora neum\u00e1tica y la amoladora angular.<br \/>\nNo dude en contactarnos si est\u00e1 buscando una amoladora neum\u00e1tica y una amoladora angular con un dise\u00f1o \u00fanico y elegante.<\/p>","protected":false},"featured_media":4315,"template":"","meta":{"qubely_global_settings":"","qubely_interactions":"","site-sidebar-layout":"default","site-content-layout":"default","ast-global-header-display":"","ast-main-header-display":"","ast-hfb-above-header-display":"","ast-hfb-below-header-display":"","ast-hfb-mobile-header-display":"","site-post-title":"","ast-breadcrumbs-content":"","ast-featured-img":"","footer-sml-layout":"","theme-transparent-header-meta":"","adv-header-id-meta":"","stick-header-meta":"","header-above-stick-meta":"","header-main-stick-meta":"","header-below-stick-meta":""},"product_brand":[],"product_cat":[121,75],"product_tag":[132],"class_list":{"0":"post-7136","1":"product","2":"type-product","3":"status-publish","4":"has-post-thumbnail","6":"product_cat-die-grinder","7":"product_cat-air-die-grinder-angle-grinder","8":"product_tag-general-grade","9":"desktop-align-center","10":"tablet-align-center","11":"mobile-align-center","12":"ast-product-gallery-layout-horizontal-slider","13":"ast-product-tabs-layout-horizontal","14":"ast-qv-on-image","16":"first","17":"instock","18":"shipping-taxable","19":"product-type-simple"},"uagb_featured_image_src":{"full":["https:\/\/axatool.com\/wp-content\/uploads\/2022\/04\/GK-121-3Micro-Die-Grinder.jpg",1000,1000,false],"thumbnail":["https:\/\/axatool.com\/wp-content\/uploads\/2022\/04\/GK-121-3Micro-Die-Grinder-150x150.jpg",150,150,true],"medium":["https:\/\/axatool.com\/wp-content\/uploads\/2022\/04\/GK-121-3Micro-Die-Grinder-300x300.jpg",300,300,true],"medium_large":["https:\/\/axatool.com\/wp-content\/uploads\/2022\/04\/GK-121-3Micro-Die-Grinder-768x768.jpg",768,768,true],"large":["https:\/\/axatool.com\/wp-content\/uploads\/2022\/04\/GK-121-3Micro-Die-Grinder.jpg",1000,1000,false],"1536x1536":["https:\/\/axatool.com\/wp-content\/uploads\/2022\/04\/GK-121-3Micro-Die-Grinder.jpg",1000,1000,false],"2048x2048":["https:\/\/axatool.com\/wp-content\/uploads\/2022\/04\/GK-121-3Micro-Die-Grinder.jpg",1000,1000,false],"trp-custom-language-flag":["https:\/\/axatool.com\/wp-content\/uploads\/2022\/04\/GK-121-3Micro-Die-Grinder.jpg",12,12,false],"qubely_landscape":["https:\/\/axatool.com\/wp-content\/uploads\/2022\/04\/GK-121-3Micro-Die-Grinder-1000x750.jpg",1000,750,true],"qubely_portrait":["https:\/\/axatool.com\/wp-content\/uploads\/2022\/04\/GK-121-3Micro-Die-Grinder-540x320.jpg",540,320,true],"qubely_thumbnail":["https:\/\/axatool.com\/wp-content\/uploads\/2022\/04\/GK-121-3Micro-Die-Grinder-140x100.jpg",140,100,true],"woocommerce_thumbnail":["https:\/\/axatool.com\/wp-content\/uploads\/2022\/04\/GK-121-3Micro-Die-Grinder-300x300.jpg",300,300,true],"woocommerce_single":["https:\/\/axatool.com\/wp-content\/uploads\/2022\/04\/GK-121-3Micro-Die-Grinder-600x600.jpg",600,600,true],"woocommerce_gallery_thumbnail":["https:\/\/axatool.com\/wp-content\/uploads\/2022\/04\/GK-121-3Micro-Die-Grinder-100x100.jpg",100,100,true]},"uagb_author_info":{"display_name":"editor.axatool","author_link":"https:\/\/axatool.com\/es\/author\/"},"uagb_comment_info":0,"uagb_excerpt":"Our company is a well-known manufacturer of premium grade Air Die Grinder &amp; Angle Grinder in Taiwan. We have devoted ourselves to serve the clients with our durability, fair price and strong efficiency of Air Die Grinder &amp; Angle Grinder. Please feel free to contact us if you are searching for Air Die Grinder &amp;&hellip;","_links":{"self":[{"href":"https:\/\/axatool.com\/es\/wp-json\/wp\/v2\/product\/7136","targetHints":{"allow":["GET"]}}],"collection":[{"href":"https:\/\/axatool.com\/es\/wp-json\/wp\/v2\/product"}],"about":[{"href":"https:\/\/axatool.com\/es\/wp-json\/wp\/v2\/types\/product"}],"version-history":[{"count":2,"href":"https:\/\/axatool.com\/es\/wp-json\/wp\/v2\/product\/7136\/revisions"}],"predecessor-version":[{"id":7193,"href":"https:\/\/axatool.com\/es\/wp-json\/wp\/v2\/product\/7136\/revisions\/7193"}],"wp:featuredmedia":[{"embeddable":true,"href":"https:\/\/axatool.com\/es\/wp-json\/wp\/v2\/media\/4315"}],"wp:attachment":[{"href":"https:\/\/axatool.com\/es\/wp-json\/wp\/v2\/media?parent=7136"}],"wp:term":[{"taxonomy":"product_brand","embeddable":true,"href":"https:\/\/axatool.com\/es\/wp-json\/wp\/v2\/product_brand?post=7136"},{"taxonomy":"product_cat","embeddable":true,"href":"https:\/\/axatool.com\/es\/wp-json\/wp\/v2\/product_cat?post=7136"},{"taxonomy":"product_tag","embeddable":true,"href":"https:\/\/axatool.com\/es\/wp-json\/wp\/v2\/product_tag?post=7136"}],"curies":[{"name":"wp","href":"https:\/\/api.w.org\/{rel}","templated":true}]}}