{"id":6200,"date":"2022-05-24T06:19:29","date_gmt":"2022-05-24T06:19:29","guid":{"rendered":"https:\/\/axatool.com\/product\/uncategorized\/as-803-20520-belt-sander\/"},"modified":"2022-06-15T05:10:58","modified_gmt":"2022-06-15T05:10:58","slug":"as-803-20x520-mm-belt-sander","status":"publish","type":"product","link":"https:\/\/axatool.com\/es\/producto\/as-803-20x520-mm-belt-sander\/","title":{"rendered":"AS-803 20\u00d7520 mm Belt Sander"},"content":{"rendered":"<p>Finishing of flat surfaces, curved surfaces, and corner can be freely performed by changing the shoe.<br \/>\nSince it is small, lightweight, and balanced so that the grinding surface is stable, extremely fine finishing is possible.<br \/>\nSince the grip can be freely adjusted to the ideal angle, it is extremely safe and work can be performed easily.<br \/>\nThe grinding speed can be freely changed according to the application. Rear exhaust eliminates flying dust and noise.<\/p>\n<h3><strong><span class=\"style2\">\u2699\ufe0f <\/span> Especificaci\u00f3n<\/strong><\/h3>\n<table id=\"tabs-nav\" class=\"xl756500\" style=\"width: 80.6799%;\" border=\"3\" width=\"592\" cellspacing=\"2\" cellpadding=\"5\" align=\"left\" bgcolor=\"#FEA500\">\n<tbody>\n<tr>\n<th class=\"xl77\" style=\"border-color: #ffffff; width: 30.5723%;\" align=\"left\" nowrap=\"nowrap\" width=\"152\"><span style=\"color: #000000;\"><strong>Sanding Belt<\/strong><\/span><\/th>\n<td class=\"xl73\" style=\"border-color: #ffffff; width: 69.2771%;\" align=\"left\" width=\"527\"><span style=\"color: #000000;\">20 x 520mm \/ Item No. : AS-803-1<\/span><\/td>\n<\/tr>\n<tr>\n<th class=\"xl74\" style=\"border-color: #ffffff; width: 30.5723%;\" align=\"left\" nowrap=\"nowrap\"><span style=\"color: #000000;\"><strong>Velocidad libre<\/strong><\/span><\/th>\n<td class=\"xl73\" style=\"border-color: #ffffff; width: 69.2771%;\" align=\"left\"><span style=\"color: #000000;\">18,000 RPM<\/span><\/td>\n<\/tr>\n<tr>\n<th class=\"xl74\" style=\"border-color: #ffffff; width: 30.5723%;\" align=\"left\" nowrap=\"nowrap\"><span style=\"color: #000000;\"><strong>Promedio Contras de aire<\/strong><\/span><\/th>\n<td class=\"xl78\" style=\"border-color: #ffffff; width: 69.2771%;\" align=\"left\"><span class=\"xl75\" style=\"color: #000000;\">3 CFM (85 l\/min) <\/span><\/td>\n<\/tr>\n<tr>\n<th class=\"xl77\" style=\"border-color: #ffffff; width: 30.5723%;\" align=\"left\" nowrap=\"nowrap\"><span style=\"color: #000000;\"><strong>Presi\u00f3n del aire<\/strong><\/span><\/th>\n<td class=\"xl79\" style=\"border-color: #ffffff; width: 69.2771%;\"><span style=\"color: #000000;\">90 PSI (6,2 bares)<\/span><\/td>\n<\/tr>\n<tr>\n<th class=\"xl74\" style=\"border-color: #ffffff; width: 30.5723%;\" align=\"left\" nowrap=\"nowrap\"><span style=\"color: #000000;\"><strong>Peso neto<\/strong><\/span><\/th>\n<td class=\"xl73\" style=\"border-color: #ffffff; width: 69.2771%;\" align=\"left\"><span style=\"color: #000000;\">1.01 kgs (2.23 lbs)<\/span><\/td>\n<\/tr>\n<tr>\n<th class=\"xl74\" style=\"border-color: #ffffff; width: 30.5723%;\" align=\"left\" nowrap=\"nowrap\"><span style=\"color: #000000;\"><strong>Longitud total<\/strong><\/span><\/th>\n<td class=\"xl78\" style=\"border-color: #ffffff; width: 69.2771%;\" align=\"left\"><span class=\"xl75\" style=\"color: #000000;\">350 mm (13.78&#8243;) <\/span><\/td>\n<\/tr>\n<tr>\n<th class=\"xl74\" style=\"border-color: #ffffff; width: 30.5723%;\" align=\"left\" nowrap=\"nowrap\"><span style=\"color: #000000;\"><strong>Entrada de aire<\/strong><\/span><\/th>\n<td class=\"xl73\" style=\"border-color: #ffffff; width: 69.2771%;\" align=\"left\"><span style=\"color: #000000;\">1\/4&#8243;<\/span><\/td>\n<\/tr>\n<tr>\n<th class=\"xl74\" style=\"border-color: #ffffff; width: 30.5723%;\" align=\"left\" nowrap=\"nowrap\"><span style=\"color: #000000;\"><strong>Identificaci\u00f3n de la manguera de aire<\/strong><\/span><\/th>\n<td class=\"xl73\" style=\"border-color: #ffffff; width: 69.2771%;\" align=\"left\"><span style=\"color: #000000;\">1\/2\u2033<\/span><\/td>\n<\/tr>\n<tr>\n<th class=\"xl75\" style=\"border-color: #ffffff; width: 30.5723%;\" align=\"left\" nowrap=\"nowrap\"><span style=\"color: #000000;\"><strong>Presi\u00f3n de sonido<\/strong><\/span><\/th>\n<td class=\"xl73\" style=\"border-color: #ffffff; width: 69.2771%;\" align=\"left\"><span style=\"color: #000000;\">84 dB(A)<\/span><\/td>\n<\/tr>\n<tr>\n<th class=\"xl74\" style=\"border-color: #ffffff; width: 30.5723%;\" align=\"left\" nowrap=\"nowrap\"><span style=\"color: #000000;\"><strong>Nivel de vibraci\u00f3n<\/strong><\/span><\/th>\n<td class=\"xl73\" style=\"border-color: #ffffff; width: 69.2771%;\" align=\"left\"><span style=\"color: #000000;\">0.55 m\/s\u00b2<\/span><\/td>\n<\/tr>\n<tr>\n<th class=\"xl74\" style=\"border-color: #ffffff; width: 30.5723%;\" align=\"left\" nowrap=\"nowrap\"><span style=\"color: #000000;\"><strong>Embalaje<\/strong><\/span><\/th>\n<td class=\"xl73\" style=\"border-color: #ffffff; width: 69.2771%;\" align=\"left\"><span style=\"color: #000000;\">10pcs\/ctn\/1.4cu-ft\/GW:15kg<\/span><\/td>\n<\/tr>\n<\/tbody>\n<\/table>","protected":false},"excerpt":{"rendered":"<p>Nuestra empresa es un conocido fabricante de lijadoras y pulidoras neum\u00e1ticas de primera calidad en Taiw\u00e1n. Nos hemos dedicado a servir a los clientes con nuestra durabilidad, precio justo y gran eficiencia de la lijadora y pulidora de aire. No dude en contactarnos si est\u00e1 buscando una lijadora y pulidora de aire con un dise\u00f1o \u00fanico y elegante.<\/p>","protected":false},"featured_media":6080,"template":"","meta":{"qubely_global_settings":"","qubely_interactions":"","site-sidebar-layout":"default","site-content-layout":"default","ast-global-header-display":"","ast-main-header-display":"","ast-hfb-above-header-display":"","ast-hfb-below-header-display":"","ast-hfb-mobile-header-display":"","site-post-title":"","ast-breadcrumbs-content":"","ast-featured-img":"","footer-sml-layout":"","theme-transparent-header-meta":"","adv-header-id-meta":"","stick-header-meta":"","header-above-stick-meta":"","header-main-stick-meta":"","header-below-stick-meta":""},"product_brand":[],"product_cat":[101,108],"product_tag":[],"class_list":{"0":"post-6200","1":"product","2":"type-product","3":"status-publish","4":"has-post-thumbnail","6":"product_cat-air-sander-air-polisher","7":"product_cat-belt-sander","8":"desktop-align-center","9":"tablet-align-center","10":"mobile-align-center","11":"ast-product-gallery-layout-horizontal-slider","12":"ast-product-tabs-layout-horizontal","13":"ast-qv-on-image","15":"first","16":"instock","17":"shipping-taxable","18":"purchasable","19":"product-type-simple"},"uagb_featured_image_src":{"full":["https:\/\/axatool.com\/wp-content\/uploads\/2022\/05\/AS-803-20\u00d7520-1Belt-Sander-1000x1000.jpg",1000,1000,false],"thumbnail":["https:\/\/axatool.com\/wp-content\/uploads\/2022\/05\/AS-803-20\u00d7520-1Belt-Sander-150x150.jpg",150,150,true],"medium":["https:\/\/axatool.com\/wp-content\/uploads\/2022\/05\/AS-803-20\u00d7520-1Belt-Sander-300x300.jpg",300,300,true],"medium_large":["https:\/\/axatool.com\/wp-content\/uploads\/2022\/05\/AS-803-20\u00d7520-1Belt-Sander-768x768.jpg",768,768,true],"large":["https:\/\/axatool.com\/wp-content\/uploads\/2022\/05\/AS-803-20\u00d7520-1Belt-Sander-1000x1000.jpg",1000,1000,false],"1536x1536":["https:\/\/axatool.com\/wp-content\/uploads\/2022\/05\/AS-803-20\u00d7520-1Belt-Sander-1000x1000.jpg",1000,1000,false],"2048x2048":["https:\/\/axatool.com\/wp-content\/uploads\/2022\/05\/AS-803-20\u00d7520-1Belt-Sander-1000x1000.jpg",1000,1000,false],"trp-custom-language-flag":["https:\/\/axatool.com\/wp-content\/uploads\/2022\/05\/AS-803-20\u00d7520-1Belt-Sander-12x12.jpg",12,12,true],"qubely_landscape":["https:\/\/axatool.com\/wp-content\/uploads\/2022\/05\/AS-803-20\u00d7520-1Belt-Sander-1000x750.jpg",1000,750,true],"qubely_portrait":["https:\/\/axatool.com\/wp-content\/uploads\/2022\/05\/AS-803-20\u00d7520-1Belt-Sander-540x320.jpg",540,320,true],"qubely_thumbnail":["https:\/\/axatool.com\/wp-content\/uploads\/2022\/05\/AS-803-20\u00d7520-1Belt-Sander-140x100.jpg",140,100,true],"woocommerce_thumbnail":["https:\/\/axatool.com\/wp-content\/uploads\/2022\/05\/AS-803-20\u00d7520-1Belt-Sander-300x300.jpg",300,300,true],"woocommerce_single":["https:\/\/axatool.com\/wp-content\/uploads\/2022\/05\/AS-803-20\u00d7520-1Belt-Sander-600x600.jpg",600,600,true],"woocommerce_gallery_thumbnail":["https:\/\/axatool.com\/wp-content\/uploads\/2022\/05\/AS-803-20\u00d7520-1Belt-Sander-100x100.jpg",100,100,true]},"uagb_author_info":{"display_name":"editor.axatool","author_link":"https:\/\/axatool.com\/es\/author\/"},"uagb_comment_info":0,"uagb_excerpt":"Our Company Is A Well-Known Manufacturer Of Premium Grade Air Sander &amp; Polisher In Taiwan. We Have Devoted Ourselves To Serve The Clients With Our Durability, Fair Price And Strong Efficiency Of Air Sander &amp; Polisher. Please Feel Free To Contact Us If You Are Searching For Air Sander &amp; Polisher With Unique And Stylish&hellip;","_links":{"self":[{"href":"https:\/\/axatool.com\/es\/wp-json\/wp\/v2\/product\/6200","targetHints":{"allow":["GET"]}}],"collection":[{"href":"https:\/\/axatool.com\/es\/wp-json\/wp\/v2\/product"}],"about":[{"href":"https:\/\/axatool.com\/es\/wp-json\/wp\/v2\/types\/product"}],"version-history":[{"count":7,"href":"https:\/\/axatool.com\/es\/wp-json\/wp\/v2\/product\/6200\/revisions"}],"predecessor-version":[{"id":7431,"href":"https:\/\/axatool.com\/es\/wp-json\/wp\/v2\/product\/6200\/revisions\/7431"}],"wp:featuredmedia":[{"embeddable":true,"href":"https:\/\/axatool.com\/es\/wp-json\/wp\/v2\/media\/6080"}],"wp:attachment":[{"href":"https:\/\/axatool.com\/es\/wp-json\/wp\/v2\/media?parent=6200"}],"wp:term":[{"taxonomy":"product_brand","embeddable":true,"href":"https:\/\/axatool.com\/es\/wp-json\/wp\/v2\/product_brand?post=6200"},{"taxonomy":"product_cat","embeddable":true,"href":"https:\/\/axatool.com\/es\/wp-json\/wp\/v2\/product_cat?post=6200"},{"taxonomy":"product_tag","embeddable":true,"href":"https:\/\/axatool.com\/es\/wp-json\/wp\/v2\/product_tag?post=6200"}],"curies":[{"name":"wp","href":"https:\/\/api.w.org\/{rel}","templated":true}]}}