{"id":6197,"date":"2022-05-24T06:17:30","date_gmt":"2022-05-24T06:17:30","guid":{"rendered":"https:\/\/axatool.com\/product\/uncategorized\/as-431-3-angle-sander-orbital\/"},"modified":"2022-06-08T07:35:31","modified_gmt":"2022-06-08T07:35:31","slug":"as-431-3-angle-sander-orbital","status":"publish","type":"product","link":"https:\/\/axatool.com\/es\/producto\/as-431-3-angle-sander-orbital\/","title":{"rendered":"AS-431 3&#8243; Angle Sander \/Orbital"},"content":{"rendered":"<ul>\n<li>The 3\u201d PAD supply various of sponge and wool-wheel for partial.<\/li>\n<li>Small volume, light weight, high speed, low noise,Long life and trouble free. It&#8217;s suitable for the small area to smooth.<\/li>\n<li>A durable yet economical choice offering longer life and higher speed to be suitable for process in vehicle body shop, mold and woodworking.<\/li>\n<\/ul>\n<h3><strong><span class=\"style2\">\u2699\ufe0f <\/span> Especificaci\u00f3n<\/strong><\/h3>\n<table id=\"tabs-nav\" class=\"xl756500\" style=\"width: 80.6799%;\" border=\"3\" width=\"592\" cellspacing=\"2\" cellpadding=\"5\" align=\"left\" bgcolor=\"#FEA500\">\n<tbody>\n<tr>\n<td class=\"xl73\" style=\"border-color: #ffffff; width: 29.8193%;\" align=\"left\" width=\"152\">\n<div align=\"left\"><span style=\"color: #000000;\"><strong>Tama\u00f1o de la almohadilla <\/strong><\/span><\/div>\n<\/td>\n<td class=\"xl73\" style=\"border-color: #ffffff; width: 70.0301%;\" align=\"left\" width=\"527\"><span style=\"color: #000000;\">3&#8243; (75 mm) \/ Item No. : AS-3505<\/span><\/td>\n<\/tr>\n<tr>\n<td class=\"xl72\" style=\"border-color: #ffffff; width: 29.8193%;\" width=\"152\">\n<div align=\"left\"><span style=\"color: #000000;\"><strong>Di\u00e1metro de la \u00f3rbita<\/strong><\/span><\/div>\n<\/td>\n<td class=\"xl71\" style=\"border-color: #ffffff; width: 70.0301%;\" width=\"527\"><span style=\"color: #000000;\">3 mm<\/span><\/td>\n<\/tr>\n<tr>\n<td class=\"xl72\" style=\"border-color: #ffffff; width: 29.8193%;\" width=\"152\">\n<div align=\"left\"><span style=\"color: #000000;\"><strong>Spindle Thread<\/strong><\/span><\/div>\n<\/td>\n<td class=\"xl69\" style=\"border-color: #ffffff; width: 70.0301%;\" width=\"527\"><span style=\"color: #000000;\">5\/16\u2033 \u00d7 24T<\/span><\/td>\n<\/tr>\n<tr>\n<td class=\"xl72\" style=\"border-color: #ffffff; width: 29.8193%;\" width=\"152\">\n<div align=\"left\"><span style=\"color: #000000;\"><strong>Velocidad libre<\/strong><\/span><\/div>\n<\/td>\n<td class=\"xl69\" style=\"border-color: #ffffff; width: 70.0301%;\" width=\"527\"><span style=\"color: #000000;\">16,000 RPM<\/span><\/td>\n<\/tr>\n<tr>\n<td class=\"xl74\" style=\"border-color: #ffffff; width: 29.8193%;\" width=\"152\">\n<div align=\"left\"><span style=\"color: #000000;\"><strong>Promedio Contras de aire<\/strong><\/span><\/div>\n<\/td>\n<td class=\"xl75\" style=\"border-color: #ffffff; width: 70.0301%;\" width=\"527\"><span style=\"color: #000000;\">3 CFM (84 l\/min)<\/span><\/td>\n<\/tr>\n<tr>\n<td class=\"xl74\" style=\"border-color: #ffffff; width: 29.8193%;\" width=\"152\">\n<div align=\"left\"><span style=\"color: #000000;\"><strong>Presi\u00f3n del aire<\/strong><\/span><\/div>\n<\/td>\n<td class=\"xl73\" style=\"border-color: #ffffff; width: 70.0301%;\" width=\"527\"><span style=\"color: #000000;\">90 PSI (6,2 bares)<\/span><\/td>\n<\/tr>\n<tr>\n<td class=\"xl72\" style=\"border-color: #ffffff; width: 29.8193%;\" width=\"152\">\n<div align=\"left\"><span style=\"color: #000000;\"><strong>Peso neto<\/strong><\/span><\/div>\n<\/td>\n<td class=\"xl69\" style=\"border-color: #ffffff; width: 70.0301%;\" width=\"527\"><span style=\"color: #000000;\">0.88 kgs (1.94 lbs)<\/span><\/td>\n<\/tr>\n<tr>\n<td class=\"xl72\" style=\"border-color: #ffffff; width: 29.8193%;\" width=\"152\">\n<div align=\"left\"><span style=\"color: #000000;\"><strong>Longitud total<\/strong><\/span><\/div>\n<\/td>\n<td class=\"xl70\" style=\"border-color: #ffffff; width: 70.0301%;\" width=\"527\"><span style=\"color: #000000;\">160 mm (6.3&#8243;)<\/span><\/td>\n<\/tr>\n<tr>\n<td class=\"xl72\" style=\"border-color: #ffffff; width: 29.8193%;\" width=\"152\">\n<div align=\"left\"><span style=\"color: #000000;\"><strong>Entrada de aire<\/strong><\/span><\/div>\n<\/td>\n<td class=\"xl69\" style=\"border-color: #ffffff; width: 70.0301%;\" width=\"527\"><span style=\"color: #000000;\">1\/4&#8243;<\/span><\/td>\n<\/tr>\n<tr>\n<td class=\"xl72\" style=\"border-color: #ffffff; width: 29.8193%;\" width=\"152\">\n<div align=\"left\"><span style=\"color: #000000;\"><strong>Presi\u00f3n de sonido<\/strong><\/span><\/div>\n<\/td>\n<td class=\"xl69\" style=\"border-color: #ffffff; width: 70.0301%;\" width=\"527\"><span style=\"color: #000000;\">83dB(A)<\/span><\/td>\n<\/tr>\n<tr>\n<td class=\"xl72\" style=\"border-color: #ffffff; width: 29.8193%;\">\n<div align=\"left\"><span style=\"color: #000000;\"><strong>Embalaje<\/strong><\/span><\/div>\n<\/td>\n<td class=\"xl69\" style=\"border-color: #ffffff; width: 70.0301%;\"><span class=\"xl75\" style=\"color: #000000;\">20pcs\/ctn\/1.2cu-ft\/GW:19kg <\/span><\/td>\n<\/tr>\n<\/tbody>\n<\/table>\n<p>&nbsp;<\/p>","protected":false},"excerpt":{"rendered":"<p>Nuestra empresa es un conocido fabricante de lijadoras y pulidoras neum\u00e1ticas de primera calidad en Taiw\u00e1n. Nos hemos dedicado a servir a los clientes con nuestra durabilidad, precio justo y gran eficiencia de la lijadora y pulidora de aire. No dude en contactarnos si est\u00e1 buscando una lijadora y pulidora de aire con un dise\u00f1o \u00fanico y elegante.<\/p>","protected":false},"featured_media":6195,"template":"","meta":{"qubely_global_settings":"","qubely_interactions":"","site-sidebar-layout":"default","site-content-layout":"default","ast-global-header-display":"","ast-main-header-display":"","ast-hfb-above-header-display":"","ast-hfb-below-header-display":"","ast-hfb-mobile-header-display":"","site-post-title":"","ast-breadcrumbs-content":"","ast-featured-img":"","footer-sml-layout":"","theme-transparent-header-meta":"","adv-header-id-meta":"","stick-header-meta":"","header-above-stick-meta":"","header-main-stick-meta":"","header-below-stick-meta":""},"product_brand":[],"product_cat":[106,101],"product_tag":[117,128],"class_list":{"0":"post-6197","1":"product","2":"type-product","3":"status-publish","4":"has-post-thumbnail","6":"product_cat-angle-sander-polisher","7":"product_cat-air-sander-air-polisher","8":"product_tag-3-sander","9":"product_tag-angle-sander","10":"desktop-align-center","11":"tablet-align-center","12":"mobile-align-center","13":"ast-product-gallery-layout-horizontal-slider","14":"ast-product-tabs-layout-horizontal","15":"ast-qv-on-image","17":"first","18":"instock","19":"shipping-taxable","20":"purchasable","21":"product-type-simple"},"uagb_featured_image_src":{"full":["https:\/\/axatool.com\/wp-content\/uploads\/2022\/05\/AS-431-1Angle-Sander-Orbital-1000x1000.jpg",1000,1000,false],"thumbnail":["https:\/\/axatool.com\/wp-content\/uploads\/2022\/05\/AS-431-1Angle-Sander-Orbital-150x150.jpg",150,150,true],"medium":["https:\/\/axatool.com\/wp-content\/uploads\/2022\/05\/AS-431-1Angle-Sander-Orbital-300x300.jpg",300,300,true],"medium_large":["https:\/\/axatool.com\/wp-content\/uploads\/2022\/05\/AS-431-1Angle-Sander-Orbital-768x768.jpg",768,768,true],"large":["https:\/\/axatool.com\/wp-content\/uploads\/2022\/05\/AS-431-1Angle-Sander-Orbital-1000x1000.jpg",1000,1000,false],"1536x1536":["https:\/\/axatool.com\/wp-content\/uploads\/2022\/05\/AS-431-1Angle-Sander-Orbital-1000x1000.jpg",1000,1000,false],"2048x2048":["https:\/\/axatool.com\/wp-content\/uploads\/2022\/05\/AS-431-1Angle-Sander-Orbital-1000x1000.jpg",1000,1000,false],"trp-custom-language-flag":["https:\/\/axatool.com\/wp-content\/uploads\/2022\/05\/AS-431-1Angle-Sander-Orbital-12x12.jpg",12,12,true],"qubely_landscape":["https:\/\/axatool.com\/wp-content\/uploads\/2022\/05\/AS-431-1Angle-Sander-Orbital-1000x750.jpg",1000,750,true],"qubely_portrait":["https:\/\/axatool.com\/wp-content\/uploads\/2022\/05\/AS-431-1Angle-Sander-Orbital-540x320.jpg",540,320,true],"qubely_thumbnail":["https:\/\/axatool.com\/wp-content\/uploads\/2022\/05\/AS-431-1Angle-Sander-Orbital-140x100.jpg",140,100,true],"woocommerce_thumbnail":["https:\/\/axatool.com\/wp-content\/uploads\/2022\/05\/AS-431-1Angle-Sander-Orbital-300x300.jpg",300,300,true],"woocommerce_single":["https:\/\/axatool.com\/wp-content\/uploads\/2022\/05\/AS-431-1Angle-Sander-Orbital-600x600.jpg",600,600,true],"woocommerce_gallery_thumbnail":["https:\/\/axatool.com\/wp-content\/uploads\/2022\/05\/AS-431-1Angle-Sander-Orbital-100x100.jpg",100,100,true]},"uagb_author_info":{"display_name":"editor.axatool","author_link":"https:\/\/axatool.com\/es\/author\/"},"uagb_comment_info":0,"uagb_excerpt":"Our Company Is A Well-Known Manufacturer Of Premium Grade Air Sander &amp; Polisher In Taiwan. We Have Devoted Ourselves To Serve The Clients With Our Durability, Fair Price And Strong Efficiency Of Air Sander &amp; Polisher. Please Feel Free To Contact Us If You Are Searching For Air Sander &amp; Polisher With Unique And Stylish&hellip;","_links":{"self":[{"href":"https:\/\/axatool.com\/es\/wp-json\/wp\/v2\/product\/6197","targetHints":{"allow":["GET"]}}],"collection":[{"href":"https:\/\/axatool.com\/es\/wp-json\/wp\/v2\/product"}],"about":[{"href":"https:\/\/axatool.com\/es\/wp-json\/wp\/v2\/types\/product"}],"version-history":[{"count":2,"href":"https:\/\/axatool.com\/es\/wp-json\/wp\/v2\/product\/6197\/revisions"}],"predecessor-version":[{"id":6334,"href":"https:\/\/axatool.com\/es\/wp-json\/wp\/v2\/product\/6197\/revisions\/6334"}],"wp:featuredmedia":[{"embeddable":true,"href":"https:\/\/axatool.com\/es\/wp-json\/wp\/v2\/media\/6195"}],"wp:attachment":[{"href":"https:\/\/axatool.com\/es\/wp-json\/wp\/v2\/media?parent=6197"}],"wp:term":[{"taxonomy":"product_brand","embeddable":true,"href":"https:\/\/axatool.com\/es\/wp-json\/wp\/v2\/product_brand?post=6197"},{"taxonomy":"product_cat","embeddable":true,"href":"https:\/\/axatool.com\/es\/wp-json\/wp\/v2\/product_cat?post=6197"},{"taxonomy":"product_tag","embeddable":true,"href":"https:\/\/axatool.com\/es\/wp-json\/wp\/v2\/product_tag?post=6197"}],"curies":[{"name":"wp","href":"https:\/\/api.w.org\/{rel}","templated":true}]}}