{"id":6169,"date":"2022-05-24T06:07:12","date_gmt":"2022-05-24T06:07:12","guid":{"rendered":"https:\/\/axatool.com\/product\/uncategorized\/as-368-6-dual-action-sander-non-vacuum\/"},"modified":"2022-06-08T07:13:44","modified_gmt":"2022-06-08T07:13:44","slug":"as-368-6-dual-action-sander-non-vacuum","status":"publish","type":"product","link":"https:\/\/axatool.com\/es\/producto\/as-368-6-dual-action-sander-non-vacuum\/","title":{"rendered":"AS-368 6&#8243; Dual Action Sander \/Non-Vacuum"},"content":{"rendered":"<p>The 3 in 1 sanders has a patented extraction system design which efficiently utilizes the exhaust function to collect, guide and remove dust away from the operator and working area. Exhaust valve enables exhaust switching among vacuum, non-vacuum and central vacuum functions easily.<\/p>\n<h3><strong><span class=\"style2\">\u2699\ufe0f <\/span> Especificaci\u00f3n<\/strong><\/h3>\n<table id=\"tabs-nav\" class=\"xl756500\" style=\"width: 80.6799%;\" border=\"3\" width=\"592\" cellspacing=\"2\" cellpadding=\"5\" align=\"left\" bgcolor=\"#FEA500\">\n<tbody>\n<tr>\n<td class=\"xl76\" style=\"width: 30%; border-color: #ffffff;\" width=\"152\">\n<div align=\"left\"><strong><span style=\"color: #000000;\">Tama\u00f1o de la almohadilla<\/span><\/strong><\/div>\n<\/td>\n<td class=\"xl73\" style=\"border-color: #ffffff;\" width=\"527\"><span style=\"color: #000000;\"> 6&#8243; (148mm) \/ Item No. : AS-6565<\/span><\/td>\n<\/tr>\n<tr>\n<td class=\"xl76\" style=\"border-color: #ffffff;\" align=\"left\"><strong><span style=\"color: #000000;\">Di\u00e1metro de la \u00f3rbita<\/span><\/strong><\/td>\n<td class=\"xl73\" style=\"border-color: #ffffff;\" align=\"left\"><span style=\"color: #000000;\">5 mm (2,5 mm es opcional)<\/span><\/td>\n<\/tr>\n<tr>\n<td class=\"xl76\" style=\"border-color: #ffffff;\" align=\"left\"><strong><span style=\"color: #000000;\">Spindle Thread<\/span><\/strong><\/td>\n<td class=\"xl74\" style=\"border-color: #ffffff;\" align=\"left\"><span style=\"color: #000000;\">5\/16&#8243; x 24T<\/span><\/td>\n<\/tr>\n<tr>\n<td class=\"xl76\" style=\"border-color: #ffffff;\" align=\"left\"><strong><span style=\"color: #000000;\">Velocidad libre<\/span><\/strong><\/td>\n<td class=\"xl73\" style=\"border-color: #ffffff;\" align=\"left\"><span style=\"color: #000000;\">10,000 RPM<\/span><\/td>\n<\/tr>\n<tr>\n<td class=\"xl76\" style=\"border-color: #ffffff;\" align=\"left\"><strong><span style=\"color: #000000;\">Promedio Contras de aire<\/span><\/strong><\/td>\n<td class=\"xl77\" style=\"border-color: #ffffff;\" align=\"left\"><span style=\"color: #000000;\">7.5 CFM (212 l\/min)<\/span><\/td>\n<\/tr>\n<tr>\n<td class=\"xl76\" style=\"border-color: #ffffff;\" align=\"left\"><strong><span style=\"color: #000000;\">Presi\u00f3n del aire<\/span><\/strong><\/td>\n<td class=\"xl78\" style=\"border-color: #ffffff;\"><span style=\"color: #000000;\">90 PSI (6,2 bares)<\/span><\/td>\n<\/tr>\n<tr>\n<td class=\"xl76\" style=\"border-color: #ffffff;\" align=\"left\"><strong><span style=\"color: #000000;\">Peso neto<\/span><\/strong><\/td>\n<td class=\"xl73\" style=\"border-color: #ffffff;\" align=\"left\"><span style=\"color: #000000;\">0.77 kgs (1.69 lb)<\/span><\/td>\n<\/tr>\n<tr>\n<td class=\"xl76\" style=\"border-color: #ffffff;\" align=\"left\"><strong><span style=\"color: #000000;\">Longitud total<\/span><\/strong><\/td>\n<td class=\"xl73\" style=\"border-color: #ffffff;\" align=\"left\"><span style=\"color: #000000;\">225 mm (8.9&#8243;)<\/span><\/td>\n<\/tr>\n<tr>\n<td class=\"xl80\" style=\"border-color: #ffffff;\" align=\"left\"><strong><span style=\"color: #000000;\">Entrada de aire<\/span><\/strong><\/td>\n<td class=\"xl73\" style=\"border-color: #ffffff;\" align=\"left\"><span style=\"color: #000000;\">1\/4&#8243;<\/span><\/td>\n<\/tr>\n<tr>\n<td class=\"xl80\" style=\"border-color: #ffffff;\" align=\"left\"><strong><span style=\"color: #000000;\">Identificaci\u00f3n de la manguera de aire<\/span><\/strong><\/td>\n<td class=\"xl79\" style=\"border-color: #ffffff;\" align=\"left\"><span style=\"color: #000000;\">10 mm (3\/8&#8243;)<\/span><\/td>\n<\/tr>\n<tr>\n<td class=\"xl80\" style=\"border-color: #ffffff;\" align=\"left\"><strong><span style=\"color: #000000;\">Escape de aire<\/span><\/strong><\/td>\n<td class=\"xl79\" style=\"border-color: #ffffff;\" align=\"left\"><span style=\"color: #000000;\">Trasero<\/span><\/td>\n<\/tr>\n<\/tbody>\n<\/table>","protected":false},"excerpt":{"rendered":"<p>Nuestra empresa es un conocido fabricante de lijadoras y pulidoras neum\u00e1ticas de primera calidad en Taiw\u00e1n. Nos hemos dedicado a servir a los clientes con nuestra durabilidad, precio justo y gran eficiencia de la lijadora y pulidora de aire. No dude en contactarnos si est\u00e1 buscando una lijadora y pulidora de aire con un dise\u00f1o \u00fanico y elegante.<\/p>","protected":false},"featured_media":6126,"template":"","meta":{"qubely_global_settings":"","qubely_interactions":"","site-sidebar-layout":"default","site-content-layout":"default","ast-global-header-display":"","ast-main-header-display":"","ast-hfb-above-header-display":"","ast-hfb-below-header-display":"","ast-hfb-mobile-header-display":"","site-post-title":"","ast-breadcrumbs-content":"","ast-featured-img":"","footer-sml-layout":"","theme-transparent-header-meta":"","adv-header-id-meta":"","stick-header-meta":"","header-above-stick-meta":"","header-main-stick-meta":"","header-below-stick-meta":""},"product_brand":[],"product_cat":[107,101],"product_tag":[123,130],"class_list":{"0":"post-6169","1":"product","2":"type-product","3":"status-publish","4":"has-post-thumbnail","6":"product_cat-dual-action-sander","7":"product_cat-air-sander-air-polisher","8":"product_tag-palm-sander","9":"product_tag-6-sander","10":"desktop-align-center","11":"tablet-align-center","12":"mobile-align-center","13":"ast-product-gallery-layout-horizontal-slider","14":"ast-product-tabs-layout-horizontal","15":"ast-qv-on-image","17":"first","18":"instock","19":"shipping-taxable","20":"purchasable","21":"product-type-simple"},"uagb_featured_image_src":{"full":["https:\/\/axatool.com\/wp-content\/uploads\/2022\/05\/AS-368D-1Dual-Action-Sander-Self-Vacuum-1000x1000.jpg",1000,1000,false],"thumbnail":["https:\/\/axatool.com\/wp-content\/uploads\/2022\/05\/AS-368D-1Dual-Action-Sander-Self-Vacuum-150x150.jpg",150,150,true],"medium":["https:\/\/axatool.com\/wp-content\/uploads\/2022\/05\/AS-368D-1Dual-Action-Sander-Self-Vacuum-300x300.jpg",300,300,true],"medium_large":["https:\/\/axatool.com\/wp-content\/uploads\/2022\/05\/AS-368D-1Dual-Action-Sander-Self-Vacuum-768x768.jpg",768,768,true],"large":["https:\/\/axatool.com\/wp-content\/uploads\/2022\/05\/AS-368D-1Dual-Action-Sander-Self-Vacuum-1000x1000.jpg",1000,1000,false],"1536x1536":["https:\/\/axatool.com\/wp-content\/uploads\/2022\/05\/AS-368D-1Dual-Action-Sander-Self-Vacuum-1000x1000.jpg",1000,1000,false],"2048x2048":["https:\/\/axatool.com\/wp-content\/uploads\/2022\/05\/AS-368D-1Dual-Action-Sander-Self-Vacuum-1000x1000.jpg",1000,1000,false],"trp-custom-language-flag":["https:\/\/axatool.com\/wp-content\/uploads\/2022\/05\/AS-368D-1Dual-Action-Sander-Self-Vacuum-12x12.jpg",12,12,true],"qubely_landscape":["https:\/\/axatool.com\/wp-content\/uploads\/2022\/05\/AS-368D-1Dual-Action-Sander-Self-Vacuum-1000x750.jpg",1000,750,true],"qubely_portrait":["https:\/\/axatool.com\/wp-content\/uploads\/2022\/05\/AS-368D-1Dual-Action-Sander-Self-Vacuum-540x320.jpg",540,320,true],"qubely_thumbnail":["https:\/\/axatool.com\/wp-content\/uploads\/2022\/05\/AS-368D-1Dual-Action-Sander-Self-Vacuum-140x100.jpg",140,100,true],"woocommerce_thumbnail":["https:\/\/axatool.com\/wp-content\/uploads\/2022\/05\/AS-368D-1Dual-Action-Sander-Self-Vacuum-300x300.jpg",300,300,true],"woocommerce_single":["https:\/\/axatool.com\/wp-content\/uploads\/2022\/05\/AS-368D-1Dual-Action-Sander-Self-Vacuum-600x600.jpg",600,600,true],"woocommerce_gallery_thumbnail":["https:\/\/axatool.com\/wp-content\/uploads\/2022\/05\/AS-368D-1Dual-Action-Sander-Self-Vacuum-100x100.jpg",100,100,true]},"uagb_author_info":{"display_name":"editor.axatool","author_link":"https:\/\/axatool.com\/es\/author\/"},"uagb_comment_info":0,"uagb_excerpt":"Our Company Is A Well-Known Manufacturer Of Premium Grade Air Sander &amp; Polisher In Taiwan. We Have Devoted Ourselves To Serve The Clients With Our Durability, Fair Price And Strong Efficiency Of Air Sander &amp; Polisher. Please Feel Free To Contact Us If You Are Searching For Air Sander &amp; Polisher With Unique And Stylish&hellip;","_links":{"self":[{"href":"https:\/\/axatool.com\/es\/wp-json\/wp\/v2\/product\/6169","targetHints":{"allow":["GET"]}}],"collection":[{"href":"https:\/\/axatool.com\/es\/wp-json\/wp\/v2\/product"}],"about":[{"href":"https:\/\/axatool.com\/es\/wp-json\/wp\/v2\/types\/product"}],"version-history":[{"count":2,"href":"https:\/\/axatool.com\/es\/wp-json\/wp\/v2\/product\/6169\/revisions"}],"predecessor-version":[{"id":6473,"href":"https:\/\/axatool.com\/es\/wp-json\/wp\/v2\/product\/6169\/revisions\/6473"}],"wp:featuredmedia":[{"embeddable":true,"href":"https:\/\/axatool.com\/es\/wp-json\/wp\/v2\/media\/6126"}],"wp:attachment":[{"href":"https:\/\/axatool.com\/es\/wp-json\/wp\/v2\/media?parent=6169"}],"wp:term":[{"taxonomy":"product_brand","embeddable":true,"href":"https:\/\/axatool.com\/es\/wp-json\/wp\/v2\/product_brand?post=6169"},{"taxonomy":"product_cat","embeddable":true,"href":"https:\/\/axatool.com\/es\/wp-json\/wp\/v2\/product_cat?post=6169"},{"taxonomy":"product_tag","embeddable":true,"href":"https:\/\/axatool.com\/es\/wp-json\/wp\/v2\/product_tag?post=6169"}],"curies":[{"name":"wp","href":"https:\/\/api.w.org\/{rel}","templated":true}]}}