{"id":6134,"date":"2022-05-24T06:07:07","date_gmt":"2022-05-24T06:07:07","guid":{"rendered":"https:\/\/axatool.com\/product\/uncategorized\/as-120-mini-angle-sander\/"},"modified":"2022-06-01T03:58:55","modified_gmt":"2022-06-01T03:58:55","slug":"as-120-mini-angle-sander","status":"publish","type":"product","link":"https:\/\/axatool.com\/es\/producto\/as-120-mini-angle-sander\/","title":{"rendered":"Mini lijadora angular AS-120"},"content":{"rendered":"<ul>\n<li>0.75mm orbital diameter.<\/li>\n<li>Lightweight, compact and easy handling.<\/li>\n<li>Ideal for light sanding, removing rust, and smoothing welds.<\/li>\n<li>Variable designed can use sandpaper, collect, and grinding wheels.<\/li>\n<\/ul>\n<h3><strong><span class=\"style2\">\u2699\ufe0f <\/span> Especificaci\u00f3n<\/strong><\/h3>\n<table id=\"tabs-nav\" class=\"xl756500\" style=\"width: 80.6799%;\" border=\"3\" width=\"592\" cellspacing=\"2\" cellpadding=\"5\" align=\"left\" bgcolor=\"#FEA500\">\n<tbody>\n<tr>\n<td class=\"xl78\" style=\"width: 30.8627%; border-color: #ffffff;\" align=\"left\" width=\"183\"><span style=\"color: #000000;\"><strong>Tama\u00f1o de la almohadilla<\/strong><\/span><\/td>\n<td class=\"xl74\" style=\"width: 47.1446%; border-color: #ffffff;\" align=\"left\" width=\"359\"><span style=\"color: #000000;\">32 mm<\/span><\/td>\n<\/tr>\n<tr>\n<td class=\"xl78\" style=\"width: 30.8627%; border-color: #ffffff;\" align=\"left\" width=\"183\"><span style=\"color: #000000;\"><strong>Di\u00e1metro de la \u00f3rbita<\/strong><\/span><\/td>\n<td class=\"xl74\" style=\"width: 47.1446%; border-color: #ffffff;\" align=\"left\" width=\"359\"><span style=\"color: #000000;\">0.75 mm<\/span><\/td>\n<\/tr>\n<tr>\n<td class=\"xl78\" style=\"width: 30.8627%; border-color: #ffffff;\" align=\"left\" width=\"183\"><span style=\"color: #000000;\"><strong>Velocidad libre<\/strong><\/span><\/td>\n<td class=\"xl74\" style=\"width: 47.1446%; border-color: #ffffff;\" align=\"left\" width=\"359\"><span style=\"color: #000000;\">18,000 RPM<\/span><\/td>\n<\/tr>\n<tr>\n<td class=\"xl75\" style=\"width: 30.8627%; border-color: #ffffff;\" align=\"left\" width=\"183\"><span style=\"color: #000000;\"><strong>Promedio Contras de aire<\/strong><\/span><\/td>\n<td class=\"xl74\" style=\"width: 47.1446%; border-color: #ffffff;\" align=\"left\" width=\"359\"><span style=\"color: #000000;\">8.5 CFM (240 l\/min)<\/span><\/td>\n<\/tr>\n<tr>\n<td class=\"xl75\" style=\"width: 30.8627%; border-color: #ffffff;\" align=\"left\" width=\"183\"><span style=\"color: #000000;\"><strong>Presi\u00f3n del aire<\/strong><\/span><\/td>\n<td class=\"xl79\" style=\"width: 47.1446%; border-color: #ffffff;\" width=\"359\"><span style=\"color: #000000;\">90 PSI (6,2 bares)<\/span><\/td>\n<\/tr>\n<tr>\n<td class=\"xl78\" style=\"width: 30.8627%; border-color: #ffffff;\" align=\"left\" width=\"183\"><span style=\"color: #000000;\"><strong>Peso neto<\/strong><\/span><\/td>\n<td class=\"xl74\" style=\"width: 47.1446%; border-color: #ffffff;\" align=\"left\" width=\"359\"><span style=\"color: #000000;\">0.37 kgs (0.82 lbs)<\/span><\/td>\n<\/tr>\n<tr>\n<td class=\"xl78\" style=\"width: 30.8627%; border-color: #ffffff;\" align=\"left\" width=\"183\"><span style=\"color: #000000;\"><strong>Longitud total<\/strong><\/span><\/td>\n<td class=\"xl80\" style=\"width: 47.1446%; border-color: #ffffff;\" align=\"left\" width=\"359\"><span style=\"color: #000000;\">155 mm (6.1&#8243;)<\/span><\/td>\n<\/tr>\n<tr>\n<td class=\"xl75\" style=\"width: 30.8627%; border-color: #ffffff;\" align=\"left\" width=\"183\"><span style=\"color: #000000;\"><strong>Entrada de aire<\/strong><\/span><\/td>\n<td class=\"xl74\" style=\"width: 47.1446%; border-color: #ffffff;\" align=\"left\" width=\"359\"><span style=\"color: #000000;\">1\/4&#8243;<\/span><\/td>\n<\/tr>\n<tr>\n<td class=\"xl75\" style=\"width: 30.8627%; border-color: #ffffff;\" align=\"left\" width=\"183\"><span style=\"color: #000000;\"><strong>Embalaje<\/strong><\/span><\/td>\n<td class=\"xl74\" style=\"width: 47.1446%; border-color: #ffffff;\" align=\"left\" width=\"359\"><span style=\"color: #000000;\">20pcs\/11kg\/12kg\/1.2&#8242;<\/span><\/td>\n<\/tr>\n<\/tbody>\n<\/table>","protected":false},"excerpt":{"rendered":"<p>Nuestra empresa es un conocido fabricante de lijadoras y pulidoras neum\u00e1ticas de primera calidad en Taiw\u00e1n. Nos hemos dedicado a servir a los clientes con nuestra durabilidad, precio justo y gran eficiencia de la lijadora y pulidora de aire. No dude en contactarnos si est\u00e1 buscando una lijadora y pulidora de aire con un dise\u00f1o \u00fanico y elegante.<\/p>","protected":false},"featured_media":5966,"template":"","meta":{"qubely_global_settings":"","qubely_interactions":"","site-sidebar-layout":"default","site-content-layout":"default","ast-global-header-display":"","ast-main-header-display":"","ast-hfb-above-header-display":"","ast-hfb-below-header-display":"","ast-hfb-mobile-header-display":"","site-post-title":"","ast-breadcrumbs-content":"","ast-featured-img":"","footer-sml-layout":"","theme-transparent-header-meta":"","adv-header-id-meta":"","stick-header-meta":"","header-above-stick-meta":"","header-main-stick-meta":"","header-below-stick-meta":""},"product_brand":[],"product_cat":[105,101],"product_tag":[],"class_list":{"0":"post-6134","1":"product","2":"type-product","3":"status-publish","4":"has-post-thumbnail","6":"product_cat-mini-sander-polisher","7":"product_cat-air-sander-air-polisher","8":"desktop-align-center","9":"tablet-align-center","10":"mobile-align-center","11":"ast-product-gallery-layout-horizontal-slider","12":"ast-product-gallery-with-no-image","13":"ast-product-tabs-layout-horizontal","14":"ast-qv-on-image","16":"first","17":"instock","18":"shipping-taxable","19":"purchasable","20":"product-type-simple"},"uagb_featured_image_src":{"full":["https:\/\/axatool.com\/wp-content\/uploads\/2022\/05\/AS-120-Mini-Angle-Sander-1000x1000.jpg",1000,1000,false],"thumbnail":["https:\/\/axatool.com\/wp-content\/uploads\/2022\/05\/AS-120-Mini-Angle-Sander-150x150.jpg",150,150,true],"medium":["https:\/\/axatool.com\/wp-content\/uploads\/2022\/05\/AS-120-Mini-Angle-Sander-300x300.jpg",300,300,true],"medium_large":["https:\/\/axatool.com\/wp-content\/uploads\/2022\/05\/AS-120-Mini-Angle-Sander-768x768.jpg",768,768,true],"large":["https:\/\/axatool.com\/wp-content\/uploads\/2022\/05\/AS-120-Mini-Angle-Sander-1000x1000.jpg",1000,1000,false],"1536x1536":["https:\/\/axatool.com\/wp-content\/uploads\/2022\/05\/AS-120-Mini-Angle-Sander-1000x1000.jpg",1000,1000,false],"2048x2048":["https:\/\/axatool.com\/wp-content\/uploads\/2022\/05\/AS-120-Mini-Angle-Sander-1000x1000.jpg",1000,1000,false],"trp-custom-language-flag":["https:\/\/axatool.com\/wp-content\/uploads\/2022\/05\/AS-120-Mini-Angle-Sander-12x12.jpg",12,12,true],"qubely_landscape":["https:\/\/axatool.com\/wp-content\/uploads\/2022\/05\/AS-120-Mini-Angle-Sander-1000x750.jpg",1000,750,true],"qubely_portrait":["https:\/\/axatool.com\/wp-content\/uploads\/2022\/05\/AS-120-Mini-Angle-Sander-540x320.jpg",540,320,true],"qubely_thumbnail":["https:\/\/axatool.com\/wp-content\/uploads\/2022\/05\/AS-120-Mini-Angle-Sander-140x100.jpg",140,100,true],"woocommerce_thumbnail":["https:\/\/axatool.com\/wp-content\/uploads\/2022\/05\/AS-120-Mini-Angle-Sander-300x300.jpg",300,300,true],"woocommerce_single":["https:\/\/axatool.com\/wp-content\/uploads\/2022\/05\/AS-120-Mini-Angle-Sander-600x600.jpg",600,600,true],"woocommerce_gallery_thumbnail":["https:\/\/axatool.com\/wp-content\/uploads\/2022\/05\/AS-120-Mini-Angle-Sander-100x100.jpg",100,100,true]},"uagb_author_info":{"display_name":"editor.axatool","author_link":"https:\/\/axatool.com\/es\/author\/"},"uagb_comment_info":0,"uagb_excerpt":"Our Company Is A Well-Known Manufacturer Of Premium Grade Air Sander &amp; Polisher In Taiwan. We Have Devoted Ourselves To Serve The Clients With Our Durability, Fair Price And Strong Efficiency Of Air Sander &amp; Polisher. Please Feel Free To Contact Us If You Are Searching For Air Sander &amp; Polisher With Unique And Stylish&hellip;","_links":{"self":[{"href":"https:\/\/axatool.com\/es\/wp-json\/wp\/v2\/product\/6134","targetHints":{"allow":["GET"]}}],"collection":[{"href":"https:\/\/axatool.com\/es\/wp-json\/wp\/v2\/product"}],"about":[{"href":"https:\/\/axatool.com\/es\/wp-json\/wp\/v2\/types\/product"}],"version-history":[{"count":4,"href":"https:\/\/axatool.com\/es\/wp-json\/wp\/v2\/product\/6134\/revisions"}],"predecessor-version":[{"id":6248,"href":"https:\/\/axatool.com\/es\/wp-json\/wp\/v2\/product\/6134\/revisions\/6248"}],"wp:featuredmedia":[{"embeddable":true,"href":"https:\/\/axatool.com\/es\/wp-json\/wp\/v2\/media\/5966"}],"wp:attachment":[{"href":"https:\/\/axatool.com\/es\/wp-json\/wp\/v2\/media?parent=6134"}],"wp:term":[{"taxonomy":"product_brand","embeddable":true,"href":"https:\/\/axatool.com\/es\/wp-json\/wp\/v2\/product_brand?post=6134"},{"taxonomy":"product_cat","embeddable":true,"href":"https:\/\/axatool.com\/es\/wp-json\/wp\/v2\/product_cat?post=6134"},{"taxonomy":"product_tag","embeddable":true,"href":"https:\/\/axatool.com\/es\/wp-json\/wp\/v2\/product_tag?post=6134"}],"curies":[{"name":"wp","href":"https:\/\/api.w.org\/{rel}","templated":true}]}}