{"id":5169,"date":"2022-05-04T02:34:35","date_gmt":"2022-05-04T02:34:35","guid":{"rendered":"https:\/\/axatool.com\/product\/uncategorized\/hr-270i-air-hydraulic-riveter-vacuum-composite\/"},"modified":"2022-06-01T03:59:46","modified_gmt":"2022-06-01T03:59:46","slug":"hr-270i-air-hydraulic-riveter-vacuum-composite","status":"publish","type":"product","link":"https:\/\/axatool.com\/es\/producto\/hr-270i-air-hydraulic-riveter-vacuum-composite\/","title":{"rendered":"HR-270I 3\/16\u2033 Remachadora hidr\u00e1ulica de aire \/ Vac\u00edo \/ Compuesto"},"content":{"rendered":"<p>Adjustable suction control switch, vacuum system with an integrated design. The housing is made of lightweight high-strength aluminum material. It&#8217;s durable and suitable for a variety of hard working condition. Robust tool High , Placement high speed minimized air consumption. Set 3\/16&#8243;and 3\/32&#8243; structural Mono-bolt rivets,&#8221;T&#8221; rivets and standard rivets-in all materials. Lightweight and Durable ergonomically designed, easy maintenance with replaceable spare parts. Brand-new technology, have low recoil of shock-less, can reduce part of tools wear, and the can reduce operator is tired.<\/p>\n<h3>\u2699\ufe0f <strong> Especificaci\u00f3n<\/strong><\/h3>\n<table id=\"tabs-nav\" class=\"xl756500\" style=\"height: 544px; width: 80.6799%; border-style: double; background-color: #fea500; border-color: #ffffff;\" border=\"10\" width=\"517\" rules=\"cols\" cellspacing=\"2\" cellpadding=\"5\" bgcolor=\"#FEA500\">\n<tbody>\n<tr style=\"height: 46px;\" valign=\"middle\">\n<td class=\"xl75\" style=\"border-color: #ffffff;\" width=\"177\">\n<div align=\"left\"><span style=\"color: #000000;\"><strong>Capacidad de remache <\/strong><\/span><\/div>\n<\/td>\n<td class=\"xl72\" style=\"border-color: #ffffff;\" width=\"359\"><span style=\"color: #000000;\">2.4 ~ 4.8 mm (Steel) \/ 3\/32&#8243; ~ 3\/16&#8243;<\/span><\/td>\n<\/tr>\n<tr style=\"height: 46px;\" valign=\"middle\">\n<td class=\"xl75\" style=\"border-color: #ffffff;\">\n<div align=\"left\"><span style=\"color: #000000;\"><strong>Potencia de tracci\u00f3n <\/strong><\/span><\/div>\n<\/td>\n<td class=\"xl72\" style=\"border-color: #ffffff;\"><span style=\"color: #000000;\">953 kgs (2,100 lbs)<\/span><\/td>\n<\/tr>\n<tr style=\"height: 46px;\" valign=\"middle\">\n<td class=\"xl75\" style=\"border-color: #ffffff;\">\n<div align=\"left\"><span style=\"color: #000000;\"><strong>Longitud de la carrera <\/strong><\/span><\/div>\n<\/td>\n<td class=\"xl72\" style=\"border-color: #ffffff;\"><span style=\"color: #000000;\">23.5 mm (0.925&#8243;)<\/span><\/td>\n<\/tr>\n<tr style=\"height: 45px;\" valign=\"middle\">\n<td class=\"xl75\" style=\"border-color: #ffffff;\">\n<div align=\"left\"><span style=\"color: #000000;\"><strong>Nose Pieces <\/strong><\/span><\/div>\n<\/td>\n<td class=\"xl72\" style=\"border-color: #ffffff;\"><span style=\"color: #000000;\">4.8, 4.0, 3.2, 2.4 mm<\/span><\/td>\n<\/tr>\n<tr style=\"height: 46px;\" valign=\"middle\">\n<td class=\"xl75\" style=\"border-color: #ffffff;\">\n<div align=\"left\"><span style=\"color: #000000;\"><strong>Promedio Contras de aire <\/strong><\/span><\/div>\n<\/td>\n<td class=\"xl72\" style=\"border-color: #ffffff;\"><span style=\"color: #000000;\">4 CFM (113.3 l\/min)<\/span><\/td>\n<\/tr>\n<tr style=\"height: 46px;\" valign=\"middle\">\n<td class=\"xl75\" style=\"border-color: #ffffff;\">\n<div align=\"left\"><span style=\"color: #000000;\"><strong>Presi\u00f3n del aire <\/strong><\/span><\/div>\n<\/td>\n<td class=\"xl71\" style=\"border-color: #ffffff;\"><span style=\"color: #000000;\">85 ~ 95 PSI (6 ~ 6.7 kg\/cm\u00b2)<\/span><\/td>\n<\/tr>\n<tr style=\"height: 46px;\" valign=\"middle\">\n<td class=\"xl75\" style=\"border-color: #ffffff;\">\n<div align=\"left\"><span style=\"color: #000000;\"><strong>Peso neto <\/strong><\/span><\/div>\n<\/td>\n<td class=\"xl72\" style=\"border-color: #ffffff;\"><span style=\"color: #000000;\">1.55 Kgs (3.42 lbs)<\/span><\/td>\n<\/tr>\n<tr style=\"height: 46px;\" valign=\"middle\">\n<td class=\"xl75\" style=\"border-color: #ffffff;\">\n<div align=\"left\"><span style=\"color: #000000;\"><strong>Longitud total<\/strong><\/span><\/div>\n<\/td>\n<td class=\"xl72\" style=\"border-color: #ffffff;\"><span style=\"color: #000000;\">L290 \u00d7 H270 \u00d7 D96.5 mm<\/span><\/td>\n<\/tr>\n<tr style=\"height: 46px;\" valign=\"middle\">\n<td class=\"xl75\" style=\"border-color: #ffffff;\">\n<div align=\"left\"><span style=\"color: #000000;\"><strong>Entrada de aire<\/strong><\/span><\/div>\n<\/td>\n<td class=\"xl70\" style=\"border-color: #ffffff;\"><span style=\"color: #000000;\">1\/4&#8243;<\/span><\/td>\n<\/tr>\n<tr style=\"height: 46px;\" valign=\"middle\">\n<td class=\"xl76\" style=\"border-color: #ffffff;\">\n<div align=\"left\"><span style=\"color: #000000;\"><strong>Identificaci\u00f3n de la manguera de aire <\/strong><\/span><\/div>\n<\/td>\n<td class=\"xl70\" style=\"border-color: #ffffff;\"><span style=\"color: #000000;\">1\/4\u2033 (6,5 mm)<\/span><\/td>\n<\/tr>\n<\/tbody>\n<\/table>","protected":false},"excerpt":{"rendered":"<p>Nuestra empresa es un conocido fabricante de remachadoras hidr\u00e1ulicas de aire de primera calidad en Taiw\u00e1n.<br \/>\nNos hemos dedicado a servir a los clientes con nuestra durabilidad, precio justo y gran eficiencia de la remachadora hidr\u00e1ulica de aire.<br \/>\nNo dude en contactarnos si est\u00e1 buscando una remachadora hidr\u00e1ulica de aire con un dise\u00f1o \u00fanico y elegante.<\/p>","protected":false},"featured_media":5149,"template":"","meta":{"qubely_global_settings":"","qubely_interactions":"","site-sidebar-layout":"default","site-content-layout":"default","ast-global-header-display":"","ast-main-header-display":"","ast-hfb-above-header-display":"","ast-hfb-below-header-display":"","ast-hfb-mobile-header-display":"","site-post-title":"","ast-breadcrumbs-content":"","ast-featured-img":"","footer-sml-layout":"","theme-transparent-header-meta":"","adv-header-id-meta":"","stick-header-meta":"","header-above-stick-meta":"","header-main-stick-meta":"","header-below-stick-meta":""},"product_brand":[],"product_cat":[76],"product_tag":[],"class_list":{"0":"post-5169","1":"product","2":"type-product","3":"status-publish","4":"has-post-thumbnail","6":"product_cat-air-hydraulic-riveter","7":"desktop-align-center","8":"tablet-align-center","9":"mobile-align-center","10":"ast-product-gallery-layout-horizontal-slider","11":"ast-product-tabs-layout-horizontal","12":"ast-qv-on-image","14":"first","15":"instock","16":"shipping-taxable","17":"purchasable","18":"product-type-simple"},"uagb_featured_image_src":{"full":["https:\/\/axatool.com\/wp-content\/uploads\/2022\/05\/HR-270I-1Air-Hydraulic-Riveter-Vacuum-Composite-1000x1000.jpg",1000,1000,false],"thumbnail":["https:\/\/axatool.com\/wp-content\/uploads\/2022\/05\/HR-270I-1Air-Hydraulic-Riveter-Vacuum-Composite-150x150.jpg",150,150,true],"medium":["https:\/\/axatool.com\/wp-content\/uploads\/2022\/05\/HR-270I-1Air-Hydraulic-Riveter-Vacuum-Composite-300x300.jpg",300,300,true],"medium_large":["https:\/\/axatool.com\/wp-content\/uploads\/2022\/05\/HR-270I-1Air-Hydraulic-Riveter-Vacuum-Composite-768x768.jpg",768,768,true],"large":["https:\/\/axatool.com\/wp-content\/uploads\/2022\/05\/HR-270I-1Air-Hydraulic-Riveter-Vacuum-Composite-1000x1000.jpg",1000,1000,false],"1536x1536":["https:\/\/axatool.com\/wp-content\/uploads\/2022\/05\/HR-270I-1Air-Hydraulic-Riveter-Vacuum-Composite-1000x1000.jpg",1000,1000,false],"2048x2048":["https:\/\/axatool.com\/wp-content\/uploads\/2022\/05\/HR-270I-1Air-Hydraulic-Riveter-Vacuum-Composite-1000x1000.jpg",1000,1000,false],"trp-custom-language-flag":["https:\/\/axatool.com\/wp-content\/uploads\/2022\/05\/HR-270I-1Air-Hydraulic-Riveter-Vacuum-Composite-12x12.jpg",12,12,true],"qubely_landscape":["https:\/\/axatool.com\/wp-content\/uploads\/2022\/05\/HR-270I-1Air-Hydraulic-Riveter-Vacuum-Composite-1000x750.jpg",1000,750,true],"qubely_portrait":["https:\/\/axatool.com\/wp-content\/uploads\/2022\/05\/HR-270I-1Air-Hydraulic-Riveter-Vacuum-Composite-540x320.jpg",540,320,true],"qubely_thumbnail":["https:\/\/axatool.com\/wp-content\/uploads\/2022\/05\/HR-270I-1Air-Hydraulic-Riveter-Vacuum-Composite-140x100.jpg",140,100,true],"woocommerce_thumbnail":["https:\/\/axatool.com\/wp-content\/uploads\/2022\/05\/HR-270I-1Air-Hydraulic-Riveter-Vacuum-Composite-300x300.jpg",300,300,true],"woocommerce_single":["https:\/\/axatool.com\/wp-content\/uploads\/2022\/05\/HR-270I-1Air-Hydraulic-Riveter-Vacuum-Composite-600x600.jpg",600,600,true],"woocommerce_gallery_thumbnail":["https:\/\/axatool.com\/wp-content\/uploads\/2022\/05\/HR-270I-1Air-Hydraulic-Riveter-Vacuum-Composite-100x100.jpg",100,100,true]},"uagb_author_info":{"display_name":"editor.axatool","author_link":"https:\/\/axatool.com\/es\/author\/"},"uagb_comment_info":0,"uagb_excerpt":"Our Company Is A Well-Known Manufacturer Of Premium Grade Air Hydraulic Riveter In Taiwan. we Have Devoted Ourselves To Serve The Clients With Our Durability, Fair Price And Strong Efficiency Of Air Hydraulic Riveter. please Feel Free To Contact Us If You Are Searching For Air Hydraulic Riveter With Unique And Stylish Design.","_links":{"self":[{"href":"https:\/\/axatool.com\/es\/wp-json\/wp\/v2\/product\/5169","targetHints":{"allow":["GET"]}}],"collection":[{"href":"https:\/\/axatool.com\/es\/wp-json\/wp\/v2\/product"}],"about":[{"href":"https:\/\/axatool.com\/es\/wp-json\/wp\/v2\/types\/product"}],"version-history":[{"count":3,"href":"https:\/\/axatool.com\/es\/wp-json\/wp\/v2\/product\/5169\/revisions"}],"predecessor-version":[{"id":5526,"href":"https:\/\/axatool.com\/es\/wp-json\/wp\/v2\/product\/5169\/revisions\/5526"}],"wp:featuredmedia":[{"embeddable":true,"href":"https:\/\/axatool.com\/es\/wp-json\/wp\/v2\/media\/5149"}],"wp:attachment":[{"href":"https:\/\/axatool.com\/es\/wp-json\/wp\/v2\/media?parent=5169"}],"wp:term":[{"taxonomy":"product_brand","embeddable":true,"href":"https:\/\/axatool.com\/es\/wp-json\/wp\/v2\/product_brand?post=5169"},{"taxonomy":"product_cat","embeddable":true,"href":"https:\/\/axatool.com\/es\/wp-json\/wp\/v2\/product_cat?post=5169"},{"taxonomy":"product_tag","embeddable":true,"href":"https:\/\/axatool.com\/es\/wp-json\/wp\/v2\/product_tag?post=5169"}],"curies":[{"name":"wp","href":"https:\/\/api.w.org\/{rel}","templated":true}]}}